{"id":989456,"date":"2025-08-18T15:46:01","date_gmt":"2025-08-18T14:46:01","guid":{"rendered":"https:\/\/ticketsibiza.com\/calendario-de-ibiza\/wednesdays\/"},"modified":"2026-01-13T15:10:13","modified_gmt":"2026-01-13T15:10:13","slug":"miercoles","status":"publish","type":"page","link":"https:\/\/ticketsibiza.com\/es\/calendario-ibiza\/miercoles\/","title":{"rendered":"Eventos del mi\u00e9rcoles en Ibiza 2026"},"content":{"rendered":"<div class=\"wpb-content-wrapper\"><p>[vc_row unlock_row_content=\u00bbyes\u00bb row_height_percent=\u00bb0&#8243; override_padding=\u00bbyes\u00bb h_padding=\u00bb0&#8243; top_padding=\u00bb1&#8243; bottom_padding=\u00bb2&#8243; overlay_alpha=\u00bb50&#8243; gutter_size=\u00bb3&#8243; column_width_percent=\u00bb100&#8243; shift_y=\u00bb0&#8243; z_index=\u00bb0&#8243; row_name=\u00bbtop\u00bb css=\u00bb.vc_custom_1591615140908{padding-right: 18px !important;padding-left: 18px !important;}\u00bb][vc_column column_width_use_pixel=\u00bbyes\u00bb gutter_size=\u00bb3&#8243; overlay_alpha=\u00bb50&#8243; shift_x=\u00bb0&#8243; shift_y=\u00bb0&#8243; shift_y_down=\u00bb0&#8243; z_index=\u00bb0&#8243; medium_width=\u00bb0&#8243; mobile_width=\u00bb0&#8243; width=\u00bb1\/1&#8243; uncode_shortcode_id=\u00bb979366&#8243; column_width_pixel=\u00bb1200&#8243;][vc_row_inner][vc_column_inner column_width_percent=\u00bb55&#8243; align_horizontal=\u00bbalign_center\u00bb gutter_size=\u00bb3&#8243; overlay_alpha=\u00bb50&#8243; shift_x=\u00bb0&#8243; shift_y=\u00bb0&#8243; shift_y_down=\u00bb0&#8243; z_index=\u00bb0&#8243; medium_width=\u00bb0&#8243; mobile_width=\u00bb0&#8243; width=\u00bb1\/1&#8243; uncode_shortcode_id=\u00bb123942&#8243;][vc_custom_heading heading_semantic=\u00bbh1&#8243; text_size=\u00bbh1&#8243; text_weight=\u00bb700&#8243; text_transform=\u00bbuppercase\u00bb separator=\u00bbyes\u00bb separator_color=\u00bbyes\u00bb uncode_shortcode_id=\u00bb587025&#8243;]<\/p>\n<h1 style=\"text-align: center;\"><span class=\"font-762333\">Eventos del mi\u00e9rcoles en Ibiza 2026<\/span><\/h1>\n<p>[\/vc_custom_heading][vc_column_text uncode_shortcode_id=\u00bb142901&#8243;]\u00bfMitad de semana? No en Ibiza. <\/p>\n<p>Ibiza no espera al fin de semana. Los mi\u00e9rcoles est\u00e1n repletos de residencias ic\u00f3nicas, joyas underground y todo lo dem\u00e1s. <\/p>\n<p>Si est\u00e1s en la isla, est\u00e1s de fiesta. Consulta las mejores fiestas de los mi\u00e9rcoles que ofrece Ibiza.[\/vc_column_text][\/vc_column_inner][\/vc_row_inner][vc_row_inner][vc_column_inner column_width_percent=\u00bb55&#8243; gutter_size=\u00bb3&#8243; overlay_alpha=\u00bb50&#8243; shift_x=\u00bb0&#8243; shift_y=\u00bb0&#8243; shift_y_down=\u00bb0&#8243; z_index=\u00bb0&#8243; medium_width=\u00bb0&#8243; mobile_width=\u00bb0&#8243; width=\u00bb1\/1&#8243; uncode_shortcode_id=\u00bb210657&#8243; el_class=\u00bbmv-content\u00bb]\t\t<div class=\"wcs-timetable__wrapper\">\n\t\t\t<div class=\"wcs-vue\" id=\"wcs-app-154\"><\/div>\n\t\t<\/div>\n\t\t[\/vc_column_inner][\/vc_row_inner][vc_row_inner row_inner_height_percent=\u00bb0&#8243; overlay_alpha=\u00bb50&#8243; gutter_size=\u00bb3&#8243; shift_y=\u00bb0&#8243; z_index=\u00bb0&#8243; uncode_shortcode_id=\u00bb142640&#8243;][vc_column_inner column_width_percent=\u00bb55&#8243; gutter_size=\u00bb3&#8243; overlay_alpha=\u00bb50&#8243; shift_x=\u00bb0&#8243; shift_y=\u00bb0&#8243; shift_y_down=\u00bb0&#8243; z_index=\u00bb0&#8243; medium_width=\u00bb0&#8243; mobile_width=\u00bb0&#8243; width=\u00bb1\/1&#8243; uncode_shortcode_id=\u00bb720927&#8243;][vc_custom_heading heading_semantic=\u00bbh1&#8243; text_size=\u00bbh1&#8243; separator=\u00bbyes\u00bb separator_color=\u00bbyes\u00bb uncode_shortcode_id=\u00bb821777&#8243;]<\/p>\n<h3 style=\"text-align: left;\"><span class=\"font-762333\">\u00bfQu\u00e9 hay en Ibiza los mi\u00e9rcoles?<\/span><\/h3>\n<p>[\/vc_custom_heading][vc_column_text uncode_shortcode_id=\u00bb316170&#8243;]Los mi\u00e9rcoles en Ibiza son salvajes, con magia a mitad de semana por toda la isla.<\/p>\n<p>Prep\u00e1rate para fiestas en barco, buen rollo al aire libre y noches de discoteca con nombres importantes.<\/p>\n<p>Consulta el calendario de arriba para ver una lista completa de los eventos del mi\u00e9rcoles de este verano.[\/vc_column_text][vc_custom_heading heading_semantic=\u00bbh1&#8243; text_size=\u00bbh1&#8243; separator=\u00bbyes\u00bb separator_color=\u00bbyes\u00bb uncode_shortcode_id=\u00bb795404&#8243;]<\/p>\n<h3 style=\"text-align: left;\"><span class=\"font-762333\">Fiestas de d\u00eda de los mi\u00e9rcoles en Ibiza<\/span><\/h3>\n<p>[\/vc_custom_heading][vc_column_text uncode_shortcode_id=\u00bb204124&#8243;]Algunas de las fiestas de d\u00eda m\u00e1s populares de los mi\u00e9rcoles en Ibiza son Tomorrowland en Ushua\u00efa, House in Paradise en O Beach y la Ibiza Boat Club Boat Party.[\/vc_column_text][vc_custom_heading heading_semantic=\u00bbh1&#8243; text_size=\u00bbh1&#8243; separator=\u00bbyes\u00bb separator_color=\u00bbyes\u00bb uncode_shortcode_id=\u00bb141906&#8243;]<\/p>\n<h3 style=\"text-align: left;\"><span class=\"font-762333\">Fiestas de noche de los mi\u00e9rcoles en Ibiza<\/span><\/h3>\n<p>[\/vc_custom_heading][vc_column_text uncode_shortcode_id=\u00bb123016&#8243;]Algunas de las fiestas de noche m\u00e1s populares de los mi\u00e9rcoles en Ibiza son Paradise en UNVRS y Dom Dolla en H\u00ef.[\/vc_column_text][vc_custom_heading heading_semantic=\u00bbh1&#8243; text_size=\u00bbh1&#8243; separator=\u00bbyes\u00bb separator_color=\u00bbyes\u00bb uncode_shortcode_id=\u00bb277795&#8243;]<\/p>\n<h3 style=\"text-align: left;\"><span class=\"font-762333\">Entradas para eventos del mi\u00e9rcoles en Ibiza<\/span><\/h3>\n<p>[\/vc_custom_heading][vc_column_text uncode_shortcode_id=\u00bb170582&#8243;]Todas las entradas para los eventos del mi\u00e9rcoles en Ibiza est\u00e1n disponibles online y se pueden comprar hasta el mismo d\u00eda del evento.<\/p>\n<p>Siempre recomendamos comprar las entradas online con antelaci\u00f3n, ya que garantiza la entrada y, de media, te ahorra 10 \u20ac por entrada.[\/vc_column_text][\/vc_column_inner][\/vc_row_inner][vc_row_inner][vc_column_inner column_width_percent=\u00bb55&#8243; align_horizontal=\u00bbalign_center\u00bb gutter_size=\u00bb3&#8243; overlay_alpha=\u00bb50&#8243; shift_x=\u00bb0&#8243; shift_y=\u00bb0&#8243; shift_y_down=\u00bb0&#8243; z_index=\u00bb0&#8243; medium_width=\u00bb0&#8243; mobile_width=\u00bb0&#8243; width=\u00bb1\/1&#8243; uncode_shortcode_id=\u00bb696253&#8243;][vc_button button_color=\u00bbcolor-vyce\u00bb size=\u00bbbtn-lg\u00bb border_width=\u00bb0&#8243; link=\u00bburl:%23top|\u00bb]VOLVER ARRIBA[\/vc_button][\/vc_column_inner][\/vc_row_inner][\/vc_column][\/vc_row][vc_row][vc_column width=\u00bb1\/1&#8243;][uncode_block id=\u00bb522142&#8243; inside_column=\u00bbyes\u00bb][\/vc_column][\/vc_row]<\/p>\n<\/div>","protected":false},"excerpt":{"rendered":"<p>[vc_row unlock_row_content=\u00bbyes\u00bb row_height_percent=\u00bb0&#8243; override_padding=\u00bbyes\u00bb h_padding=\u00bb0&#8243; top_padding=\u00bb1&#8243; bottom_padding=\u00bb2&#8243; overlay_alpha=\u00bb50&#8243; gutter_size=\u00bb3&#8243; column_width_percent=\u00bb100&#8243; shift_y=\u00bb0&#8243; z_index=\u00bb0&#8243; row_name=\u00bbtop\u00bb css=\u00bb.vc_custom_1591615140908{padding-right: 18px !important;padding-left: 18px !important;}\u00bb][vc_column column_width_use_pixel=\u00bbyes\u00bb gutter_size=\u00bb3&#8243; [&hellip;]<\/p>\n","protected":false},"author":1,"featured_media":987059,"parent":988497,"menu_order":0,"comment_status":"closed","ping_status":"closed","template":"","meta":{"_acf_changed":false,"footnotes":""},"class_list":["post-989456","page","type-page","status-publish","has-post-thumbnail","hentry"],"acf":[],"_links":{"self":[{"href":"https:\/\/ticketsibiza.com\/es\/wp-json\/wp\/v2\/pages\/989456","targetHints":{"allow":["GET"]}}],"collection":[{"href":"https:\/\/ticketsibiza.com\/es\/wp-json\/wp\/v2\/pages"}],"about":[{"href":"https:\/\/ticketsibiza.com\/es\/wp-json\/wp\/v2\/types\/page"}],"author":[{"embeddable":true,"href":"https:\/\/ticketsibiza.com\/es\/wp-json\/wp\/v2\/users\/1"}],"replies":[{"embeddable":true,"href":"https:\/\/ticketsibiza.com\/es\/wp-json\/wp\/v2\/comments?post=989456"}],"version-history":[{"count":14,"href":"https:\/\/ticketsibiza.com\/es\/wp-json\/wp\/v2\/pages\/989456\/revisions"}],"predecessor-version":[{"id":1060541,"href":"https:\/\/ticketsibiza.com\/es\/wp-json\/wp\/v2\/pages\/989456\/revisions\/1060541"}],"up":[{"embeddable":true,"href":"https:\/\/ticketsibiza.com\/es\/wp-json\/wp\/v2\/pages\/988497"}],"wp:featuredmedia":[{"embeddable":true,"href":"https:\/\/ticketsibiza.com\/es\/wp-json\/wp\/v2\/media\/987059"}],"wp:attachment":[{"href":"https:\/\/ticketsibiza.com\/es\/wp-json\/wp\/v2\/media?parent=989456"}],"curies":[{"name":"wp","href":"https:\/\/api.w.org\/{rel}","templated":true}]}}