{"id":989226,"date":"2025-04-16T22:11:11","date_gmt":"2025-04-16T21:11:11","guid":{"rendered":"https:\/\/ticketsibiza.com\/formentera-wonders\/"},"modified":"2026-02-27T11:11:43","modified_gmt":"2026-02-27T11:11:43","slug":"formentera-wonders","status":"publish","type":"page","link":"https:\/\/ticketsibiza.com\/es\/formentera-wonders\/","title":{"rendered":"Formentera Wonders"},"content":{"rendered":"<div class=\"wpb-content-wrapper\"><p>[vc_row][vc_column column_width_percent=\u00bb100&#8243; align_horizontal=\u00bbalign_center\u00bb gutter_size=\u00bb3&#8243; overlay_alpha=\u00bb50&#8243; shift_x=\u00bb0&#8243; shift_y=\u00bb0&#8243; shift_y_down=\u00bb0&#8243; z_index=\u00bb0&#8243; medium_width=\u00bb0&#8243; mobile_width=\u00bb0&#8243; width=\u00bb1\/1&#8243; uncode_shortcode_id=\u00bb213233&#8243;][vc_row_inner][vc_column_inner column_width_percent=\u00bb100&#8243; align_horizontal=\u00bbalign_center\u00bb gutter_size=\u00bb3&#8243; overlay_alpha=\u00bb50&#8243; shift_x=\u00bb0&#8243; shift_y=\u00bb0&#8243; shift_y_down=\u00bb0&#8243; z_index=\u00bb0&#8243; medium_width=\u00bb0&#8243; mobile_width=\u00bb0&#8243; width=\u00bb1\/1&#8243; uncode_shortcode_id=\u00bb542719&#8243;][vc_single_image media=\u00bb989230&#8243; media_width_use_pixel=\u00bbyes\u00bb alignment=\u00bbcenter\u00bb uncode_shortcode_id=\u00bb615817&#8243; media_width_pixel=\u00bb280&#8243;][vc_custom_heading heading_semantic=\u00bbh3&#8243; text_size=\u00bbh3&#8243; uncode_shortcode_id=\u00bb778785&#8243;]<\/p>\n<p style=\"text-align: center;\">Consigue tus entradas para la incre\u00edble excursi\u00f3n en barco Formentera Wonders \u2693\ufe0f<\/p>\n<p>[\/vc_custom_heading][\/vc_column_inner][\/vc_row_inner][vc_gallery el_id=\u00bbgallery-520000&#8243; type=\u00bbcarousel\u00bb medias=\u00bb1036399,1036395,1036400,1036394,1036396,1036397,1036398,1036401,1036402,1036403&#8243; carousel_lg=\u00bb\u00bb carousel_md=\u00bb\u00bb carousel_sm=\u00bb\u00bb gutter_size=\u00bb3&#8243; carousel_interval=\u00bb3000&#8243; carousel_navspeed=\u00bb400&#8243; stage_padding=\u00bb0&#8243; single_overlay_opacity=\u00bb50&#8243; single_padding=\u00bb2&#8243; uncode_shortcode_id=\u00bb929695&#8243;][vc_column_text uncode_shortcode_id=\u00bb150429&#8243;]<strong>Qu\u00e9 incluye<\/strong><\/p>\n<p>\u2714 Experiencia en catamar\u00e1n de cinco horas por Ibiza \u2013 Espalmador \u2013 Ses Illetes<br \/>\u2714 Desayuno buf\u00e9: embutidos locales, boller\u00eda, fruta fresca, pan, mermeladas, zumos, caf\u00e9, t\u00e9s y leche con chocolate<br \/>\u2714 Paella ibicenca preparada a bordo, incluyendo opciones vegetarianas y veganas<br \/>\u2714 Barra libre: cerveza, sangr\u00eda, refrescos, mojitos y c\u00f3ctel Blue Formentera<br \/>\u2714 Actividades acu\u00e1ticas: paddle surf, snorkel, flotadores y tobog\u00e1n<br \/>\u2714 M\u00fasica durante toda la navegaci\u00f3n<br \/>\u2714 Asistencia en el check-in y bienvenida de nuestra anfitriona[\/vc_column_text][vc_raw_html]PHNjcmlwdCB0eXBlPSJ0ZXh0L2phdmFzY3JpcHQiIHNyYz0iaHR0cHM6Ly93aWRnZXRzLmJva3VuLmlvL2Fzc2V0cy9qYXZhc2NyaXB0cy9hcHBzL2J1aWxkL0Jva3VuV2lkZ2V0c0xvYWRlci5qcz9ib29raW5nQ2hhbm5lbFVVSUQ9OTBhZTNkZGQtYzEyMC00NzBkLWI2ZDYtYmY1OTRjM2FkMzAyIiBhc3luYz0iIj48L3NjcmlwdD4KCjxkaXYgY2xhc3M9ImJva3VuV2lkZ2V0IiBkYXRhLXNyYz0iaHR0cHM6Ly93aWRnZXRzLmJva3VuLmlvL29ubGluZS1zYWxlcy85MGFlM2RkZC1jMTIwLTQ3MGQtYjZkNi1iZjU5NGMzYWQzMDIvZXhwZXJpZW5jZS8xMTAyMjk5Ij48L2Rpdj4KPG5vc2NyaXB0PlBvciBmYXZvciwgYWN0aXZhIEphdmFTY3JpcHQgZW4gdHUgbmF2ZWdhZG9yIHBhcmEgcmVzZXJ2YXI8L25vc2NyaXB0Pg==[\/vc_raw_html][vc_raw_html]PGRpdiBpZD0ibWVkaWF2aW5lLXNldHRpbmdzIiBkYXRhLWJsb2NrbGlzdC1hbGw9IjEiPjwvZGl2Pgo8ZGl2IGlkPSJoaWRlLWdyb3ctd2lkZ2V0Ij48L2Rpdj4=[\/vc_raw_html][vc_single_image media=\u00bb989233&#8243; media_width_use_pixel=\u00bbyes\u00bb alignment=\u00bbcenter\u00bb uncode_shortcode_id=\u00bb565897&#8243; media_width_pixel=\u00bb250&#8243;][vc_column_text text_lead=\u00bbsmall\u00bb uncode_shortcode_id=\u00bb198050&#8243;]<\/p>\n<p style=\"text-align: center;\"><a href=\"https:\/\/ticketsibiza.com\/es\/\">Volver a ticketsibiza.com<\/a><\/p>\n<p>[\/vc_column_text][\/vc_column][\/vc_row]<\/p>\n<\/div>","protected":false},"excerpt":{"rendered":"<p>[vc_row][vc_column column_width_percent=\u00bb100&#8243; align_horizontal=\u00bbalign_center\u00bb gutter_size=\u00bb3&#8243; overlay_alpha=\u00bb50&#8243; shift_x=\u00bb0&#8243; shift_y=\u00bb0&#8243; shift_y_down=\u00bb0&#8243; z_index=\u00bb0&#8243; medium_width=\u00bb0&#8243; mobile_width=\u00bb0&#8243; width=\u00bb1\/1&#8243; uncode_shortcode_id=\u00bb213233&#8243;][vc_row_inner][vc_column_inner column_width_percent=\u00bb100&#8243; align_horizontal=\u00bbalign_center\u00bb gutter_size=\u00bb3&#8243; overlay_alpha=\u00bb50&#8243; shift_x=\u00bb0&#8243; shift_y=\u00bb0&#8243; shift_y_down=\u00bb0&#8243; [&hellip;]<\/p>\n","protected":false},"author":1,"featured_media":989231,"parent":0,"menu_order":0,"comment_status":"closed","ping_status":"closed","template":"","meta":{"_acf_changed":false,"footnotes":""},"class_list":["post-989226","page","type-page","status-publish","has-post-thumbnail","hentry"],"acf":[],"_links":{"self":[{"href":"https:\/\/ticketsibiza.com\/es\/wp-json\/wp\/v2\/pages\/989226","targetHints":{"allow":["GET"]}}],"collection":[{"href":"https:\/\/ticketsibiza.com\/es\/wp-json\/wp\/v2\/pages"}],"about":[{"href":"https:\/\/ticketsibiza.com\/es\/wp-json\/wp\/v2\/types\/page"}],"author":[{"embeddable":true,"href":"https:\/\/ticketsibiza.com\/es\/wp-json\/wp\/v2\/users\/1"}],"replies":[{"embeddable":true,"href":"https:\/\/ticketsibiza.com\/es\/wp-json\/wp\/v2\/comments?post=989226"}],"version-history":[{"count":52,"href":"https:\/\/ticketsibiza.com\/es\/wp-json\/wp\/v2\/pages\/989226\/revisions"}],"predecessor-version":[{"id":1121905,"href":"https:\/\/ticketsibiza.com\/es\/wp-json\/wp\/v2\/pages\/989226\/revisions\/1121905"}],"wp:featuredmedia":[{"embeddable":true,"href":"https:\/\/ticketsibiza.com\/es\/wp-json\/wp\/v2\/media\/989231"}],"wp:attachment":[{"href":"https:\/\/ticketsibiza.com\/es\/wp-json\/wp\/v2\/media?parent=989226"}],"curies":[{"name":"wp","href":"https:\/\/api.w.org\/{rel}","templated":true}]}}