{"id":989139,"date":"2025-08-14T16:44:43","date_gmt":"2025-08-14T15:44:43","guid":{"rendered":"https:\/\/ticketsibiza.com\/calendario-de-ibiza\/fridays\/"},"modified":"2026-01-13T15:13:17","modified_gmt":"2026-01-13T15:13:17","slug":"viernes","status":"publish","type":"page","link":"https:\/\/ticketsibiza.com\/es\/calendario-ibiza\/viernes\/","title":{"rendered":"Eventos del viernes en Ibiza 2026"},"content":{"rendered":"<div class=\"wpb-content-wrapper\"><p>[vc_row unlock_row_content=\u00bbyes\u00bb row_height_percent=\u00bb0&#8243; override_padding=\u00bbyes\u00bb h_padding=\u00bb0&#8243; top_padding=\u00bb1&#8243; bottom_padding=\u00bb2&#8243; overlay_alpha=\u00bb50&#8243; gutter_size=\u00bb3&#8243; column_width_percent=\u00bb100&#8243; shift_y=\u00bb0&#8243; z_index=\u00bb0&#8243; row_name=\u00bbtop\u00bb css=\u00bb.vc_custom_1591615140908{padding-right: 18px !important;padding-left: 18px !important;}\u00bb][vc_column column_width_use_pixel=\u00bbyes\u00bb gutter_size=\u00bb3&#8243; overlay_alpha=\u00bb50&#8243; shift_x=\u00bb0&#8243; shift_y=\u00bb0&#8243; shift_y_down=\u00bb0&#8243; z_index=\u00bb0&#8243; medium_width=\u00bb0&#8243; mobile_width=\u00bb0&#8243; width=\u00bb1\/1&#8243; uncode_shortcode_id=\u00bb979366&#8243; column_width_pixel=\u00bb1200&#8243;][vc_row_inner][vc_column_inner column_width_percent=\u00bb55&#8243; align_horizontal=\u00bbalign_center\u00bb gutter_size=\u00bb3&#8243; overlay_alpha=\u00bb50&#8243; shift_x=\u00bb0&#8243; shift_y=\u00bb0&#8243; shift_y_down=\u00bb0&#8243; z_index=\u00bb0&#8243; medium_width=\u00bb0&#8243; mobile_width=\u00bb0&#8243; width=\u00bb1\/1&#8243; uncode_shortcode_id=\u00bb123942&#8243;][vc_custom_heading heading_semantic=\u00bbh1&#8243; text_size=\u00bbh1&#8243; text_weight=\u00bb700&#8243; text_transform=\u00bbuppercase\u00bb separator=\u00bbyes\u00bb separator_color=\u00bbyes\u00bb uncode_shortcode_id=\u00bb129968&#8243;]<\/p>\n<h1 style=\"text-align: center;\"><span class=\"font-762333\">Eventos del viernes en Ibiza 2026<\/span><\/h1>\n<p>[\/vc_custom_heading][vc_column_text uncode_shortcode_id=\u00bb112017&#8243;]\u00bfBuscas los mejores eventos del viernes en Ibiza esta temporada? Lo tenemos todo cubierto. <\/p>\n<p>Los viernes son una de las noches m\u00e1s populares de la isla por una buena raz\u00f3n. Desde superclubs hasta locales m\u00e1s peque\u00f1os, desde fiestas de d\u00eda hasta raves de toda la noche, echa un vistazo a las mejores fiestas de los viernes que Ibiza tiene para ofrecer a continuaci\u00f3n.[\/vc_column_text][\/vc_column_inner][\/vc_row_inner][vc_row_inner][vc_column_inner column_width_percent=\u00bb55&#8243; gutter_size=\u00bb3&#8243; overlay_alpha=\u00bb50&#8243; shift_x=\u00bb0&#8243; shift_y=\u00bb0&#8243; shift_y_down=\u00bb0&#8243; z_index=\u00bb0&#8243; medium_width=\u00bb0&#8243; mobile_width=\u00bb0&#8243; width=\u00bb1\/1&#8243; uncode_shortcode_id=\u00bb210657&#8243; el_class=\u00bbmv-content\u00bb]\t\t<div class=\"wcs-timetable__wrapper\">\n\t\t\t<div class=\"wcs-vue\" id=\"wcs-app-149\"><\/div>\n\t\t<\/div>\n\t\t[\/vc_column_inner][\/vc_row_inner][vc_row_inner row_inner_height_percent=\u00bb0&#8243; overlay_alpha=\u00bb50&#8243; gutter_size=\u00bb3&#8243; shift_y=\u00bb0&#8243; z_index=\u00bb0&#8243; uncode_shortcode_id=\u00bb142640&#8243;][vc_column_inner column_width_percent=\u00bb55&#8243; gutter_size=\u00bb3&#8243; overlay_alpha=\u00bb50&#8243; shift_x=\u00bb0&#8243; shift_y=\u00bb0&#8243; shift_y_down=\u00bb0&#8243; z_index=\u00bb0&#8243; medium_width=\u00bb0&#8243; mobile_width=\u00bb0&#8243; width=\u00bb1\/1&#8243; uncode_shortcode_id=\u00bb720927&#8243;][vc_custom_heading heading_semantic=\u00bbh1&#8243; text_size=\u00bbh1&#8243; separator=\u00bbyes\u00bb separator_color=\u00bbyes\u00bb uncode_shortcode_id=\u00bb380764&#8243;]<\/p>\n<h3 style=\"text-align: left;\"><span class=\"font-762333\">\u00bfQu\u00e9 hay en Ibiza los viernes?<\/span><\/h3>\n<p>[\/vc_custom_heading][vc_column_text uncode_shortcode_id=\u00bb140862&#8243;]Ibiza tiene m\u00e1s de 20 discotecas y durante la temporada de verano hay una gran cantidad de eventos cada viernes.<\/p>\n<p>Desde fiestas en la piscina hasta clubes de d\u00eda, fiestas en barco y discotecas, \u00a1siempre hay una fiesta en alg\u00fan lugar de Ibiza!<\/p>\n<p>Consulta nuestro calendario de fiestas de arriba para ver qu\u00e9 fiestas tienen lugar los viernes de esta temporada.[\/vc_column_text][vc_custom_heading heading_semantic=\u00bbh1&#8243; text_size=\u00bbh1&#8243; separator=\u00bbyes\u00bb separator_color=\u00bbyes\u00bb uncode_shortcode_id=\u00bb174829&#8243;]<\/p>\n<h3 style=\"text-align: left;\"><span class=\"font-762333\">Fiestas de d\u00eda de los viernes en Ibiza<\/span><\/h3>\n<p>[\/vc_custom_heading][vc_column_text uncode_shortcode_id=\u00bb111477&#8243;]Algunas de las fiestas de d\u00eda m\u00e1s populares de los viernes en Ibiza son Calvin Harris en Ushua\u00efa, Pool Party en O Beach y Cruise Crush Boat Party.[\/vc_column_text][vc_custom_heading heading_semantic=\u00bbh1&#8243; text_size=\u00bbh1&#8243; separator=\u00bbyes\u00bb separator_color=\u00bbyes\u00bb uncode_shortcode_id=\u00bb528723&#8243;]<\/p>\n<h3 style=\"text-align: left;\"><span class=\"font-762333\">Fiestas nocturnas de los viernes en Ibiza<\/span><\/h3>\n<p>[\/vc_custom_heading][vc_column_text uncode_shortcode_id=\u00bb689828&#8243;]Algunas de las fiestas nocturnas m\u00e1s populares de los viernes en Ibiza son Music On en Pacha, David Guetta en UNVRS y Joseph Capriati en H\u00ef.[\/vc_column_text][vc_custom_heading heading_semantic=\u00bbh1&#8243; text_size=\u00bbh1&#8243; separator=\u00bbyes\u00bb separator_color=\u00bbyes\u00bb uncode_shortcode_id=\u00bb172474&#8243;]<\/p>\n<h3 style=\"text-align: left;\"><span class=\"font-762333\">Entradas para eventos del viernes en Ibiza<\/span><\/h3>\n<p>[\/vc_custom_heading][vc_column_text uncode_shortcode_id=\u00bb179721&#8243;]Todas las entradas para los eventos del viernes en Ibiza est\u00e1n disponibles online y se pueden comprar hasta el mismo d\u00eda del evento.<\/p>\n<p>Siempre recomendamos comprar las entradas online con antelaci\u00f3n, ya que garantiza la entrada y, de media, te ahorra 10 \u20ac por entrada.[\/vc_column_text][\/vc_column_inner][\/vc_row_inner][vc_row_inner][vc_column_inner column_width_percent=\u00bb55&#8243; align_horizontal=\u00bbalign_center\u00bb gutter_size=\u00bb3&#8243; overlay_alpha=\u00bb50&#8243; shift_x=\u00bb0&#8243; shift_y=\u00bb0&#8243; shift_y_down=\u00bb0&#8243; z_index=\u00bb0&#8243; medium_width=\u00bb0&#8243; mobile_width=\u00bb0&#8243; width=\u00bb1\/1&#8243; uncode_shortcode_id=\u00bb696253&#8243;][vc_button button_color=\u00bbcolor-vyce\u00bb size=\u00bbbtn-lg\u00bb border_width=\u00bb0&#8243; link=\u00bburl:%23top|\u00bb]VOLVER ARRIBA[\/vc_button][\/vc_column_inner][\/vc_row_inner][\/vc_column][\/vc_row][vc_row][vc_column width=\u00bb1\/1&#8243;][uncode_block id=\u00bb522142&#8243; inside_column=\u00bbyes\u00bb][\/vc_column][\/vc_row]<\/p>\n<\/div>","protected":false},"excerpt":{"rendered":"<p>\u00bfBuscas los mejores eventos del viernes en Ibiza esta temporada? Lo tenemos todo cubierto. <\/p>\n","protected":false},"author":1,"featured_media":987059,"parent":988497,"menu_order":0,"comment_status":"closed","ping_status":"closed","template":"","meta":{"_acf_changed":false,"footnotes":""},"class_list":["post-989139","page","type-page","status-publish","has-post-thumbnail","hentry"],"acf":[],"_links":{"self":[{"href":"https:\/\/ticketsibiza.com\/es\/wp-json\/wp\/v2\/pages\/989139","targetHints":{"allow":["GET"]}}],"collection":[{"href":"https:\/\/ticketsibiza.com\/es\/wp-json\/wp\/v2\/pages"}],"about":[{"href":"https:\/\/ticketsibiza.com\/es\/wp-json\/wp\/v2\/types\/page"}],"author":[{"embeddable":true,"href":"https:\/\/ticketsibiza.com\/es\/wp-json\/wp\/v2\/users\/1"}],"replies":[{"embeddable":true,"href":"https:\/\/ticketsibiza.com\/es\/wp-json\/wp\/v2\/comments?post=989139"}],"version-history":[{"count":21,"href":"https:\/\/ticketsibiza.com\/es\/wp-json\/wp\/v2\/pages\/989139\/revisions"}],"predecessor-version":[{"id":1060573,"href":"https:\/\/ticketsibiza.com\/es\/wp-json\/wp\/v2\/pages\/989139\/revisions\/1060573"}],"up":[{"embeddable":true,"href":"https:\/\/ticketsibiza.com\/es\/wp-json\/wp\/v2\/pages\/988497"}],"wp:featuredmedia":[{"embeddable":true,"href":"https:\/\/ticketsibiza.com\/es\/wp-json\/wp\/v2\/media\/987059"}],"wp:attachment":[{"href":"https:\/\/ticketsibiza.com\/es\/wp-json\/wp\/v2\/media?parent=989139"}],"curies":[{"name":"wp","href":"https:\/\/api.w.org\/{rel}","templated":true}]}}