{"id":989118,"date":"2025-08-18T15:40:43","date_gmt":"2025-08-18T14:40:43","guid":{"rendered":"https:\/\/ticketsibiza.com\/calendario-de-ibiza\/tuesdays\/"},"modified":"2026-01-13T15:09:05","modified_gmt":"2026-01-13T15:09:05","slug":"martes","status":"publish","type":"page","link":"https:\/\/ticketsibiza.com\/es\/calendario-ibiza\/martes\/","title":{"rendered":"Eventos del martes en Ibiza 2026"},"content":{"rendered":"<div class=\"wpb-content-wrapper\"><p>[vc_row unlock_row_content=\u00bbyes\u00bb row_height_percent=\u00bb0&#8243; override_padding=\u00bbyes\u00bb h_padding=\u00bb0&#8243; top_padding=\u00bb1&#8243; bottom_padding=\u00bb2&#8243; overlay_alpha=\u00bb50&#8243; gutter_size=\u00bb3&#8243; column_width_percent=\u00bb100&#8243; shift_y=\u00bb0&#8243; z_index=\u00bb0&#8243; row_name=\u00bbtop\u00bb css=\u00bb.vc_custom_1591615140908{padding-right: 18px !important;padding-left: 18px !important;}\u00bb][vc_column column_width_use_pixel=\u00bbyes\u00bb gutter_size=\u00bb3&#8243; overlay_alpha=\u00bb50&#8243; shift_x=\u00bb0&#8243; shift_y=\u00bb0&#8243; shift_y_down=\u00bb0&#8243; z_index=\u00bb0&#8243; medium_width=\u00bb0&#8243; mobile_width=\u00bb0&#8243; width=\u00bb1\/1&#8243; uncode_shortcode_id=\u00bb979366&#8243; column_width_pixel=\u00bb1200&#8243;][vc_row_inner][vc_column_inner column_width_percent=\u00bb55&#8243; align_horizontal=\u00bbalign_center\u00bb gutter_size=\u00bb3&#8243; overlay_alpha=\u00bb50&#8243; shift_x=\u00bb0&#8243; shift_y=\u00bb0&#8243; shift_y_down=\u00bb0&#8243; z_index=\u00bb0&#8243; medium_width=\u00bb0&#8243; mobile_width=\u00bb0&#8243; width=\u00bb1\/1&#8243; uncode_shortcode_id=\u00bb123942&#8243;][vc_custom_heading heading_semantic=\u00bbh1&#8243; text_size=\u00bbh1&#8243; text_weight=\u00bb700&#8243; text_transform=\u00bbuppercase\u00bb separator=\u00bbyes\u00bb separator_color=\u00bbyes\u00bb uncode_shortcode_id=\u00bb171003&#8243;]<\/p>\n<h1 style=\"text-align: center;\"><span class=\"font-762333\">Eventos del martes en Ibiza 2026<\/span><\/h1>\n<p>[\/vc_custom_heading][vc_column_text uncode_shortcode_id=\u00bb157199&#8243;]Los martes son de todo menos tranquilos en la Isla Blanca.<\/p>\n<p>La locura de mitad de semana empieza pronto aqu\u00ed: los martes en Ibiza traen calor, expectaci\u00f3n y DJs de peso pesado. Tanto si quieres bailar hasta el amanecer como tomarte un c\u00f3ctel al atardecer, este d\u00eda lo tiene todo. <\/p>\n<p>Despl\u00e1zate hacia abajo para ver las mejores fiestas de los martes de esta temporada.[\/vc_column_text][\/vc_column_inner][\/vc_row_inner][vc_row_inner][vc_column_inner column_width_percent=\u00bb55&#8243; gutter_size=\u00bb3&#8243; overlay_alpha=\u00bb50&#8243; shift_x=\u00bb0&#8243; shift_y=\u00bb0&#8243; shift_y_down=\u00bb0&#8243; z_index=\u00bb0&#8243; medium_width=\u00bb0&#8243; mobile_width=\u00bb0&#8243; width=\u00bb1\/1&#8243; uncode_shortcode_id=\u00bb210657&#8243; el_class=\u00bbmv-content\u00bb]\t\t<div class=\"wcs-timetable__wrapper\">\n\t\t\t<div class=\"wcs-vue\" id=\"wcs-app-153\"><\/div>\n\t\t<\/div>\n\t\t[\/vc_column_inner][\/vc_row_inner][vc_row_inner row_inner_height_percent=\u00bb0&#8243; overlay_alpha=\u00bb50&#8243; gutter_size=\u00bb3&#8243; shift_y=\u00bb0&#8243; z_index=\u00bb0&#8243; uncode_shortcode_id=\u00bb142640&#8243;][vc_column_inner column_width_percent=\u00bb55&#8243; gutter_size=\u00bb3&#8243; overlay_alpha=\u00bb50&#8243; shift_x=\u00bb0&#8243; shift_y=\u00bb0&#8243; shift_y_down=\u00bb0&#8243; z_index=\u00bb0&#8243; medium_width=\u00bb0&#8243; mobile_width=\u00bb0&#8243; width=\u00bb1\/1&#8243; uncode_shortcode_id=\u00bb720927&#8243;][vc_custom_heading heading_semantic=\u00bbh1&#8243; text_size=\u00bbh1&#8243; separator=\u00bbyes\u00bb separator_color=\u00bbyes\u00bb uncode_shortcode_id=\u00bb483068&#8243;]<\/p>\n<h3 style=\"text-align: left;\"><span class=\"font-762333\">\u00bfQu\u00e9 hay en Ibiza los martes?<\/span><\/h3>\n<p>[\/vc_custom_heading][vc_column_text uncode_shortcode_id=\u00bb155463&#8243;]Los martes no son un d\u00eda libre en Ibiza. Con carteles repletos y algunas de las residencias m\u00e1s importantes de la isla, la fiesta no ha hecho m\u00e1s que empezar. <\/p>\n<p>Desde ritmos diurnos en clubes de playa hasta deep house en salas oscuras, hay algo para todos los gustos.<\/p>\n<p>Consulta el calendario de los martes para ver qu\u00e9 est\u00e1 de moda esta semana.[\/vc_column_text][vc_custom_heading heading_semantic=\u00bbh1&#8243; text_size=\u00bbh1&#8243; separator=\u00bbyes\u00bb separator_color=\u00bbyes\u00bb uncode_shortcode_id=\u00bb405824&#8243;]<\/p>\n<h3 style=\"text-align: left;\"><span class=\"font-762333\">Fiestas de d\u00eda de los martes en Ibiza<\/span><\/h3>\n<p>[\/vc_custom_heading][vc_column_text uncode_shortcode_id=\u00bb200281&#8243;]Algunas de las fiestas de d\u00eda m\u00e1s populares de los martes en Ibiza son Tomorrowland en Ushua\u00efa, Kisstory en O Beach y la Pukka Up Boat Party.[\/vc_column_text][vc_custom_heading heading_semantic=\u00bbh1&#8243; text_size=\u00bbh1&#8243; separator=\u00bbyes\u00bb separator_color=\u00bbyes\u00bb uncode_shortcode_id=\u00bb660366&#8243;]<\/p>\n<h3 style=\"text-align: left;\"><span class=\"font-762333\">Fiestas nocturnas de los martes en Ibiza<\/span><\/h3>\n<p>[\/vc_custom_heading][vc_column_text uncode_shortcode_id=\u00bb107123&#8243;]Algunas de las fiestas nocturnas m\u00e1s populares de los martes en Ibiza son Camelphat en Pacha, Anyma en UNVRS y The Martinez Brothers en H\u00ef.[\/vc_column_text][vc_custom_heading heading_semantic=\u00bbh1&#8243; text_size=\u00bbh1&#8243; separator=\u00bbyes\u00bb separator_color=\u00bbyes\u00bb uncode_shortcode_id=\u00bb278175&#8243;]<\/p>\n<h3 style=\"text-align: left;\"><span class=\"font-762333\">Entradas para eventos del martes en Ibiza<\/span><\/h3>\n<p>[\/vc_custom_heading][vc_column_text uncode_shortcode_id=\u00bb645210&#8243;]Las entradas para los eventos del martes en Ibiza est\u00e1n disponibles online y se pueden comprar hasta el mismo d\u00eda del evento.<\/p>\n<p>Siempre recomendamos comprar las entradas online con antelaci\u00f3n, ya que garantiza la entrada y, de media, te ahorras 10 \u20ac por entrada.[\/vc_column_text][\/vc_column_inner][\/vc_row_inner][vc_row_inner][vc_column_inner column_width_percent=\u00bb55&#8243; align_horizontal=\u00bbalign_center\u00bb gutter_size=\u00bb3&#8243; overlay_alpha=\u00bb50&#8243; shift_x=\u00bb0&#8243; shift_y=\u00bb0&#8243; shift_y_down=\u00bb0&#8243; z_index=\u00bb0&#8243; medium_width=\u00bb0&#8243; mobile_width=\u00bb0&#8243; width=\u00bb1\/1&#8243; uncode_shortcode_id=\u00bb696253&#8243;][vc_button button_color=\u00bbcolor-vyce\u00bb size=\u00bbbtn-lg\u00bb border_width=\u00bb0&#8243; link=\u00bburl:%23top|\u00bb]VOLVER ARRIBA[\/vc_button][\/vc_column_inner][\/vc_row_inner][\/vc_column][\/vc_row][vc_row][vc_column width=\u00bb1\/1&#8243;][uncode_block id=\u00bb522142&#8243; inside_column=\u00bbyes\u00bb][\/vc_column][\/vc_row]<\/p>\n<\/div>","protected":false},"excerpt":{"rendered":"<p>[vc_row unlock_row_content=\u00bbyes\u00bb row_height_percent=\u00bb0&#8243; override_padding=\u00bbyes\u00bb h_padding=\u00bb0&#8243; top_padding=\u00bb1&#8243; bottom_padding=\u00bb2&#8243; overlay_alpha=\u00bb50&#8243; gutter_size=\u00bb3&#8243; column_width_percent=\u00bb100&#8243; shift_y=\u00bb0&#8243; z_index=\u00bb0&#8243; row_name=\u00bbtop\u00bb css=\u00bb.vc_custom_1591615140908{padding-right: 18px !important;padding-left: 18px !important;}\u00bb][vc_column column_width_use_pixel=\u00bbyes\u00bb gutter_size=\u00bb3&#8243; [&hellip;]<\/p>\n","protected":false},"author":1,"featured_media":987059,"parent":988497,"menu_order":0,"comment_status":"closed","ping_status":"closed","template":"","meta":{"_acf_changed":false,"footnotes":""},"class_list":["post-989118","page","type-page","status-publish","has-post-thumbnail","hentry"],"acf":[],"_links":{"self":[{"href":"https:\/\/ticketsibiza.com\/es\/wp-json\/wp\/v2\/pages\/989118","targetHints":{"allow":["GET"]}}],"collection":[{"href":"https:\/\/ticketsibiza.com\/es\/wp-json\/wp\/v2\/pages"}],"about":[{"href":"https:\/\/ticketsibiza.com\/es\/wp-json\/wp\/v2\/types\/page"}],"author":[{"embeddable":true,"href":"https:\/\/ticketsibiza.com\/es\/wp-json\/wp\/v2\/users\/1"}],"replies":[{"embeddable":true,"href":"https:\/\/ticketsibiza.com\/es\/wp-json\/wp\/v2\/comments?post=989118"}],"version-history":[{"count":12,"href":"https:\/\/ticketsibiza.com\/es\/wp-json\/wp\/v2\/pages\/989118\/revisions"}],"predecessor-version":[{"id":1003341,"href":"https:\/\/ticketsibiza.com\/es\/wp-json\/wp\/v2\/pages\/989118\/revisions\/1003341"}],"up":[{"embeddable":true,"href":"https:\/\/ticketsibiza.com\/es\/wp-json\/wp\/v2\/pages\/988497"}],"wp:featuredmedia":[{"embeddable":true,"href":"https:\/\/ticketsibiza.com\/es\/wp-json\/wp\/v2\/media\/987059"}],"wp:attachment":[{"href":"https:\/\/ticketsibiza.com\/es\/wp-json\/wp\/v2\/media?parent=989118"}],"curies":[{"name":"wp","href":"https:\/\/api.w.org\/{rel}","templated":true}]}}