{"id":989053,"date":"2025-08-18T15:52:28","date_gmt":"2025-08-18T14:52:28","guid":{"rendered":"https:\/\/ticketsibiza.com\/calendario-de-ibiza\/thursdays\/"},"modified":"2026-01-13T15:12:21","modified_gmt":"2026-01-13T15:12:21","slug":"jueves","status":"publish","type":"page","link":"https:\/\/ticketsibiza.com\/es\/calendario-ibiza\/jueves\/","title":{"rendered":"Eventos del jueves en Ibiza 2026"},"content":{"rendered":"<div class=\"wpb-content-wrapper\"><p>[vc_row unlock_row_content=\u00bbyes\u00bb row_height_percent=\u00bb0&#8243; override_padding=\u00bbyes\u00bb h_padding=\u00bb0&#8243; top_padding=\u00bb1&#8243; bottom_padding=\u00bb2&#8243; overlay_alpha=\u00bb50&#8243; gutter_size=\u00bb3&#8243; column_width_percent=\u00bb100&#8243; shift_y=\u00bb0&#8243; z_index=\u00bb0&#8243; row_name=\u00bbtop\u00bb css=\u00bb.vc_custom_1591615140908{padding-right: 18px !important;padding-left: 18px !important;}\u00bb][vc_column column_width_use_pixel=\u00bbyes\u00bb gutter_size=\u00bb3&#8243; overlay_alpha=\u00bb50&#8243; shift_x=\u00bb0&#8243; shift_y=\u00bb0&#8243; shift_y_down=\u00bb0&#8243; z_index=\u00bb0&#8243; medium_width=\u00bb0&#8243; mobile_width=\u00bb0&#8243; width=\u00bb1\/1&#8243; uncode_shortcode_id=\u00bb979366&#8243; column_width_pixel=\u00bb1200&#8243;][vc_row_inner][vc_column_inner column_width_percent=\u00bb55&#8243; align_horizontal=\u00bbalign_center\u00bb gutter_size=\u00bb3&#8243; overlay_alpha=\u00bb50&#8243; shift_x=\u00bb0&#8243; shift_y=\u00bb0&#8243; shift_y_down=\u00bb0&#8243; z_index=\u00bb0&#8243; medium_width=\u00bb0&#8243; mobile_width=\u00bb0&#8243; width=\u00bb1\/1&#8243; uncode_shortcode_id=\u00bb123942&#8243;][vc_custom_heading heading_semantic=\u00bbh1&#8243; text_size=\u00bbh1&#8243; text_weight=\u00bb700&#8243; text_transform=\u00bbuppercase\u00bb separator=\u00bbyes\u00bb separator_color=\u00bbyes\u00bb uncode_shortcode_id=\u00bb100971&#8243;]<\/p>\n<h1 style=\"text-align: center;\"><span class=\"font-762333\">Eventos del jueves en Ibiza 2026<\/span><\/h1>\n<p>[\/vc_custom_heading][vc_column_text uncode_shortcode_id=\u00bb250712&#8243;]El calentamiento del fin de semana es real, pero en Ibiza se siente m\u00e1s como darlo todo.<\/p>\n<p>Desde carteles enormes hasta finales al amanecer, el jueves es cuando la energ\u00eda se dispara. Consulta las mejores fiestas de los jueves que tendr\u00e1n lugar esta temporada.[\/vc_column_text][\/vc_column_inner][\/vc_row_inner][vc_row_inner][vc_column_inner column_width_percent=\u00bb55&#8243; gutter_size=\u00bb3&#8243; overlay_alpha=\u00bb50&#8243; shift_x=\u00bb0&#8243; shift_y=\u00bb0&#8243; shift_y_down=\u00bb0&#8243; z_index=\u00bb0&#8243; medium_width=\u00bb0&#8243; mobile_width=\u00bb0&#8243; width=\u00bb1\/1&#8243; uncode_shortcode_id=\u00bb210657&#8243; el_class=\u00bbmv-content\u00bb]\t\t<div class=\"wcs-timetable__wrapper\">\n\t\t\t<div class=\"wcs-vue\" id=\"wcs-app-155\"><\/div>\n\t\t<\/div>\n\t\t[\/vc_column_inner][\/vc_row_inner][vc_row_inner row_inner_height_percent=\u00bb0&#8243; overlay_alpha=\u00bb50&#8243; gutter_size=\u00bb3&#8243; shift_y=\u00bb0&#8243; z_index=\u00bb0&#8243; uncode_shortcode_id=\u00bb142640&#8243;][vc_column_inner column_width_percent=\u00bb55&#8243; gutter_size=\u00bb3&#8243; overlay_alpha=\u00bb50&#8243; shift_x=\u00bb0&#8243; shift_y=\u00bb0&#8243; shift_y_down=\u00bb0&#8243; z_index=\u00bb0&#8243; medium_width=\u00bb0&#8243; mobile_width=\u00bb0&#8243; width=\u00bb1\/1&#8243; uncode_shortcode_id=\u00bb720927&#8243;][vc_custom_heading heading_semantic=\u00bbh1&#8243; text_size=\u00bbh1&#8243; separator=\u00bbyes\u00bb separator_color=\u00bbyes\u00bb uncode_shortcode_id=\u00bb191792&#8243;]<\/p>\n<h3 style=\"text-align: left;\"><span class=\"font-762333\">\u00bfQu\u00e9 hay en Ibiza los jueves?<\/span><\/h3>\n<p>[\/vc_custom_heading][vc_column_text uncode_shortcode_id=\u00bb178882&#8243;]Los jueves son cuando la isla realmente se pone en marcha.<\/p>\n<p>Con las multitudes del fin de semana empezando a llegar y los DJ residentes a toda m\u00e1quina, el ambiente de fiesta se extiende desde los ritmos junto a la piscina hasta las sesiones al amanecer.<\/p>\n<p>Explora nuestros listados de los jueves para ver a d\u00f3nde ir esta semana.[\/vc_column_text][vc_custom_heading heading_semantic=\u00bbh1&#8243; text_size=\u00bbh1&#8243; separator=\u00bbyes\u00bb separator_color=\u00bbyes\u00bb uncode_shortcode_id=\u00bb150263&#8243;]<\/p>\n<h3 style=\"text-align: left;\"><span class=\"font-762333\">Fiestas de d\u00eda de los jueves en Ibiza<\/span><\/h3>\n<p>[\/vc_custom_heading][vc_column_text uncode_shortcode_id=\u00bb150052&#8243;]Algunas de las fiestas de d\u00eda m\u00e1s populares de los jueves en Ibiza son Martin Garrix en Ushua\u00efa, Music On Daytime en Destino y ON111 en O Beach.[\/vc_column_text][vc_custom_heading heading_semantic=\u00bbh1&#8243; text_size=\u00bbh1&#8243; separator=\u00bbyes\u00bb separator_color=\u00bbyes\u00bb uncode_shortcode_id=\u00bb121686&#8243;]<\/p>\n<h3 style=\"text-align: left;\"><span class=\"font-762333\">Fiestas de noche de los jueves en Ibiza<\/span><\/h3>\n<p>[\/vc_custom_heading][vc_column_text uncode_shortcode_id=\u00bb963123&#8243;]Algunas de las fiestas de noche m\u00e1s populares de los jueves en Ibiza son Solid Grooves en DC10, Defected en Pacha y HUGEL en H\u00ef.[\/vc_column_text][vc_custom_heading heading_semantic=\u00bbh1&#8243; text_size=\u00bbh1&#8243; separator=\u00bbyes\u00bb separator_color=\u00bbyes\u00bb uncode_shortcode_id=\u00bb109224&#8243;]<\/p>\n<h3 style=\"text-align: left;\"><span class=\"font-762333\">Entradas para eventos del jueves en Ibiza<\/span><\/h3>\n<p>[\/vc_custom_heading][vc_column_text uncode_shortcode_id=\u00bb447349&#8243;]Todas las entradas para los eventos del jueves en Ibiza est\u00e1n disponibles online y se pueden comprar hasta el mismo d\u00eda del evento.<\/p>\n<p>Siempre recomendamos comprar las entradas online con antelaci\u00f3n, ya que garantiza la entrada y, de media, te ahorra 10 \u20ac por entrada.[\/vc_column_text][\/vc_column_inner][\/vc_row_inner][vc_row_inner][vc_column_inner column_width_percent=\u00bb55&#8243; align_horizontal=\u00bbalign_center\u00bb gutter_size=\u00bb3&#8243; overlay_alpha=\u00bb50&#8243; shift_x=\u00bb0&#8243; shift_y=\u00bb0&#8243; shift_y_down=\u00bb0&#8243; z_index=\u00bb0&#8243; medium_width=\u00bb0&#8243; mobile_width=\u00bb0&#8243; width=\u00bb1\/1&#8243; uncode_shortcode_id=\u00bb696253&#8243;][vc_button button_color=\u00bbcolor-vyce\u00bb size=\u00bbbtn-lg\u00bb border_width=\u00bb0&#8243; link=\u00bburl:%23top|\u00bb]VOLVER ARRIBA[\/vc_button][\/vc_column_inner][\/vc_row_inner][\/vc_column][\/vc_row][vc_row][vc_column width=\u00bb1\/1&#8243;][uncode_block id=\u00bb522142&#8243; inside_column=\u00bbyes\u00bb][\/vc_column][\/vc_row]<\/p>\n<\/div>","protected":false},"excerpt":{"rendered":"<p>[vc_row unlock_row_content=\u00bbyes\u00bb row_height_percent=\u00bb0&#8243; override_padding=\u00bbyes\u00bb h_padding=\u00bb0&#8243; top_padding=\u00bb1&#8243; bottom_padding=\u00bb2&#8243; overlay_alpha=\u00bb50&#8243; gutter_size=\u00bb3&#8243; column_width_percent=\u00bb100&#8243; shift_y=\u00bb0&#8243; z_index=\u00bb0&#8243; row_name=\u00bbtop\u00bb css=\u00bb.vc_custom_1591615140908{padding-right: 18px !important;padding-left: 18px !important;}\u00bb][vc_column column_width_use_pixel=\u00bbyes\u00bb gutter_size=\u00bb3&#8243; [&hellip;]<\/p>\n","protected":false},"author":1,"featured_media":987059,"parent":988497,"menu_order":0,"comment_status":"closed","ping_status":"closed","template":"","meta":{"_acf_changed":false,"footnotes":""},"class_list":["post-989053","page","type-page","status-publish","has-post-thumbnail","hentry"],"acf":[],"_links":{"self":[{"href":"https:\/\/ticketsibiza.com\/es\/wp-json\/wp\/v2\/pages\/989053","targetHints":{"allow":["GET"]}}],"collection":[{"href":"https:\/\/ticketsibiza.com\/es\/wp-json\/wp\/v2\/pages"}],"about":[{"href":"https:\/\/ticketsibiza.com\/es\/wp-json\/wp\/v2\/types\/page"}],"author":[{"embeddable":true,"href":"https:\/\/ticketsibiza.com\/es\/wp-json\/wp\/v2\/users\/1"}],"replies":[{"embeddable":true,"href":"https:\/\/ticketsibiza.com\/es\/wp-json\/wp\/v2\/comments?post=989053"}],"version-history":[{"count":16,"href":"https:\/\/ticketsibiza.com\/es\/wp-json\/wp\/v2\/pages\/989053\/revisions"}],"predecessor-version":[{"id":1060556,"href":"https:\/\/ticketsibiza.com\/es\/wp-json\/wp\/v2\/pages\/989053\/revisions\/1060556"}],"up":[{"embeddable":true,"href":"https:\/\/ticketsibiza.com\/es\/wp-json\/wp\/v2\/pages\/988497"}],"wp:featuredmedia":[{"embeddable":true,"href":"https:\/\/ticketsibiza.com\/es\/wp-json\/wp\/v2\/media\/987059"}],"wp:attachment":[{"href":"https:\/\/ticketsibiza.com\/es\/wp-json\/wp\/v2\/media?parent=989053"}],"curies":[{"name":"wp","href":"https:\/\/api.w.org\/{rel}","templated":true}]}}