{"id":988497,"date":"2019-06-25T12:19:21","date_gmt":"2019-06-25T11:19:21","guid":{"rendered":"https:\/\/ticketsibiza.com\/calendario-de-ibiza-2025\/"},"modified":"2026-03-20T12:50:27","modified_gmt":"2026-03-20T12:50:27","slug":"calendario-ibiza","status":"publish","type":"page","link":"https:\/\/ticketsibiza.com\/es\/calendario-ibiza\/","title":{"rendered":"Calendario de Ibiza 2026"},"content":{"rendered":"<div class=\"wpb-content-wrapper\"><p>[vc_row row_height_percent=\u00bb10&#8243; override_padding=\u00bbyes\u00bb h_padding=\u00bb0&#8243; top_padding=\u00bb0&#8243; bottom_padding=\u00bb0&#8243; overlay_color=\u00bbcolor-gyho\u00bb overlay_alpha=\u00bb0&#8243; overlay_color_blend=\u00bbdarken\u00bb gutter_size=\u00bb3&#8243; column_width_percent=\u00bb100&#8243; shift_y=\u00bb0&#8243; z_index=\u00bb0&#8243;][vc_column column_width_percent=\u00bb100&#8243; position_vertical=\u00bbbottom\u00bb gutter_size=\u00bb3&#8243; overlay_alpha=\u00bb50&#8243; shift_x=\u00bb0&#8243; shift_y=\u00bb0&#8243; shift_y_down=\u00bb0&#8243; z_index=\u00bb0&#8243; medium_width=\u00bb0&#8243; mobile_width=\u00bb0&#8243; width=\u00bb1\/1&#8243;][vc_row_inner row_inner_height_percent=\u00bb0&#8243; force_width_grid=\u00bbyes\u00bb overlay_color=\u00bbcolor-149363&#8243; overlay_alpha=\u00bb70&#8243; gutter_size=\u00bb1&#8243; shift_y=\u00bb1&#8243; z_index=\u00bb3&#8243; css=\u00bb.vc_custom_1576671083951{margin-bottom: 0px !important;border-bottom-width: 0px !important;padding-top: 0px !important;padding-bottom: 0px !important;padding-left: 20px !important;}\u00bb][vc_column_inner column_width_percent=\u00bb100&#8243; position_vertical=\u00bbbottom\u00bb gutter_size=\u00bb0&#8243; overlay_alpha=\u00bb50&#8243; shift_x=\u00bb0&#8243; shift_y=\u00bb0&#8243; shift_y_down=\u00bb0&#8243; z_index=\u00bb0&#8243; medium_width=\u00bb0&#8243; mobile_width=\u00bb0&#8243; width=\u00bb1\/1&#8243; css=\u00bb.vc_custom_1591091446471{padding-bottom: 0px !important;}\u00bb][vc_custom_heading text_color=\u00bbcolor-xsdn\u00bb heading_semantic=\u00bbh1&#8243; text_size=\u00bbh1&#8243; sub_reduced=\u00bbyes\u00bb uncode_shortcode_id=\u00bb168649&#8243; text_color_type=\u00bbuncode-palette\u00bb]Calendario de fiestas de Ibiza 2026[\/vc_custom_heading][\/vc_column_inner][\/vc_row_inner][\/vc_column][\/vc_row][vc_row row_height_percent=\u00bb0&#8243; override_padding=\u00bbyes\u00bb h_padding=\u00bb2&#8243; top_padding=\u00bb2&#8243; bottom_padding=\u00bb1&#8243; overlay_alpha=\u00bb50&#8243; gutter_size=\u00bb4&#8243; column_width_percent=\u00bb100&#8243; shift_y=\u00bb0&#8243; z_index=\u00bb0&#8243; css=\u00bb.vc_custom_1762783123901{padding-bottom: 0px !important;}\u00bb uncode_shortcode_id=\u00bb204076&#8243;][vc_column column_width_percent=\u00bb100&#8243; gutter_size=\u00bb2&#8243; override_padding=\u00bbyes\u00bb column_padding=\u00bb0&#8243; overlay_alpha=\u00bb50&#8243; shift_x=\u00bb0&#8243; shift_y=\u00bb0&#8243; shift_y_down=\u00bb0&#8243; z_index=\u00bb0&#8243; medium_width=\u00bb0&#8243; mobile_width=\u00bb7&#8243; toggle=\u00bbyes\u00bb max_height=\u00bb10vh\u00bb max_height_mobile=\u00bb10vh\u00bb closed_txt=\u00bbRead More\u00bb icon_closed=\u00bbfa fa-plus\u00bb btn_margin=\u00bbsm\u00bb open_txt=\u00bbRead Less\u00bb icon_open=\u00bbfa fa-minus\u00bb fade=\u00bbsm\u00bb toggle_scroll=\u00bbyes\u00bb width=\u00bb1\/1&#8243; css=\u00bb.vc_custom_1762785847146{padding-top: 0px !important;padding-right: 0px !important;padding-bottom: 9px !important;padding-left: 0px !important;}\u00bb uncode_shortcode_id=\u00bb190424&#8243; toggle_classes=\u00bbbtn btn-color-vyce btn-round\u00bb][vc_column_text uncode_shortcode_id=\u00bb115725&#8243;]Nuestro calendario de Ibiza contiene listados y carteles de clubs, macrodiscotecas, fiestas y fiestas en barco para cubrir los eventos de Ibiza en 2026.[\/vc_column_text][vc_column_text uncode_shortcode_id=\u00bb142022&#8243;]La temporada de discotecas de Ibiza va de <strong>abril<\/strong> a <strong>octubre<\/strong>, y suele comenzar al mismo tiempo que la <a href=\"https:\/\/www.internationalmusicsummit.com\/\" target=\"_blank\" rel=\"noopener\">International Music Summit (IMS)<\/a>. En a\u00f1os anteriores, la temporada sol\u00eda comenzar en <strong>mayo<\/strong> y terminaba en <strong>septiembre<\/strong>. Con vuelos a Ibiza disponibles todo el a\u00f1o, es de esperar que algunas <strong>fiestas de apertura<\/strong> se celebren a principios de mayo o incluso a finales de abril, y <strong>fiestas de cierre<\/strong> hasta mediados de octubre en 2026.<\/p>\n<p>Nuestra gu\u00eda de <span style=\"color: #e7158b;\"><a style=\"color: #e7158b;\" href=\"https:\/\/ticketsibiza.com\/es\/fiestas-de-apertura-ibiza\/\">Opening Parties \/ Fiestas de Apertura de Ibiza 2026<\/a><\/span> tiene toda la informaci\u00f3n que necesitas sobre las \u00faltimas fiestas de apertura confirmadas para 2026.<\/p>\n<p>Cada semana se a\u00f1aden <strong>eventos de Ibiza 2026<\/strong> a nuestro calendario a medida que se anuncian las fiestas. Lo normal es que la mayor\u00eda de las fiestas se confirmen por completo alrededor de marzo de cada a\u00f1o; sin embargo, discotecas como Amnesia, H\u00ef, Ushua\u00efa e Ibiza Rocks ya han anunciado sus fiestas de 2026 apertura.<\/p>\n<p>Actualizamos nuestros listados y carteles del calendario de Ibiza 2026 tan pronto como nos enteramos de los eventos que se confirman para la temporada \ud83d\ude4c\ud83c\udffb<\/p>\n<p>Puedes desplazarte hasta la parte inferior de esta p\u00e1gina para ver los pr\u00f3ximos eventos semanales, o elegir un mes espec\u00edfico para ver todas las fiestas que se celebran en Ibiza ese mes.<\/p>\n<p>Si buscas informaci\u00f3n sobre las <strong>Closing Parties \/ Fiestas de Cierre de Ibiza<\/strong>, consulta nuestra <span style=\"color: #e7158b;\"><a style=\"color: #e7158b;\" href=\"https:\/\/ticketsibiza.com\/es\/fiestas-de-cierre-ibiza\/\">Gu\u00eda de Closing Party \/ Fiesta de Cierre de Ibiza<\/a><\/span>, que contiene informaci\u00f3n sobre las Closing Parties \/ Fiestas de Cierre y tendr\u00e1 la lista completa de todas las mejores fiestas para despedir la temporada.<\/p>\n<p><strong>\u00bfNo sabes por d\u00f3nde empezar?<\/strong> Consulta nuestra p\u00e1gina de <span style=\"color: #e7158b;\"><a style=\"color: #e7158b;\" href=\"https:\/\/ticketsibiza.com\/es\/clubs\/\">discotecas<\/a><\/span> y <span style=\"color: #e7158b;\"><a style=\"color: #e7158b;\" href=\"https:\/\/ticketsibiza.com\/es\/fiestas\/\">fiestas<\/a><\/span> para inspirarte, busca a tu DJ favorito o despl\u00e1zate hacia abajo para ver las fiestas que se celebran esta semana.<\/p>\n<p>Si ves que falta algo, <span style=\"color: #e7158b;\"><a style=\"color: #e7158b;\" href=\"https:\/\/ticketsibiza.com\/es\/contacto\/\">ponte en contacto<\/a><\/span> con nosotros y lo solucionaremos.<\/p>\n<h4>CALENDARIOS DE TIPOS DE FIESTA<\/h4>\n<p><a class=\"custom-link btn border-width-0 btn-color-vyce btn-round btn-icon-left\" title=\"Calendario de closing parties \/ fiestas de cierre de Ibiza\" href=\"https:\/\/ticketsibiza.com\/es\/calendario-ibiza\/ibiza-closing-parties-calendar\/\">FIESTAS DE CIERRE<\/a>    <a class=\"custom-link btn border-width-0 btn-color-vyce btn-round btn-icon-left\" title=\"Calendario de fiestas en barco de Ibiza\" href=\"https:\/\/ticketsibiza.com\/es\/calendario-ibiza\/fiestas-en-barco-ibiza\/\">FIESTAS EN BARCO<\/a><\/p>\n<h4>CALENDARIOS DE CLUBS POPULARES<\/h4>\n<p><a class=\"custom-link btn border-width-0 btn-color-jevc btn-round btn-icon-left\" title=\"Calendario UNVRS Ibiza\" href=\"https:\/\/ticketsibiza.com\/es\/calendario-ibiza\/unvrs-calendar\/\">UNVRS<\/a> <a class=\"custom-link btn border-width-0 btn-color-jevc btn-round btn-icon-left\" title=\"Calendario de H\u00ef Ibiza\" href=\"https:\/\/ticketsibiza.com\/es\/calendario-ibiza\/calendario-hi-ibiza\/\">H\u00cf IBIZA<\/a>    <a class=\"custom-link btn border-width-0 btn-color-jevc btn-round btn-icon-left\" title=\"Calendario Eden Ibiza\" href=\"https:\/\/ticketsibiza.com\/es\/calendario-ibiza\/calendario-eden\/\">EDEN<\/a>    <a class=\"custom-link btn border-width-0 btn-color-jevc btn-round btn-icon-left\" title=\"Calendario de Pacha Ibiza\" href=\"https:\/\/ticketsibiza.com\/es\/calendario-ibiza\/calendario-pacha\/\">PACHA<\/a>    <a class=\"custom-link btn border-width-0 btn-color-jevc btn-round btn-icon-left\" title=\"Calendario de Ushua\u00efa Ibiza\" href=\"https:\/\/ticketsibiza.com\/es\/calendario-ibiza\/calendario-ushuaia\/\">USHUA\u00cfA<\/a>    <a class=\"custom-link btn border-width-0 btn-color-jevc btn-round btn-icon-left\" title=\"Calendario Ibiza Rocks\" href=\"https:\/\/ticketsibiza.com\/es\/calendario-ibiza\/calendario-ibiza-rocks\/\">IBIZA ROCKS<\/a> <a class=\"custom-link btn border-width-0 btn-color-jevc btn-round btn-icon-left\" title=\"Calendario de Amnesia Ibiza\" href=\"https:\/\/ticketsibiza.com\/es\/calendario-ibiza\/calendario-amnesia\/\">AMNESIA<\/a><\/p>\n<p>&nbsp;[\/vc_column_text][\/vc_column][\/vc_row][vc_row row_height_percent=\u00bb0&#8243; override_padding=\u00bbyes\u00bb h_padding=\u00bb2&#8243; top_padding=\u00bb1&#8243; bottom_padding=\u00bb2&#8243; overlay_alpha=\u00bb50&#8243; gutter_size=\u00bb4&#8243; column_width_percent=\u00bb100&#8243; shift_y=\u00bb0&#8243; z_index=\u00bb0&#8243; css=\u00bb.vc_custom_1762783139319{padding-bottom: 0px !important;}\u00bb uncode_shortcode_id=\u00bb118473&#8243;][vc_column column_width_percent=\u00bb100&#8243; gutter_size=\u00bb2&#8243; override_padding=\u00bbyes\u00bb column_padding=\u00bb0&#8243; overlay_alpha=\u00bb50&#8243; shift_x=\u00bb0&#8243; shift_y=\u00bb0&#8243; shift_y_down=\u00bb0&#8243; z_index=\u00bb0&#8243; medium_width=\u00bb0&#8243; mobile_width=\u00bb7&#8243; width=\u00bb1\/1&#8243; css=\u00bb.vc_custom_1576679400181{padding-top: 0px !important;padding-right: 0px !important;padding-bottom: 0px !important;padding-left: 0px !important;}\u00bb][vc_separator sep_color=\u00bbcolor-lxmt\u00bb][vc_custom_heading el_class=\u00bbpt-0&#8243;]<\/p>\n<h4><span class=\"font-762333\">CALENDARIOS MENSUALES<\/span><\/h4>\n<p>[\/vc_custom_heading][vc_row_inner row_inner_height_percent=\u00bb0&#8243; overlay_alpha=\u00bb50&#8243; gutter_size=\u00bb2&#8243; shift_y=\u00bb0&#8243; z_index=\u00bb0&#8243; uncode_shortcode_id=\u00bb192498&#8243;][vc_column_inner column_width_percent=\u00bb100&#8243; position_vertical=\u00bbmiddle\u00bb align_horizontal=\u00bbalign_center\u00bb gutter_size=\u00bb3&#8243; overlay_alpha=\u00bb50&#8243; shift_x=\u00bb0&#8243; shift_y=\u00bb0&#8243; shift_y_down=\u00bb0&#8243; z_index=\u00bb0&#8243; medium_width=\u00bb3&#8243; mobile_width=\u00bb4&#8243; width=\u00bb1\/6&#8243; uncode_shortcode_id=\u00bb646938&#8243;][vc_button button_color=\u00bbaccent\u00bb radius=\u00bbbtn-round\u00bb wide=\u00bbyes\u00bb border_width=\u00bb0&#8243; link=\u00bburl:https%3A%2F%2Fticketsibiza.com%2Fes%2Fcalendario-ibiza%2Fmayo%2F|title:Calendario%20de%20fiestas%20de%20Ibiza%20en%20mayo|\u00bb button_color_type=\u00bbuncode-palette\u00bb uncode_shortcode_id=\u00bb155583&#8243;]MAYO[\/vc_button][\/vc_column_inner][vc_column_inner column_width_percent=\u00bb100&#8243; position_vertical=\u00bbmiddle\u00bb align_horizontal=\u00bbalign_center\u00bb gutter_size=\u00bb3&#8243; overlay_alpha=\u00bb50&#8243; shift_x=\u00bb0&#8243; shift_y=\u00bb0&#8243; shift_y_down=\u00bb0&#8243; z_index=\u00bb0&#8243; medium_width=\u00bb3&#8243; mobile_width=\u00bb4&#8243; width=\u00bb1\/6&#8243; uncode_shortcode_id=\u00bb179114&#8243;][vc_button button_color=\u00bbaccent\u00bb radius=\u00bbbtn-round\u00bb wide=\u00bbyes\u00bb border_width=\u00bb0&#8243; link=\u00bburl:https%3A%2F%2Fticketsibiza.com%2Fes%2Fcalendario-ibiza%2Fjunio%2F|title:Calendario%20de%20fiestas%20de%20Ibiza%20en%20junio|\u00bb button_color_type=\u00bbuncode-palette\u00bb uncode_shortcode_id=\u00bb149595&#8243;]JUNIO[\/vc_button][\/vc_column_inner][vc_column_inner column_width_percent=\u00bb100&#8243; position_vertical=\u00bbmiddle\u00bb align_horizontal=\u00bbalign_center\u00bb gutter_size=\u00bb3&#8243; overlay_alpha=\u00bb50&#8243; shift_x=\u00bb0&#8243; shift_y=\u00bb0&#8243; shift_y_down=\u00bb0&#8243; z_index=\u00bb0&#8243; medium_width=\u00bb3&#8243; mobile_width=\u00bb4&#8243; width=\u00bb1\/6&#8243; uncode_shortcode_id=\u00bb114673&#8243;][vc_button button_color=\u00bbaccent\u00bb radius=\u00bbbtn-round\u00bb wide=\u00bbyes\u00bb border_width=\u00bb0&#8243; link=\u00bburl:https%3A%2F%2Fticketsibiza.com%2Fes%2Fcalendario-ibiza%2Fjulio%2F|title:Calendario%20de%20fiestas%20de%20Ibiza%20en%20julio|\u00bb button_color_type=\u00bbuncode-palette\u00bb uncode_shortcode_id=\u00bb168575&#8243;]JULIO[\/vc_button][\/vc_column_inner][vc_column_inner column_width_percent=\u00bb100&#8243; position_vertical=\u00bbmiddle\u00bb align_horizontal=\u00bbalign_center\u00bb gutter_size=\u00bb3&#8243; overlay_alpha=\u00bb50&#8243; shift_x=\u00bb0&#8243; shift_y=\u00bb0&#8243; shift_y_down=\u00bb0&#8243; z_index=\u00bb0&#8243; medium_width=\u00bb3&#8243; mobile_width=\u00bb4&#8243; width=\u00bb1\/6&#8243; uncode_shortcode_id=\u00bb804782&#8243;][vc_button button_color=\u00bbaccent\u00bb radius=\u00bbbtn-round\u00bb wide=\u00bbyes\u00bb border_width=\u00bb0&#8243; link=\u00bburl:https%3A%2F%2Fticketsibiza.com%2Fes%2Fcalendario-ibiza%2Fagosto%2F|title:Calendario%20de%20fiestas%20de%20Ibiza%20en%20agosto|\u00bb button_color_type=\u00bbuncode-palette\u00bb uncode_shortcode_id=\u00bb741098&#8243;]AGOSTO[\/vc_button][\/vc_column_inner][vc_column_inner column_width_percent=\u00bb100&#8243; position_vertical=\u00bbmiddle\u00bb align_horizontal=\u00bbalign_center\u00bb gutter_size=\u00bb3&#8243; overlay_alpha=\u00bb50&#8243; shift_x=\u00bb0&#8243; shift_y=\u00bb0&#8243; shift_y_down=\u00bb0&#8243; z_index=\u00bb0&#8243; medium_width=\u00bb3&#8243; mobile_width=\u00bb4&#8243; width=\u00bb1\/6&#8243; uncode_shortcode_id=\u00bb211483&#8243;][vc_button button_color=\u00bbaccent\u00bb radius=\u00bbbtn-round\u00bb wide=\u00bbyes\u00bb border_width=\u00bb0&#8243; link=\u00bburl:https%3A%2F%2Fticketsibiza.com%2Fes%2Fcalendario-ibiza%2Fseptiembre%2F|title:Calendario%20de%20fiestas%20de%20Ibiza%20en%20septiembre|\u00bb button_color_type=\u00bbuncode-palette\u00bb uncode_shortcode_id=\u00bb207981&#8243;]SEPTIEMBRE[\/vc_button][\/vc_column_inner][vc_column_inner column_width_percent=\u00bb100&#8243; position_vertical=\u00bbmiddle\u00bb align_horizontal=\u00bbalign_center\u00bb gutter_size=\u00bb3&#8243; overlay_alpha=\u00bb50&#8243; shift_x=\u00bb0&#8243; shift_y=\u00bb0&#8243; shift_y_down=\u00bb0&#8243; z_index=\u00bb0&#8243; medium_width=\u00bb3&#8243; mobile_width=\u00bb4&#8243; width=\u00bb1\/6&#8243; uncode_shortcode_id=\u00bb488417&#8243;][vc_button button_color=\u00bbaccent\u00bb radius=\u00bbbtn-round\u00bb wide=\u00bbyes\u00bb border_width=\u00bb0&#8243; link=\u00bburl:https%3A%2F%2Fticketsibiza.com%2Fes%2Fcalendario-ibiza%2Foctubre%2F|title:Calendario%20de%20fiestas%20de%20Ibiza%20en%20octubre|\u00bb button_color_type=\u00bbuncode-palette\u00bb uncode_shortcode_id=\u00bb134518&#8243;]OCTUBRE[\/vc_button][\/vc_column_inner][\/vc_row_inner][vc_row_inner row_inner_height_percent=\u00bb0&#8243; overlay_alpha=\u00bb50&#8243; gutter_size=\u00bb2&#8243; shift_y=\u00bb0&#8243; z_index=\u00bb0&#8243; uncode_shortcode_id=\u00bb672492&#8243;][vc_column_inner column_width_percent=\u00bb100&#8243; align_horizontal=\u00bbalign_center\u00bb gutter_size=\u00bb3&#8243; overlay_alpha=\u00bb50&#8243; shift_x=\u00bb0&#8243; shift_y=\u00bb0&#8243; shift_y_down=\u00bb0&#8243; z_index=\u00bb0&#8243; align_medium=\u00bbalign_center_tablet\u00bb medium_width=\u00bb0&#8243; align_mobile=\u00bbalign_center_mobile\u00bb mobile_width=\u00bb4&#8243; width=\u00bb1\/3&#8243; uncode_shortcode_id=\u00bb207755&#8243;][vc_button button_color=\u00bbcolor-456577&#8243; radius=\u00bbbtn-round\u00bb wide=\u00bbyes\u00bb border_width=\u00bb0&#8243; link=\u00bburl:https%3A%2F%2Fticketsibiza.com%2Fes%2Fcalendario-ibiza%2Feventos-hoy-ibiza%2F|title:Calendario%20de%20fiestas%20de%20Ibiza|\u00bb button_color_type=\u00bbuncode-palette\u00bb uncode_shortcode_id=\u00bb110105&#8243;]HOY \/ ESTA NOCHE[\/vc_button][\/vc_column_inner][vc_column_inner column_width_percent=\u00bb100&#8243; align_horizontal=\u00bbalign_center\u00bb gutter_size=\u00bb3&#8243; overlay_alpha=\u00bb50&#8243; shift_x=\u00bb0&#8243; shift_y=\u00bb0&#8243; shift_y_down=\u00bb0&#8243; z_index=\u00bb0&#8243; medium_width=\u00bb0&#8243; mobile_width=\u00bb4&#8243; width=\u00bb1\/3&#8243; uncode_shortcode_id=\u00bb156245&#8243;][vc_button button_color=\u00bbcolor-742106&#8243; radius=\u00bbbtn-round\u00bb wide=\u00bbyes\u00bb border_width=\u00bb0&#8243; link=\u00bburl:https%3A%2F%2Fticketsibiza.com%2Fes%2Fcalendario-ibiza%2F2026-eventos%2F|title:Calendario%20de%20fiestas%20de%20Ibiza|\u00bb button_color_type=\u00bbuncode-palette\u00bb uncode_shortcode_id=\u00bb212200&#8243;]TODOS LOS EVENTOS DE 2026[\/vc_button][\/vc_column_inner][vc_column_inner width=\u00bb1\/3&#8243;][\/vc_column_inner][\/vc_row_inner][\/vc_column][\/vc_row][vc_row unlock_row_content=\u00bbyes\u00bb row_height_percent=\u00bb0&#8243; override_padding=\u00bbyes\u00bb h_padding=\u00bb0&#8243; top_padding=\u00bb1&#8243; bottom_padding=\u00bb2&#8243; overlay_alpha=\u00bb50&#8243; gutter_size=\u00bb3&#8243; column_width_percent=\u00bb100&#8243; shift_y=\u00bb0&#8243; z_index=\u00bb0&#8243; row_name=\u00bbthisweek\u00bb css=\u00bb.vc_custom_1576681089316{padding-right: 18px !important;padding-left: 18px !important;}\u00bb][vc_column column_width_percent=\u00bb100&#8243; gutter_size=\u00bb1&#8243; override_padding=\u00bbyes\u00bb column_padding=\u00bb1&#8243; overlay_alpha=\u00bb50&#8243; shift_x=\u00bb0&#8243; shift_y=\u00bb0&#8243; shift_y_down=\u00bb0&#8243; z_index=\u00bb0&#8243; medium_width=\u00bb0&#8243; mobile_width=\u00bb0&#8243; width=\u00bb1\/1&#8243;]\t\t<div class=\"wcs-timetable__wrapper\">\n\t\t\t<div class=\"wcs-vue\" id=\"wcs-app-137\"><\/div>\n\t\t<\/div>\n\t\t[\/vc_column][\/vc_row][vc_row row_height_percent=\u00bb0&#8243; override_padding=\u00bbyes\u00bb h_padding=\u00bb2&#8243; top_padding=\u00bb1&#8243; bottom_padding=\u00bb2&#8243; overlay_alpha=\u00bb50&#8243; gutter_size=\u00bb3&#8243; column_width_percent=\u00bb100&#8243; shift_y=\u00bb0&#8243; z_index=\u00bb0&#8243;][vc_column column_width_percent=\u00bb100&#8243; align_horizontal=\u00bbalign_center\u00bb gutter_size=\u00bb3&#8243; overlay_alpha=\u00bb50&#8243; shift_x=\u00bb0&#8243; shift_y=\u00bb0&#8243; shift_y_down=\u00bb0&#8243; z_index=\u00bb0&#8243; desktop_visibility=\u00bbyes\u00bb medium_width=\u00bb0&#8243; mobile_width=\u00bb0&#8243; width=\u00bb1\/1&#8243;][vc_button button_color=\u00bbaccent\u00bb size=\u00bbbtn-lg\u00bb border_width=\u00bb0&#8243; link=\u00bburl:%23thisweek|\u00bb]VOLVER ARRIBA[\/vc_button][\/vc_column][\/vc_row]<\/p>\n<\/div>","protected":false},"excerpt":{"rendered":"<p>[vc_row row_height_percent=\u00bb10&#8243; override_padding=\u00bbyes\u00bb h_padding=\u00bb0&#8243; top_padding=\u00bb0&#8243; bottom_padding=\u00bb0&#8243; overlay_color=\u00bbcolor-gyho\u00bb overlay_alpha=\u00bb0&#8243; overlay_color_blend=\u00bbdarken\u00bb gutter_size=\u00bb3&#8243; column_width_percent=\u00bb100&#8243; shift_y=\u00bb0&#8243; z_index=\u00bb0&#8243;][vc_column column_width_percent=\u00bb100&#8243; position_vertical=\u00bbbottom\u00bb gutter_size=\u00bb3&#8243; overlay_alpha=\u00bb50&#8243; shift_x=\u00bb0&#8243; shift_y=\u00bb0&#8243; shift_y_down=\u00bb0&#8243; [&hellip;]<\/p>\n","protected":false},"author":1,"featured_media":988516,"parent":0,"menu_order":0,"comment_status":"closed","ping_status":"closed","template":"","meta":{"_acf_changed":false,"footnotes":""},"class_list":["post-988497","page","type-page","status-publish","has-post-thumbnail","hentry","page_category-calendario"],"acf":[],"_links":{"self":[{"href":"https:\/\/ticketsibiza.com\/es\/wp-json\/wp\/v2\/pages\/988497","targetHints":{"allow":["GET"]}}],"collection":[{"href":"https:\/\/ticketsibiza.com\/es\/wp-json\/wp\/v2\/pages"}],"about":[{"href":"https:\/\/ticketsibiza.com\/es\/wp-json\/wp\/v2\/types\/page"}],"author":[{"embeddable":true,"href":"https:\/\/ticketsibiza.com\/es\/wp-json\/wp\/v2\/users\/1"}],"replies":[{"embeddable":true,"href":"https:\/\/ticketsibiza.com\/es\/wp-json\/wp\/v2\/comments?post=988497"}],"version-history":[{"count":109,"href":"https:\/\/ticketsibiza.com\/es\/wp-json\/wp\/v2\/pages\/988497\/revisions"}],"predecessor-version":[{"id":1129736,"href":"https:\/\/ticketsibiza.com\/es\/wp-json\/wp\/v2\/pages\/988497\/revisions\/1129736"}],"wp:featuredmedia":[{"embeddable":true,"href":"https:\/\/ticketsibiza.com\/es\/wp-json\/wp\/v2\/media\/988516"}],"wp:attachment":[{"href":"https:\/\/ticketsibiza.com\/es\/wp-json\/wp\/v2\/media?parent=988497"}],"curies":[{"name":"wp","href":"https:\/\/api.w.org\/{rel}","templated":true}]}}