{"id":1154545,"date":"2026-04-29T16:44:29","date_gmt":"2026-04-29T15:44:29","guid":{"rendered":"https:\/\/ticketsibiza.com\/clubs\/destino\/"},"modified":"2026-04-29T16:45:16","modified_gmt":"2026-04-29T15:45:16","slug":"destino","status":"publish","type":"page","link":"https:\/\/ticketsibiza.com\/es\/clubs\/destino\/","title":{"rendered":"Destino Five Ibiza 2026 &#8211; Entradas, eventos y cartel"},"content":{"rendered":"<div class=\"wpb-content-wrapper\"><p>[vc_row row_height_percent=\u00bb0&#8243; override_padding=\u00bbyes\u00bb h_padding=\u00bb2&#8243; top_padding=\u00bb2&#8243; bottom_padding=\u00bb0&#8243; back_image=\u00bb1154537&#8243; overlay_alpha=\u00bb50&#8243; gutter_size=\u00bb3&#8243; column_width_percent=\u00bb100&#8243; shift_y=\u00bb0&#8243; z_index=\u00bb0&#8243; content_parallax=\u00bb0&#8243; row_height_pixel=\u00bb50&#8243; uncode_shortcode_id=\u00bb102758&#8243;][vc_column width=\u00bb1\/1&#8243;][vc_empty_space empty_h=\u00bb5&#8243;][vc_row_inner row_inner_height_percent=\u00bb0&#8243; force_width_grid=\u00bbyes\u00bb overlay_color=\u00bbcolor-149363&#8243; overlay_alpha=\u00bb70&#8243; gutter_size=\u00bb1&#8243; shift_y=\u00bb1&#8243; z_index=\u00bb3&#8243; css=\u00bb.vc_custom_1555872297672{margin-bottom: 0px !important;border-bottom-width: 0px !important;padding-top: 0px !important;padding-bottom: 0px !important;padding-left: 20px !important;}\u00bb limit_content=\u00bb\u00bb][vc_column_inner column_width_percent=\u00bb100&#8243; gutter_size=\u00bb0&#8243; overlay_alpha=\u00bb50&#8243; shift_x=\u00bb0&#8243; shift_y=\u00bb0&#8243; shift_y_down=\u00bb0&#8243; z_index=\u00bb0&#8243; medium_width=\u00bb0&#8243; mobile_width=\u00bb0&#8243; width=\u00bb1\/1&#8243; css=\u00bb.vc_custom_1551002411961{padding-bottom: 0px !important;}\u00bb][vc_custom_heading text_color=\u00bbcolor-xsdn\u00bb heading_semantic=\u00bbh1&#8243; text_size=\u00bbh1&#8243; sub_reduced=\u00bbyes\u00bb uncode_shortcode_id=\u00bb201125&#8243; text_color_type=\u00bbuncode-palette\u00bb]<\/p>\n<h1 style=\"text-align: left;\"><span style=\"color: #ffffff;\">Destino<\/span><\/h1>\n<p>[\/vc_custom_heading][vc_column_text text_lead=\u00bbyes\u00bb uncode_shortcode_id=\u00bb629871&#8243;]<\/p>\n<h4><span style=\"font-weight: 400; color: #ffffff;\">Poolside luxury meets daytime partying<\/span><\/h4>\n<p>[\/vc_column_text][\/vc_column_inner][\/vc_row_inner][\/vc_column][\/vc_row][vc_row row_height_percent=\u00bb0&#8243; overlay_alpha=\u00bb50&#8243; gutter_size=\u00bb3&#8243; column_width_percent=\u00bb100&#8243; shift_y=\u00bb0&#8243; z_index=\u00bb0&#8243; css=\u00bb.vc_custom_1551018712642{margin-top: 0px !important;margin-bottom: 0px !important;}\u00bb][vc_column column_width_percent=\u00bb100&#8243; gutter_size=\u00bb3&#8243; overlay_alpha=\u00bb50&#8243; shift_x=\u00bb0&#8243; shift_y=\u00bb0&#8243; shift_y_down=\u00bb0&#8243; z_index=\u00bb0&#8243; medium_width=\u00bb0&#8243; mobile_width=\u00bb0&#8243; width=\u00bb3\/4&#8243; uncode_shortcode_id=\u00bb307314&#8243; el_class=\u00bbmv-content\u00bb][uncode_block id=\u00bb525847&#8243;][vc_column_text uncode_shortcode_id=\u00bb929143&#8243;]<span style=\"font-weight: 400;\"><span class=\"dropped\">D<\/span>estino is the stunning clifftop resort and party venue, perched high above Talamanca with sweeping views over Ibiza Town, the Mediterranean and Formentera. <\/span><\/p>\n<p><span style=\"font-weight: 400;\">Its blend of five-star hotel living and open-air parties has made it one of the island\u2019s most coveted daytime experiences, where panoramic vistas, sunset sets and that famous Pacha glamour meet on a single terrace.<\/span><\/p>\n<p><span style=\"font-weight: 400;\"><br \/>\nA true alternative to the bigger superclubs, Destino\u2019s sporadic event calendar (typically a dozen carefully curated dates a season) gives every party a sense of occasion you simply can\u2019t manufacture at scale.<\/span>[\/vc_column_text][vc_row_inner row_inner_height_percent=\u00bb0&#8243; back_color=\u00bbaccent\u00bb overlay_alpha=\u00bb50&#8243; gutter_size=\u00bb3&#8243; shift_y=\u00bb0&#8243; z_index=\u00bb0&#8243; css=\u00bb.vc_custom_1579608219493{padding-bottom: 10px !important;}\u00bb limit_content=\u00bb\u00bb][vc_column_inner column_width_percent=\u00bb100&#8243; gutter_size=\u00bb3&#8243; override_padding=\u00bbyes\u00bb column_padding=\u00bb2&#8243; overlay_alpha=\u00bb50&#8243; shift_x=\u00bb0&#8243; shift_y=\u00bb0&#8243; shift_y_down=\u00bb0&#8243; z_index=\u00bb0&#8243; medium_width=\u00bb0&#8243; mobile_width=\u00bb0&#8243; width=\u00bb1\/1&#8243;][vc_column_text uncode_shortcode_id=\u00bb120853&#8243;]<span style=\"text-decoration: underline; color: #ffffff;\">On this page:<\/span><br \/>\n<span style=\"color: #ffffff;\"><a style=\"color: #ffffff;\" href=\"#history\">History<\/a><\/span><br \/>\n<span style=\"color: #ffffff;\"><a style=\"color: #ffffff;\" href=\"#info\">Club Information<\/a><\/span><br \/>\n<span style=\"color: #ffffff;\"><a style=\"color: #ffffff;\" href=\"#2026\">Destino 2026<\/a><\/span><br \/>\n<span style=\"color: #ffffff;\"><a style=\"color: #ffffff;\" href=\"#listings\">Line Up<\/a><\/span>[\/vc_column_text][\/vc_column_inner][\/vc_row_inner][vc_custom_heading separator_color=\u00bbyes\u00bb separator=\u00bbyes\u00bb uncode_shortcode_id=\u00bb669148&#8243;]<\/p>\n<h2 id=\"history\" class=\"p1\">Destino Ibiza History<\/h2>\n<p>[\/vc_custom_heading][vc_column_text uncode_shortcode_id=\u00bb147621&#8243;]Destino opened its doors in 2013 as the latest jewel in the Pacha Group crown, the legendary Spanish hospitality empire founded by Ricardo Urgell in 1967. Designed as a more grown-up, lifestyle-led counterpart to the iconic Pacha nightclub down the hill, the adult-only resort quickly became the place to catch Ibiza\u2019s biggest names away from the late-night crowds.<\/p>\n<p>The venue earned its reputation hosting some of the most talked-about parties of the modern era. Solomun was the original architect of the Destino sound, using his clifftop dates between 2015 and 2022 to showcase live electronic acts including \u00c2me, Rodriguez Jr. and MEUTE. Marco Carola\u2019s Music On Daytime parties cemented its reputation as the home of long-form, high-quality tech house, and the venue famously hosted the world-exclusive first ever back-to-back set between Solomun and Marco Carola.[\/vc_column_text][vc_single_image media=\u00bb1154549&#8243; media_width_percent=\u00bb85&#8243; alignment=\u00bbcenter\u00bb border=\u00bbyes\u00bb shadow=\u00bbyes\u00bb shadow_darker=\u00bbyes\u00bb uncode_shortcode_id=\u00bb724984&#8243;][vc_column_text uncode_shortcode_id=\u00bb136950&#8243;]En octubre de 2023, FIVE Holdings, con sede en Dub\u00e1i, adquiri\u00f3 el Grupo Pacha y Destino pas\u00f3 a llamarse <strong>Destino Five Ibiza<\/strong>. Una reforma integral en 2025 elev\u00f3 el resort de cuatro a cinco estrellas, consolidando su posici\u00f3n en lo m\u00e1s alto de la escena hotelera de Ibiza.[\/vc_column_text][vc_custom_heading separator_color=\u00bbyes\u00bb separator=\u00bbyes\u00bb]<\/p>\n<h2 id=\"info\" class=\"p1\">Club Information<\/h2>\n<p>[\/vc_custom_heading][vc_column_text uncode_shortcode_id=\u00bb103906&#8243;]Destino is built around its open-air main terrace, where a large dance floor wraps around a swimming pool and faces a central stage backed by uninterrupted views of the Mediterranean. The layout is designed to flow from sunset into the night, with a sun-drenched, golden-hour atmosphere that gradually transitions into full party mode.<\/p>\n<p>VIP table areas surround the pool and stage, offering elevated views of the DJ booth and a more exclusive feel, particularly popular for headline events. The dress code is smart casual: no beachwear, swimwear or sportswear, but the vibe is more \u00abstylish and elegant\u00bb than stuffy.<\/p>\n<p>Tucked beneath the resort sits TOX Club, an intimate underground space designed for after-parties and private sessions. Usually reserved for hotel guests and VIPs, TOX opens its doors after major events to keep the night rolling into the early hours, long after the main terrace has wound down.<\/p>\n<p>Parties typically run from 5pm until midnight, with TOX continuing until dawn. The venue also operates a complimentary shuttle bus service for ticket holders from key pick-up points around the island on event days.[\/vc_column_text][vc_single_image media=\u00bb994929&#8243; media_width_percent=\u00bb85&#8243; alignment=\u00bbcenter\u00bb border=\u00bbyes\u00bb shadow=\u00bbyes\u00bb shadow_darker=\u00bbyes\u00bb uncode_shortcode_id=\u00bb101940&#8243;][vc_raw_html]PGJsb2NrcXVvdGUgY2xhc3M9Imluc3RhZ3JhbS1tZWRpYSIgZGF0YS1pbnN0Z3JtLWNhcHRpb25lZD0iIiBkYXRhLWluc3Rncm0tcGVybWFsaW5rPSJodHRwczovL3d3dy5pbnN0YWdyYW0uY29tL3AvRFZRX1YwZ2pCSF8vP3V0bV9zb3VyY2U9aWdfZW1iZWQmYW1wO3V0bV9jYW1wYWlnbj1sb2FkaW5nIiBkYXRhLWluc3Rncm0tdmVyc2lvbj0iMTQiIHN0eWxlPSIgIGJhY2tncm91bmQ6I0ZGRjsgYm9yZGVyOjA7IGJvcmRlci1yYWRpdXM6M3B4OyBib3gtc2hhZG93OjAgMCAxcHggMCByZ2JhKDAsMCwwLDAuNSksMCAxcHggMTBweCAwIHJnYmEoMCwwLDAsMC4xNSk7IG1hcmdpbjogMXB4OyBtYXgtd2lkdGg6NTQwcHg7IG1pbi13aWR0aDozMjZweDsgcGFkZGluZzowOyB3aWR0aDo5OS4zNzUlOyB3aWR0aDotd2Via2l0LWNhbGMoMTAwJSAtIDJweCk7IHdpZHRoOmNhbGMoMTAwJSAtIDJweCk7Ij48ZGl2IHN0eWxlPSJwYWRkaW5nOjE2cHg7Ij4gPGEgaHJlZj0iaHR0cHM6Ly93d3cuaW5zdGFncmFtLmNvbS9wL0RWUV9WMGdqQkhfLz91dG1fc291cmNlPWlnX2VtYmVkJmFtcDt1dG1fY2FtcGFpZ249bG9hZGluZyIgc3R5bGU9IiAgYmFja2dyb3VuZDojRkZGRkZGOyBsaW5lLWhlaWdodDowOyBwYWRkaW5nOjAgMDsgdGV4dC1hbGlnbjpjZW50ZXI7IHRleHQtZGVjb3JhdGlvbjpub25lOyB3aWR0aDoxMDAlOyIgdGFyZ2V0PSJfYmxhbmsiPiA8ZGl2IHN0eWxlPSIgIGRpc3BsYXk6IGZsZXg7IGZsZXgtZGlyZWN0aW9uOiByb3c7IGFsaWduLWl0ZW1zOiBjZW50ZXI7Ij4gPGRpdiBzdHlsZT0iYmFja2dyb3VuZC1jb2xvcjogI0Y0RjRGNDsgYm9yZGVyLXJhZGl1czogNTAlOyBmbGV4LWdyb3c6IDA7IGhlaWdodDogNDBweDsgbWFyZ2luLXJpZ2h0OiAxNHB4OyB3aWR0aDogNDBweDsiPjwvZGl2PiA8ZGl2IHN0eWxlPSJkaXNwbGF5OiBmbGV4OyBmbGV4LWRpcmVjdGlvbjogY29sdW1uOyBmbGV4LWdyb3c6IDE7IGp1c3RpZnktY29udGVudDogY2VudGVyOyI+IDxkaXYgc3R5bGU9IiAgYmFja2dyb3VuZC1jb2xvcjogI0Y0RjRGNDsgYm9yZGVyLXJhZGl1czogNHB4OyBmbGV4LWdyb3c6IDA7IGhlaWdodDogMTRweDsgbWFyZ2luLWJvdHRvbTogNnB4OyB3aWR0aDogMTAwcHg7Ij48L2Rpdj4gPGRpdiBzdHlsZT0iICBiYWNrZ3JvdW5kLWNvbG9yOiAjRjRGNEY0OyBib3JkZXItcmFkaXVzOiA0cHg7IGZsZXgtZ3JvdzogMDsgaGVpZ2h0OiAxNHB4OyB3aWR0aDogNjBweDsiPjwvZGl2PjwvZGl2PjwvZGl2PjxkaXYgc3R5bGU9InBhZGRpbmc6IDE5JSAwOyI+PC9kaXY+IDxkaXYgc3R5bGU9ImRpc3BsYXk6YmxvY2s7IGhlaWdodDo1MHB4OyBtYXJnaW46MCBhdXRvIDEycHg7IHdpZHRoOjUwcHg7Ij48c3ZnIHdpZHRoPSI1MHB4IiBoZWlnaHQ9IjUwcHgiIHZpZXdib3g9IjAgMCA2MCA2MCIgdmVyc2lvbj0iMS4xIiB4bWxucz0iaHR0cHM6Ly93d3cudzMub3JnLzIwMDAvc3ZnIiB4bWxuczp4bGluaz0iaHR0cHM6Ly93d3cudzMub3JnLzE5OTkveGxpbmsiPjxnIHN0cm9rZT0ibm9uZSIgc3Ryb2tlLXdpZHRoPSIxIiBmaWxsPSJub25lIiBmaWxsLXJ1bGU9ImV2ZW5vZGQiPjxnIHRyYW5zZm9ybT0idHJhbnNsYXRlKC01MTEuMDAwMDAwLCAtMjAuMDAwMDAwKSIgZmlsbD0iIzAwMDAwMCI+PGc+PHBhdGggZD0iTTU1Ni44NjksMzAuNDEgQzU1NC44MTQsMzAuNDEgNTUzLjE0OCwzMi4wNzYgNTUzLjE0OCwzNC4xMzEgQzU1My4xNDgsMzYuMTg2IDU1NC44MTQsMzcuODUyIDU1Ni44NjksMzcuODUyIEM1NTguOTI0LDM3Ljg1MiA1NjAuNTksMzYuMTg2IDU2MC41OSwzNC4xMzEgQzU2MC41OSwzMi4wNzYgNTU4LjkyNCwzMC40MSA1NTYuODY5LDMwLjQxIE01NDEsNjAuNjU3IEM1MzUuMTE0LDYwLjY1NyA1MzAuMzQyLDU1Ljg4NyA1MzAuMzQyLDUwIEM1MzAuMzQyLDQ0LjExNCA1MzUuMTE0LDM5LjM0MiA1NDEsMzkuMzQyIEM1NDYuODg3LDM5LjM0MiA1NTEuNjU4LDQ0LjExNCA1NTEuNjU4LDUwIEM1NTEuNjU4LDU1Ljg4NyA1NDYuODg3LDYwLjY1NyA1NDEsNjAuNjU3IE01NDEsMzMuODg2IEM1MzIuMSwzMy44ODYgNTI0Ljg4Niw0MS4xIDUyNC44ODYsNTAgQzUyNC44ODYsNTguODk5IDUzMi4xLDY2LjExMyA1NDEsNjYuMTEzIEM1NDkuOSw2Ni4xMTMgNTU3LjExNSw1OC44OTkgNTU3LjExNSw1MCBDNTU3LjExNSw0MS4xIDU0OS45LDMzLjg4NiA1NDEsMzMuODg2IE01NjUuMzc4LDYyLjEwMSBDNTY1LjI0NCw2NS4wMjIgNTY0Ljc1Niw2Ni42MDYgNTY0LjM0Niw2Ny42NjMgQzU2My44MDMsNjkuMDYgNTYzLjE1NCw3MC4wNTcgNTYyLjEwNiw3MS4xMDYgQzU2MS4wNTgsNzIuMTU1IDU2MC4wNiw3Mi44MDMgNTU4LjY2Miw3My4zNDcgQzU1Ny42MDcsNzMuNzU3IDU1Ni4wMjEsNzQuMjQ0IDU1My4xMDIsNzQuMzc4IEM1NDkuOTQ0LDc0LjUyMSA1NDguOTk3LDc0LjU1MiA1NDEsNzQuNTUyIEM1MzMuMDAzLDc0LjU1MiA1MzIuMDU2LDc0LjUyMSA1MjguODk4LDc0LjM3OCBDNTI1Ljk3OSw3NC4yNDQgNTI0LjM5Myw3My43NTcgNTIzLjMzOCw3My4zNDcgQzUyMS45NCw3Mi44MDMgNTIwLjk0Miw3Mi4xNTUgNTE5Ljg5NCw3MS4xMDYgQzUxOC44NDYsNzAuMDU3IDUxOC4xOTcsNjkuMDYgNTE3LjY1NCw2Ny42NjMgQzUxNy4yNDQsNjYuNjA2IDUxNi43NTUsNjUuMDIyIDUxNi42MjMsNjIuMTAxIEM1MTYuNDc5LDU4Ljk0MyA1MTYuNDQ4LDU3Ljk5NiA1MTYuNDQ4LDUwIEM1MTYuNDQ4LDQyLjAwMyA1MTYuNDc5LDQxLjA1NiA1MTYuNjIzLDM3Ljg5OSBDNTE2Ljc1NSwzNC45NzggNTE3LjI0NCwzMy4zOTEgNTE3LjY1NCwzMi4zMzggQzUxOC4xOTcsMzAuOTM4IDUxOC44NDYsMjkuOTQyIDUxOS44OTQsMjguODk0IEM1MjAuOTQyLDI3Ljg0NiA1MjEuOTQsMjcuMTk2IDUyMy4zMzgsMjYuNjU0IEM1MjQuMzkzLDI2LjI0NCA1MjUuOTc5LDI1Ljc1NiA1MjguODk4LDI1LjYyMyBDNTMyLjA1NywyNS40NzkgNTMzLjAwNCwyNS40NDggNTQxLDI1LjQ0OCBDNTQ4Ljk5NywyNS40NDggNTQ5Ljk0MywyNS40NzkgNTUzLjEwMiwyNS42MjMgQzU1Ni4wMjEsMjUuNzU2IDU1Ny42MDcsMjYuMjQ0IDU1OC42NjIsMjYuNjU0IEM1NjAuMDYsMjcuMTk2IDU2MS4wNTgsMjcuODQ2IDU2Mi4xMDYsMjguODk0IEM1NjMuMTU0LDI5Ljk0MiA1NjMuODAzLDMwLjkzOCA1NjQuMzQ2LDMyLjMzOCBDNTY0Ljc1NiwzMy4zOTEgNTY1LjI0NCwzNC45NzggNTY1LjM3OCwzNy44OTkgQzU2NS41MjIsNDEuMDU2IDU2NS41NTIsNDIuMDAzIDU2NS41NTIsNTAgQzU2NS41NTIsNTcuOTk2IDU2NS41MjIsNTguOTQzIDU2NS4zNzgsNjIuMTAxIE01NzAuODIsMzcuNjMxIEM1NzAuNjc0LDM0LjQzOCA1NzAuMTY3LDMyLjI1OCA1NjkuNDI1LDMwLjM0OSBDNTY4LjY1OSwyOC4zNzcgNTY3LjYzMywyNi43MDIgNTY1Ljk2NSwyNS4wMzUgQzU2NC4yOTcsMjMuMzY4IDU2Mi42MjMsMjIuMzQyIDU2MC42NTIsMjEuNTc1IEM1NTguNzQzLDIwLjgzNCA1NTYuNTYyLDIwLjMyNiA1NTMuMzY5LDIwLjE4IEM1NTAuMTY5LDIwLjAzMyA1NDkuMTQ4LDIwIDU0MSwyMCBDNTMyLjg1MywyMCA1MzEuODMxLDIwLjAzMyA1MjguNjMxLDIwLjE4IEM1MjUuNDM4LDIwLjMyNiA1MjMuMjU3LDIwLjgzNCA1MjEuMzQ5LDIxLjU3NSBDNTE5LjM3NiwyMi4zNDIgNTE3LjcwMywyMy4zNjggNTE2LjAzNSwyNS4wMzUgQzUxNC4zNjgsMjYuNzAyIDUxMy4zNDIsMjguMzc3IDUxMi41NzQsMzAuMzQ5IEM1MTEuODM0LDMyLjI1OCA1MTEuMzI2LDM0LjQzOCA1MTEuMTgxLDM3LjYzMSBDNTExLjAzNSw0MC44MzEgNTExLDQxLjg1MSA1MTEsNTAgQzUxMSw1OC4xNDcgNTExLjAzNSw1OS4xNyA1MTEuMTgxLDYyLjM2OSBDNTExLjMyNiw2NS41NjIgNTExLjgzNCw2Ny43NDMgNTEyLjU3NCw2OS42NTEgQzUxMy4zNDIsNzEuNjI1IDUxNC4zNjgsNzMuMjk2IDUxNi4wMzUsNzQuOTY1IEM1MTcuNzAzLDc2LjYzNCA1MTkuMzc2LDc3LjY1OCA1MjEuMzQ5LDc4LjQyNSBDNTIzLjI1Nyw3OS4xNjcgNTI1LjQzOCw3OS42NzMgNTI4LjYzMSw3OS44MiBDNTMxLjgzMSw3OS45NjUgNTMyLjg1Myw4MC4wMDEgNTQxLDgwLjAwMSBDNTQ5LjE0OCw4MC4wMDEgNTUwLjE2OSw3OS45NjUgNTUzLjM2OSw3OS44MiBDNTU2LjU2Miw3OS42NzMgNTU4Ljc0Myw3OS4xNjcgNTYwLjY1Miw3OC40MjUgQzU2Mi42MjMsNzcuNjU4IDU2NC4yOTcsNzYuNjM0IDU2NS45NjUsNzQuOTY1IEM1NjcuNjMzLDczLjI5NiA1NjguNjU5LDcxLjYyNSA1NjkuNDI1LDY5LjY1MSBDNTcwLjE2Nyw2Ny43NDMgNTcwLjY3NCw2NS41NjIgNTcwLjgyLDYyLjM2OSBDNTcwLjk2Niw1OS4xNyA1NzEsNTguMTQ3IDU3MSw1MCBDNTcxLDQxLjg1MSA1NzAuOTY2LDQwLjgzMSA1NzAuODIsMzcuNjMxIj48L3BhdGg+PC9wYXRoPjwvZz48L2c+PC9nPjwvc3ZnPjwvZGl2PjxkaXYgc3R5bGU9InBhZGRpbmctdG9wOiA4cHg7Ij4gPGRpdiBzdHlsZT0iICBjb2xvcjojMzg5N2YwOyBmb250LWZhbWlseTpBcmlhbCxzYW5zLXNlcmlmOyBmb250LXNpemU6MTRweDsgZm9udC1zdHlsZTpub3JtYWw7IGZvbnQtd2VpZ2h0OjU1MDsgbGluZS1oZWlnaHQ6MThweDsiPlZlciBlc3RhIHB1YmxpY2FjacOzbiBlbiBJbnN0YWdyYW08L2Rpdj48L2Rpdj48ZGl2IHN0eWxlPSJwYWRkaW5nOiAxMi41JSAwOyI+PC9kaXY+IDxkaXYgc3R5bGU9ImRpc3BsYXk6IGZsZXg7IGZsZXgtZGlyZWN0aW9uOiByb3c7IG1hcmdpbi1ib3R0b206IDE0cHg7IGFsaWduLWl0ZW1zOiBjZW50ZXI7Ij48ZGl2PiA8ZGl2IHN0eWxlPSJiYWNrZ3JvdW5kLWNvbG9yOiAjRjRGNEY0OyBib3JkZXItcmFkaXVzOiA1MCU7IGhlaWdodDogMTIuNXB4OyB3aWR0aDogMTIuNXB4OyB0cmFuc2Zvcm06IHRyYW5zbGF0ZVgoMHB4KSB0cmFuc2xhdGVZKDdweCk7Ij48L2Rpdj4gPGRpdiBzdHlsZT0iYmFja2dyb3VuZC1jb2xvcjogI0Y0RjRGNDsgaGVpZ2h0OiAxMi41cHg7IHRyYW5zZm9ybTogcm90YXRlKC00NWRlZykgdHJhbnNsYXRlWCgzcHgpIHRyYW5zbGF0ZVkoMXB4KTsgd2lkdGg6IDEyLjVweDsgZmxleC1ncm93OiAwOyBtYXJnaW4tcmlnaHQ6IDE0cHg7IG1hcmdpbi1sZWZ0OiAycHg7Ij48L2Rpdj4gPGRpdiBzdHlsZT0iYmFja2dyb3VuZC1jb2xvcjogI0Y0RjRGNDsgYm9yZGVyLXJhZGl1czogNTAlOyBoZWlnaHQ6IDEyLjVweDsgd2lkdGg6IDEyLjVweDsgdHJhbnNmb3JtOiB0cmFuc2xhdGVYKDlweCkgdHJhbnNsYXRlWSgtMThweCk7Ij48L2Rpdj48L2Rpdj48ZGl2IHN0eWxlPSJtYXJnaW4tbGVmdDogOHB4OyI+IDxkaXYgc3R5bGU9IiAgYmFja2dyb3VuZC1jb2xvcjogI0Y0RjRGNDsgYm9yZGVyLXJhZGl1czogNTAlOyBmbGV4LWdyb3c6IDA7IGhlaWdodDogMjBweDsgd2lkdGg6IDIwcHg7Ij48L2Rpdj4gPGRpdiBzdHlsZT0iICB3aWR0aDogMDsgaGVpZ2h0OiAwOyBib3JkZXItdG9wOiAycHggc29saWQgdHJhbnNwYXJlbnQ7IGJvcmRlci1sZWZ0OiA2cHggc29saWQgI2Y0ZjRmNDsgYm9yZGVyLWJvdHRvbTogMnB4IHNvbGlkIHRyYW5zcGFyZW50OyB0cmFuc2Zvcm06IHRyYW5zbGF0ZVgoMTZweCkgdHJhbnNsYXRlWSgtNHB4KSByb3RhdGUoMzBkZWcpIj48L2Rpdj48L2Rpdj48ZGl2IHN0eWxlPSJtYXJnaW4tbGVmdDogYXV0bzsiPiA8ZGl2IHN0eWxlPSIgIHdpZHRoOiAwcHg7IGJvcmRlci10b3A6IDhweCBzb2xpZCAjRjRGNEY0OyBib3JkZXItcmlnaHQ6IDhweCBzb2xpZCB0cmFuc3BhcmVudDsgdHJhbnNmb3JtOiB0cmFuc2xhdGVZKDE2cHgpOyI+PC9kaXY+IDxkaXYgc3R5bGU9IiAgYmFja2dyb3VuZC1jb2xvcjogI0Y0RjRGNDsgZmxleC1ncm93OiAwOyBoZWlnaHQ6IDEycHg7IHdpZHRoOiAxNnB4OyB0cmFuc2Zvcm06IHRyYW5zbGF0ZVkoLTRweCk7Ij48L2Rpdj4gPGRpdiBzdHlsZT0iICB3aWR0aDogMDsgaGVpZ2h0OiAwOyBib3JkZXItdG9wOiA4cHggc29saWQgI0Y0RjRGNDsgYm9yZGVyLWxlZnQ6IDhweCBzb2xpZCB0cmFuc3BhcmVudDsgdHJhbnNmb3JtOiB0cmFuc2xhdGVZKC00cHgpIHRyYW5zbGF0ZVgoOHB4KTsiPjwvZGl2PjwvZGl2PjwvZGl2PiA8ZGl2IHN0eWxlPSJkaXNwbGF5OiBmbGV4OyBmbGV4LWRpcmVjdGlvbjogY29sdW1uOyBmbGV4LWdyb3c6IDE7IGp1c3RpZnktY29udGVudDogY2VudGVyOyBtYXJnaW4tYm90dG9tOiAyNHB4OyI+IDxkaXYgc3R5bGU9IiAgYmFja2dyb3VuZC1jb2xvcjogI0Y0RjRGNDsgYm9yZGVyLXJhZGl1czogNHB4OyBmbGV4LWdyb3c6IDA7IGhlaWdodDogMTRweDsgbWFyZ2luLWJvdHRvbTogNnB4OyB3aWR0aDogMjI0cHg7Ij48L2Rpdj4gPGRpdiBzdHlsZT0iICBiYWNrZ3JvdW5kLWNvbG9yOiAjRjRGNEY0OyBib3JkZXItcmFkaXVzOiA0cHg7IGZsZXgtZ3JvdzogMDsgaGVpZ2h0OiAxNHB4OyB3aWR0aDogMTQ0cHg7Ij48L2Rpdj48L2Rpdj48L2E+PHAgc3R5bGU9IiAgY29sb3I6I2M5YzhjZDsgZm9udC1mYW1pbHk6QXJpYWwsc2Fucy1zZXJpZjsgZm9udC1zaXplOjE0cHg7IGxpbmUtaGVpZ2h0OjE3cHg7IG1hcmdpbi1ib3R0b206MDsgbWFyZ2luLXRvcDo4cHg7IG92ZXJmbG93OmhpZGRlbjsgcGFkZGluZzo4cHggMCA3cHg7IHRleHQtYWxpZ246Y2VudGVyOyB0ZXh0LW92ZXJmbG93OmVsbGlwc2lzOyB3aGl0ZS1zcGFjZTpub3dyYXA7Ij48YSBocmVmPSJodHRwczovL3d3dy5pbnN0YWdyYW0uY29tL3AvRFZRX1YwZ2pCSF8vP3V0bV9zb3VyY2U9aWdfZW1iZWQmYW1wO3V0bV9jYW1wYWlnbj1sb2FkaW5nIiBzdHlsZT0iICBjb2xvcjojYzljOGNkOyBmb250LWZhbWlseTpBcmlhbCxzYW5zLXNlcmlmOyBmb250LXNpemU6MTRweDsgZm9udC1zdHlsZTpub3JtYWw7IGZvbnQtd2VpZ2h0Om5vcm1hbDsgbGluZS1oZWlnaHQ6MTdweDsgdGV4dC1kZWNvcmF0aW9uOm5vbmU7IiB0YXJnZXQ9Il9ibGFuayI+VW5hIHB1YmxpY2FjacOzbiBjb21wYXJ0aWRhIHBvciBEZXN0aW5vIEZpdmUgSWJpemEgKEBkZXN0aW5vZml2ZWliaXphXyk8L2E+PC9wPjwvZGl2PjwvYmxvY2txdW90ZT4KPHNjcmlwdCBhc3luYz0iIiBzcmM9Ii8vd3d3Lmluc3RhZ3JhbS5jb20vZW1iZWQuanMiPjwvc2NyaXB0Pg==[\/vc_raw_html][vc_custom_heading separator_color=\u00bbyes\u00bb separator=\u00bbyes\u00bb el_id=\u00bb2026&#8243; uncode_shortcode_id=\u00bb101720&#8243;]<\/p>\n<h2 class=\"p1\">Destino Ibiza 2026<\/h2>\n<p>[\/vc_custom_heading][vc_column_text uncode_shortcode_id=\u00bb721344&#8243;]Destino\u2019s 2026 calendar is built around the Pacha ICONS series, with two of the biggest names in global house and tech house leading the charge.<\/p>\n<p>Marco Carola presents Music On Daytime returns with eight dates throughout the season, continuing the residency that has defined Destino\u2019s musical identity for the better part of a decade. Expect long, hypnotic sets, that signature Carola groove, and a crowd that knows exactly what it came for.<\/p>\n<p>Solomun Outdoor marks the Bosnian-German selector\u2019s biggest commitment to the venue since 2023, with four exclusive open-air dates: 11 June, 16 July, 30 July and 27 August. After several years of more limited appearances, his return in this format brings back the deep, emotive, long-journey sets that originally made his Destino nights so memorable.<\/p>\n<p>Watch this space for further 2026 announcements as the season rolls on.[\/vc_column_text][\/vc_column][vc_column column_width_percent=\u00bb100&#8243; align_horizontal=\u00bbalign_center\u00bb gutter_size=\u00bb2&#8243; overlay_alpha=\u00bb50&#8243; shift_x=\u00bb0&#8243; shift_y=\u00bb0&#8243; shift_y_down=\u00bb0&#8243; z_index=\u00bb0&#8243; medium_visibility=\u00bbyes\u00bb medium_width=\u00bb0&#8243; mobile_visibility=\u00bbyes\u00bb mobile_width=\u00bb0&#8243; width=\u00bb1\/4&#8243; uncode_shortcode_id=\u00bb205071&#8243; el_class=\u00bbmv-sidebar\u00bb][vc_button button_color=\u00bbcolor-jevc\u00bb size=\u00bbbtn-xl\u00bb border_animation=\u00bbbtn-ripple-out\u00bb border_width=\u00bb0&#8243; link=\u00bburl:%23listings|\u00bb]Comprar entradas[\/vc_button][vc_separator sep_color=\u00bbaccent\u00bb][vc_single_image media=\u00bb1154552&#8243; media_width_percent=\u00bb75&#8243; alignment=\u00bbcenter\u00bb shape=\u00bbimg-circle\u00bb border=\u00bbyes\u00bb shadow=\u00bbyes\u00bb shadow_weight=\u00bbsm\u00bb shadow_darker=\u00bbyes\u00bb uncode_shortcode_id=\u00bb192376&#8243;][vc_separator sep_color=\u00bbaccent\u00bb][vc_gmaps latlon=\u00bb38.914087, 1.4668214&#8243; size=\u00bb280&#8243; map_color=\u00bbcolor-wvjs\u00bb ui_color=\u00bbaccent\u00bb zoom=\u00bb10&#8243; map_saturation=\u00bb-100&#8243; map_brightness=\u00bb5&#8243; address=\u00bbCap Martinet, Illes Balears, Spain\u00bb uncode_shortcode_id=\u00bb102708&#8243; map_color_type=\u00bbuncode-palette\u00bb ui_color_type=\u00bbuncode-palette\u00bb][vc_separator sep_color=\u00bbaccent\u00bb][uncode_block id=\u00bb146863&#8243; inside_column=\u00bbyes\u00bb][\/vc_column][\/vc_row][vc_section back_color=\u00bbcolor-lxmt\u00bb overlay_alpha=\u00bb50&#8243;][vc_row][vc_column width=\u00bb3\/4&#8243;][vc_gallery el_id=\u00bbgallery-160005&#8243; type=\u00bbjustified\u00bb random=\u00bbyes\u00bb medias=\u00bb1154551,1154550,1154549,994902,993088,994929,994931&#8243; justify_row_height=\u00bb150&#8243; gutter_size=\u00bb0&#8243; single_overlay_opacity=\u00bb50&#8243; single_padding=\u00bb2&#8243; title=\u00bbGaler\u00eda de fotos\u00bb uncode_shortcode_id=\u00bb166486&#8243;][\/vc_column][vc_column width=\u00bb1\/4&#8243;][vc_raw_html]PGlmcmFtZSBzcmM9Imh0dHBzOi8vb3Blbi5zcG90aWZ5LmNvbS9lbWJlZC9wbGF5bGlzdC8xeERGZUNESlhDQkIwT2wyNllkUTdaIiB3aWR0aD0iMzAwIiBoZWlnaHQ9IjM4MCIgZnJhbWVib3JkZXI9IjAiIGFsbG93dHJhbnNwYXJlbmN5PSJ0cnVlIiBhbGxvdz0iZW5jcnlwdGVkLW1lZGlhIj48L2lmcmFtZT4=[\/vc_raw_html][\/vc_column][\/vc_row][\/vc_section][vc_section back_color=\u00bbcolor-prif\u00bb overlay_alpha=\u00bb50&#8243;][vc_row row_height_percent=\u00bb0&#8243; overlay_alpha=\u00bb50&#8243; gutter_size=\u00bb3&#8243; column_width_percent=\u00bb100&#8243; shift_y=\u00bb0&#8243; z_index=\u00bb0&#8243; row_name=\u00bb#listings\u00bb][vc_column column_width_percent=\u00bb100&#8243; position_vertical=\u00bbmiddle\u00bb align_horizontal=\u00bbalign_center\u00bb gutter_size=\u00bb2&#8243; overlay_alpha=\u00bb50&#8243; shift_x=\u00bb0&#8243; shift_y=\u00bb0&#8243; shift_y_down=\u00bb0&#8243; z_index=\u00bb0&#8243; medium_width=\u00bb0&#8243; mobile_width=\u00bb0&#8243; width=\u00bb1\/1&#8243;][vc_custom_heading text_color=\u00bbcolor-xsdn\u00bb text_size=\u00bbh3&#8243; separator_color=\u00bbyes\u00bb separator=\u00bbyes\u00bb sub_reduced=\u00bbyes\u00bb uncode_shortcode_id=\u00bb175542&#8243; text_color_type=\u00bbuncode-palette\u00bb]<\/p>\n<h2 style=\"text-align: center;\"><span style=\"color: #ffffff;\">Party Listings<\/span><\/h2>\n<p>[\/vc_custom_heading]\t\t<div class=\"wcs-timetable__wrapper\">\n\t\t\t<div class=\"wcs-vue\" id=\"wcs-app-164\"><\/div>\n\t\t<\/div>\n\t\t[\/vc_column][\/vc_row][\/vc_section]<\/p>\n<\/div>","protected":false},"excerpt":{"rendered":"<p>[vc_row row_height_percent=\u00bb0&#8243; override_padding=\u00bbyes\u00bb h_padding=\u00bb2&#8243; top_padding=\u00bb2&#8243; bottom_padding=\u00bb0&#8243; back_image=\u00bb1154537&#8243; overlay_alpha=\u00bb50&#8243; gutter_size=\u00bb3&#8243; column_width_percent=\u00bb100&#8243; shift_y=\u00bb0&#8243; z_index=\u00bb0&#8243; content_parallax=\u00bb0&#8243; row_height_pixel=\u00bb50&#8243; uncode_shortcode_id=\u00bb102758&#8243;][vc_column width=\u00bb1\/1&#8243;][vc_empty_space empty_h=\u00bb5&#8243;][vc_row_inner row_inner_height_percent=\u00bb0&#8243; force_width_grid=\u00bbyes\u00bb overlay_color=\u00bbcolor-149363&#8243; [&hellip;]<\/p>\n","protected":false},"author":1,"featured_media":502018,"parent":989689,"menu_order":0,"comment_status":"closed","ping_status":"closed","template":"","meta":{"_acf_changed":false,"footnotes":""},"class_list":["post-1154545","page","type-page","status-publish","has-post-thumbnail","hentry","page_category-discotecas"],"acf":[],"_links":{"self":[{"href":"https:\/\/ticketsibiza.com\/es\/wp-json\/wp\/v2\/pages\/1154545","targetHints":{"allow":["GET"]}}],"collection":[{"href":"https:\/\/ticketsibiza.com\/es\/wp-json\/wp\/v2\/pages"}],"about":[{"href":"https:\/\/ticketsibiza.com\/es\/wp-json\/wp\/v2\/types\/page"}],"author":[{"embeddable":true,"href":"https:\/\/ticketsibiza.com\/es\/wp-json\/wp\/v2\/users\/1"}],"replies":[{"embeddable":true,"href":"https:\/\/ticketsibiza.com\/es\/wp-json\/wp\/v2\/comments?post=1154545"}],"version-history":[{"count":9,"href":"https:\/\/ticketsibiza.com\/es\/wp-json\/wp\/v2\/pages\/1154545\/revisions"}],"predecessor-version":[{"id":1154597,"href":"https:\/\/ticketsibiza.com\/es\/wp-json\/wp\/v2\/pages\/1154545\/revisions\/1154597"}],"up":[{"embeddable":true,"href":"https:\/\/ticketsibiza.com\/es\/wp-json\/wp\/v2\/pages\/989689"}],"wp:featuredmedia":[{"embeddable":true,"href":"https:\/\/ticketsibiza.com\/es\/wp-json\/wp\/v2\/media\/502018"}],"wp:attachment":[{"href":"https:\/\/ticketsibiza.com\/es\/wp-json\/wp\/v2\/media?parent=1154545"}],"curies":[{"name":"wp","href":"https:\/\/api.w.org\/{rel}","templated":true}]}}