{"id":1154459,"date":"2026-04-28T14:36:30","date_gmt":"2026-04-28T13:36:30","guid":{"rendered":"https:\/\/ticketsibiza.com\/clubs\/es-paradis\/"},"modified":"2026-04-28T16:27:49","modified_gmt":"2026-04-28T15:27:49","slug":"es-paradis","status":"publish","type":"page","link":"https:\/\/ticketsibiza.com\/es\/clubs\/es-paradis\/","title":{"rendered":"Es Paradis 2026 &#8211; Entradas, eventos y cartel"},"content":{"rendered":"<div class=\"wpb-content-wrapper\"><p>[vc_row row_height_percent=\u00bb0&#8243; override_padding=\u00bbyes\u00bb h_padding=\u00bb2&#8243; top_padding=\u00bb2&#8243; bottom_padding=\u00bb0&#8243; back_image=\u00bb1154377&#8243; overlay_alpha=\u00bb50&#8243; gutter_size=\u00bb3&#8243; column_width_percent=\u00bb100&#8243; shift_y=\u00bb0&#8243; z_index=\u00bb0&#8243; content_parallax=\u00bb0&#8243; row_height_pixel=\u00bb50&#8243; uncode_shortcode_id=\u00bb205769&#8243;][vc_column width=\u00bb1\/1&#8243;][vc_empty_space empty_h=\u00bb5&#8243;][vc_row_inner row_inner_height_percent=\u00bb0&#8243; force_width_grid=\u00bbyes\u00bb overlay_color=\u00bbcolor-149363&#8243; overlay_alpha=\u00bb70&#8243; gutter_size=\u00bb1&#8243; shift_y=\u00bb1&#8243; z_index=\u00bb3&#8243; css=\u00bb.vc_custom_1555872297672{margin-bottom: 0px !important;border-bottom-width: 0px !important;padding-top: 0px !important;padding-bottom: 0px !important;padding-left: 20px !important;}\u00bb limit_content=\u00bb\u00bb][vc_column_inner column_width_percent=\u00bb100&#8243; gutter_size=\u00bb0&#8243; overlay_alpha=\u00bb50&#8243; shift_x=\u00bb0&#8243; shift_y=\u00bb0&#8243; shift_y_down=\u00bb0&#8243; z_index=\u00bb0&#8243; medium_width=\u00bb0&#8243; mobile_width=\u00bb0&#8243; width=\u00bb1\/1&#8243; css=\u00bb.vc_custom_1551002411961{padding-bottom: 0px !important;}\u00bb][vc_custom_heading text_color=\u00bbcolor-xsdn\u00bb heading_semantic=\u00bbh1&#8243; text_size=\u00bbh1&#8243; sub_reduced=\u00bbyes\u00bb uncode_shortcode_id=\u00bb101674&#8243; text_color_type=\u00bbuncode-palette\u00bb]<\/p>\n<h1 style=\"text-align: left;\"><span style=\"color: #ffffff;\">Es Paradis<\/span><\/h1>\n<p>[\/vc_custom_heading][vc_column_text text_lead=\u00bbyes\u00bb uncode_shortcode_id=\u00bb212119&#8243;]<\/p>\n<h4><span style=\"font-weight: 400; color: #ffffff;\">El club m\u00e1s bonito de Ibiza<\/span><\/h4>\n<p>[\/vc_column_text][\/vc_column_inner][\/vc_row_inner][\/vc_column][\/vc_row][vc_row row_height_percent=\u00bb0&#8243; overlay_alpha=\u00bb50&#8243; gutter_size=\u00bb3&#8243; column_width_percent=\u00bb100&#8243; shift_y=\u00bb0&#8243; z_index=\u00bb0&#8243; css=\u00bb.vc_custom_1551018712642{margin-top: 0px !important;margin-bottom: 0px !important;}\u00bb][vc_column column_width_percent=\u00bb100&#8243; gutter_size=\u00bb3&#8243; overlay_alpha=\u00bb50&#8243; shift_x=\u00bb0&#8243; shift_y=\u00bb0&#8243; shift_y_down=\u00bb0&#8243; z_index=\u00bb0&#8243; medium_width=\u00bb0&#8243; mobile_width=\u00bb0&#8243; width=\u00bb3\/4&#8243; uncode_shortcode_id=\u00bb307314&#8243; el_class=\u00bbmv-content\u00bb][uncode_block id=\u00bb525847&#8243;][vc_column_text uncode_shortcode_id=\u00bb211139&#8243;]<span style=\"font-weight: 400;\"><span class=\"dropped\">E<\/span>s Paradis es uno de los templos originales de la vida nocturna de Ibiza, una pir\u00e1mide de inspiraci\u00f3n romana de m\u00e1rmol blanco, exuberante vegetaci\u00f3n y enredaderas trepadoras que ha formado parte de la escena de San Antonio durante m\u00e1s de cinco d\u00e9cadas. <\/span><\/p>\n<p><span style=\"font-weight: 400;\">Es el hogar espiritual de la Fiesta del Agua, la ic\u00f3nica fiesta acu\u00e1tica donde la pista de baile literalmente se inunda con 80.000 litros de agua, y un rito de iniciaci\u00f3n para cualquiera que salga de fiesta en la costa oeste de la isla.<\/span><\/p>\n<p><span style=\"font-weight: 400;\"><br \/>\nMientras que la mayor\u00eda de los clubs de Ibiza persiguen DJs de renombre y credibilidad underground, Es Paradis toma un camino diferente: accesible, divertido, visualmente espectacular y refrescantemente asequible. Es el superclub del pueblo. <\/span>[\/vc_column_text][vc_row_inner row_inner_height_percent=\u00bb0&#8243; back_color=\u00bbaccent\u00bb overlay_alpha=\u00bb50&#8243; gutter_size=\u00bb3&#8243; shift_y=\u00bb0&#8243; z_index=\u00bb0&#8243; css=\u00bb.vc_custom_1579608219493{padding-bottom: 10px !important;}\u00bb limit_content=\u00bb\u00bb][vc_column_inner column_width_percent=\u00bb100&#8243; gutter_size=\u00bb3&#8243; override_padding=\u00bbyes\u00bb column_padding=\u00bb2&#8243; overlay_alpha=\u00bb50&#8243; shift_x=\u00bb0&#8243; shift_y=\u00bb0&#8243; shift_y_down=\u00bb0&#8243; z_index=\u00bb0&#8243; medium_width=\u00bb0&#8243; mobile_width=\u00bb0&#8243; width=\u00bb1\/1&#8243;][vc_column_text uncode_shortcode_id=\u00bb207086&#8243;]<span style=\"text-decoration: underline; color: #ffffff;\">En esta p\u00e1gina:<\/span><br \/>\n<span style=\"color: #ffffff;\"><a style=\"color: #ffffff;\" href=\"#history\">Historia<\/a><\/span><br \/>\n<span style=\"color: #ffffff;\"><a style=\"color: #ffffff;\" href=\"#info\">Informaci\u00f3n del club<\/a><\/span><br \/>\n<span style=\"color: #ffffff;\"><a style=\"color: #ffffff;\" href=\"#2026\">Es Paradis 2026<\/a><\/span><br \/>\n<span style=\"color: #ffffff;\"><a style=\"color: #ffffff;\" href=\"#listings\">Line Up<\/a><\/span>[\/vc_column_text][\/vc_column_inner][\/vc_row_inner][vc_custom_heading separator_color=\u00bbyes\u00bb separator=\u00bbyes\u00bb uncode_shortcode_id=\u00bb197661&#8243;]<\/p>\n<h2 id=\"history\" class=\"p1\">Historia de Es Paradis Ibiza<\/h2>\n<p>[\/vc_custom_heading][vc_column_text uncode_shortcode_id=\u00bb427393&#8243;]Es Paradis abri\u00f3 en agosto de 1975, convirti\u00e9ndose en el segundo club m\u00e1s antiguo de la isla, despu\u00e9s de Pacha. Fue fruto de la visi\u00f3n del artista Llu\u00eds G\u00fcell, la mente creativa tambi\u00e9n detr\u00e1s de Caf\u00e9 del Mar, y del propietario del club Pepe Aguirre, cuya misi\u00f3n declarada era dise\u00f1ar \u00abla caja de m\u00fasica m\u00e1s bonita\u00bb.[\/vc_column_text][vc_single_image media=\u00bb1154470&#8243; media_width_percent=\u00bb85&#8243; alignment=\u00bbcenter\u00bb border=\u00bbyes\u00bb shadow=\u00bbyes\u00bb shadow_darker=\u00bbyes\u00bb uncode_shortcode_id=\u00bb141270&#8243;][vc_column_text uncode_shortcode_id=\u00bb754930&#8243;]En aquel entonces, San Antonio todav\u00eda era un tranquilo pueblo de pescadores, y Es Paradis era originalmente un local al aire libre con exuberantes jardines naturales y un techo retr\u00e1ctil. Su reputaci\u00f3n creci\u00f3 r\u00e1pidamente, y a medida que el pueblo se transform\u00f3 en uno de los destinos de fiesta m\u00e1s famosos de Europa, Es Paradis creci\u00f3 con \u00e9l. <\/p>\n<p>En 1990, las nuevas regulaciones de ruido de la isla obligaron al club a cerrar el recinto, lo que llev\u00f3 a la creaci\u00f3n de su ahora ic\u00f3nico techo piramidal de cristal de 120 toneladas, coronado con una tentadora manzana, que se eleva sobre la bah\u00eda de San Antonio y es visible desde todo el complejo.[\/vc_column_text][vc_custom_heading separator_color=\u00bbyes\u00bb separator=\u00bbyes\u00bb]<\/p>\n<h2 id=\"info\" class=\"p1\">Informaci\u00f3n del club<\/h2>\n<p>[\/vc_custom_heading][vc_column_text uncode_shortcode_id=\u00bb665250&#8243;]El club es m\u00e1s conocido por su techo de cristal en forma de pir\u00e1mide y su impresionante interior, a menudo descrito como uno de los clubs m\u00e1s bonitos del mundo. El espacio est\u00e1 dise\u00f1ado como un exuberante jard\u00edn interior, con terrazas y niveles que miran hacia la pista de baile principal. <\/p>\n<p>La capacidad es de unas 3.000 personas, con una sala principal que realmente cobra vida gracias a la iluminaci\u00f3n y los efectos inmersivos. El sistema de sonido es excelente, pero aqu\u00ed se trata tanto de la experiencia y la atm\u00f3sfera como de la m\u00fasica. <\/p>\n<p>Y s\u00ed, es el hogar de las legendarias fiestas acu\u00e1ticas, donde la pista de baile literalmente se llena de agua \ud83d\udca6[\/vc_column_text][vc_single_image media=\u00bb1154467&#8243; media_width_percent=\u00bb85&#8243; alignment=\u00bbcenter\u00bb border=\u00bbyes\u00bb shadow=\u00bbyes\u00bb shadow_darker=\u00bbyes\u00bb uncode_shortcode_id=\u00bb191268&#8243;][vc_raw_html]PGJsb2NrcXVvdGUgY2xhc3M9Imluc3RhZ3JhbS1tZWRpYSIgZGF0YS1pbnN0Z3JtLWNhcHRpb25lZD0iIiBkYXRhLWluc3Rncm0tcGVybWFsaW5rPSJodHRwczovL3d3dy5pbnN0YWdyYW0uY29tL3JlZWwvRE4zMUNrdkRCVzMvP3V0bV9zb3VyY2U9aWdfZW1iZWQmYW1wO3V0bV9jYW1wYWlnbj1sb2FkaW5nIiBkYXRhLWluc3Rncm0tdmVyc2lvbj0iMTQiIHN0eWxlPSIgIGJhY2tncm91bmQ6I0ZGRjsgYm9yZGVyOjA7IGJvcmRlci1yYWRpdXM6M3B4OyBib3gtc2hhZG93OjAgMCAxcHggMCByZ2JhKDAsMCwwLDAuNSksMCAxcHggMTBweCAwIHJnYmEoMCwwLDAsMC4xNSk7IG1hcmdpbjogMXB4OyBtYXgtd2lkdGg6NTQwcHg7IG1pbi13aWR0aDozMjZweDsgcGFkZGluZzowOyB3aWR0aDo5OS4zNzUlOyB3aWR0aDotd2Via2l0LWNhbGMoMTAwJSAtIDJweCk7IHdpZHRoOmNhbGMoMTAwJSAtIDJweCk7Ij48ZGl2IHN0eWxlPSJwYWRkaW5nOjE2cHg7Ij4gPGEgaHJlZj0iaHR0cHM6Ly93d3cuaW5zdGFncmFtLmNvbS9yZWVsL0ROMzFDa3ZEQlczLz91dG1fc291cmNlPWlnX2VtYmVkJmFtcDt1dG1fY2FtcGFpZ249bG9hZGluZyIgc3R5bGU9IiAgYmFja2dyb3VuZDojRkZGRkZGOyBsaW5lLWhlaWdodDowOyBwYWRkaW5nOjAgMDsgdGV4dC1hbGlnbjpjZW50ZXI7IHRleHQtZGVjb3JhdGlvbjpub25lOyB3aWR0aDoxMDAlOyIgdGFyZ2V0PSJfYmxhbmsiPiA8ZGl2IHN0eWxlPSIgIGRpc3BsYXk6IGZsZXg7IGZsZXgtZGlyZWN0aW9uOiByb3c7IGFsaWduLWl0ZW1zOiBjZW50ZXI7Ij4gPGRpdiBzdHlsZT0iYmFja2dyb3VuZC1jb2xvcjogI0Y0RjRGNDsgYm9yZGVyLXJhZGl1czogNTAlOyBmbGV4LWdyb3c6IDA7IGhlaWdodDogNDBweDsgbWFyZ2luLXJpZ2h0OiAxNHB4OyB3aWR0aDogNDBweDsiPjwvZGl2PiA8ZGl2IHN0eWxlPSJkaXNwbGF5OiBmbGV4OyBmbGV4LWRpcmVjdGlvbjogY29sdW1uOyBmbGV4LWdyb3c6IDE7IGp1c3RpZnktY29udGVudDogY2VudGVyOyI+IDxkaXYgc3R5bGU9IiAgYmFja2dyb3VuZC1jb2xvcjogI0Y0RjRGNDsgYm9yZGVyLXJhZGl1czogNHB4OyBmbGV4LWdyb3c6IDA7IGhlaWdodDogMTRweDsgbWFyZ2luLWJvdHRvbTogNnB4OyB3aWR0aDogMTAwcHg7Ij48L2Rpdj4gPGRpdiBzdHlsZT0iICBiYWNrZ3JvdW5kLWNvbG9yOiAjRjRGNEY0OyBib3JkZXItcmFkaXVzOiA0cHg7IGZsZXgtZ3JvdzogMDsgaGVpZ2h0OiAxNHB4OyB3aWR0aDogNjBweDsiPjwvZGl2PjwvZGl2PjwvZGl2PjxkaXYgc3R5bGU9InBhZGRpbmc6IDE5JSAwOyI+PC9kaXY+IDxkaXYgc3R5bGU9ImRpc3BsYXk6YmxvY2s7IGhlaWdodDo1MHB4OyBtYXJnaW46MCBhdXRvIDEycHg7IHdpZHRoOjUwcHg7Ij48c3ZnIHdpZHRoPSI1MHB4IiBoZWlnaHQ9IjUwcHgiIHZpZXdib3g9IjAgMCA2MCA2MCIgdmVyc2lvbj0iMS4xIiB4bWxucz0iaHR0cHM6Ly93d3cudzMub3JnLzIwMDAvc3ZnIiB4bWxuczp4bGluaz0iaHR0cHM6Ly93d3cudzMub3JnLzE5OTkveGxpbmsiPjxnIHN0cm9rZT0ibm9uZSIgc3Ryb2tlLXdpZHRoPSIxIiBmaWxsPSJub25lIiBmaWxsLXJ1bGU9ImV2ZW5vZGQiPjxnIHRyYW5zZm9ybT0idHJhbnNsYXRlKC01MTEuMDAwMDAwLCAtMjAuMDAwMDAwKSIgZmlsbD0iIzAwMDAwMCI+PGc+PHBhdGggZD0iTTU1Ni44NjksMzAuNDEgQzU1NC44MTQsMzAuNDEgNTUzLjE0OCwzMi4wNzYgNTUzLjE0OCwzNC4xMzEgQzU1My4xNDgsMzYuMTg2IDU1NC44MTQsMzcuODUyIDU1Ni44NjksMzcuODUyIEM1NTguOTI0LDM3Ljg1MiA1NjAuNTksMzYuMTg2IDU2MC41OSwzNC4xMzEgQzU2MC41OSwzMi4wNzYgNTU4LjkyNCwzMC40MSA1NTYuODY5LDMwLjQxIE01NDEsNjAuNjU3IEM1MzUuMTE0LDYwLjY1NyA1MzAuMzQyLDU1Ljg4NyA1MzAuMzQyLDUwIEM1MzAuMzQyLDQ0LjExNCA1MzUuMTE0LDM5LjM0MiA1NDEsMzkuMzQyIEM1NDYuODg3LDM5LjM0MiA1NTEuNjU4LDQ0LjExNCA1NTEuNjU4LDUwIEM1NTEuNjU4LDU1Ljg4NyA1NDYuODg3LDYwLjY1NyA1NDEsNjAuNjU3IE01NDEsMzMuODg2IEM1MzIuMSwzMy44ODYgNTI0Ljg4Niw0MS4xIDUyNC44ODYsNTAgQzUyNC44ODYsNTguODk5IDUzMi4xLDY2LjExMyA1NDEsNjYuMTEzIEM1NDkuOSw2Ni4xMTMgNTU3LjExNSw1OC44OTkgNTU3LjExNSw1MCBDNTU3LjExNSw0MS4xIDU0OS45LDMzLjg4NiA1NDEsMzMuODg2IE01NjUuMzc4LDYyLjEwMSBDNTY1LjI0NCw2NS4wMjIgNTY0Ljc1Niw2Ni42MDYgNTY0LjM0Niw2Ny42NjMgQzU2My44MDMsNjkuMDYgNTYzLjE1NCw3MC4wNTcgNTYyLjEwNiw3MS4xMDYgQzU2MS4wNTgsNzIuMTU1IDU2MC4wNiw3Mi44MDMgNTU4LjY2Miw3My4zNDcgQzU1Ny42MDcsNzMuNzU3IDU1Ni4wMjEsNzQuMjQ0IDU1My4xMDIsNzQuMzc4IEM1NDkuOTQ0LDc0LjUyMSA1NDguOTk3LDc0LjU1MiA1NDEsNzQuNTUyIEM1MzMuMDAzLDc0LjU1MiA1MzIuMDU2LDc0LjUyMSA1MjguODk4LDc0LjM3OCBDNTI1Ljk3OSw3NC4yNDQgNTI0LjM5Myw3My43NTcgNTIzLjMzOCw3My4zNDcgQzUyMS45NCw3Mi44MDMgNTIwLjk0Miw3Mi4xNTUgNTE5Ljg5NCw3MS4xMDYgQzUxOC44NDYsNzAuMDU3IDUxOC4xOTcsNjkuMDYgNTE3LjY1NCw2Ny42NjMgQzUxNy4yNDQsNjYuNjA2IDUxNi43NTUsNjUuMDIyIDUxNi42MjMsNjIuMTAxIEM1MTYuNDc5LDU4Ljk0MyA1MTYuNDQ4LDU3Ljk5NiA1MTYuNDQ4LDUwIEM1MTYuNDQ4LDQyLjAwMyA1MTYuNDc5LDQxLjA1NiA1MTYuNjIzLDM3Ljg5OSBDNTE2Ljc1NSwzNC45NzggNTE3LjI0NCwzMy4zOTEgNTE3LjY1NCwzMi4zMzggQzUxOC4xOTcsMzAuOTM4IDUxOC44NDYsMjkuOTQyIDUxOS44OTQsMjguODk0IEM1MjAuOTQyLDI3Ljg0NiA1MjEuOTQsMjcuMTk2IDUyMy4zMzgsMjYuNjU0IEM1MjQuMzkzLDI2LjI0NCA1MjUuOTc5LDI1Ljc1NiA1MjguODk4LDI1LjYyMyBDNTMyLjA1NywyNS40NzkgNTMzLjAwNCwyNS40NDggNTQxLDI1LjQ0OCBDNTQ4Ljk5NywyNS40NDggNTQ5Ljk0MywyNS40NzkgNTUzLjEwMiwyNS42MjMgQzU1Ni4wMjEsMjUuNzU2IDU1Ny42MDcsMjYuMjQ0IDU1OC42NjIsMjYuNjU0IEM1NjAuMDYsMjcuMTk2IDU2MS4wNTgsMjcuODQ2IDU2Mi4xMDYsMjguODk0IEM1NjMuMTU0LDI5Ljk0MiA1NjMuODAzLDMwLjkzOCA1NjQuMzQ2LDMyLjMzOCBDNTY0Ljc1NiwzMy4zOTEgNTY1LjI0NCwzNC45NzggNTY1LjM3OCwzNy44OTkgQzU2NS41MjIsNDEuMDU2IDU2NS41NTIsNDIuMDAzIDU2NS41NTIsNTAgQzU2NS41NTIsNTcuOTk2IDU2NS41MjIsNTguOTQzIDU2NS4zNzgsNjIuMTAxIE01NzAuODIsMzcuNjMxIEM1NzAuNjc0LDM0LjQzOCA1NzAuMTY3LDMyLjI1OCA1NjkuNDI1LDMwLjM0OSBDNTY4LjY1OSwyOC4zNzcgNTY3LjYzMywyNi43MDIgNTY1Ljk2NSwyNS4wMzUgQzU2NC4yOTcsMjMuMzY4IDU2Mi42MjMsMjIuMzQyIDU2MC42NTIsMjEuNTc1IEM1NTguNzQzLDIwLjgzNCA1NTYuNTYyLDIwLjMyNiA1NTMuMzY5LDIwLjE4IEM1NTAuMTY5LDIwLjAzMyA1NDkuMTQ4LDIwIDU0MSwyMCBDNTMyLjg1MywyMCA1MzEuODMxLDIwLjAzMyA1MjguNjMxLDIwLjE4IEM1MjUuNDM4LDIwLjMyNiA1MjMuMjU3LDIwLjgzNCA1MjEuMzQ5LDIxLjU3NSBDNTE5LjM3NiwyMi4zNDIgNTE3LjcwMywyMy4zNjggNTE2LjAzNSwyNS4wMzUgQzUxNC4zNjgsMjYuNzAyIDUxMy4zNDIsMjguMzc3IDUxMi41NzQsMzAuMzQ5IEM1MTEuODM0LDMyLjI1OCA1MTEuMzI2LDM0LjQzOCA1MTEuMTgxLDM3LjYzMSBDNTExLjAzNSw0MC44MzEgNTExLDQxLjg1MSA1MTEsNTAgQzUxMSw1OC4xNDcgNTExLjAzNSw1OS4xNyA1MTEuMTgxLDYyLjM2OSBDNTExLjMyNiw2NS41NjIgNTExLjgzNCw2Ny43NDMgNTEyLjU3NCw2OS42NTEgQzUxMy4zNDIsNzEuNjI1IDUxNC4zNjgsNzMuMjk2IDUxNi4wMzUsNzQuOTY1IEM1MTcuNzAzLDc2LjYzNCA1MTkuMzc2LDc3LjY1OCA1MjEuMzQ5LDc4LjQyNSBDNTIzLjI1Nyw3OS4xNjcgNTI1LjQzOCw3OS42NzMgNTI4LjYzMSw3OS44MiBDNTMxLjgzMSw3OS45NjUgNTMyLjg1Myw4MC4wMDEgNTQxLDgwLjAwMSBDNTQ5LjE0OCw4MC4wMDEgNTUwLjE2OSw3OS45NjUgNTUzLjM2OSw3OS44MiBDNTU2LjU2Miw3OS42NzMgNTU4Ljc0Myw3OS4xNjcgNTYwLjY1Miw3OC40MjUgQzU2Mi42MjMsNzcuNjU4IDU2NC4yOTcsNzYuNjM0IDU2NS45NjUsNzQuOTY1IEM1NjcuNjMzLDczLjI5NiA1NjguNjU5LDcxLjYyNSA1NjkuNDI1LDY5LjY1MSBDNTcwLjE2Nyw2Ny43NDMgNTcwLjY3NCw2NS41NjIgNTcwLjgyLDYyLjM2OSBDNTcwLjk2Niw1OS4xNyA1NzEsNTguMTQ3IDU3MSw1MCBDNTcxLDQxLjg1MSA1NzAuOTY2LDQwLjgzMSA1NzAuODIsMzcuNjMxIj48L3BhdGg+PC9wYXRoPjwvZz48L2c+PC9nPjwvc3ZnPjwvZGl2PjxkaXYgc3R5bGU9InBhZGRpbmctdG9wOiA4cHg7Ij4gPGRpdiBzdHlsZT0iICBjb2xvcjojMzg5N2YwOyBmb250LWZhbWlseTpBcmlhbCxzYW5zLXNlcmlmOyBmb250LXNpemU6MTRweDsgZm9udC1zdHlsZTpub3JtYWw7IGZvbnQtd2VpZ2h0OjU1MDsgbGluZS1oZWlnaHQ6MThweDsiPlZlciBlc3RhIHB1YmxpY2FjacOzbiBlbiBJbnN0YWdyYW08L2Rpdj48L2Rpdj48ZGl2IHN0eWxlPSJwYWRkaW5nOiAxMi41JSAwOyI+PC9kaXY+IDxkaXYgc3R5bGU9ImRpc3BsYXk6IGZsZXg7IGZsZXgtZGlyZWN0aW9uOiByb3c7IG1hcmdpbi1ib3R0b206IDE0cHg7IGFsaWduLWl0ZW1zOiBjZW50ZXI7Ij48ZGl2PiA8ZGl2IHN0eWxlPSJiYWNrZ3JvdW5kLWNvbG9yOiAjRjRGNEY0OyBib3JkZXItcmFkaXVzOiA1MCU7IGhlaWdodDogMTIuNXB4OyB3aWR0aDogMTIuNXB4OyB0cmFuc2Zvcm06IHRyYW5zbGF0ZVgoMHB4KSB0cmFuc2xhdGVZKDdweCk7Ij48L2Rpdj4gPGRpdiBzdHlsZT0iYmFja2dyb3VuZC1jb2xvcjogI0Y0RjRGNDsgaGVpZ2h0OiAxMi41cHg7IHRyYW5zZm9ybTogcm90YXRlKC00NWRlZykgdHJhbnNsYXRlWCgzcHgpIHRyYW5zbGF0ZVkoMXB4KTsgd2lkdGg6IDEyLjVweDsgZmxleC1ncm93OiAwOyBtYXJnaW4tcmlnaHQ6IDE0cHg7IG1hcmdpbi1sZWZ0OiAycHg7Ij48L2Rpdj4gPGRpdiBzdHlsZT0iYmFja2dyb3VuZC1jb2xvcjogI0Y0RjRGNDsgYm9yZGVyLXJhZGl1czogNTAlOyBoZWlnaHQ6IDEyLjVweDsgd2lkdGg6IDEyLjVweDsgdHJhbnNmb3JtOiB0cmFuc2xhdGVYKDlweCkgdHJhbnNsYXRlWSgtMThweCk7Ij48L2Rpdj48L2Rpdj48ZGl2IHN0eWxlPSJtYXJnaW4tbGVmdDogOHB4OyI+IDxkaXYgc3R5bGU9IiAgYmFja2dyb3VuZC1jb2xvcjogI0Y0RjRGNDsgYm9yZGVyLXJhZGl1czogNTAlOyBmbGV4LWdyb3c6IDA7IGhlaWdodDogMjBweDsgd2lkdGg6IDIwcHg7Ij48L2Rpdj4gPGRpdiBzdHlsZT0iICB3aWR0aDogMDsgaGVpZ2h0OiAwOyBib3JkZXItdG9wOiAycHggc29saWQgdHJhbnNwYXJlbnQ7IGJvcmRlci1sZWZ0OiA2cHggc29saWQgI2Y0ZjRmNDsgYm9yZGVyLWJvdHRvbTogMnB4IHNvbGlkIHRyYW5zcGFyZW50OyB0cmFuc2Zvcm06IHRyYW5zbGF0ZVgoMTZweCkgdHJhbnNsYXRlWSgtNHB4KSByb3RhdGUoMzBkZWcpIj48L2Rpdj48L2Rpdj48ZGl2IHN0eWxlPSJtYXJnaW4tbGVmdDogYXV0bzsiPiA8ZGl2IHN0eWxlPSIgIHdpZHRoOiAwcHg7IGJvcmRlci10b3A6IDhweCBzb2xpZCAjRjRGNEY0OyBib3JkZXItcmlnaHQ6IDhweCBzb2xpZCB0cmFuc3BhcmVudDsgdHJhbnNmb3JtOiB0cmFuc2xhdGVZKDE2cHgpOyI+PC9kaXY+IDxkaXYgc3R5bGU9IiAgYmFja2dyb3VuZC1jb2xvcjogI0Y0RjRGNDsgZmxleC1ncm93OiAwOyBoZWlnaHQ6IDEycHg7IHdpZHRoOiAxNnB4OyB0cmFuc2Zvcm06IHRyYW5zbGF0ZVkoLTRweCk7Ij48L2Rpdj4gPGRpdiBzdHlsZT0iICB3aWR0aDogMDsgaGVpZ2h0OiAwOyBib3JkZXItdG9wOiA4cHggc29saWQgI0Y0RjRGNDsgYm9yZGVyLWxlZnQ6IDhweCBzb2xpZCB0cmFuc3BhcmVudDsgdHJhbnNmb3JtOiB0cmFuc2xhdGVZKC00cHgpIHRyYW5zbGF0ZVgoOHB4KTsiPjwvZGl2PjwvZGl2PjwvZGl2PiA8ZGl2IHN0eWxlPSJkaXNwbGF5OiBmbGV4OyBmbGV4LWRpcmVjdGlvbjogY29sdW1uOyBmbGV4LWdyb3c6IDE7IGp1c3RpZnktY29udGVudDogY2VudGVyOyBtYXJnaW4tYm90dG9tOiAyNHB4OyI+IDxkaXYgc3R5bGU9IiAgYmFja2dyb3VuZC1jb2xvcjogI0Y0RjRGNDsgYm9yZGVyLXJhZGl1czogNHB4OyBmbGV4LWdyb3c6IDA7IGhlaWdodDogMTRweDsgbWFyZ2luLWJvdHRvbTogNnB4OyB3aWR0aDogMjI0cHg7Ij48L2Rpdj4gPGRpdiBzdHlsZT0iICBiYWNrZ3JvdW5kLWNvbG9yOiAjRjRGNEY0OyBib3JkZXItcmFkaXVzOiA0cHg7IGZsZXgtZ3JvdzogMDsgaGVpZ2h0OiAxNHB4OyB3aWR0aDogMTQ0cHg7Ij48L2Rpdj48L2Rpdj48L2E+PHAgc3R5bGU9IiAgY29sb3I6I2M5YzhjZDsgZm9udC1mYW1pbHk6QXJpYWwsc2Fucy1zZXJpZjsgZm9udC1zaXplOjE0cHg7IGxpbmUtaGVpZ2h0OjE3cHg7IG1hcmdpbi1ib3R0b206MDsgbWFyZ2luLXRvcDo4cHg7IG92ZXJmbG93OmhpZGRlbjsgcGFkZGluZzo4cHggMCA3cHg7IHRleHQtYWxpZ246Y2VudGVyOyB0ZXh0LW92ZXJmbG93OmVsbGlwc2lzOyB3aGl0ZS1zcGFjZTpub3dyYXA7Ij48YSBocmVmPSJodHRwczovL3d3dy5pbnN0YWdyYW0uY29tL3JlZWwvRE4zMUNrdkRCVzMvP3V0bV9zb3VyY2U9aWdfZW1iZWQmYW1wO3V0bV9jYW1wYWlnbj1sb2FkaW5nIiBzdHlsZT0iICBjb2xvcjojYzljOGNkOyBmb250LWZhbWlseTpBcmlhbCxzYW5zLXNlcmlmOyBmb250LXNpemU6MTRweDsgZm9udC1zdHlsZTpub3JtYWw7IGZvbnQtd2VpZ2h0Om5vcm1hbDsgbGluZS1oZWlnaHQ6MTdweDsgdGV4dC1kZWNvcmF0aW9uOm5vbmU7IiB0YXJnZXQ9Il9ibGFuayI+VW5hIHB1YmxpY2FjacOzbiBjb21wYXJ0aWRhIHBvciBFcyBQYXJhZGlzIEliaXphIE9mZmljaWFsIChAZXNwYXJhZGlzb2ZmaWNpYWwpPC9hPjwvcD48L2Rpdj48L2Jsb2NrcXVvdGU+CjxzY3JpcHQgYXN5bmM9IiIgc3JjPSIvL3d3dy5pbnN0YWdyYW0uY29tL2VtYmVkLmpzIj48L3NjcmlwdD4=[\/vc_raw_html][vc_custom_heading separator_color=\u00bbyes\u00bb separator=\u00bbyes\u00bb el_id=\u00bb2026&#8243; uncode_shortcode_id=\u00bb808807&#8243;]<\/p>\n<h2 class=\"p1\">Es Paradis Ibiza 2026<\/h2>\n<p>[\/vc_custom_heading][vc_column_text uncode_shortcode_id=\u00bb365280&#8243;]En 2026, espera una mezcla de fiestas accesibles y de alta energ\u00eda: desde noches comerciales y de house hasta himnos nost\u00e1lgicos y favoritos de los estudiantes. Y, por supuesto, la ic\u00f3nica Fiesta del Agua volver\u00e1, con diversi\u00f3n ca\u00f3tica, empapada e inolvidable. Si buscas algo menos serio y m\u00e1s centrado en disfrutar sin m\u00e1s, este es tu sitio.[\/vc_column_text][\/vc_column][vc_column column_width_percent=\u00bb100&#8243; align_horizontal=\u00bbalign_center\u00bb gutter_size=\u00bb2&#8243; overlay_alpha=\u00bb50&#8243; shift_x=\u00bb0&#8243; shift_y=\u00bb0&#8243; shift_y_down=\u00bb0&#8243; z_index=\u00bb0&#8243; medium_visibility=\u00bbyes\u00bb medium_width=\u00bb0&#8243; mobile_visibility=\u00bbyes\u00bb mobile_width=\u00bb0&#8243; width=\u00bb1\/4&#8243; uncode_shortcode_id=\u00bb205071&#8243; el_class=\u00bbmv-sidebar\u00bb][vc_button button_color=\u00bbcolor-jevc\u00bb size=\u00bbbtn-xl\u00bb border_animation=\u00bbbtn-ripple-out\u00bb border_width=\u00bb0&#8243; link=\u00bburl:%23listings|\u00bb]Comprar entradas[\/vc_button][vc_separator sep_color=\u00bbaccent\u00bb][vc_single_image media=\u00bb1154463&#8243; media_width_percent=\u00bb75&#8243; alignment=\u00bbcenter\u00bb shape=\u00bbimg-circle\u00bb border=\u00bbyes\u00bb shadow=\u00bbyes\u00bb shadow_weight=\u00bbsm\u00bb shadow_darker=\u00bbyes\u00bb uncode_shortcode_id=\u00bb160826&#8243;][vc_separator sep_color=\u00bbaccent\u00bb][vc_gmaps latlon=\u00bb38.9787033, 1.3076834&#8243; size=\u00bb280&#8243; map_color=\u00bbcolor-wvjs\u00bb ui_color=\u00bbaccent\u00bb zoom=\u00bb10&#8243; map_saturation=\u00bb-100&#8243; map_brightness=\u00bb5&#8243; address=\u00bbCarrer Salvador Espriu, 2, 07820 Sant Antoni de Portmany, Illes Balears, Spain\u00bb uncode_shortcode_id=\u00bb129976&#8243; map_color_type=\u00bbuncode-palette\u00bb ui_color_type=\u00bbuncode-palette\u00bb][vc_separator sep_color=\u00bbaccent\u00bb][uncode_block id=\u00bb146863&#8243; inside_column=\u00bbyes\u00bb][\/vc_column][\/vc_row][vc_section back_color=\u00bbcolor-lxmt\u00bb overlay_alpha=\u00bb50&#8243;][vc_row][vc_column width=\u00bb3\/4&#8243;][vc_gallery el_id=\u00bbgallery-160005&#8243; type=\u00bbjustified\u00bb random=\u00bbyes\u00bb medias=\u00bb1154470,1154469,1154468,1154467,1154466,1154465,1154464&#8243; justify_row_height=\u00bb150&#8243; gutter_size=\u00bb0&#8243; single_overlay_opacity=\u00bb50&#8243; single_padding=\u00bb2&#8243; title=\u00bbGaler\u00eda de fotos\u00bb uncode_shortcode_id=\u00bb197262&#8243;][\/vc_column][vc_column width=\u00bb1\/4&#8243;][vc_raw_html]PGlmcmFtZSBzcmM9Imh0dHBzOi8vb3Blbi5zcG90aWZ5LmNvbS9lbWJlZC9wbGF5bGlzdC8ycHpWd0diRll4V3Fvb1puWjFkVzF2IiB3aWR0aD0iMzAwIiBoZWlnaHQ9IjM4MCIgZnJhbWVib3JkZXI9IjAiIGFsbG93dHJhbnNwYXJlbmN5PSJ0cnVlIiBhbGxvdz0iZW5jcnlwdGVkLW1lZGlhIj48L2lmcmFtZT4K[\/vc_raw_html][\/vc_column][\/vc_row][\/vc_section][vc_section back_color=\u00bbcolor-prif\u00bb overlay_alpha=\u00bb50&#8243;][vc_row row_height_percent=\u00bb0&#8243; overlay_alpha=\u00bb50&#8243; gutter_size=\u00bb3&#8243; column_width_percent=\u00bb100&#8243; shift_y=\u00bb0&#8243; z_index=\u00bb0&#8243; row_name=\u00bb#listings\u00bb][vc_column column_width_percent=\u00bb100&#8243; position_vertical=\u00bbmiddle\u00bb align_horizontal=\u00bbalign_center\u00bb gutter_size=\u00bb2&#8243; overlay_alpha=\u00bb50&#8243; shift_x=\u00bb0&#8243; shift_y=\u00bb0&#8243; shift_y_down=\u00bb0&#8243; z_index=\u00bb0&#8243; medium_width=\u00bb0&#8243; mobile_width=\u00bb0&#8243; width=\u00bb1\/1&#8243;][vc_custom_heading text_color=\u00bbcolor-xsdn\u00bb text_size=\u00bbh3&#8243; separator_color=\u00bbyes\u00bb separator=\u00bbyes\u00bb sub_reduced=\u00bbyes\u00bb uncode_shortcode_id=\u00bb175542&#8243; text_color_type=\u00bbuncode-palette\u00bb]<\/p>\n<h2 style=\"text-align: center;\"><span style=\"color: #ffffff;\">Lista de fiestas<\/span><\/h2>\n<p>[\/vc_custom_heading]\t\t<div class=\"wcs-timetable__wrapper\">\n\t\t\t<div class=\"wcs-vue\" id=\"wcs-app-163\"><\/div>\n\t\t<\/div>\n\t\t[\/vc_column][\/vc_row][\/vc_section]<\/p>\n<\/div>","protected":false},"excerpt":{"rendered":"<p>[vc_row row_height_percent=\u00bb0&#8243; override_padding=\u00bbyes\u00bb h_padding=\u00bb2&#8243; top_padding=\u00bb2&#8243; bottom_padding=\u00bb0&#8243; back_image=\u00bb1154377&#8243; overlay_alpha=\u00bb50&#8243; gutter_size=\u00bb3&#8243; column_width_percent=\u00bb100&#8243; shift_y=\u00bb0&#8243; z_index=\u00bb0&#8243; content_parallax=\u00bb0&#8243; row_height_pixel=\u00bb50&#8243; uncode_shortcode_id=\u00bb205769&#8243;][vc_column width=\u00bb1\/1&#8243;][vc_empty_space empty_h=\u00bb5&#8243;][vc_row_inner row_inner_height_percent=\u00bb0&#8243; force_width_grid=\u00bbyes\u00bb overlay_color=\u00bbcolor-149363&#8243; [&hellip;]<\/p>\n","protected":false},"author":1,"featured_media":1154463,"parent":989689,"menu_order":0,"comment_status":"closed","ping_status":"closed","template":"","meta":{"_acf_changed":false,"footnotes":""},"class_list":["post-1154459","page","type-page","status-publish","has-post-thumbnail","hentry","page_category-discotecas"],"acf":[],"_links":{"self":[{"href":"https:\/\/ticketsibiza.com\/es\/wp-json\/wp\/v2\/pages\/1154459","targetHints":{"allow":["GET"]}}],"collection":[{"href":"https:\/\/ticketsibiza.com\/es\/wp-json\/wp\/v2\/pages"}],"about":[{"href":"https:\/\/ticketsibiza.com\/es\/wp-json\/wp\/v2\/types\/page"}],"author":[{"embeddable":true,"href":"https:\/\/ticketsibiza.com\/es\/wp-json\/wp\/v2\/users\/1"}],"replies":[{"embeddable":true,"href":"https:\/\/ticketsibiza.com\/es\/wp-json\/wp\/v2\/comments?post=1154459"}],"version-history":[{"count":10,"href":"https:\/\/ticketsibiza.com\/es\/wp-json\/wp\/v2\/pages\/1154459\/revisions"}],"predecessor-version":[{"id":1154523,"href":"https:\/\/ticketsibiza.com\/es\/wp-json\/wp\/v2\/pages\/1154459\/revisions\/1154523"}],"up":[{"embeddable":true,"href":"https:\/\/ticketsibiza.com\/es\/wp-json\/wp\/v2\/pages\/989689"}],"wp:featuredmedia":[{"embeddable":true,"href":"https:\/\/ticketsibiza.com\/es\/wp-json\/wp\/v2\/media\/1154463"}],"wp:attachment":[{"href":"https:\/\/ticketsibiza.com\/es\/wp-json\/wp\/v2\/media?parent=1154459"}],"curies":[{"name":"wp","href":"https:\/\/api.w.org\/{rel}","templated":true}]}}