{"id":996691,"date":"2023-05-19T11:14:30","date_gmt":"2023-05-19T10:14:30","guid":{"rendered":"https:\/\/ticketsibiza.com\/clubs\/club-chinois\/"},"modified":"2026-03-18T11:16:36","modified_gmt":"2026-03-18T11:16:36","slug":"club-chinois","status":"publish","type":"page","link":"https:\/\/ticketsibiza.com\/de\/clubs\/club-chinois\/","title":{"rendered":"Chinois Ibiza 2026 \u2013 Tickets, Events und Line-up"},"content":{"rendered":"<div class=\"wpb-content-wrapper\"><p>[vc_row row_height_percent=&#8220;0&#8243; override_padding=&#8220;yes&#8220; h_padding=&#8220;2&#8243; top_padding=&#8220;2&#8243; bottom_padding=&#8220;0&#8243; back_image=&#8220;539836&#8243; overlay_alpha=&#8220;50&#8243; gutter_size=&#8220;3&#8243; column_width_percent=&#8220;100&#8243; shift_y=&#8220;0&#8243; z_index=&#8220;0&#8243; row_height_pixel=&#8220;50&#8243; uncode_shortcode_id=&#8220;185675&#8243;][vc_column width=&#8220;1\/1&#8243;][vc_empty_space empty_h=&#8220;5&#8243;][vc_row_inner row_inner_height_percent=&#8220;0&#8243; force_width_grid=&#8220;yes&#8220; overlay_color=&#8220;color-149363&#8243; overlay_alpha=&#8220;70&#8243; gutter_size=&#8220;1&#8243; shift_y=&#8220;1&#8243; z_index=&#8220;3&#8243; css=&#8220;.vc_custom_1555871871917{margin-bottom: 0px !important;border-bottom-width: 0px !important;padding-top: 0px !important;padding-bottom: 0px !important;padding-left: 20px !important;}&#8220;][vc_column_inner column_width_percent=&#8220;100&#8243; gutter_size=&#8220;0&#8243; overlay_alpha=&#8220;50&#8243; shift_x=&#8220;0&#8243; shift_y=&#8220;0&#8243; shift_y_down=&#8220;0&#8243; z_index=&#8220;0&#8243; medium_width=&#8220;0&#8243; mobile_width=&#8220;0&#8243; width=&#8220;1\/1&#8243; css=&#8220;.vc_custom_1551002411961{padding-bottom: 0px !important;}&#8220;][vc_custom_heading text_color=&#8220;color-xsdn&#8220; heading_semantic=&#8220;h1&#8243; text_size=&#8220;h1&#8243; sub_reduced=&#8220;yes&#8220; uncode_shortcode_id=&#8220;175060&#8243; text_color_type=&#8220;uncode-palette&#8220;]Chinois[\/vc_custom_heading][vc_column_text text_lead=&#8220;yes&#8220; uncode_shortcode_id=&#8220;663465&#8243;]<strong><span style=\"color: white;\">Ibizas neuester exklusiver Club<br \/>\n<\/span><\/strong>[\/vc_column_text][\/vc_column_inner][\/vc_row_inner][\/vc_column][\/vc_row][vc_row row_height_percent=&#8220;0&#8243; overlay_alpha=&#8220;50&#8243; gutter_size=&#8220;3&#8243; column_width_percent=&#8220;100&#8243; shift_y=&#8220;0&#8243; z_index=&#8220;0&#8243; css=&#8220;.vc_custom_1551018712642{margin-top: 0px !important;margin-bottom: 0px !important;}&#8220;][vc_column column_width_percent=&#8220;100&#8243; gutter_size=&#8220;3&#8243; overlay_alpha=&#8220;50&#8243; shift_x=&#8220;0&#8243; shift_y=&#8220;0&#8243; shift_y_down=&#8220;0&#8243; z_index=&#8220;0&#8243; medium_width=&#8220;0&#8243; mobile_width=&#8220;0&#8243; width=&#8220;3\/4&#8243;][uncode_block id=&#8220;525847&#8243;][vc_column_text uncode_shortcode_id=&#8220;123348&#8243;]<span style=\"font-weight: 400;\">Chinois ist Ibizas neueste, glamour\u00f6seste und exklusivste Location. In Talamanca gelegen (nur einen Katzensprung von der Marina und Ibiza-Stadt entfernt), sorgt dieser Club mit einer Kapazit\u00e4t von 1.000 Personen bereits f\u00fcr Furore auf der Insel und beschreibt sich selbst als \u201eIbizas neueste Odyssee\u201c.<\/span><\/p>\n<p>Obwohl es erst vor wenigen Saisons seine T\u00fcren \u00f6ffnete, zieht es bereits die Aufmerksamkeit vieler Ibiza-Clubber mit seinen beeindruckenden Line-ups, atemberaubenden Interieurs und intimen Atmosph\u00e4re auf sich.[\/vc_column_text][vc_row_inner row_inner_height_percent=&#8220;0&#8243; back_color=&#8220;accent&#8220; overlay_alpha=&#8220;50&#8243; gutter_size=&#8220;3&#8243; shift_y=&#8220;0&#8243; z_index=&#8220;0&#8243; css=&#8220;.vc_custom_1579608219493{padding-bottom: 10px !important;}&#8220;][vc_column_inner column_width_percent=&#8220;100&#8243; gutter_size=&#8220;3&#8243; override_padding=&#8220;yes&#8220; column_padding=&#8220;2&#8243; overlay_alpha=&#8220;50&#8243; shift_x=&#8220;0&#8243; shift_y=&#8220;0&#8243; shift_y_down=&#8220;0&#8243; z_index=&#8220;0&#8243; medium_width=&#8220;0&#8243; mobile_width=&#8220;0&#8243; width=&#8220;1\/1&#8243;][vc_column_text uncode_shortcode_id=&#8220;195091&#8243;]<span style=\"text-decoration: underline; color: #ffffff;\">Auf dieser Seite:<\/span><\/p>\n<p><span style=\"color: #ffffff;\"><a style=\"color: #ffffff;\" href=\"#info\">Club-Informationen &amp; Geschichte<\/a><\/span><br \/>\n<span style=\"color: #ffffff;\"><a style=\"color: #ffffff;\" href=\"#2026\">Chinois Ibiza 2026<\/a><\/span><br \/>\n<span style=\"color: #ffffff;\"><a style=\"color: #ffffff;\" href=\"#faqs\">FAQs<\/a><\/span><br \/>\n<span style=\"color: #ffffff;\"><a style=\"color: #ffffff;\" href=\"#listings\">Line-up<\/a><\/span><br \/>\n<span style=\"color: #ffffff;\"><a style=\"color: #ffffff;\" href=\"#accommodation\">Unterk\u00fcnfte<\/a><\/span>[\/vc_column_text][\/vc_column_inner][\/vc_row_inner][vc_custom_heading separator_color=&#8220;yes&#8220; separator=&#8220;yes&#8220;]<\/p>\n<h2 id=\"info\" class=\"p1\">Club-Informationen<\/h2>\n<p>[\/vc_custom_heading][vc_column_text uncode_shortcode_id=&#8220;113885&#8243;]Chinois wurde 2022 er\u00f6ffnet, nach einer Renovierung der vorherigen Location namens HEART Ibiza. Es befindet sich neben der Open-Air-Terrasse des Ibiza Gran Hotel und des Casino de Ibiza.<\/p>\n<p>Island Hospitality ist Eigent\u00fcmer von Chinois. Sie sind dasselbe Team, das hinter verschiedenen luxuri\u00f6sen Restaurants und Locations in London und Ibiza steht.<\/p>\n<p>Chinois hat seinen Namen vom Park Chinois, dem High-End-Restaurant der Gruppe mit asiatischer K\u00fcche in Mayfair, London. Die luxuri\u00f6sen Details sind \u00fcberall im Club sichtbar, von den Oberfl\u00e4chen \u00fcber den Barbereich bis hin zum beeindruckenden Beleuchtungssystem. Die Innenr\u00e4ume sind eine Anspielung auf die dekadenten Jazzclubs des Shanghais der 1930er Jahre, und alles an diesem Ort gl\u00e4nzt mit Klasse.<\/p>\n<p>Tats\u00e4chlich ist dies genau die Atmosph\u00e4re, die die Clubbesitzer bewahren wollen. Es ist erw\u00e4hnenswert, dass der Dresscode strenger ist als in anderen Clubs auf der Insel. M\u00e4nner sollten Hosen und keine Shorts tragen, um der eleganten \u201eClassy Casual\u201c-Politik gerecht zu werden.[\/vc_column_text][vc_row_inner row_inner_height_percent=&#8220;0&#8243; back_color=&#8220;color-vyce&#8220; overlay_alpha=&#8220;50&#8243; gutter_size=&#8220;3&#8243; shift_y=&#8220;0&#8243; z_index=&#8220;0&#8243;][vc_column_inner column_width_percent=&#8220;100&#8243; gutter_size=&#8220;3&#8243; override_padding=&#8220;yes&#8220; column_padding=&#8220;2&#8243; overlay_alpha=&#8220;50&#8243; radius=&#8220;sm&#8220; shadow=&#8220;sm&#8220; shift_x=&#8220;0&#8243; shift_y=&#8220;0&#8243; shift_y_down=&#8220;0&#8243; z_index=&#8220;0&#8243; medium_width=&#8220;0&#8243; mobile_width=&#8220;0&#8243; width=&#8220;1\/1&#8243;][vc_icon position=&#8220;right&#8220; display=&#8220;inline&#8220; icon=&#8220;fa fa-quote&#8220; icon_color=&#8220;color-xsdn&#8220; size=&#8220;fa-3x&#8220;][\/vc_icon][vc_column_text uncode_shortcode_id=&#8220;495841&#8243;]<strong><span style=\"color: #ffffff;\">Wenn du ins Pacha, Hi Ibiza und Amnesia gehen m\u00f6chtest, brauchst du vier- oder f\u00fcnftausend Leute, um eine Atmosph\u00e4re zu erzeugen. Hier brauchen wir nur tausend, was bedeutet, dass wir kreativer und experimenteller sein k\u00f6nnen. Wir k\u00f6nnen hier Live-Sachen machen, die in gr\u00f6\u00dferen Locations niemals funktionieren w\u00fcrden, sodass wir sogar mehr ein Jazz- und Soul-Club sein k\u00f6nnten, wenn wir wollten, und sie w\u00fcrden es nicht wagen, so etwas zu tun.<\/span><\/strong><\/p>\n<p><span style=\"color: #ffffff;\">Danny Whittle, Markendirektor, Chinois<\/span>[\/vc_column_text][\/vc_column_inner][\/vc_row_inner][vc_column_text uncode_shortcode_id=&#8220;402598&#8243;]Die Location fasst insgesamt 1.000 Clubber, was sie zu einer der kleineren, intimeren Tanzfl\u00e4chen auf der Insel macht. Es gibt einen Raum im Club, der \u00fcber ein tadellos abgestimmtes Soundsystem und eine 360-Grad-Videoprojektion zur Akzentuierung der Produktion verf\u00fcgt.<\/p>\n<p>Island Hospitality gab 2022 bekannt, dass Danny Whittle der Brand Director der Gruppe wird. Er bringt einen reichen Erfahrungsschatz mit, da er zuvor die Musikprogrammierung im Pacha um die Ecke geleitet hat.[\/vc_column_text][vc_single_image media=&#8220;996695&#8243; media_width_percent=&#8220;80&#8243; alignment=&#8220;center&#8220; border=&#8220;yes&#8220; shadow=&#8220;yes&#8220; shadow_darker=&#8220;yes&#8220; uncode_shortcode_id=&#8220;489809&#8243;][vc_tabs][vc_tab title=&#8220;Was dich erwartet&#8220; tab_id=&#8220;1560767237-1-913f4e-c6611684489541699&#8243;][vc_column_text uncode_shortcode_id=&#8220;165720&#8243;]<\/p>\n<blockquote>\n<h3>Ein dekadentes, exklusives, intimes und frisches Clubbing-Erlebnis<\/h3>\n<p>&nbsp;<\/p><\/blockquote>\n<p>[\/vc_column_text][\/vc_tab][vc_tab title=&#8220;Unsere Tipps&#8220; tab_id=&#8220;1560767237-2-03f4e-c6611684489541699&#8243;][vc_column_text uncode_shortcode_id=&#8220;184088&#8243;]<\/p>\n<blockquote><p><span style=\"font-weight: 400;\">Unser Top-Tipp f\u00fcr die Saison ist Trip. Die besten Underground-DJs jeden Mittwoch von April bis November!<\/span><\/p><\/blockquote>\n<p>[\/vc_column_text][\/vc_tab][\/vc_tabs][vc_raw_html]PGlmcmFtZSB3aWR0aD0iNTYwIiBoZWlnaHQ9IjMxNSIgc3JjPSJodHRwczovL3d3dy55b3V0dWJlLmNvbS9lbWJlZC90TVNTbXlEV2dOMCIgdGl0bGU9IllvdVR1YmUtVmlkZW9wbGF5ZXIiIGZyYW1lYm9yZGVyPSIwIiBhbGxvdz0iYWNjZWxlcm9tZXRlcjsgYXV0b3BsYXk7IGNsaXBib2FyZC13cml0ZTsgZW5jcnlwdGVkLW1lZGlhOyBneXJvc2NvcGU7IHBpY3R1cmUtaW4tcGljdHVyZTsgd2ViLXNoYXJlIiBhbGxvd2Z1bGxzY3JlZW49IiI+PC9pZnJhbWU+[\/vc_raw_html][vc_row_inner row_inner_height_percent=&#8220;0&#8243; overlay_alpha=&#8220;50&#8243; gutter_size=&#8220;3&#8243; shift_y=&#8220;0&#8243; z_index=&#8220;0&#8243; css=&#8220;.vc_custom_1579610210262{margin-top: 18px !important;margin-bottom: 18px !important;border-bottom-width: 5px !important;padding-top: 5px !important;}&#8220;][vc_column_inner column_width_percent=&#8220;100&#8243; gutter_size=&#8220;3&#8243; override_padding=&#8220;yes&#8220; column_padding=&#8220;2&#8243; overlay_alpha=&#8220;50&#8243; shift_x=&#8220;0&#8243; shift_y=&#8220;0&#8243; shift_y_down=&#8220;0&#8243; z_index=&#8220;0&#8243; medium_width=&#8220;0&#8243; mobile_width=&#8220;0&#8243; width=&#8220;1\/1&#8243; css=&#8220;.vc_custom_1645808094380{padding-top: 5px !important;padding-right: 12px !important;padding-bottom: 5px !important;padding-left: 12px !important;}&#8220; uncode_shortcode_id=&#8220;944691&#8243;][vc_custom_heading separator_color=&#8220;yes&#8220; separator=&#8220;yes&#8220; uncode_shortcode_id=&#8220;203323&#8243; el_id=&#8220;2026&#8243;]<\/p>\n<h2 class=\"p1\">Chinois Ibiza 2026<\/h2>\n<p>[\/vc_custom_heading][vc_column_text uncode_shortcode_id=&#8220;131967&#8243;]Die Line-ups von Chinois sorgen immer f\u00fcr gro\u00dfe Begeisterung und decken im Allgemeinen eine sehr breite Palette an N\u00e4chten und Musikgeschm\u00e4ckern ab.<\/p>\n<p>Im Jahr 2026 wird das legend\u00e4re <a href=\"https:\/\/ticketsibiza.com\/de\/partys\/defected-ibiza\/\">Defected Records<\/a> zum ersten Mal ins Chinois ziehen und den Donnerstag-Slot \u00fcbernehmen.<\/p>\n<p>The Masquerade kehrt am Samstagabend zur\u00fcck, und Bedouins SAGA wird erneut sonntags stattfinden.<\/p>\n<p>Behalte diesen Bereich im Auge f\u00fcr weitere Ank\u00fcndigungen f\u00fcr 2026![\/vc_column_text][vc_custom_heading heading_semantic=&#8220;h5&#8243; text_size=&#8220;h5&#8243; uncode_shortcode_id=&#8220;761071&#8243;]R\u00fcckblick auf 2025[\/vc_custom_heading][vc_column_text uncode_shortcode_id=&#8220;369322&#8243;]Im Jahr 2025 zog <strong>The Masquerade<\/strong> von Claptone zum ersten Mal samstags ins Chinois um.<\/p>\n<p><strong>Bedouin&#8217;s SAGA<\/strong> \u00fcbernahm den Sonntag.<\/p>\n<p><strong>TRIP<\/strong> kehrte an verschiedenen Terminen w\u00e4hrend der Saison zur\u00fcck.<\/p>\n<p>Brandneu f\u00fcr 2025: <strong>Honey Dijon<\/strong> \u00fcbernahm den Donnerstag, w\u00e4hrend <strong>Francis Mercier<\/strong> Sol\u00e8y am Freitag pr\u00e4sentierte.[\/vc_column_text][\/vc_column_inner][\/vc_row_inner][vc_row_inner row_inner_height_percent=&#8220;0&#8243; overlay_alpha=&#8220;50&#8243; gutter_size=&#8220;3&#8243; shift_y=&#8220;0&#8243; z_index=&#8220;0&#8243; css=&#8220;.vc_custom_1579610210262{margin-top: 18px !important;margin-bottom: 18px !important;border-bottom-width: 5px !important;padding-top: 5px !important;}&#8220;][vc_column_inner column_width_percent=&#8220;100&#8243; gutter_size=&#8220;3&#8243; override_padding=&#8220;yes&#8220; column_padding=&#8220;2&#8243; overlay_alpha=&#8220;50&#8243; shift_x=&#8220;0&#8243; shift_y=&#8220;0&#8243; shift_y_down=&#8220;0&#8243; z_index=&#8220;0&#8243; medium_width=&#8220;0&#8243; mobile_width=&#8220;0&#8243; width=&#8220;1\/2&#8243; css=&#8220;.vc_custom_1579610582782{padding-top: 5px !important;padding-right: 12px !important;padding-bottom: 5px !important;padding-left: 12px !important;}&#8220;][vc_custom_heading heading_semantic=&#8220;h4&#8243; text_size=&#8220;h4&#8243; text_transform=&#8220;uppercase&#8220; separator=&#8220;yes&#8220; uncode_shortcode_id=&#8220;514017&#8243;]<\/p>\n<h4 style=\"text-align: center;\">Partys 2026<\/h4>\n<p>[\/vc_custom_heading][vc_raw_html]PHRhYmxlIGNsYXNzPSJ0aS1wcmltYXJ5IHRpLWNvbXAtdGFibGUiPgo8dHI+Cjx0ZD4KTW9udGFnCjwvdGQ+Cjx0ZD4KVEJBCjwvdGQ+CjwvdHI+Cjx0cj4KPHRkPgpEaWVuc3RhZwo8L3RkPgo8dGQ+ClRCQTwvdGQ+CjwvdHI+Cjx0cj4KPHRkPgpNaXR0d29jaAo8L3RkPgo8dGQ+ClRCQTwvdGQ+CjwvdHI+Cjx0cj4KPHRkPgpEb25uZXJzdGFnCjwvdGQ+Cjx0ZD4KZGVmZWN0ZWQ8L3RkPgo8L3RyPgo8dHI+Cjx0ZD4KRnJlaXRhZwo8L3RkPgo8dGQ+ClRCQTwvdGQ+CjwvdHI+Cjx0cj4KPHRkPgpTYW1zdGFnCjwvdGQ+Cjx0ZD4KQ2xhcHRvbmUgVGhlIE1hc3F1ZXJhZGU8L3RkPgo8L3RyPgo8dHI+Cjx0ZD4KU29ubnRhZwo8L3RkPgo8dGQ+CkJlZG91aW48L3RkPgo8L3RyPgo8L3RhYmxlPg==[\/vc_raw_html][\/vc_column_inner][vc_column_inner column_width_percent=&#8220;100&#8243; gutter_size=&#8220;3&#8243; override_padding=&#8220;yes&#8220; column_padding=&#8220;2&#8243; overlay_alpha=&#8220;50&#8243; shift_x=&#8220;0&#8243; shift_y=&#8220;0&#8243; shift_y_down=&#8220;0&#8243; z_index=&#8220;0&#8243; medium_width=&#8220;0&#8243; mobile_width=&#8220;0&#8243; width=&#8220;1\/2&#8243; css=&#8220;.vc_custom_1579610590767{padding-top: 5px !important;padding-right: 12px !important;padding-bottom: 5px !important;padding-left: 12px !important;}&#8220;][vc_custom_heading heading_semantic=&#8220;h4&#8243; text_size=&#8220;h4&#8243; text_transform=&#8220;uppercase&#8220; separator=&#8220;yes&#8220; uncode_shortcode_id=&#8220;180092&#8243;]<\/p>\n<h4 style=\"text-align: center;\">Partys 2025<\/h4>\n<p>[\/vc_custom_heading][vc_raw_html]PHRhYmxlIGNsYXNzPSJ0aS1wcmltYXJ5IHRpLWNvbXAtdGFibGUiPgo8dHI+Cjx0ZD4KTW9udGFnCjwvdGQ+Cjx0ZD4KVEJBCjwvdGQ+CjwvdHI+Cjx0cj4KPHRkPgpEaWVuc3RhZwo8L3RkPgo8dGQ+ClRCQTwvdGQ+CjwvdHI+Cjx0cj4KPHRkPgpNaXR0d29jaAo8L3RkPgo8dGQ+ClRCQTwvdGQ+CjwvdHI+Cjx0cj4KPHRkPgpEb25uZXJzdGFnCjwvdGQ+Cjx0ZD4KZGVmZWN0ZWQ8L3RkPgo8L3RyPgo8dHI+Cjx0ZD4KRnJlaXRhZwo8L3RkPgo8dGQ+ClRCQTwvdGQ+CjwvdHI+Cjx0cj4KPHRkPgpTYW1zdGFnCjwvdGQ+Cjx0ZD4KQ2xhcHRvbmUgVGhlIE1hc3F1ZXJhZGU8L3RkPgo8L3RyPgo8dHI+Cjx0ZD4KU29ubnRhZwo8L3RkPgo8dGQ+CkJlZG91aW48L3RkPgo8L3RyPgo8L3RhYmxlPg==[\/vc_raw_html][\/vc_column_inner][\/vc_row_inner][vc_custom_heading text_size=&#8220;h3&#8243; separator=&#8220;over&#8220; sub_reduced=&#8220;yes&#8220; uncode_shortcode_id=&#8220;175843&#8243;]Beliebte Chinois Partys[\/vc_custom_heading][uncode_index el_id=&#8220;index-187984&#8243; index_type=&#8220;carousel&#8220; loop=&#8220;size:10|order_by:date|post_type:page|tax_query:1770|taxonomy_count:10&#8243; carousel_lg=&#8220;4&#8243; carousel_md=&#8220;3&#8243; carousel_sm=&#8220;2&#8243; thumb_size=&#8220;three-two&#8220; gutter_size=&#8220;3&#8243; page_items=&#8220;media|featured|onpost|original&#8220; carousel_interval=&#8220;3000&#8243; carousel_navspeed=&#8220;400&#8243; carousel_loop=&#8220;yes&#8220; stage_padding=&#8220;0&#8243; single_text=&#8220;overlay&#8220; single_overlay_opacity=&#8220;50&#8243; single_h_align=&#8220;center&#8220; single_padding=&#8220;2&#8243; title=&#8220;Parties for Club Carousel&#8220; uncode_shortcode_id=&#8220;765113&#8243;][vc_custom_heading separator_color=&#8220;yes&#8220; separator=&#8220;yes&#8220;]<\/p>\n<h2 id=\"faqs\" class=\"p1\">H\u00e4ufig gestellte Fragen<\/h2>\n<p>[\/vc_custom_heading][vc_accordion][vc_accordion_tab gutter_size=&#8220;2&#8243; column_padding=&#8220;2&#8243; title=&#8220;Wie komme ich zum Chinois?&#8220; tab_id=&#8220;1560767237-1-243f4e-c6611684489541699&#8243;][vc_column_text uncode_shortcode_id=&#8220;602010&#8243;]Chinois befindet sich im Herzen von Talamanca, n\u00f6rdlich von Ibiza-Stadt. F\u00fcr ein Taxi von San Antonio zahlst du etwa 35 \u20ac, von Playa d\u2019en Bossa etwa 15 \u20ac.[\/vc_column_text][\/vc_accordion_tab][vc_accordion_tab gutter_size=&#8220;2&#8243; column_padding=&#8220;2&#8243; title=&#8220;Wann \u00f6ffnet Chinois?&#8220; tab_id=&#8220;1560767237-2-713f4e-c6611684489541699&#8243;][vc_column_text uncode_shortcode_id=&#8220;199928&#8243;]Chinois Partys beginnen an den meisten Tagen um 23:45 Uhr.[\/vc_column_text][\/vc_accordion_tab][vc_accordion_tab gutter_size=&#8220;2&#8243; column_padding=&#8220;2&#8243; title=&#8220;Wann schlie\u00dft Chinois?&#8220; tab_id=&#8220;1560767237-2-713f4e-c6611684489541699&#8243;][vc_column_text uncode_shortcode_id=&#8220;182835&#8243;]Die meisten Partys im Chinois schlie\u00dfen um 6:30 Uhr.[\/vc_column_text][\/vc_accordion_tab][vc_accordion_tab gutter_size=&#8220;2&#8243; column_padding=&#8220;2&#8243; title=&#8220;Wie viel kostet der Eintritt ins Chinois?&#8220; tab_id=&#8220;1560768560770-2-33f4e-c6611684489541699&#8243;][vc_column_text uncode_shortcode_id=&#8220;191266&#8243;]Ticketpreise f\u00fcr Chinois liegen zwischen 25 \u20ac und 35 \u20ac.[\/vc_column_text][\/vc_accordion_tab][vc_accordion_tab gutter_size=&#8220;2&#8243; column_padding=&#8220;2&#8243; title=&#8220;Wie sind die Getr\u00e4nkepreise im Chinois?&#8220; tab_id=&#8220;1560768568468-3-43f4e-c6611684489541699&#8243;][vc_column_text uncode_shortcode_id=&#8220;564029&#8243;]Rechne mit 10 \u20ac f\u00fcr ein Softdrink und 20 \u20ac f\u00fcr einen Longdrink im Chinois.[\/vc_column_text][\/vc_accordion_tab][vc_accordion_tab gutter_size=&#8220;2&#8243; column_padding=&#8220;2&#8243; title=&#8220;Wie hoch ist die Kapazit\u00e4t im Chinois?&#8220; tab_id=&#8220;1560768585183-4-83f4e-c6611684489541699&#8243;][vc_column_text uncode_shortcode_id=&#8220;202021&#8243;]Chinois fasst bis zu 1.000 Personen.[\/vc_column_text][\/vc_accordion_tab][vc_accordion_tab gutter_size=&#8220;2&#8243; column_padding=&#8220;2&#8243; title=&#8220;Wie ist der Dresscode im Chinois?&#8220; tab_id=&#8220;1560768597322-5-103f4e-c6611684489541699&#8243;][vc_column_text uncode_shortcode_id=&#8220;205507&#8243;]Chinois hat einen \u201eClassy Casual\u201c-Dresscode. M\u00e4nner sollten keine Shorts tragen. Sportkleidung und offene Schuhe sind nicht erlaubt.[\/vc_column_text][\/vc_accordion_tab][\/vc_accordion][\/vc_column][vc_column column_width_percent=&#8220;100&#8243; align_horizontal=&#8220;align_center&#8220; gutter_size=&#8220;2&#8243; overlay_alpha=&#8220;50&#8243; shift_x=&#8220;0&#8243; shift_y=&#8220;0&#8243; shift_y_down=&#8220;0&#8243; z_index=&#8220;0&#8243; medium_visibility=&#8220;yes&#8220; medium_width=&#8220;0&#8243; mobile_visibility=&#8220;yes&#8220; mobile_width=&#8220;0&#8243; width=&#8220;1\/4&#8243; uncode_shortcode_id=&#8220;165375&#8243;][vc_button button_color=&#8220;color-jevc&#8220; size=&#8220;btn-lg&#8220; border_animation=&#8220;btn-ripple-out&#8220; wide=&#8220;yes&#8220; border_width=&#8220;0&#8243; link=&#8220;url:%23listings|&#8220; button_color_type=&#8220;uncode-palette&#8220; uncode_shortcode_id=&#8220;145390&#8243;]Tickets kaufen[\/vc_button][vc_separator sep_color=&#8220;accent&#8220;][vc_single_image media=&#8220;996702&#8243; media_width_percent=&#8220;75&#8243; alignment=&#8220;center&#8220; shape=&#8220;img-circle&#8220; border=&#8220;yes&#8220; shadow=&#8220;yes&#8220; shadow_weight=&#8220;sm&#8220; shadow_darker=&#8220;yes&#8220; uncode_shortcode_id=&#8220;110062&#8243;][vc_separator sep_color=&#8220;accent&#8220;][vc_gmaps latlon=&#8220;38.9166176, 1.4418052&#8243; size=&#8220;280&#8243; map_color=&#8220;color-wvjs&#8220; ui_color=&#8220;accent&#8220; zoom=&#8220;10&#8243; map_saturation=&#8220;-100&#8243; map_brightness=&#8220;5&#8243; address=&#8220;Passeig Joan Carles I, 17, 07800, Ibiza&#8220; uncode_shortcode_id=&#8220;222205&#8243; map_color_type=&#8220;uncode-palette&#8220; ui_color_type=&#8220;uncode-palette&#8220;][vc_separator sep_color=&#8220;accent&#8220;][uncode_block id=&#8220;146863&#8243; inside_column=&#8220;yes&#8220;][\/vc_column][\/vc_row][vc_section back_color=&#8220;color-lxmt&#8220; overlay_alpha=&#8220;50&#8243;][vc_row][vc_column width=&#8220;3\/4&#8243;][vc_gallery el_id=&#8220;gallery-160005&#8243; type=&#8220;justified&#8220; random=&#8220;yes&#8220; medias=&#8220;996699,996698,996697,996696,996695,996701&#8243; justify_row_height=&#8220;150&#8243; gutter_size=&#8220;0&#8243; single_overlay_opacity=&#8220;50&#8243; single_padding=&#8220;2&#8243; title=&#8220;Fotogalerie&#8220; uncode_shortcode_id=&#8220;543561&#8243;][\/vc_column][vc_column width=&#8220;1\/4&#8243;][\/vc_column][\/vc_row][\/vc_section][vc_section back_color=&#8220;color-prif&#8220; overlay_alpha=&#8220;50&#8243;][vc_row row_height_percent=&#8220;0&#8243; overlay_alpha=&#8220;50&#8243; gutter_size=&#8220;3&#8243; column_width_percent=&#8220;100&#8243; shift_y=&#8220;0&#8243; z_index=&#8220;0&#8243; row_name=&#8220;listings&#8220;][vc_column column_width_percent=&#8220;100&#8243; position_vertical=&#8220;middle&#8220; align_horizontal=&#8220;align_center&#8220; gutter_size=&#8220;2&#8243; overlay_alpha=&#8220;50&#8243; shift_x=&#8220;0&#8243; shift_y=&#8220;0&#8243; shift_y_down=&#8220;0&#8243; z_index=&#8220;0&#8243; medium_width=&#8220;0&#8243; mobile_width=&#8220;0&#8243; width=&#8220;1\/1&#8243;][vc_custom_heading text_color=&#8220;color-xsdn&#8220; text_size=&#8220;h3&#8243; separator_color=&#8220;yes&#8220; separator=&#8220;yes&#8220; sub_reduced=&#8220;yes&#8220;]<\/p>\n<h2 style=\"text-align: center;\"><span style=\"color: #ffffff;\">Party-Listings<\/span><\/h2>\n<p>[\/vc_custom_heading]\t\t<div class=\"wcs-timetable__wrapper\">\n\t\t\t<div class=\"wcs-vue\" id=\"wcs-app-139\"><\/div>\n\t\t<\/div>\n\t\t[\/vc_column][\/vc_row][vc_row unlock_row_content=&#8220;yes&#8220; row_height_percent=&#8220;0&#8243; override_padding=&#8220;yes&#8220; h_padding=&#8220;0&#8243; top_padding=&#8220;0&#8243; bottom_padding=&#8220;0&#8243; overlay_alpha=&#8220;50&#8243; gutter_size=&#8220;3&#8243; column_width_percent=&#8220;100&#8243; shift_y=&#8220;0&#8243; z_index=&#8220;0&#8243; row_name=&#8220;accommodation&#8220;][vc_column column_width_percent=&#8220;100&#8243; gutter_size=&#8220;3&#8243; override_padding=&#8220;yes&#8220; column_padding=&#8220;0&#8243; overlay_alpha=&#8220;50&#8243; shift_x=&#8220;0&#8243; shift_y=&#8220;0&#8243; shift_y_down=&#8220;0&#8243; z_index=&#8220;0&#8243; medium_width=&#8220;0&#8243; mobile_width=&#8220;0&#8243; width=&#8220;1\/1&#8243;][vc_raw_html]PGlmcmFtZSBpZD0ic3RheTIyLXdpZGdldCIgd2lkdGg9IjEwMCUiIGhlaWdodD0iNDI4IiBzcmM9Imh0dHBzOi8vd3d3LnN0YXkyMi5jb20vZW1iZWQvNjQ2NzRlNDE0OWQ5OTUwMDNjN2Y2ODNjIiBmcmFtZWJvcmRlcj0iMCI+PC9pZnJhbWU+[\/vc_raw_html][\/vc_column][\/vc_row][\/vc_section]<\/p>\n<\/div>","protected":false},"excerpt":{"rendered":"<p>[vc_row row_height_percent=&#8220;0&#8243; override_padding=&#8220;yes&#8220; h_padding=&#8220;2&#8243; top_padding=&#8220;2&#8243; bottom_padding=&#8220;0&#8243; back_image=&#8220;539836&#8243; overlay_alpha=&#8220;50&#8243; gutter_size=&#8220;3&#8243; column_width_percent=&#8220;100&#8243; shift_y=&#8220;0&#8243; z_index=&#8220;0&#8243; row_height_pixel=&#8220;50&#8243; uncode_shortcode_id=&#8220;185675&#8243;][vc_column width=&#8220;1\/1&#8243;][vc_empty_space empty_h=&#8220;5&#8243;][vc_row_inner row_inner_height_percent=&#8220;0&#8243; force_width_grid=&#8220;yes&#8220; overlay_color=&#8220;color-149363&#8243; overlay_alpha=&#8220;70&#8243; [&hellip;]<\/p>\n","protected":false},"author":1,"featured_media":996702,"parent":989667,"menu_order":0,"comment_status":"closed","ping_status":"closed","template":"","meta":{"_acf_changed":false,"footnotes":""},"class_list":["post-996691","page","type-page","status-publish","has-post-thumbnail","hentry","page_category-club-chinois","page_category-clubs"],"acf":[],"_links":{"self":[{"href":"https:\/\/ticketsibiza.com\/de\/wp-json\/wp\/v2\/pages\/996691","targetHints":{"allow":["GET"]}}],"collection":[{"href":"https:\/\/ticketsibiza.com\/de\/wp-json\/wp\/v2\/pages"}],"about":[{"href":"https:\/\/ticketsibiza.com\/de\/wp-json\/wp\/v2\/types\/page"}],"author":[{"embeddable":true,"href":"https:\/\/ticketsibiza.com\/de\/wp-json\/wp\/v2\/users\/1"}],"replies":[{"embeddable":true,"href":"https:\/\/ticketsibiza.com\/de\/wp-json\/wp\/v2\/comments?post=996691"}],"version-history":[{"count":26,"href":"https:\/\/ticketsibiza.com\/de\/wp-json\/wp\/v2\/pages\/996691\/revisions"}],"predecessor-version":[{"id":1127461,"href":"https:\/\/ticketsibiza.com\/de\/wp-json\/wp\/v2\/pages\/996691\/revisions\/1127461"}],"up":[{"embeddable":true,"href":"https:\/\/ticketsibiza.com\/de\/wp-json\/wp\/v2\/pages\/989667"}],"wp:featuredmedia":[{"embeddable":true,"href":"https:\/\/ticketsibiza.com\/de\/wp-json\/wp\/v2\/media\/996702"}],"wp:attachment":[{"href":"https:\/\/ticketsibiza.com\/de\/wp-json\/wp\/v2\/media?parent=996691"}],"curies":[{"name":"wp","href":"https:\/\/api.w.org\/{rel}","templated":true}]}}