{"id":995774,"date":"2024-01-08T18:05:03","date_gmt":"2024-01-08T18:05:03","guid":{"rendered":"https:\/\/ticketsibiza.com\/parties\/calvin-harris\/"},"modified":"2026-02-03T11:17:48","modified_gmt":"2026-02-03T11:17:48","slug":"calvin-harris","status":"publish","type":"page","link":"https:\/\/ticketsibiza.com\/de\/partys\/calvin-harris\/","title":{"rendered":"Calvin Harris Ibiza 2026 \u2013 Tickets, Events und Lineup"},"content":{"rendered":"<div class=\"wpb-content-wrapper\"><p>[vc_row row_height_percent=&#8220;0&#8243; override_padding=&#8220;yes&#8220; h_padding=&#8220;2&#8243; top_padding=&#8220;2&#8243; bottom_padding=&#8220;0&#8243; back_image=&#8220;563130&#8243; back_position=&#8220;center center&#8220; overlay_alpha=&#8220;50&#8243; gutter_size=&#8220;3&#8243; column_width_percent=&#8220;100&#8243; shift_y=&#8220;0&#8243; z_index=&#8220;0&#8243; row_height_pixel=&#8220;50&#8243; uncode_shortcode_id=&#8220;104300&#8243;][vc_column width=&#8220;1\/1&#8243;][vc_empty_space empty_h=&#8220;5&#8243;][vc_row_inner row_inner_height_percent=&#8220;0&#8243; force_width_grid=&#8220;yes&#8220; overlay_color=&#8220;color-149363&#8243; overlay_alpha=&#8220;70&#8243; gutter_size=&#8220;1&#8243; shift_y=&#8220;1&#8243; z_index=&#8220;3&#8243; css=&#8220;.vc_custom_1555709427658{margin-bottom: 0px !important;border-bottom-width: 0px !important;padding-top: 0px !important;padding-bottom: 0px !important;padding-left: 20px !important;}&#8220;][vc_column_inner column_width_percent=&#8220;100&#8243; gutter_size=&#8220;0&#8243; overlay_alpha=&#8220;50&#8243; shift_x=&#8220;0&#8243; shift_y=&#8220;0&#8243; shift_y_down=&#8220;0&#8243; z_index=&#8220;0&#8243; medium_width=&#8220;0&#8243; mobile_width=&#8220;0&#8243; width=&#8220;1\/1&#8243; css=&#8220;.vc_custom_1551002411961{padding-bottom: 0px !important;}&#8220;][vc_custom_heading text_color=&#8220;color-xsdn&#8220; heading_semantic=&#8220;h1&#8243; text_size=&#8220;h1&#8243; sub_reduced=&#8220;yes&#8220; uncode_shortcode_id=&#8220;840627&#8243; text_color_type=&#8220;uncode-palette&#8220;]Calvin Harris[\/vc_custom_heading][vc_column_text text_lead=&#8220;yes&#8220; uncode_shortcode_id=&#8220;120023&#8243;]<strong><span style=\"color: white;\">Ushua\u00efa<\/span><\/strong>[\/vc_column_text][\/vc_column_inner][\/vc_row_inner][\/vc_column][\/vc_row][vc_row row_height_percent=&#8220;0&#8243; override_padding=&#8220;yes&#8220; h_padding=&#8220;2&#8243; top_padding=&#8220;2&#8243; bottom_padding=&#8220;0&#8243; overlay_alpha=&#8220;50&#8243; gutter_size=&#8220;3&#8243; column_width_percent=&#8220;100&#8243; shift_y=&#8220;0&#8243; z_index=&#8220;0&#8243; css=&#8220;.vc_custom_1551018966910{margin-bottom: 0px !important;padding-bottom: 0px !important;}&#8220;][vc_column column_width_percent=&#8220;100&#8243; gutter_size=&#8220;0&#8243; overlay_alpha=&#8220;50&#8243; shift_x=&#8220;0&#8243; shift_y=&#8220;0&#8243; shift_y_down=&#8220;0&#8243; z_index=&#8220;0&#8243; medium_width=&#8220;0&#8243; mobile_width=&#8220;0&#8243; width=&#8220;3\/4&#8243;][vc_column_text uncode_shortcode_id=&#8220;846359&#8243;]<\/p>\n<blockquote>\n<h3>Der schottische Superstar ist auf Ibiza ganz in seinem Element<\/h3>\n<\/blockquote>\n<p>[\/vc_column_text][\/vc_column][vc_column column_width_percent=&#8220;100&#8243; align_horizontal=&#8220;align_center&#8220; gutter_size=&#8220;0&#8243; overlay_alpha=&#8220;50&#8243; shift_x=&#8220;0&#8243; shift_y=&#8220;0&#8243; shift_y_down=&#8220;0&#8243; z_index=&#8220;0&#8243; medium_width=&#8220;0&#8243; mobile_width=&#8220;0&#8243; sticky=&#8220;yes&#8220; width=&#8220;1\/4&#8243; link_to=&#8220;url:%23listings|&#8220; uncode_shortcode_id=&#8220;223586&#8243;][vc_button button_color=&#8220;color-jevc&#8220; size=&#8220;btn-lg&#8220; border_animation=&#8220;btn-ripple-out&#8220; wide=&#8220;yes&#8220; border_width=&#8220;0&#8243; link=&#8220;url:%23ftoc-party-listings|&#8220; button_color_type=&#8220;uncode-palette&#8220; uncode_shortcode_id=&#8220;231190&#8243;]Tickets kaufen[\/vc_button][\/vc_column][\/vc_row][vc_row row_height_percent=&#8220;0&#8243; overlay_alpha=&#8220;50&#8243; gutter_size=&#8220;3&#8243; column_width_percent=&#8220;100&#8243; shift_y=&#8220;0&#8243; z_index=&#8220;0&#8243; css=&#8220;.vc_custom_1551018712642{margin-top: 0px !important;margin-bottom: 0px !important;}&#8220;][vc_column column_width_percent=&#8220;100&#8243; gutter_size=&#8220;2&#8243; overlay_alpha=&#8220;50&#8243; shift_x=&#8220;0&#8243; shift_y=&#8220;0&#8243; shift_y_down=&#8220;0&#8243; z_index=&#8220;0&#8243; medium_width=&#8220;0&#8243; mobile_width=&#8220;0&#8243; width=&#8220;3\/4&#8243;][uncode_block id=&#8220;525847&#8243;][vc_column_text uncode_shortcode_id=&#8220;172742&#8243;]<\/p>\n<p class=\"p1\">Nach einer <span class=\"s1\"><b>rekordverd\u00e4chtigen Saison<\/b><\/span> kehrt <span class=\"s1\"><b>Calvin Harris<\/b><\/span> im <span class=\"s1\"><b>2026<\/b><\/span> ins <span class=\"s1\"><b>Ushua\u00efa Ibiza<\/b><\/span> zur\u00fcck und macht diesen Sommer mit <span class=\"s1\"><b>27 unvergesslichen Terminen<\/b><\/span> noch gr\u00f6\u00dfer. Vom <strong>29.<\/strong><span class=\"s1\"><b> Mai bis zum 2. Oktober<\/b><\/span> wird das Ushua\u00efa freitags wieder von seinen <span class=\"s1\"><b>Chart-Hits und seiner elektrisierenden Energie<\/b><\/span> erleuchtet \u2013 aber das ist noch nicht alles.  Zum ersten Mal <span class=\"s1\"><b>\u00fcbernimmt Calvin auch dienstags vom 7. Juli bis zum 25. August<\/b><\/span>, wodurch Fans noch mehr M\u00f6glichkeiten haben, seine <span class=\"s1\"><b>weltbekannte Ibiza-Residency<\/b><\/span> zu erleben.<\/p>\n<p class=\"p1\">Letzten Sommer lieferte Calvin seinen <span class=\"s1\"><b>bisher gr\u00f6\u00dften Ibiza-Run<\/b><\/span> ab und bewies seine tiefe Verbindung zur Insel und ihrer legend\u00e4ren Clubszene. In diesem Jahr sind die Erwartungen noch h\u00f6her, und die Fans erwarten sehns\u00fcchtig eine <span class=\"s1\"><b>spektakul\u00e4re Saison voller hymnischer Festivalmomente, frischer neuer Sounds und der unverwechselbaren Feel-Good-Energie<\/b><\/span>, die das Ushua\u00efa zum <span class=\"s1\"><b>ultimativen Open-Air-Erlebnis<\/b><\/span> macht. <\/p>\n<p class=\"p3\"><span class=\"s2\">Ob er nun bahnbrechende Hits auflegt<\/span><b>oder in sein Underground-Alias Love Generator eintaucht<\/b><span class=\"s2\">, jede Nacht im Ushua\u00efa ist eine <\/span><b>Meisterklasse der Dance-Musik<\/b><span class=\"s2\">. Hinzu kommt <\/span><b>eine umwerfende Produktion, eine unschlagbare Atmosph\u00e4re und zwei N\u00e4chte pro Woche, um alles zu erleben<\/b><span class=\"s2\">, und das ist offiziell <\/span><b>die hei\u00dfeste Residency des Sommers auf Ibiza<\/b><span class=\"s2\">.<\/span><\/p>\n<p class=\"p3\"><b>Tickets sind ab sofort im Verkauf \u2013 warte nicht. Diese Events sind schnell ausverkauft! <\/b><\/p>\n<p>[\/vc_column_text][vc_empty_space empty_h=&#8220;1&#8243;][vc_column_text uncode_shortcode_id=&#8220;188404&#8243;][toc][\/vc_column_text][vc_separator sep_color=&#8220;&#8220; uncode_shortcode_id=&#8220;164783&#8243;][vc_empty_space empty_h=&#8220;1&#8243;][vc_custom_heading heading_semantic=&#8220;h3&#8243; text_size=&#8220;h3&#8243; separator_color=&#8220;yes&#8220; separator=&#8220;yes&#8220; uncode_shortcode_id=&#8220;242002&#8243; el_id=&#8220;ftoc-calvin-harris-ibiza-2026&#8243;]Calvin Harris Ibiza 2026[\/vc_custom_heading][vc_column_text uncode_shortcode_id=&#8220;158122&#8243;]Im Jahr 2026 findet die Calvin Harris Opening-Party am <strong>Freitag, den 29. Mai<\/strong> statt. Markiert euch den Termin! <\/p>\n<p>Insgesamt wird er <strong>16 Freitage in Folge<\/strong> spielen.<\/p>\n<p>Im Jahr 2026 wird er au\u00dferdem von <strong>Dienstag<\/strong>, dem <strong>7. Juli<\/strong> bis zum <strong>25. August<\/strong> spielen.<\/p>\n<p>Die Calvin Harris Closing-Party findet am <strong>Freitag, den 2. Oktober<\/strong> statt.<\/p>\n<p>Das sind unglaubliche 27 Termine, um deinen Calvin-Fix zu bekommen![\/vc_column_text][vc_empty_space empty_h=&#8220;1&#8243;][vc_custom_heading heading_semantic=&#8220;h3&#8243; text_size=&#8220;h3&#8243; separator_color=&#8220;yes&#8220; separator=&#8220;yes&#8220; uncode_shortcode_id=&#8220;141556&#8243; el_id=&#8220;ftoc-when-does-calvin-harris-announce-his-ibiza-residency&#8220;]Wann k\u00fcndigt Calvin Harris seine Ibiza-Residency an?[\/vc_custom_heading][vc_column_text uncode_shortcode_id=&#8220;142822&#8243;]In den letzten Saisons wurde Calvin Harris an folgenden Terminen als Resident angek\u00fcndigt:<\/p>\n<ul>\n<li>2026: 2. Februar<\/li>\n<li>2025: 11. M\u00e4rz<\/li>\n<li>2024: 13. Februar<\/li>\n<li>2023: 3. M\u00e4rz<\/li>\n<li>2022: 22. Februar<\/li>\n<\/ul>\n<p>Viele Ibiza-Residencies werden tendenziell Ende Februar \/ Anfang M\u00e4rz angek\u00fcndigt. Haltet also die Augen offen und meldet euch f\u00fcr unseren Newsletter oben auf dieser Seite an, um die neuesten Informationen zu erhalten.[\/vc_column_text][vc_empty_space empty_h=&#8220;1&#8243;][vc_custom_heading heading_semantic=&#8220;h3&#8243; text_size=&#8220;h3&#8243; separator_color=&#8220;yes&#8220; separator=&#8220;yes&#8220; uncode_shortcode_id=&#8220;960509&#8243; el_id=&#8220;ftoc-calvin-harris-ibiza-set-times&#8220;]Calvin Harris Ibiza Setzeiten[\/vc_custom_heading][vc_column_text uncode_shortcode_id=&#8220;189803&#8243;]Das Ushua\u00efa Ibiza \u00f6ffnet t\u00e4glich um 17:00 Uhr seine Pforten und schlie\u00dft um 23:00 Uhr.<\/p>\n<p>Support-Acts spielen von 17:00 bis 21:30 Uhr.<\/p>\n<p>Calvin Harris spielt das letzte Set, beginnend um 21:30 Uhr und endend um 23:00 Uhr.[\/vc_column_text][vc_empty_space empty_h=&#8220;1&#8243;][vc_custom_heading heading_semantic=&#8220;h3&#8243; text_size=&#8220;h3&#8243; separator_color=&#8220;yes&#8220; separator=&#8220;yes&#8220; uncode_shortcode_id=&#8220;101601&#8243; el_id=&#8220;ftoc-what-to-expect-at-calvin-harris-ibiza&#8220;]Was du bei Calvin Harris Ibiza erwarten kannst[\/vc_custom_heading][vc_column_text uncode_shortcode_id=&#8220;198401&#8243;]Du kannst ein unvergessliches, energiegeladenes Feel-Good-Set von einem der beliebtesten DJs der Welt erwarten. Aber verlass dich nicht nur auf unsere Worte, sieh dir das neueste Calvin Harris-Video unten an, um mehr zu erfahren.[\/vc_column_text][vc_empty_space empty_h=&#8220;1&#8243;][vc_empty_space empty_h=&#8220;1&#8243;][vc_custom_heading heading_semantic=&#8220;h3&#8243; text_size=&#8220;h3&#8243; separator_color=&#8220;yes&#8220; separator=&#8220;yes&#8220; uncode_shortcode_id=&#8220;102661&#8243; el_id=&#8220;ftoc-calvin-harris-ibiza-key-dates&#8220;]Calvin Harris Ibiza Schl\u00fcsseltermine[\/vc_custom_heading][vc_column_text uncode_shortcode_id=&#8220;916276&#8243;]<strong>Freitagspartys<\/strong><\/p>\n<p>Opening-Party: Freitag, 29. Mai<\/p>\n<p>Closing-Party: Freitag, 2. Oktober<\/p>\n<p><strong>Dienstagspartys<\/strong><\/p>\n<p>Opening-Party: Dienstag, 7. Juli<\/p>\n<p>Closing-Party: Dienstag, 25. August[\/vc_column_text][vc_empty_space empty_h=&#8220;1&#8243;][vc_custom_heading heading_semantic=&#8220;h3&#8243; text_size=&#8220;h3&#8243; separator_color=&#8220;yes&#8220; separator=&#8220;yes&#8220; uncode_shortcode_id=&#8220;206535&#8243; el_id=&#8220;ftoc-calvin-harris-ibiza-line-up&#8220;]Calvin Harris Ibiza Line-up[\/vc_custom_heading][vc_column_text uncode_shortcode_id=&#8220;516340&#8243;]Zus\u00e4tzlich zu Calvin Harris kannst du mit weiteren gro\u00dfen Namen als w\u00f6chentliche G\u00e4ste rechnen.<\/p>\n<p>Freitags sorgen MK und Tyson O\u2019Brien f\u00fcr Unterst\u00fctzung. W\u00e4hrend du dienstags mit Leuten rechnen kannst wie:<\/p>\n<ul>\n<li>Fatboy Slim<\/li>\n<li>Patrick Topping<\/li>\n<li>Dom Dolla<\/li>\n<li>Sebastien Ingrosso<\/li>\n<li>Nic Fanciulli<\/li>\n<li>Oliver Heldens<\/li>\n<\/ul>\n<p>[\/vc_column_text][vc_single_image media=&#8220;995786&#8243; media_width_percent=&#8220;100&#8243; uncode_shortcode_id=&#8220;633120&#8243;][vc_empty_space empty_h=&#8220;1&#8243;][vc_custom_heading heading_semantic=&#8220;h3&#8243; text_size=&#8220;h3&#8243; separator_color=&#8220;yes&#8220; separator=&#8220;yes&#8220; uncode_shortcode_id=&#8220;152274&#8243; el_id=&#8220;ftoc-calvin-harris-ibiza-tickets&#8220;]Calvin Harris Ibiza Tickets[\/vc_custom_heading][vc_column_text uncode_shortcode_id=&#8220;167840&#8243;]Tickets f\u00fcr Calvin Harris sind ab sofort im Verkauf.<\/p>\n<p>In unserem Event-Listing-Bereich unten findest du spezifische Event-Informationen und Links zum Ticketkauf.<\/p>\n<p>In dieser Saison kannst du mit Preisen zwischen 100 und 130 \u20ac f\u00fcr ein Standard-Ticket f\u00fcr Calvin Harris auf Ibiza rechnen.<\/p>\n<p>Als eine der beliebtesten Partys der Insel sind Calvin&#8217;s Veranstaltungen daf\u00fcr bekannt, ausverkauft zu sein. Wir empfehlen, Tickets rechtzeitig im Voraus zu kaufen, bevor du auf Ibiza ankommst![\/vc_column_text][vc_empty_space empty_h=&#8220;1&#8243;][vc_custom_heading heading_semantic=&#8220;h3&#8243; text_size=&#8220;h3&#8243; separator_color=&#8220;yes&#8220; separator=&#8220;yes&#8220; uncode_shortcode_id=&#8220;726187&#8243; el_id=&#8220;ftoc-calvin-harris-ibiza-vip&#8220;]Calvin Harris Ibiza VIP[\/vc_custom_heading][vc_column_text uncode_shortcode_id=&#8220;185614&#8243;]Steigere dein Erlebnis f\u00fcr Calvin Harris im Ushua\u00efa, indem du einen VIP-Tisch buchst.<\/p>\n<p>VIP-Tische im Ushua\u00efa werden in der Regel auf der Grundlage von Tischen berechnet, die bis zu 10 Personen fassen k\u00f6nnen.<\/p>\n<p>VIP im Ushua\u00efa erm\u00f6glicht es dir, deinen eigenen pers\u00f6nlichen Tisch im Club mit fantastischem Blick auf die B\u00fchne und einem engagierten Kellner zu haben, der dir w\u00e4hrend der Party deine Getr\u00e4nke und Speisen bringt.<\/p>\n<p>F\u00fcr weitere Informationen \u00fcber VIP im Ushua\u00efa <a href=\"https:\/\/ticketsibiza.com\/de\/vip-tische\/#ushuaia\">besuche unsere spezielle Ushua\u00efa VIP-Seite<\/a> oder f\u00fclle ein Anfrageformular auf einer unserer Calvin Harris Ibiza Event-Seiten aus.[\/vc_column_text][vc_empty_space empty_h=&#8220;1&#8243;][\/vc_column][vc_column column_width_percent=&#8220;100&#8243; gutter_size=&#8220;0&#8243; overlay_alpha=&#8220;50&#8243; shift_x=&#8220;0&#8243; shift_y=&#8220;0&#8243; shift_y_down=&#8220;0&#8243; z_index=&#8220;0&#8243; medium_width=&#8220;0&#8243; mobile_visibility=&#8220;yes&#8220; mobile_width=&#8220;0&#8243; sticky=&#8220;yes&#8220; width=&#8220;1\/4&#8243;][vc_separator sep_color=&#8220;color-149363&#8243;][uncode_list icon=&#8220;fa fa-location-outline&#8220; uncode_shortcode_id=&#8220;546008&#8243;]<\/p>\n<ul>\n<li><a href=\"https:\/\/ticketsibiza.com\/de\/clubs\/ushuaia\/\">Ushua\u00efa<\/a><\/li>\n<\/ul>\n<p>[\/uncode_list][uncode_list icon=&#8220;fa fa-calendar&#8220; uncode_shortcode_id=&#8220;106653&#8243;]<\/p>\n<ul>\n<li>Freitags<\/li>\n<\/ul>\n<p>[\/uncode_list][uncode_list icon=&#8220;fa fa-cab&#8220; uncode_shortcode_id=&#8220;140619&#8243;]<\/p>\n<ul>\n<li>Platja d\u2019en Bossa, 07817<\/li>\n<\/ul>\n<p>[\/uncode_list][vc_separator sep_color=&#8220;color-149363&#8243;][vc_empty_space empty_h=&#8220;2&#8243;][uncode_block id=&#8220;146863&#8243; inside_column=&#8220;yes&#8220;][\/vc_column][\/vc_row][vc_section back_color=&#8220;color-lxmt&#8220; overlay_alpha=&#8220;50&#8243;][vc_row][vc_column width=&#8220;3\/4&#8243;][vc_gallery el_id=&#8220;gallery-16000511&#8243; type=&#8220;justified&#8220; random=&#8220;yes&#8220; medias=&#8220;995785,990426,995781,993240,995782,995783,995784,995786&#8243; justify_row_height=&#8220;150&#8243; gutter_size=&#8220;3&#8243; single_overlay_opacity=&#8220;50&#8243; single_padding=&#8220;2&#8243; title=&#8220;Calvin-Galerie&#8220; uncode_shortcode_id=&#8220;189212&#8243;][\/vc_column][vc_column width=&#8220;1\/4&#8243;][uncode_share layout=&#8220;multiple&#8220; separator=&#8220;yes&#8220; title=&#8220;Diese Party teilen&#8220;][\/vc_column][\/vc_row][\/vc_section][vc_section back_color=&#8220;color-prif&#8220; overlay_alpha=&#8220;50&#8243;][vc_row row_height_percent=&#8220;0&#8243; overlay_alpha=&#8220;50&#8243; gutter_size=&#8220;3&#8243; column_width_percent=&#8220;100&#8243; shift_y=&#8220;0&#8243; z_index=&#8220;0&#8243; row_name=&#8220;listings&#8220;][vc_column column_width_percent=&#8220;100&#8243; position_vertical=&#8220;middle&#8220; align_horizontal=&#8220;align_center&#8220; gutter_size=&#8220;2&#8243; overlay_alpha=&#8220;50&#8243; shift_x=&#8220;0&#8243; shift_y=&#8220;0&#8243; shift_y_down=&#8220;0&#8243; z_index=&#8220;0&#8243; medium_width=&#8220;0&#8243; mobile_width=&#8220;0&#8243; width=&#8220;1\/1&#8243;][vc_custom_heading text_color=&#8220;color-xsdn&#8220; sub_lead=&#8220;yes&#8220; uncode_shortcode_id=&#8220;538849&#8243; text_color_type=&#8220;uncode-palette&#8220; el_id=&#8220;ftoc-party-listings&#8220;]<\/p>\n<h2 style=\"text-align: center;\"><span style=\"color: #ffffff;\">Party-Listings<\/span><\/h2>\n<p>[\/vc_custom_heading]\t\t<div class=\"wcs-timetable__wrapper\">\n\t\t\t<div class=\"wcs-vue\" id=\"wcs-app-121\"><\/div>\n\t\t<\/div>\n\t\t[\/vc_column][\/vc_row][\/vc_section]<\/p>\n<\/div>","protected":false},"excerpt":{"rendered":"<p>[vc_row row_height_percent=&#8220;0&#8243; override_padding=&#8220;yes&#8220; h_padding=&#8220;2&#8243; top_padding=&#8220;2&#8243; bottom_padding=&#8220;0&#8243; back_image=&#8220;563130&#8243; back_position=&#8220;center center&#8220; overlay_alpha=&#8220;50&#8243; gutter_size=&#8220;3&#8243; column_width_percent=&#8220;100&#8243; shift_y=&#8220;0&#8243; z_index=&#8220;0&#8243; row_height_pixel=&#8220;50&#8243; uncode_shortcode_id=&#8220;104300&#8243;][vc_column width=&#8220;1\/1&#8243;][vc_empty_space empty_h=&#8220;5&#8243;][vc_row_inner row_inner_height_percent=&#8220;0&#8243; force_width_grid=&#8220;yes&#8220; [&hellip;]<\/p>\n","protected":false},"author":1,"featured_media":995787,"parent":991484,"menu_order":0,"comment_status":"closed","ping_status":"closed","template":"","meta":{"_acf_changed":false,"footnotes":""},"class_list":["post-995774","page","type-page","status-publish","has-post-thumbnail","hentry","page_category-partys","page_category-superclubs","page_category-ushuaia"],"acf":[],"_links":{"self":[{"href":"https:\/\/ticketsibiza.com\/de\/wp-json\/wp\/v2\/pages\/995774","targetHints":{"allow":["GET"]}}],"collection":[{"href":"https:\/\/ticketsibiza.com\/de\/wp-json\/wp\/v2\/pages"}],"about":[{"href":"https:\/\/ticketsibiza.com\/de\/wp-json\/wp\/v2\/types\/page"}],"author":[{"embeddable":true,"href":"https:\/\/ticketsibiza.com\/de\/wp-json\/wp\/v2\/users\/1"}],"replies":[{"embeddable":true,"href":"https:\/\/ticketsibiza.com\/de\/wp-json\/wp\/v2\/comments?post=995774"}],"version-history":[{"count":23,"href":"https:\/\/ticketsibiza.com\/de\/wp-json\/wp\/v2\/pages\/995774\/revisions"}],"predecessor-version":[{"id":1094640,"href":"https:\/\/ticketsibiza.com\/de\/wp-json\/wp\/v2\/pages\/995774\/revisions\/1094640"}],"up":[{"embeddable":true,"href":"https:\/\/ticketsibiza.com\/de\/wp-json\/wp\/v2\/pages\/991484"}],"wp:featuredmedia":[{"embeddable":true,"href":"https:\/\/ticketsibiza.com\/de\/wp-json\/wp\/v2\/media\/995787"}],"wp:attachment":[{"href":"https:\/\/ticketsibiza.com\/de\/wp-json\/wp\/v2\/media?parent=995774"}],"curies":[{"name":"wp","href":"https:\/\/api.w.org\/{rel}","templated":true}]}}