{"id":994825,"date":"2024-04-25T14:30:05","date_gmt":"2024-04-25T13:30:05","guid":{"rendered":"https:\/\/ticketsibiza.com\/parties\/solid-grooves\/"},"modified":"2026-03-18T11:49:50","modified_gmt":"2026-03-18T11:49:50","slug":"solid-grooves","status":"publish","type":"page","link":"https:\/\/ticketsibiza.com\/de\/partys\/solid-grooves\/","title":{"rendered":"Solid Grooves Ibiza 2026 \u2013 Tickets, Events und Line-up"},"content":{"rendered":"<div class=\"wpb-content-wrapper\"><p>[vc_row row_height_percent=&#8220;0&#8243; override_padding=&#8220;yes&#8220; h_padding=&#8220;2&#8243; top_padding=&#8220;2&#8243; bottom_padding=&#8220;0&#8243; back_image=&#8220;577854&#8243; overlay_alpha=&#8220;50&#8243; gutter_size=&#8220;3&#8243; column_width_percent=&#8220;100&#8243; shift_y=&#8220;0&#8243; z_index=&#8220;0&#8243; row_height_pixel=&#8220;50&#8243; uncode_shortcode_id=&#8220;149764&#8243;][vc_column width=&#8220;1\/1&#8243;][vc_empty_space empty_h=&#8220;5&#8243;][vc_row_inner row_inner_height_percent=&#8220;0&#8243; force_width_grid=&#8220;yes&#8220; overlay_color=&#8220;color-149363&#8243; overlay_alpha=&#8220;70&#8243; gutter_size=&#8220;1&#8243; shift_y=&#8220;1&#8243; z_index=&#8220;3&#8243; css=&#8220;.vc_custom_1555709200827{margin-bottom: 0px !important;border-bottom-width: 0px !important;padding-top: 0px !important;padding-bottom: 0px !important;padding-left: 20px !important;}&#8220;][vc_column_inner column_width_percent=&#8220;100&#8243; gutter_size=&#8220;0&#8243; overlay_alpha=&#8220;50&#8243; shift_x=&#8220;0&#8243; shift_y=&#8220;0&#8243; shift_y_down=&#8220;0&#8243; z_index=&#8220;0&#8243; medium_width=&#8220;0&#8243; mobile_width=&#8220;0&#8243; width=&#8220;1\/1&#8243; css=&#8220;.vc_custom_1551002411961{padding-bottom: 0px !important;}&#8220;][vc_custom_heading text_color=&#8220;color-xsdn&#8220; heading_semantic=&#8220;h1&#8243; text_size=&#8220;h1&#8243; sub_reduced=&#8220;yes&#8220; uncode_shortcode_id=&#8220;254882&#8243; text_color_type=&#8220;uncode-palette&#8220;]Solid Grooves[\/vc_custom_heading][vc_column_text text_lead=&#8220;yes&#8220;]<strong><span style=\"color: white;\">DC10<\/span><\/strong>[\/vc_column_text][\/vc_column_inner][\/vc_row_inner][\/vc_column][\/vc_row][vc_row row_height_percent=&#8220;0&#8243; overlay_alpha=&#8220;50&#8243; gutter_size=&#8220;3&#8243; column_width_percent=&#8220;100&#8243; shift_y=&#8220;0&#8243; z_index=&#8220;0&#8243; css=&#8220;.vc_custom_1551018712642{margin-top: 0px !important;margin-bottom: 0px !important;}&#8220;][vc_column column_width_percent=&#8220;100&#8243; gutter_size=&#8220;3&#8243; overlay_alpha=&#8220;50&#8243; shift_x=&#8220;0&#8243; shift_y=&#8220;0&#8243; shift_y_down=&#8220;0&#8243; z_index=&#8220;0&#8243; medium_width=&#8220;0&#8243; mobile_width=&#8220;0&#8243; width=&#8220;3\/4&#8243;][uncode_block id=&#8220;525847&#8243;][vc_column_text uncode_shortcode_id=&#8220;300555&#8243;]<\/p>\n<blockquote>\n<h3>\u201eMach dich bereit f\u00fcr Michael Bibis unaufhaltsame Party\u201c<\/h3>\n<\/blockquote>\n<p>[\/vc_column_text][vc_column_text uncode_shortcode_id=&#8220;108255&#8243;]<strong>Solid Grooves<\/strong> hat sich als eine der wichtigsten Underground-Partys Ibizas etabliert. Was als Londoner Techno- und Tech-House-Label unter der Leitung von <strong>Michael Bibi<\/strong> begann, ist zu einer der gefragtesten w\u00f6chentlichen Residencies der Insel geworden \u2013 mit einem Ruf, der die Tanzfl\u00e4che vom ersten bis zum letzten Track gef\u00fcllt h\u00e4lt. <\/p>\n<p>Nach fr\u00fchen Ibiza-Auftritten im Privilege fand Solid Grooves seine spirituelle Heimat im <strong>DC10<\/strong> \u2013 einem Club, der f\u00fcr diese Art von Musik gemacht ist. Die rohe, schn\u00f6rkellose Atmosph\u00e4re passt perfekt zum reduzierten, tanzfl\u00e4chenorientierten Ethos der Party. Jeden Donnerstag \u00f6ffnet das <strong>Solid Grooves Motel<\/strong> seine T\u00fcren mit einem der besten Tech-House-Programme der Insel.  <\/p>\n<p>F\u00fcr 2026 kehrt Solid Grooves mit <strong>18 Terminen<\/strong> zur\u00fcck \u2013 jeden Donnerstag vom <strong>4. Juni<\/strong> bis zur Closing Party am <strong>Donnerstag, den 1. Oktober<\/strong>. Bibi bleibt die Konstante und wird jede Woche von wechselnden G\u00e4sten begleitet, die zum Solid-Grooves-Sound passen \u2013 Artists, die verstehen, dass das DC10 DJs belohnt, die f\u00fcr den Raum spielen, nicht f\u00fcr die Tracklist. <\/p>\n<p>In den vergangenen Saisons waren unter anderem Loco Dice, Dennis Cruz, Pawsa, Archie Hamilton, East End Dubs und viele mehr zu Gast \u2013 und 2026 d\u00fcrfte nicht anders werden. Wenn Underground House und Techno in Ibizas ikonischstem Club dein Ding sind, dann bist du donnerstags hier genau richtig.[\/vc_column_text][\/vc_column][vc_column column_width_percent=&#8220;100&#8243; gutter_size=&#8220;2&#8243; overlay_alpha=&#8220;50&#8243; shift_x=&#8220;0&#8243; shift_y=&#8220;0&#8243; shift_y_down=&#8220;0&#8243; z_index=&#8220;0&#8243; medium_visibility=&#8220;yes&#8220; medium_width=&#8220;0&#8243; mobile_visibility=&#8220;yes&#8220; mobile_width=&#8220;0&#8243; width=&#8220;1\/4&#8243; uncode_shortcode_id=&#8220;531470&#8243; el_class=&#8220;mv-sidebar&#8220;][vc_button button_color=&#8220;color-jevc&#8220; size=&#8220;btn-xl&#8220; border_animation=&#8220;btn-ripple-out&#8220; wide=&#8220;yes&#8220; border_width=&#8220;0&#8243; link=&#8220;url:%23listings|&#8220; button_color_type=&#8220;uncode-palette&#8220; uncode_shortcode_id=&#8220;185921&#8243;]Tickets kaufen[\/vc_button][uncode_list icon=&#8220;fa fa-location-outline&#8220;]<\/p>\n<ul>\n<li><a href=\"https:\/\/ticketsibiza.com\/de\/clubs\/dc10\/\">DC10<\/a><\/li>\n<\/ul>\n<p>[\/uncode_list][uncode_list icon=&#8220;fa fa-calendar&#8220; uncode_shortcode_id=&#8220;109996&#8243;]<\/p>\n<ul>\n<li>Donnerstag<\/li>\n<\/ul>\n<p>[\/uncode_list][uncode_list icon=&#8220;fa fa-cab&#8220;]<\/p>\n<ul>\n<li>Carretera las salinas, km 1, 07818<\/li>\n<\/ul>\n<p>[\/uncode_list][vc_separator sep_color=&#8220;accent&#8220;][uncode_block id=&#8220;146863&#8243; inside_column=&#8220;yes&#8220;][\/vc_column][\/vc_row][vc_section back_color=&#8220;color-lxmt&#8220; overlay_alpha=&#8220;50&#8243;][vc_row][vc_column width=&#8220;3\/4&#8243;][vc_gallery el_id=&#8220;gallery-160005&#8243; type=&#8220;justified&#8220; random=&#8220;yes&#8220; medias=&#8220;994837,991712,994836,994832,994833,994834,994835&#8243; justify_row_height=&#8220;150&#8243; gutter_size=&#8220;3&#8243; single_overlay_opacity=&#8220;50&#8243; single_padding=&#8220;2&#8243; title=&#8220;Circoloco Galerie&#8220; uncode_shortcode_id=&#8220;105989&#8243;][\/vc_column][vc_column width=&#8220;1\/4&#8243;][uncode_share layout=&#8220;multiple&#8220; separator=&#8220;yes&#8220; title=&#8220;Diese Party teilen&#8220;][\/vc_column][\/vc_row][\/vc_section][vc_section back_color=&#8220;color-prif&#8220; overlay_alpha=&#8220;50&#8243;][vc_row row_height_percent=&#8220;0&#8243; overlay_alpha=&#8220;50&#8243; gutter_size=&#8220;3&#8243; column_width_percent=&#8220;100&#8243; shift_y=&#8220;0&#8243; z_index=&#8220;0&#8243; row_name=&#8220;Listings&#8220;][vc_column column_width_percent=&#8220;100&#8243; position_vertical=&#8220;middle&#8220; align_horizontal=&#8220;align_center&#8220; gutter_size=&#8220;2&#8243; overlay_alpha=&#8220;50&#8243; shift_x=&#8220;0&#8243; shift_y=&#8220;0&#8243; shift_y_down=&#8220;0&#8243; z_index=&#8220;0&#8243; medium_width=&#8220;0&#8243; mobile_width=&#8220;0&#8243; width=&#8220;1\/1&#8243;][vc_custom_heading text_color=&#8220;color-xsdn&#8220; sub_lead=&#8220;yes&#8220; uncode_shortcode_id=&#8220;198521&#8243; text_color_type=&#8220;uncode-palette&#8220;]<\/p>\n<h2 style=\"text-align: center;\"><span style=\"color: #ffffff;\">Party-Listings<\/span><\/h2>\n<p>[\/vc_custom_heading]\t\t<div class=\"wcs-timetable__wrapper\">\n\t\t\t<div class=\"wcs-vue\" id=\"wcs-app-143\"><\/div>\n\t\t<\/div>\n\t\t[\/vc_column][\/vc_row][\/vc_section]<\/p>\n<\/div>","protected":false},"excerpt":{"rendered":"<p>[vc_row row_height_percent=&#8220;0&#8243; override_padding=&#8220;yes&#8220; h_padding=&#8220;2&#8243; top_padding=&#8220;2&#8243; bottom_padding=&#8220;0&#8243; back_image=&#8220;577854&#8243; overlay_alpha=&#8220;50&#8243; gutter_size=&#8220;3&#8243; column_width_percent=&#8220;100&#8243; shift_y=&#8220;0&#8243; z_index=&#8220;0&#8243; row_height_pixel=&#8220;50&#8243; uncode_shortcode_id=&#8220;149764&#8243;][vc_column width=&#8220;1\/1&#8243;][vc_empty_space empty_h=&#8220;5&#8243;][vc_row_inner row_inner_height_percent=&#8220;0&#8243; force_width_grid=&#8220;yes&#8220; overlay_color=&#8220;color-149363&#8243; overlay_alpha=&#8220;70&#8243; [&hellip;]<\/p>\n","protected":false},"author":1,"featured_media":994838,"parent":991484,"menu_order":0,"comment_status":"closed","ping_status":"closed","template":"","meta":{"_acf_changed":false,"footnotes":""},"class_list":["post-994825","page","type-page","status-publish","has-post-thumbnail","hentry","page_category-dc10"],"acf":[],"_links":{"self":[{"href":"https:\/\/ticketsibiza.com\/de\/wp-json\/wp\/v2\/pages\/994825","targetHints":{"allow":["GET"]}}],"collection":[{"href":"https:\/\/ticketsibiza.com\/de\/wp-json\/wp\/v2\/pages"}],"about":[{"href":"https:\/\/ticketsibiza.com\/de\/wp-json\/wp\/v2\/types\/page"}],"author":[{"embeddable":true,"href":"https:\/\/ticketsibiza.com\/de\/wp-json\/wp\/v2\/users\/1"}],"replies":[{"embeddable":true,"href":"https:\/\/ticketsibiza.com\/de\/wp-json\/wp\/v2\/comments?post=994825"}],"version-history":[{"count":27,"href":"https:\/\/ticketsibiza.com\/de\/wp-json\/wp\/v2\/pages\/994825\/revisions"}],"predecessor-version":[{"id":1127823,"href":"https:\/\/ticketsibiza.com\/de\/wp-json\/wp\/v2\/pages\/994825\/revisions\/1127823"}],"up":[{"embeddable":true,"href":"https:\/\/ticketsibiza.com\/de\/wp-json\/wp\/v2\/pages\/991484"}],"wp:featuredmedia":[{"embeddable":true,"href":"https:\/\/ticketsibiza.com\/de\/wp-json\/wp\/v2\/media\/994838"}],"wp:attachment":[{"href":"https:\/\/ticketsibiza.com\/de\/wp-json\/wp\/v2\/media?parent=994825"}],"curies":[{"name":"wp","href":"https:\/\/api.w.org\/{rel}","templated":true}]}}