{"id":994802,"date":"2024-06-06T16:47:13","date_gmt":"2024-06-06T15:47:13","guid":{"rendered":"https:\/\/ticketsibiza.com\/clubs\/playa-soleil\/"},"modified":"2025-11-19T15:31:54","modified_gmt":"2025-11-19T15:31:54","slug":"playa-soleil","status":"publish","type":"page","link":"https:\/\/ticketsibiza.com\/de\/clubs\/playa-soleil\/","title":{"rendered":"Playa Soleil Ibiza 2026 \u2013 Tickets, Veranstaltungen und Line-up"},"content":{"rendered":"<div class=\"wpb-content-wrapper\"><p>[vc_row row_height_percent=&#8220;0&#8243; override_padding=&#8220;yes&#8220; h_padding=&#8220;2&#8243; top_padding=&#8220;2&#8243; bottom_padding=&#8220;0&#8243; back_image=&#8220;580085&#8243; back_attachment=&#8220;scroll&#8220; parallax=&#8220;yes&#8220; overlay_alpha=&#8220;50&#8243; gutter_size=&#8220;3&#8243; column_width_percent=&#8220;100&#8243; shift_y=&#8220;0&#8243; z_index=&#8220;0&#8243; row_height_pixel=&#8220;50&#8243; uncode_shortcode_id=&#8220;944283&#8243;][vc_column width=&#8220;1\/1&#8243;][vc_empty_space empty_h=&#8220;5&#8243;][vc_row_inner row_inner_height_percent=&#8220;0&#8243; force_width_grid=&#8220;yes&#8220; overlay_color=&#8220;color-149363&#8243; overlay_alpha=&#8220;70&#8243; gutter_size=&#8220;1&#8243; shift_y=&#8220;1&#8243; z_index=&#8220;3&#8243; css=&#8220;.vc_custom_1555872297672{margin-bottom: 0px !important;border-bottom-width: 0px !important;padding-top: 0px !important;padding-bottom: 0px !important;padding-left: 20px !important;}&#8220;][vc_column_inner column_width_percent=&#8220;100&#8243; gutter_size=&#8220;0&#8243; overlay_alpha=&#8220;50&#8243; shift_x=&#8220;0&#8243; shift_y=&#8220;0&#8243; shift_y_down=&#8220;0&#8243; z_index=&#8220;0&#8243; medium_width=&#8220;0&#8243; mobile_width=&#8220;0&#8243; width=&#8220;1\/1&#8243; css=&#8220;.vc_custom_1551002411961{padding-bottom: 0px !important;}&#8220;][vc_custom_heading text_color=&#8220;color-xsdn&#8220; heading_semantic=&#8220;h1&#8243; text_size=&#8220;h1&#8243; sub_reduced=&#8220;yes&#8220; uncode_shortcode_id=&#8220;182481&#8243; text_color_type=&#8220;uncode-palette&#8220;]<\/p>\n<h1 style=\"text-align: left;\"><span style=\"color: #ffffff;\">Playa Soleil<\/span><\/h1>\n<p>[\/vc_custom_heading][vc_column_text text_lead=&#8220;yes&#8220; uncode_shortcode_id=&#8220;130841&#8243;]<span style=\"font-weight: 400; color: #ffffff;\">Tanze und speise die Nacht durch in Playa d\u2019en Bossas neuestem Beach Club<\/span>[\/vc_column_text][\/vc_column_inner][\/vc_row_inner][\/vc_column][\/vc_row][vc_row row_height_percent=&#8220;0&#8243; overlay_alpha=&#8220;50&#8243; gutter_size=&#8220;3&#8243; column_width_percent=&#8220;100&#8243; shift_y=&#8220;0&#8243; z_index=&#8220;0&#8243; css=&#8220;.vc_custom_1551018712642{margin-top: 0px !important;margin-bottom: 0px !important;}&#8220;][vc_column column_width_percent=&#8220;100&#8243; gutter_size=&#8220;3&#8243; overlay_alpha=&#8220;50&#8243; shift_x=&#8220;0&#8243; shift_y=&#8220;0&#8243; shift_y_down=&#8220;0&#8243; z_index=&#8220;0&#8243; medium_width=&#8220;0&#8243; mobile_width=&#8220;0&#8243; width=&#8220;3\/4&#8243;][vc_column_text uncode_shortcode_id=&#8220;145663&#8243;]Eingebettet am ikonischen Strand von Playa d\u2019en Bossa bietet Playa Soleil ein unvergleichliches Beach Club Erlebnis, das zeitgen\u00f6ssische Musik, Gourmetk\u00fcche, Kunst und Wellness nahtlos miteinander verbindet.<\/p>\n<p><strong>Eine Welt kulinarischer Gen\u00fcsse<\/strong><\/p>\n<p>Im Playa Soleil ist das Essen eine Reise durch exquisite mediterrane Aromen, mit mehreren Bereichen, die unterschiedliche kulinarische W\u00fcnsche erf\u00fcllen:<\/p>\n<p><strong>Playa Chica<\/strong> und<strong> Le Restaurant<\/strong>: Diese Orte bieten ein gehobenes kulinarisches Erlebnis, wo du dich an erstklassigen Gerichten erfreuen kannst, die aus den besten lokal bezogenen, biologischen Zutaten zubereitet werden.<\/p>\n<p><strong>Oasis<\/strong>: F\u00fcr eine entspanntere Mahlzeit bietet Oasis eine entspannte Umgebung, wo du k\u00f6stliche Speisen in ruhiger Atmosph\u00e4re genie\u00dfen kannst.<\/p>\n<p><strong>Entspanne stilvoll<\/strong><br \/>\nG\u00e4ste k\u00f6nnen sich stilvoll in Les Palmiers und Las Dunas entspannen, wo luxuri\u00f6se balinesische Betten dich einladen, mit erfrischenden Getr\u00e4nken und leichten Snacks zu relaxen. Unser aufmerksames Personal stellt sicher, dass dein Komfort und dein Vergn\u00fcgen oberste Priorit\u00e4t haben und schafft so einen perfekten R\u00fcckzugsort am Meer. <\/p>\n<p><strong>Kulinarische Exzellenz<\/strong><\/p>\n<p>Unter der fachkundigen Leitung von Executive Chef Cristian Casta\u00f1eda, der \u00fcber ein Jahrzehnt Erfahrung aus f\u00fchrenden spanischen Restaurants mitbringt, ist die Gastronomie des Playa Soleil schlichtweg au\u00dfergew\u00f6hnlich. Sein innovativer Ansatz der mediterranen K\u00fcche verspricht ein unvergessliches kulinarisches Erlebnis. <\/p>\n<p><strong>Lebendige Abendatmosph\u00e4re<\/strong><\/p>\n<p>Wenn die Sonne untergeht, verwandelt sich Playa Soleil in einen lebendigen Hotspot voller Energie und Aufregung. An ausgew\u00e4hlten Abenden verwandelt sich unser Restaurant in eine Tanzfl\u00e4che, wo du die ganze Nacht zu Live-Auftritten tanzen kannst. Freitags erlebst du die renommierten Rumors-Partys, die von Guy Gerber veranstaltet werden, w\u00e4hrend Sonntage f\u00fcr Palmerama reserviert sind, mit internationalen Top-DJs und Performern den ganzen Sommer \u00fcber.  <\/p>\n<p><strong>Das ultimative Stranderlebnis<\/strong><\/p>\n<p>Von Sonnenaufgang bis Sonnenuntergang ist jeder Moment im Playa Soleil darauf ausgelegt, Freude zu wecken und bleibende Erinnerungen zu schaffen. Entspanne auf luxuri\u00f6sen Strandbetten, sp\u00fcre die sanfte Meeresbrise und lausche den beruhigenden Kl\u00e4ngen des Ozeans. Egal, ob du eine Mahlzeit am Strand genie\u00dft oder einen Cocktail schl\u00fcrfst, jedes Detail ist f\u00fcr deine Entspannung und dein Vergn\u00fcgen konzipiert.  <\/p>\n<p><strong>Klangreisen und erhabene Klanglandschaften<\/strong><\/p>\n<p>Tanze dich durch den Tag und in die Nacht mit einem au\u00dfergew\u00f6hnlichen Line-up weltbekannter DJs und Musiker. Der Soundtrack des Playa Soleil erwacht im Le Restaurant und in der Maison Musique zum Leben, unserem bezaubernden Indoor-Clubbereich, der f\u00fcr besondere Nachtveranstaltungen reserviert ist. Kuratierte Residenzen und besondere G\u00e4ste bringen das Beste der elektronischen Musik und sorgen so jeden Tag der Woche f\u00fcr eine inspirierende und energiegeladene Atmosph\u00e4re.  <\/p>\n<p>Tauche ein in eine Welt, in der jeder Moment ein Fest ist und unvergessliche Erinnerungen geschaffen werden. Entdecke das ultimative Beachclub-Erlebnis im Playa Soleil, wo das Leben von Sonnenaufgang bis Sonnenuntergang und dar\u00fcber hinaus gefeiert wird.[\/vc_column_text][vc_accordion title=&#8220;FAQs&#8220;][vc_accordion_tab gutter_size=&#8220;2&#8243; column_padding=&#8220;2&#8243; title=&#8220;Wie kommst du zum Playa Soleil?&#8220; tab_id=&#8220;1560767237-1-24fffd-f682b1c6-99951717687569139&#8243;][vc_column_text uncode_shortcode_id=&#8220;161672&#8243;]<span style=\"font-weight: 400;\">Playa Soleil befindet sich in Playa d\u2019en Bossa. Es ist eine 10-min\u00fctige Taxifahrt von Ibiza-Stadt und 30 Minuten von San Antonio entfernt. Ein Taxi von Ibiza-Stadt kostet dich etwa 10 \u20ac, oder 40 \u20ac von San Antonio.  <\/span>[\/vc_column_text][\/vc_accordion_tab][vc_accordion_tab gutter_size=&#8220;2&#8243; column_padding=&#8220;2&#8243; title=&#8220;Wie sind die \u00d6ffnungszeiten des Playa Soleil?&#8220; tab_id=&#8220;1560767237-2-71fffd-f682b1c6-99951717687569139&#8243;][vc_column_text uncode_shortcode_id=&#8220;140245&#8243;]<span style=\"font-weight: 400;\">Playa Soleil \u00f6ffnet t\u00e4glich um 10 Uhr. Der Club \u00f6ffnet die meisten N\u00e4chte um 17 Uhr und schlie\u00dft normalerweise um 3 Uhr morgens. <\/span>[\/vc_column_text][\/vc_accordion_tab][vc_accordion_tab gutter_size=&#8220;2&#8243; column_padding=&#8220;2&#8243; title=&#8220;Wie viel kostet der Eintritt ins Playa Soleil?&#8220; tab_id=&#8220;1560768560770-2-3fffd-f682b1c6-99951717687569139&#8243;][vc_column_text uncode_shortcode_id=&#8220;786563&#8243;]<span style=\"font-weight: 400;\">Tickets f\u00fcr die meisten Playa Soleil Events sind kostenlos, aber in einigen F\u00e4llen musst du mit bis zu 25 \u20ac Eintritt rechnen.<\/span>[\/vc_column_text][\/vc_accordion_tab][vc_accordion_tab gutter_size=&#8220;2&#8243; column_padding=&#8220;2&#8243; title=&#8220;Wie sind die Getr\u00e4nkepreise im Playa Soleil?&#8220; tab_id=&#8220;1560768568468-3-4fffd-f682b1c6-99951717687569139&#8243;][vc_column_text uncode_shortcode_id=&#8220;128517&#8243;]<span style=\"font-weight: 400;\">Im Playa Soleil kostet ein Bier 12 \u20ac, Wein ab 12 \u20ac, Wasser 10 \u20ac und ein Longdrink ab 16 \u20ac.<\/span>[\/vc_column_text][\/vc_accordion_tab][vc_accordion_tab gutter_size=&#8220;2&#8243; column_padding=&#8220;2&#8243; title=&#8220;Wie ist der Dresscode im Playa Soleil?&#8220; tab_id=&#8220;1560768597322-5-10fffd-f682b1c6-99951717687569139&#8243;][vc_column_text uncode_shortcode_id=&#8220;137809&#8243;]<span style=\"font-weight: 400;\">F\u00fcr das Restaurant m\u00f6chtest du dich vielleicht schick-leger kleiden, wenn du aber nur zum Clubbing gehst, gibt es keinen Dresscode. Zieh an, worin du dich beim Tanzen wohlf\u00fchlst! <\/span>[\/vc_column_text][\/vc_accordion_tab][vc_accordion_tab gutter_size=&#8220;2&#8243; column_padding=&#8220;2&#8243; title=&#8220;Wie ist das Line-up f\u00fcr Playa Soleil Ibiza?&#8220; tab_id=&#8220;1560768604185-6-7fffd-f682b1c6-99951717687569139&#8243;][vc_column_text uncode_shortcode_id=&#8220;193996&#8243;]<span style=\"font-weight: 400;\">Du kannst das vollst\u00e4ndige Line-up f\u00fcr Playa Soleil im Kalender unten einsehen.<\/span>[\/vc_column_text][\/vc_accordion_tab][\/vc_accordion][\/vc_column][vc_column column_width_percent=&#8220;100&#8243; align_horizontal=&#8220;align_center&#8220; gutter_size=&#8220;2&#8243; overlay_alpha=&#8220;50&#8243; shift_x=&#8220;0&#8243; shift_y=&#8220;0&#8243; shift_y_down=&#8220;0&#8243; z_index=&#8220;0&#8243; medium_visibility=&#8220;yes&#8220; medium_width=&#8220;0&#8243; mobile_visibility=&#8220;yes&#8220; mobile_width=&#8220;0&#8243; sticky=&#8220;yes&#8220; width=&#8220;1\/4&#8243;][vc_button button_color=&#8220;color-jevc&#8220; size=&#8220;btn-lg&#8220; border_animation=&#8220;btn-ripple-out&#8220; wide=&#8220;yes&#8220; border_width=&#8220;0&#8243; link=&#8220;url:%23listings|&#8220; button_color_type=&#8220;uncode-palette&#8220; uncode_shortcode_id=&#8220;180232&#8243;]Tickets kaufen[\/vc_button][vc_separator sep_color=&#8220;accent&#8220;][vc_single_image media=&#8220;994816&#8243; media_width_percent=&#8220;75&#8243; alignment=&#8220;center&#8220; shape=&#8220;img-circle&#8220; border=&#8220;yes&#8220; shadow=&#8220;yes&#8220; shadow_weight=&#8220;sm&#8220; shadow_darker=&#8220;yes&#8220; uncode_shortcode_id=&#8220;209687&#8243;][vc_separator sep_color=&#8220;accent&#8220;][vc_gmaps latlon=&#8220;38.8874924,1.4075217&#8243; size=&#8220;280&#8243; map_color=&#8220;color-wvjs&#8220; ui_color=&#8220;accent&#8220; zoom=&#8220;10&#8243; map_saturation=&#8220;-100&#8243; map_brightness=&#8220;5&#8243; address=&#8220;Carrer del Fumarell, 1 Ibiza, Islas Baleares, Spain&#8220; uncode_shortcode_id=&#8220;758721&#8243; map_color_type=&#8220;uncode-palette&#8220; ui_color_type=&#8220;uncode-palette&#8220;][vc_separator sep_color=&#8220;accent&#8220;][uncode_block id=&#8220;146863&#8243; inside_column=&#8220;yes&#8220;][\/vc_column][\/vc_row][vc_section back_color=&#8220;color-lxmt&#8220; overlay_alpha=&#8220;50&#8243;][vc_row][vc_column width=&#8220;3\/4&#8243;][vc_gallery el_id=&#8220;gallery-160005&#8243; type=&#8220;justified&#8220; random=&#8220;yes&#8220; medias=&#8220;993528,993529,993530,993527,993526,993525,993524&#8243; justify_row_height=&#8220;150&#8243; gutter_size=&#8220;0&#8243; single_overlay_opacity=&#8220;50&#8243; single_padding=&#8220;2&#8243; title=&#8220;Fotogalerie&#8220; uncode_shortcode_id=&#8220;659368&#8243;][\/vc_column][vc_column width=&#8220;1\/4&#8243;][vc_raw_html]PGlmcmFtZSBzdHlsZT0iYm9yZGVyLXJhZGl1czoxMnB4IiBzcmM9Imh0dHBzOi8vb3Blbi5zcG90aWZ5LmNvbS9lbWJlZC9wbGF5bGlzdC8weGVXdUcxUE5iZEI2UTBtVHI5N0l3P3V0bV9zb3VyY2U9Z2VuZXJhdG9yIiB3aWR0aD0iMTAwJSIgaGVpZ2h0PSIzNTIiIGZyYW1lYm9yZGVyPSIwIiBhbGxvd2Z1bGxzY3JlZW49IiIgYWxsb3c9ImF1dG9wbGF5OyBjbGlwYm9hcmQtd3JpdGU7IGVuY3J5cHRlZC1tZWRpYTsgZnVsbHNjcmVlbjsgcGljdHVyZS1pbi1waWN0dXJlIiBsb2FkaW5nPSJsYXp5Ij48L2lmcmFtZT4=[\/vc_raw_html][\/vc_column][\/vc_row][\/vc_section][vc_section back_color=&#8220;color-prif&#8220; overlay_alpha=&#8220;50&#8243;][vc_row row_height_percent=&#8220;0&#8243; overlay_alpha=&#8220;50&#8243; gutter_size=&#8220;3&#8243; column_width_percent=&#8220;100&#8243; shift_y=&#8220;0&#8243; z_index=&#8220;0&#8243; row_name=&#8220;listings&#8220;][vc_column column_width_percent=&#8220;100&#8243; position_vertical=&#8220;middle&#8220; align_horizontal=&#8220;align_center&#8220; gutter_size=&#8220;2&#8243; overlay_alpha=&#8220;50&#8243; shift_x=&#8220;0&#8243; shift_y=&#8220;0&#8243; shift_y_down=&#8220;0&#8243; z_index=&#8220;0&#8243; medium_width=&#8220;0&#8243; mobile_width=&#8220;0&#8243; width=&#8220;1\/1&#8243;][vc_custom_heading text_color=&#8220;color-xsdn&#8220; sub_lead=&#8220;yes&#8220; uncode_shortcode_id=&#8220;735539&#8243; text_color_type=&#8220;uncode-palette&#8220;]<\/p>\n<h2 style=\"text-align: center;\"><span style=\"color: #ffffff;\">Party-Listings<\/span><\/h2>\n<p>[\/vc_custom_heading]\t\t<div class=\"wcs-timetable__wrapper\">\n\t\t\t<div class=\"wcs-vue\" id=\"wcs-app-144\"><\/div>\n\t\t<\/div>\n\t\t[\/vc_column][\/vc_row][\/vc_section]<\/p>\n<\/div>","protected":false},"excerpt":{"rendered":"<p>[vc_row row_height_percent=&#8220;0&#8243; override_padding=&#8220;yes&#8220; h_padding=&#8220;2&#8243; top_padding=&#8220;2&#8243; bottom_padding=&#8220;0&#8243; back_image=&#8220;580085&#8243; back_attachment=&#8220;scroll&#8220; parallax=&#8220;yes&#8220; overlay_alpha=&#8220;50&#8243; gutter_size=&#8220;3&#8243; column_width_percent=&#8220;100&#8243; shift_y=&#8220;0&#8243; z_index=&#8220;0&#8243; row_height_pixel=&#8220;50&#8243; uncode_shortcode_id=&#8220;944283&#8243;][vc_column width=&#8220;1\/1&#8243;][vc_empty_space empty_h=&#8220;5&#8243;][vc_row_inner row_inner_height_percent=&#8220;0&#8243; force_width_grid=&#8220;yes&#8220; [&hellip;]<\/p>\n","protected":false},"author":1,"featured_media":994816,"parent":989667,"menu_order":0,"comment_status":"closed","ping_status":"closed","template":"","meta":{"_acf_changed":false,"footnotes":""},"class_list":["post-994802","page","type-page","status-publish","has-post-thumbnail","hentry","page_category-clubs"],"acf":[],"_links":{"self":[{"href":"https:\/\/ticketsibiza.com\/de\/wp-json\/wp\/v2\/pages\/994802","targetHints":{"allow":["GET"]}}],"collection":[{"href":"https:\/\/ticketsibiza.com\/de\/wp-json\/wp\/v2\/pages"}],"about":[{"href":"https:\/\/ticketsibiza.com\/de\/wp-json\/wp\/v2\/types\/page"}],"author":[{"embeddable":true,"href":"https:\/\/ticketsibiza.com\/de\/wp-json\/wp\/v2\/users\/1"}],"replies":[{"embeddable":true,"href":"https:\/\/ticketsibiza.com\/de\/wp-json\/wp\/v2\/comments?post=994802"}],"version-history":[{"count":9,"href":"https:\/\/ticketsibiza.com\/de\/wp-json\/wp\/v2\/pages\/994802\/revisions"}],"predecessor-version":[{"id":1003624,"href":"https:\/\/ticketsibiza.com\/de\/wp-json\/wp\/v2\/pages\/994802\/revisions\/1003624"}],"up":[{"embeddable":true,"href":"https:\/\/ticketsibiza.com\/de\/wp-json\/wp\/v2\/pages\/989667"}],"wp:featuredmedia":[{"embeddable":true,"href":"https:\/\/ticketsibiza.com\/de\/wp-json\/wp\/v2\/media\/994816"}],"wp:attachment":[{"href":"https:\/\/ticketsibiza.com\/de\/wp-json\/wp\/v2\/media?parent=994802"}],"curies":[{"name":"wp","href":"https:\/\/api.w.org\/{rel}","templated":true}]}}