{"id":994496,"date":"2024-03-11T20:50:51","date_gmt":"2024-03-11T20:50:51","guid":{"rendered":"https:\/\/ticketsibiza.com\/clubs\/cova-santa\/"},"modified":"2025-11-11T17:10:30","modified_gmt":"2025-11-11T17:10:30","slug":"cova-santa","status":"publish","type":"page","link":"https:\/\/ticketsibiza.com\/de\/clubs\/cova-santa\/","title":{"rendered":"Cova Santa Ibiza 2026 \u2013 Tickets, Veranstaltungen und Line-up"},"content":{"rendered":"<div class=\"wpb-content-wrapper\"><p>[vc_row row_height_percent=&#8220;0&#8243; override_padding=&#8220;yes&#8220; h_padding=&#8220;2&#8243; top_padding=&#8220;2&#8243; bottom_padding=&#8220;0&#8243; back_image=&#8220;127426&#8243; back_attachment=&#8220;scroll&#8220; parallax=&#8220;yes&#8220; overlay_alpha=&#8220;50&#8243; gutter_size=&#8220;3&#8243; column_width_percent=&#8220;100&#8243; shift_y=&#8220;0&#8243; z_index=&#8220;0&#8243; row_height_pixel=&#8220;50&#8243;][vc_column width=&#8220;1\/1&#8243;][vc_empty_space empty_h=&#8220;5&#8243;][vc_row_inner row_inner_height_percent=&#8220;0&#8243; force_width_grid=&#8220;yes&#8220; overlay_color=&#8220;color-149363&#8243; overlay_alpha=&#8220;70&#8243; gutter_size=&#8220;1&#8243; shift_y=&#8220;1&#8243; z_index=&#8220;3&#8243; css=&#8220;.vc_custom_1555872297672{margin-bottom: 0px !important;border-bottom-width: 0px !important;padding-top: 0px !important;padding-bottom: 0px !important;padding-left: 20px !important;}&#8220;][vc_column_inner column_width_percent=&#8220;100&#8243; gutter_size=&#8220;0&#8243; overlay_alpha=&#8220;50&#8243; shift_x=&#8220;0&#8243; shift_y=&#8220;0&#8243; shift_y_down=&#8220;0&#8243; z_index=&#8220;0&#8243; medium_width=&#8220;0&#8243; mobile_width=&#8220;0&#8243; width=&#8220;1\/1&#8243; css=&#8220;.vc_custom_1551002411961{padding-bottom: 0px !important;}&#8220;][vc_custom_heading text_color=&#8220;color-xsdn&#8220; heading_semantic=&#8220;h1&#8243; text_size=&#8220;h1&#8243; sub_reduced=&#8220;yes&#8220;]<\/p>\n<h1 style=\"text-align: left;\"><span style=\"color: #ffffff;\">Cova Santa<\/span><\/h1>\n<p>[\/vc_custom_heading][vc_column_text text_lead=&#8220;yes&#8220; uncode_shortcode_id=&#8220;197918&#8243;]<span style=\"font-weight: 400; color: #ffffff;\">Essen und Tanzen in einem versteckten Juwel Ibizas<\/span>[\/vc_column_text][\/vc_column_inner][\/vc_row_inner][\/vc_column][\/vc_row][vc_row row_height_percent=&#8220;0&#8243; overlay_alpha=&#8220;50&#8243; gutter_size=&#8220;3&#8243; column_width_percent=&#8220;100&#8243; shift_y=&#8220;0&#8243; z_index=&#8220;0&#8243; css=&#8220;.vc_custom_1551018712642{margin-top: 0px !important;margin-bottom: 0px !important;}&#8220;][vc_column column_width_percent=&#8220;100&#8243; gutter_size=&#8220;3&#8243; overlay_alpha=&#8220;50&#8243; shift_x=&#8220;0&#8243; shift_y=&#8220;0&#8243; shift_y_down=&#8220;0&#8243; z_index=&#8220;0&#8243; medium_width=&#8220;0&#8243; mobile_width=&#8220;0&#8243; width=&#8220;3\/4&#8243;][vc_column_text uncode_shortcode_id=&#8220;175393&#8243;]<span style=\"font-weight: 400;\">Das <strong>Cova Santa<\/strong> liegt im Landesinneren im S\u00fcden von Ibiza und ist ein <strong>Restaurant<\/strong>, eine <strong>Bar<\/strong> und ein <strong>Nachtclub<\/strong>. Es ist ein wundersch\u00f6ner Veranstaltungsort. Im Besitz der <strong>Amnesia<\/strong>-Gruppe erwartet dich ein deutlich <strong>intimerer Clubbing-Veranstaltungsort<\/strong> mit einer entspannten Atmosph\u00e4re, die w\u00e4hrend der gesamten Saison einige gro\u00dfe Namen anzieht.  <\/span><\/p>\n<p><span style=\"font-weight: 400;\">Wenn du dich f\u00fcr ein Abendessen vor dem Tanzen entscheidest, erh\u00e4ltst du Zugang zum Club.<\/span><\/p>\n<p><span style=\"font-weight: 400;\">In den letzten Jahren hat die Anzahl der Partys im Clubbereich des Cova Santa zugenommen. Einst fanden hier die ein oder andere Afterparty von Leuten wie <strong>Marco Carola<\/strong> statt, heute kannst du beliebte Ibiza-Gr\u00f6\u00dfen wie <strong>woomoon<\/strong> und <strong>PIV<\/strong> im Laufe des Sommers regelm\u00e4\u00dfig in dem Lokal sehen. <\/span><\/p>\n<p><span style=\"font-weight: 400;\">In \u201enormalen\u201c Saisons sind einige der Partys sogar kostenlos! Der einzige Nachteil ist, dass man auf jeden Fall ein Taxi zu dem Veranstaltungsort nehmen muss. Ungeachtet dessen erfreut sich das Cova Santa wachsender Beliebtheit und bietet eine andere Erfahrung als ein typischer Clubbing-Abend auf Ibiza.  <\/span>[\/vc_column_text][vc_tabs][vc_tab title=&#8220;Was dich erwartet&#8220; tab_id=&#8220;1560767237-1-91fffd-f682b1c6-9995&#8243;][vc_column_text]<\/p>\n<blockquote>\n<h3><span style=\"font-weight: 400;\">&#8222;<\/span><span style=\"font-weight: 400;\">Eine erfrischende, entspannte Atmosph\u00e4re, Top-DJs und eine einzigartige Gartenb\u00fchne<\/span><span style=\"font-weight: 400;\">&#8222;<\/span><\/h3>\n<\/blockquote>\n<p>[\/vc_column_text][\/vc_tab][vc_tab title=&#8220;Unsere Tipps&#8220; tab_id=&#8220;1560767237-2-0fffd-f682b1c6-9995&#8243;][vc_column_text]<\/p>\n<ul>\n<li style=\"font-weight: 400;\"><span style=\"font-weight: 400;\">Vielleicht kannst du den Vorteil eines kostenlosen Eintritts ins Cova Santa nutzen, wenn du fr\u00fchzeitig zum Veranstaltungsort kommst&nbsp;\u2026 Halte also die Augen offen nach Ank\u00fcndigungen direkt vom Veranstaltungsort. <\/span><\/li>\n<\/ul>\n<p>[\/vc_column_text][\/vc_tab][\/vc_tabs][vc_accordion title=&#8220;FAQs&#8220;][vc_accordion_tab title=&#8220;Wie komme ich zum Cova Santa?&#8220; tab_id=&#8220;1560767237-1-24fffd-f682b1c6-9995&#8243;][vc_column_text]<span style=\"font-weight: 400;\">Das Cova Santa liegt im S\u00fcden der Insel, wenige Kilometer von San Josep entfernt. Mit dem Taxi sind es 15 Minuten von Ibiza-Stadt und 20 Minuten von San Antonio. Ein Taxi von Ibiza-Stadt kostet etwa 20&nbsp;\u20ac oder 30&nbsp;\u20ac von San Antonio.  <\/span>[\/vc_column_text][\/vc_accordion_tab][vc_accordion_tab title=&#8220;Wie sind die \u00d6ffnungszeiten des Cova Santa?&#8220; tab_id=&#8220;1560767237-2-71fffd-f682b1c6-9995&#8243;][vc_column_text uncode_shortcode_id=&#8220;370956&#8243;]<span style=\"font-weight: 400;\">Das Restaurant des Cova Santa \u00f6ffnet um 20:30&nbsp;Uhr. Der Club \u00f6ffnet an den meisten Abenden um 17:00&nbsp;Uhr und schlie\u00dft in der Regel um 6:00&nbsp;Uhr. <\/span>[\/vc_column_text][\/vc_accordion_tab][vc_accordion_tab title=&#8220;Wie viel kostet der Eintritt ins Cova Santa?&#8220; tab_id=&#8220;1560768560770-2-3fffd-f682b1c6-9995&#8243;][vc_column_text]<span style=\"font-weight: 400;\">Die Tickets f\u00fcr das Cova Santa kosten zwischen 25 und 35&nbsp;\u20ac, je nach Veranstalter des Abends. <\/span>[\/vc_column_text][\/vc_accordion_tab][vc_accordion_tab title=&#8220;Wie sind die Getr\u00e4nkepreise im Cova Santa?&#8220; tab_id=&#8220;1560768568468-3-4fffd-f682b1c6-9995&#8243;][vc_column_text uncode_shortcode_id=&#8220;257815&#8243;]<span style=\"font-weight: 400;\">Im Cova Santa kostet ein Bier 12&nbsp;\u20ac, Wasser 10&nbsp;\u20ac und ein Longdrink 20&nbsp;\u20ac.<\/span>[\/vc_column_text][\/vc_accordion_tab][vc_accordion_tab title=&#8220;Wie hoch ist die Kapazit\u00e4t im Cova Santa?&#8220; tab_id=&#8220;1560768585183-4-8fffd-f682b1c6-9995&#8243;][vc_column_text]<span style=\"font-weight: 400;\">Das Cova Santa fasst bis zu 2.000&nbsp;Personen.<\/span>[\/vc_column_text][\/vc_accordion_tab][vc_accordion_tab title=&#8220;Wie ist der Dresscode im Cova Santa?&#8220; tab_id=&#8220;1560768597322-5-10fffd-f682b1c6-9995&#8243;][vc_column_text]<span style=\"font-weight: 400;\">W\u00e4hrend du dich f\u00fcr das Restaurant vielleicht schick anziehen m\u00f6chtest, gibt es keinen Dresscode, wenn du nur zum Clubbing gehst. Trage, worin du dich beim Tanzen wohlf\u00fchlst! <\/span>[\/vc_column_text][\/vc_accordion_tab][vc_accordion_tab gutter_size=&#8220;2&#8243; column_padding=&#8220;2&#8243; title=&#8220;Wie ist das Line-up f\u00fcr das Cova Santa Ibiza?&#8220; tab_id=&#8220;1560768604185-6-7fffd-f682b1c6-9995&#8243;][vc_column_text]<span style=\"font-weight: 400;\">Das vollst\u00e4ndige Line-up f\u00fcr das Cova Santa kannst du im Kalender unten einsehen.<\/span>[\/vc_column_text][\/vc_accordion_tab][\/vc_accordion][\/vc_column][vc_column column_width_percent=&#8220;100&#8243; align_horizontal=&#8220;align_center&#8220; gutter_size=&#8220;2&#8243; overlay_alpha=&#8220;50&#8243; shift_x=&#8220;0&#8243; shift_y=&#8220;0&#8243; shift_y_down=&#8220;0&#8243; z_index=&#8220;0&#8243; medium_visibility=&#8220;yes&#8220; medium_width=&#8220;0&#8243; mobile_visibility=&#8220;yes&#8220; mobile_width=&#8220;0&#8243; sticky=&#8220;yes&#8220; width=&#8220;1\/4&#8243;][vc_button button_color=&#8220;color-jevc&#8220; size=&#8220;btn-lg&#8220; border_animation=&#8220;btn-ripple-out&#8220; wide=&#8220;yes&#8220; border_width=&#8220;0&#8243; link=&#8220;url:%23listings|&#8220; button_color_type=&#8220;uncode-palette&#8220; uncode_shortcode_id=&#8220;121652&#8243;]Tickets kaufen[\/vc_button][vc_separator sep_color=&#8220;accent&#8220;][vc_single_image media=&#8220;994522&#8243; media_width_percent=&#8220;75&#8243; alignment=&#8220;center&#8220; shape=&#8220;img-circle&#8220; border=&#8220;yes&#8220; shadow=&#8220;yes&#8220; shadow_weight=&#8220;sm&#8220; shadow_darker=&#8220;yes&#8220; uncode_shortcode_id=&#8220;638164&#8243;][vc_separator sep_color=&#8220;accent&#8220;][vc_gmaps latlon=&#8220;38.8943763,1.3314998&#8243; size=&#8220;280&#8243; map_color=&#8220;color-wvjs&#8220; ui_color=&#8220;accent&#8220; zoom=&#8220;10&#8243; map_saturation=&#8220;-100&#8243; map_brightness=&#8220;5&#8243; address=&#8220;PM-803, km 7, 07817 Ibiza, Islas Baleares, Spain&#8220;][vc_separator sep_color=&#8220;accent&#8220;][uncode_block id=&#8220;146863&#8243; inside_column=&#8220;yes&#8220;][\/vc_column][\/vc_row][vc_section back_color=&#8220;color-lxmt&#8220; overlay_alpha=&#8220;50&#8243;][vc_row][vc_column width=&#8220;3\/4&#8243;][vc_gallery el_id=&#8220;gallery-160005&#8243; type=&#8220;justified&#8220; random=&#8220;yes&#8220; medias=&#8220;994514,994515,994516,994517,991127,994520&#8243; justify_row_height=&#8220;150&#8243; gutter_size=&#8220;0&#8243; single_overlay_opacity=&#8220;50&#8243; single_padding=&#8220;2&#8243; title=&#8220;Fotogalerie&#8220;][\/vc_column][vc_column width=&#8220;1\/4&#8243;][vc_raw_html]PGlmcmFtZSBzdHlsZT0iYm9yZGVyLXJhZGl1czoxMnB4IiBzcmM9Imh0dHBzOi8vb3Blbi5zcG90aWZ5LmNvbS9lbWJlZC9wbGF5bGlzdC8wVUtraURlbTQyWmwwaTU2ZW1JV3JPP3V0bV9zb3VyY2U9Z2VuZXJhdG9yIiB3aWR0aD0iMTAwJSIgaGVpZ2h0PSIzNTIiIGZyYW1lYm9yZGVyPSIwIiBhbGxvd2Z1bGxzY3JlZW49IiIgYWxsb3c9ImF1dG9wbGF5OyBjbGlwYm9hcmQtd3JpdGU7IGVuY3J5cHRlZC1tZWRpYTsgZnVsbHNjcmVlbjsgcGljdHVyZS1pbi1waWN0dXJlIiBsb2FkaW5nPSJsYXp5Ij48L2lmcmFtZT4=[\/vc_raw_html][\/vc_column][\/vc_row][\/vc_section][vc_section back_color=&#8220;color-prif&#8220; overlay_alpha=&#8220;50&#8243;][vc_row row_height_percent=&#8220;0&#8243; overlay_alpha=&#8220;50&#8243; gutter_size=&#8220;3&#8243; column_width_percent=&#8220;100&#8243; shift_y=&#8220;0&#8243; z_index=&#8220;0&#8243; row_name=&#8220;listings&#8220;][vc_column column_width_percent=&#8220;100&#8243; position_vertical=&#8220;middle&#8220; align_horizontal=&#8220;align_center&#8220; gutter_size=&#8220;2&#8243; overlay_alpha=&#8220;50&#8243; shift_x=&#8220;0&#8243; shift_y=&#8220;0&#8243; shift_y_down=&#8220;0&#8243; z_index=&#8220;0&#8243; medium_width=&#8220;0&#8243; mobile_width=&#8220;0&#8243; width=&#8220;1\/1&#8243;][vc_custom_heading text_color=&#8220;color-xsdn&#8220; sub_lead=&#8220;yes&#8220; uncode_shortcode_id=&#8220;735539&#8243; text_color_type=&#8220;uncode-palette&#8220;]<\/p>\n<h2 style=\"text-align: center;\"><span style=\"color: #ffffff;\">Party-Listings<\/span><\/h2>\n<p>[\/vc_custom_heading]\t\t<div class=\"wcs-timetable__wrapper\">\n\t\t\t<div class=\"wcs-vue\" id=\"wcs-app-94\"><\/div>\n\t\t<\/div>\n\t\t[\/vc_column][\/vc_row][\/vc_section]<\/p>\n<\/div>","protected":false},"excerpt":{"rendered":"<p>[vc_row row_height_percent=&#8220;0&#8243; override_padding=&#8220;yes&#8220; h_padding=&#8220;2&#8243; top_padding=&#8220;2&#8243; bottom_padding=&#8220;0&#8243; back_image=&#8220;127426&#8243; back_attachment=&#8220;scroll&#8220; parallax=&#8220;yes&#8220; overlay_alpha=&#8220;50&#8243; gutter_size=&#8220;3&#8243; column_width_percent=&#8220;100&#8243; shift_y=&#8220;0&#8243; z_index=&#8220;0&#8243; row_height_pixel=&#8220;50&#8243;][vc_column width=&#8220;1\/1&#8243;][vc_empty_space empty_h=&#8220;5&#8243;][vc_row_inner row_inner_height_percent=&#8220;0&#8243; force_width_grid=&#8220;yes&#8220; overlay_color=&#8220;color-149363&#8243; [&hellip;]<\/p>\n","protected":false},"author":1,"featured_media":994522,"parent":989667,"menu_order":0,"comment_status":"closed","ping_status":"closed","template":"","meta":{"_acf_changed":false,"footnotes":""},"class_list":["post-994496","page","type-page","status-publish","has-post-thumbnail","hentry","page_category-clubs"],"acf":[],"_links":{"self":[{"href":"https:\/\/ticketsibiza.com\/de\/wp-json\/wp\/v2\/pages\/994496","targetHints":{"allow":["GET"]}}],"collection":[{"href":"https:\/\/ticketsibiza.com\/de\/wp-json\/wp\/v2\/pages"}],"about":[{"href":"https:\/\/ticketsibiza.com\/de\/wp-json\/wp\/v2\/types\/page"}],"author":[{"embeddable":true,"href":"https:\/\/ticketsibiza.com\/de\/wp-json\/wp\/v2\/users\/1"}],"replies":[{"embeddable":true,"href":"https:\/\/ticketsibiza.com\/de\/wp-json\/wp\/v2\/comments?post=994496"}],"version-history":[{"count":12,"href":"https:\/\/ticketsibiza.com\/de\/wp-json\/wp\/v2\/pages\/994496\/revisions"}],"predecessor-version":[{"id":1002473,"href":"https:\/\/ticketsibiza.com\/de\/wp-json\/wp\/v2\/pages\/994496\/revisions\/1002473"}],"up":[{"embeddable":true,"href":"https:\/\/ticketsibiza.com\/de\/wp-json\/wp\/v2\/pages\/989667"}],"wp:featuredmedia":[{"embeddable":true,"href":"https:\/\/ticketsibiza.com\/de\/wp-json\/wp\/v2\/media\/994522"}],"wp:attachment":[{"href":"https:\/\/ticketsibiza.com\/de\/wp-json\/wp\/v2\/media?parent=994496"}],"curies":[{"name":"wp","href":"https:\/\/api.w.org\/{rel}","templated":true}]}}