{"id":993881,"date":"2019-03-11T20:42:13","date_gmt":"2019-03-11T20:42:13","guid":{"rendered":"https:\/\/ticketsibiza.com\/parties\/abode\/"},"modified":"2025-10-13T13:16:21","modified_gmt":"2025-10-13T12:16:21","slug":"abode","status":"publish","type":"page","link":"https:\/\/ticketsibiza.com\/de\/partys\/abode\/","title":{"rendered":"ABODE Ibiza \u2013 Tickets, Events und Line-up 2024"},"content":{"rendered":"<div class=\"wpb-content-wrapper\"><p>[vc_row row_height_percent=&#8220;0&#8243; override_padding=&#8220;yes&#8220; h_padding=&#8220;2&#8243; top_padding=&#8220;2&#8243; bottom_padding=&#8220;0&#8243; back_image=&#8220;60622&#8243; overlay_alpha=&#8220;50&#8243; gutter_size=&#8220;3&#8243; column_width_percent=&#8220;100&#8243; shift_y=&#8220;0&#8243; z_index=&#8220;0&#8243; row_height_pixel=&#8220;50&#8243;][vc_column width=&#8220;1\/1&#8243;][vc_empty_space empty_h=&#8220;5&#8243;][vc_row_inner row_inner_height_percent=&#8220;0&#8243; force_width_grid=&#8220;yes&#8220; overlay_color=&#8220;color-149363&#8243; overlay_alpha=&#8220;70&#8243; gutter_size=&#8220;1&#8243; shift_y=&#8220;1&#8243; z_index=&#8220;3&#8243; css=&#8220;.vc_custom_1555709033995{margin-bottom: 0px !important;border-bottom-width: 0px !important;padding-top: 0px !important;padding-bottom: 0px !important;padding-left: 20px !important;}&#8220;][vc_column_inner column_width_percent=&#8220;100&#8243; gutter_size=&#8220;0&#8243; overlay_alpha=&#8220;50&#8243; shift_x=&#8220;0&#8243; shift_y=&#8220;0&#8243; shift_y_down=&#8220;0&#8243; z_index=&#8220;0&#8243; medium_width=&#8220;0&#8243; mobile_width=&#8220;0&#8243; width=&#8220;1\/1&#8243; css=&#8220;.vc_custom_1551002411961{padding-bottom: 0px !important;}&#8220;][vc_custom_heading text_color=&#8220;color-xsdn&#8220; heading_semantic=&#8220;h1&#8243; text_size=&#8220;h1&#8243; sub_reduced=&#8220;yes&#8220;]ABODE[\/vc_custom_heading][vc_column_text text_lead=&#8220;yes&#8220;]<strong><span style=\"color: white;\">Amnesia<\/span><\/strong>[\/vc_column_text][\/vc_column_inner][\/vc_row_inner][\/vc_column][\/vc_row][vc_row row_height_percent=&#8220;0&#8243; override_padding=&#8220;yes&#8220; h_padding=&#8220;2&#8243; top_padding=&#8220;2&#8243; bottom_padding=&#8220;0&#8243; overlay_alpha=&#8220;50&#8243; gutter_size=&#8220;3&#8243; column_width_percent=&#8220;100&#8243; shift_y=&#8220;0&#8243; z_index=&#8220;0&#8243; css=&#8220;.vc_custom_1551018966910{margin-bottom: 0px !important;padding-bottom: 0px !important;}&#8220;][vc_column column_width_percent=&#8220;100&#8243; gutter_size=&#8220;0&#8243; overlay_alpha=&#8220;50&#8243; shift_x=&#8220;0&#8243; shift_y=&#8220;0&#8243; shift_y_down=&#8220;0&#8243; z_index=&#8220;0&#8243; medium_width=&#8220;0&#8243; mobile_width=&#8220;0&#8243; width=&#8220;3\/4&#8243;][vc_column_text uncode_shortcode_id=&#8220;131508&#8243;]<\/p>\n<blockquote>\n<h3>Die Party aus London legt 2024 noch einen Gang zu<\/h3>\n<\/blockquote>\n<p>[\/vc_column_text][\/vc_column][vc_column column_width_percent=&#8220;100&#8243; align_horizontal=&#8220;align_center&#8220; gutter_size=&#8220;0&#8243; overlay_alpha=&#8220;50&#8243; shift_x=&#8220;0&#8243; shift_y=&#8220;0&#8243; shift_y_down=&#8220;0&#8243; z_index=&#8220;0&#8243; medium_width=&#8220;0&#8243; mobile_width=&#8220;0&#8243; width=&#8220;1\/4&#8243;][vc_button button_color=&#8220;color-jevc&#8220; size=&#8220;btn-xl&#8220; border_animation=&#8220;btn-ripple-out&#8220; border_width=&#8220;0&#8243; link=&#8220;url:%23listings|&#8220;]Tickets kaufen[\/vc_button][\/vc_column][\/vc_row][vc_row row_height_percent=&#8220;0&#8243; overlay_alpha=&#8220;50&#8243; gutter_size=&#8220;3&#8243; column_width_percent=&#8220;100&#8243; shift_y=&#8220;0&#8243; z_index=&#8220;0&#8243; css=&#8220;.vc_custom_1551018712642{margin-top: 0px !important;margin-bottom: 0px !important;}&#8220;][vc_column column_width_percent=&#8220;100&#8243; gutter_size=&#8220;2&#8243; overlay_alpha=&#8220;50&#8243; shift_x=&#8220;0&#8243; shift_y=&#8220;0&#8243; shift_y_down=&#8220;0&#8243; z_index=&#8220;0&#8243; medium_width=&#8220;0&#8243; mobile_width=&#8220;0&#8243; width=&#8220;3\/4&#8243;][vc_column_text uncode_shortcode_id=&#8220;231251&#8243;]<span style=\"font-weight: 400;\">ABODE ist 2024 zur\u00fcck auf Ibiza und wird immer besser. Seit den Anf\u00e4ngen im Sankeys im Jahr 2024 veranstaltet die ABODE-Crew ihre Partys jetzt jede Woche im Eden. Dabei gibt es all die unglaublichen Elemente, die du von dem ber\u00fchmten Club erwarten kannst: eine fantastische Lightshow und ein Soundsystem, das dich auf der Tanzfl\u00e4che festhalten wird.  <\/span><\/p>\n<p><span style=\"font-weight: 400;\">ABODE ist stolz darauf, sowohl aufstrebende als auch etablierte Talente zu pr\u00e4sentieren und veranstaltet Partys, die sich auf hochwertige Underground-House-Musik konzentrieren. W\u00e4hrend sie 2018 zuvor die Amnesia Terrace zusammen mit Do Not Sleep betrieben haben, hat der Erfolg und die Fangemeinde von ABODE zu ihrer ersten eigenen Nacht im Superclub gef\u00fchrt, und wir k\u00f6nnen es kaum erwarten zu sehen, was sie 2024 f\u00fcr uns bereithalten. <\/span>[\/vc_column_text][\/vc_column][vc_column column_width_percent=&#8220;100&#8243; gutter_size=&#8220;0&#8243; overlay_alpha=&#8220;50&#8243; shift_x=&#8220;0&#8243; shift_y=&#8220;0&#8243; shift_y_down=&#8220;0&#8243; z_index=&#8220;0&#8243; medium_width=&#8220;0&#8243; mobile_width=&#8220;0&#8243; sticky=&#8220;yes&#8220; width=&#8220;1\/4&#8243;][vc_separator sep_color=&#8220;color-149363&#8243;][uncode_list icon=&#8220;fa fa-location-outline&#8220; uncode_shortcode_id=&#8220;127744&#8243;]<\/p>\n<ul>\n<li>Eden<\/li>\n<\/ul>\n<p>[\/uncode_list][uncode_list icon=&#8220;fa fa-calendar&#8220;]<\/p>\n<ul>\n<li>Donnerstag<\/li>\n<\/ul>\n<p>[\/uncode_list][uncode_list icon=&#8220;fa fa-cab&#8220;]<\/p>\n<ul>\n<li>Ctra. Ibiza a San Antonio, 07816 <\/li>\n<\/ul>\n<p>[\/uncode_list][uncode_list icon=&#8220;fa fa-ticket&#8220;]<\/p>\n<ul>\n<li>Ibiza Spotlight<\/li>\n<\/ul>\n<p>[\/uncode_list][vc_separator sep_color=&#8220;color-149363&#8243;][\/vc_column][\/vc_row][vc_section back_color=&#8220;color-lxmt&#8220; overlay_alpha=&#8220;50&#8243;][vc_row][vc_column width=&#8220;3\/4&#8243;][vc_gallery el_id=&#8220;gallery-160005&#8243; type=&#8220;justified&#8220; random=&#8220;yes&#8220; medias=&#8220;993885,991126,993886,993887,993888,993889&#8243; justify_row_height=&#8220;150&#8243; gutter_size=&#8220;3&#8243; single_overlay_opacity=&#8220;50&#8243; single_padding=&#8220;2&#8243; title=&#8220;ABODE Galerie&#8220;][\/vc_column][vc_column width=&#8220;1\/4&#8243;][uncode_share layout=&#8220;multiple&#8220; separator=&#8220;yes&#8220; title=&#8220;Diese Party teilen&#8220;][\/vc_column][\/vc_row][\/vc_section][vc_section back_color=&#8220;color-prif&#8220; overlay_alpha=&#8220;50&#8243;][vc_row row_height_percent=&#8220;0&#8243; override_padding=&#8220;yes&#8220; h_padding=&#8220;2&#8243; top_padding=&#8220;2&#8243; bottom_padding=&#8220;0&#8243; overlay_alpha=&#8220;50&#8243; gutter_size=&#8220;3&#8243; column_width_percent=&#8220;100&#8243; shift_y=&#8220;0&#8243; z_index=&#8220;0&#8243; row_name=&#8220;listings&#8220;][vc_column column_width_percent=&#8220;100&#8243; position_vertical=&#8220;middle&#8220; align_horizontal=&#8220;align_center&#8220; gutter_size=&#8220;0&#8243; override_padding=&#8220;yes&#8220; column_padding=&#8220;0&#8243; overlay_alpha=&#8220;50&#8243; shift_x=&#8220;0&#8243; shift_y=&#8220;0&#8243; shift_y_down=&#8220;0&#8243; z_index=&#8220;0&#8243; medium_width=&#8220;0&#8243; mobile_width=&#8220;0&#8243; width=&#8220;1\/1&#8243;][vc_custom_heading text_color=&#8220;color-xsdn&#8220; sub_lead=&#8220;yes&#8220;]<\/p>\n<h2 style=\"text-align: center;\"><span style=\"color: #ffffff;\">Partylisten 2019<\/span><\/h2>\n<p>[\/vc_custom_heading][\/vc_column][\/vc_row][vc_row row_height_percent=&#8220;0&#8243; overlay_alpha=&#8220;50&#8243; gutter_size=&#8220;2&#8243; column_width_percent=&#8220;100&#8243; shift_y=&#8220;0&#8243; z_index=&#8220;0&#8243;][vc_column column_width_percent=&#8220;100&#8243; gutter_size=&#8220;3&#8243; expand_height=&#8220;yes&#8220; overlay_alpha=&#8220;50&#8243; shift_x=&#8220;0&#8243; shift_y=&#8220;0&#8243; shift_y_down=&#8220;0&#8243; z_index=&#8220;0&#8243; medium_width=&#8220;0&#8243; mobile_width=&#8220;0&#8243; width=&#8220;1\/1&#8243; css=&#8220;.vc_custom_1561364742261{padding-top: 5px !important;}&#8220;]\t\t<div class=\"wcs-timetable__wrapper\">\n\t\t\t<div class=\"wcs-vue\" id=\"wcs-app-11\"><\/div>\n\t\t<\/div>\n\t\t[\/vc_column][\/vc_row][\/vc_section]<\/p>\n<\/div>","protected":false},"excerpt":{"rendered":"<p>[vc_row row_height_percent=&#8220;0&#8243; override_padding=&#8220;yes&#8220; h_padding=&#8220;2&#8243; top_padding=&#8220;2&#8243; bottom_padding=&#8220;0&#8243; back_image=&#8220;60622&#8243; overlay_alpha=&#8220;50&#8243; gutter_size=&#8220;3&#8243; column_width_percent=&#8220;100&#8243; shift_y=&#8220;0&#8243; z_index=&#8220;0&#8243; row_height_pixel=&#8220;50&#8243;][vc_column width=&#8220;1\/1&#8243;][vc_empty_space empty_h=&#8220;5&#8243;][vc_row_inner row_inner_height_percent=&#8220;0&#8243; force_width_grid=&#8220;yes&#8220; overlay_color=&#8220;color-149363&#8243; overlay_alpha=&#8220;70&#8243; gutter_size=&#8220;1&#8243; [&hellip;]<\/p>\n","protected":false},"author":2,"featured_media":58011,"parent":991484,"menu_order":0,"comment_status":"closed","ping_status":"closed","template":"","meta":{"_acf_changed":false,"footnotes":""},"class_list":["post-993881","page","type-page","status-publish","has-post-thumbnail","hentry","page_category-partys"],"acf":[],"_links":{"self":[{"href":"https:\/\/ticketsibiza.com\/de\/wp-json\/wp\/v2\/pages\/993881","targetHints":{"allow":["GET"]}}],"collection":[{"href":"https:\/\/ticketsibiza.com\/de\/wp-json\/wp\/v2\/pages"}],"about":[{"href":"https:\/\/ticketsibiza.com\/de\/wp-json\/wp\/v2\/types\/page"}],"author":[{"embeddable":true,"href":"https:\/\/ticketsibiza.com\/de\/wp-json\/wp\/v2\/users\/2"}],"replies":[{"embeddable":true,"href":"https:\/\/ticketsibiza.com\/de\/wp-json\/wp\/v2\/comments?post=993881"}],"version-history":[{"count":2,"href":"https:\/\/ticketsibiza.com\/de\/wp-json\/wp\/v2\/pages\/993881\/revisions"}],"predecessor-version":[{"id":993899,"href":"https:\/\/ticketsibiza.com\/de\/wp-json\/wp\/v2\/pages\/993881\/revisions\/993899"}],"up":[{"embeddable":true,"href":"https:\/\/ticketsibiza.com\/de\/wp-json\/wp\/v2\/pages\/991484"}],"wp:featuredmedia":[{"embeddable":true,"href":"https:\/\/ticketsibiza.com\/de\/wp-json\/wp\/v2\/media\/58011"}],"wp:attachment":[{"href":"https:\/\/ticketsibiza.com\/de\/wp-json\/wp\/v2\/media?parent=993881"}],"curies":[{"name":"wp","href":"https:\/\/api.w.org\/{rel}","templated":true}]}}