{"id":992919,"date":"2019-09-11T21:35:21","date_gmt":"2019-09-11T20:35:21","guid":{"rendered":"https:\/\/ticketsibiza.com\/clubs\/pikes\/"},"modified":"2025-11-11T17:13:34","modified_gmt":"2025-11-11T17:13:34","slug":"pikes","status":"publish","type":"page","link":"https:\/\/ticketsibiza.com\/de\/clubs\/pikes\/","title":{"rendered":"Pikes Ibiza 2026 &#8211; Tickets, Veranstaltungen und Line-up"},"content":{"rendered":"<div class=\"wpb-content-wrapper\"><p>[vc_row row_height_percent=&#8220;0&#8243; override_padding=&#8220;yes&#8220; h_padding=&#8220;2&#8243; top_padding=&#8220;2&#8243; bottom_padding=&#8220;0&#8243; back_image=&#8220;127456&#8243; back_attachment=&#8220;scroll&#8220; parallax=&#8220;yes&#8220; overlay_alpha=&#8220;50&#8243; gutter_size=&#8220;3&#8243; column_width_percent=&#8220;100&#8243; shift_y=&#8220;0&#8243; z_index=&#8220;0&#8243; row_height_pixel=&#8220;50&#8243;][vc_column width=&#8220;1\/1&#8243;][vc_empty_space empty_h=&#8220;5&#8243;][vc_row_inner row_inner_height_percent=&#8220;0&#8243; force_width_grid=&#8220;yes&#8220; overlay_color=&#8220;color-149363&#8243; overlay_alpha=&#8220;70&#8243; gutter_size=&#8220;1&#8243; shift_y=&#8220;1&#8243; z_index=&#8220;3&#8243; css=&#8220;.vc_custom_1555872297672{margin-bottom: 0px !important;border-bottom-width: 0px !important;padding-top: 0px !important;padding-bottom: 0px !important;padding-left: 20px !important;}&#8220;][vc_column_inner column_width_percent=&#8220;100&#8243; gutter_size=&#8220;0&#8243; overlay_alpha=&#8220;50&#8243; shift_x=&#8220;0&#8243; shift_y=&#8220;0&#8243; shift_y_down=&#8220;0&#8243; z_index=&#8220;0&#8243; medium_width=&#8220;0&#8243; mobile_width=&#8220;0&#8243; width=&#8220;1\/1&#8243; css=&#8220;.vc_custom_1551002411961{padding-bottom: 0px !important;}&#8220;][vc_custom_heading text_color=&#8220;color-xsdn&#8220; heading_semantic=&#8220;h1&#8243; text_size=&#8220;h1&#8243; sub_reduced=&#8220;yes&#8220;]<\/p>\n<h1 style=\"text-align: left;\"><span style=\"color: #ffffff;\">Pikes Ibiza<\/span><\/h1>\n<p>[\/vc_custom_heading][vc_column_text text_lead=&#8220;yes&#8220;]<\/p>\n<h4><span style=\"font-weight: 400; color: #ffffff;\">Hotel. Club. Ibiza-Institution.  <\/span><\/h4>\n<p>[\/vc_column_text][\/vc_column_inner][\/vc_row_inner][\/vc_column][\/vc_row][vc_row row_height_percent=&#8220;0&#8243; overlay_alpha=&#8220;50&#8243; gutter_size=&#8220;3&#8243; column_width_percent=&#8220;100&#8243; shift_y=&#8220;0&#8243; z_index=&#8220;0&#8243; css=&#8220;.vc_custom_1551018712642{margin-top: 0px !important;margin-bottom: 0px !important;}&#8220;][vc_column column_width_percent=&#8220;100&#8243; gutter_size=&#8220;3&#8243; overlay_alpha=&#8220;50&#8243; shift_x=&#8220;0&#8243; shift_y=&#8220;0&#8243; shift_y_down=&#8220;0&#8243; z_index=&#8220;0&#8243; medium_width=&#8220;0&#8243; mobile_width=&#8220;0&#8243; width=&#8220;3\/4&#8243;][vc_column_text]<span style=\"font-weight: 400;\">Die Geschichte von Pikes reicht weit zur\u00fcck. Gegr\u00fcndet von <strong>Tony Pike<\/strong> in den 1970er Jahren, waren einige der ber\u00fchmtesten Namen der Welt h\u00e4ufige G\u00e4ste des Hotels, das nur eine kurze Autofahrt von <strong>San Antonio<\/strong> im Westen Ibizas entfernt liegt. <\/span><\/p>\n<p><span style=\"font-weight: 400;\">Am ber\u00fchmtesten war vielleicht, dass <strong>Freddie Mercury<\/strong> ein wiederkehrender Gast war, der noch heute <strong>sein eigenes Zimmer<\/strong> nach ihm benannt hat. Zu sagen, du h\u00e4ttest in Freddie Mercurys altem Hotelzimmer getanzt, ist eine dieser Dinge, die man wirklich nur auf Ibiza sagen kann. <\/span><\/p>\n<p><span style=\"font-weight: 400;\">Dann gibt es nat\u00fcrlich noch den Swimmingpool, der durch das Musikvideo zu <strong>Wham\u2019s Club Tropicana<\/strong> ber\u00fchmt wurde, das im Hotel gedreht wurde.&nbsp;<\/span><\/p>\n<p><span style=\"font-weight: 400;\">Es ist alles Teil eines Ortes, bei dem man das Gef\u00fchl hat, dass er im Laufe der Jahre alles erlebt hat. Im Jahr 2011 \u00fcbernahm <strong>Ibiza Rocks<\/strong> den Veranstaltungsort und modernisierte ihn zu dem, was das Hotel heute ist. <\/span><\/p>\n<p><span style=\"font-weight: 400;\">Aus Club-Sicht, erwarte keine riesige, weitl\u00e4ufige Tanzfl\u00e4che, als w\u00e4rst du in einem Superclub. Nein, worauf du dich einstellen solltest, ist eher das Gef\u00fchl, auf einer <strong>House-Party<\/strong> mitten in der ibizenkischen Landschaft zu sein. Ehrlich gesagt, ist es das auch so ziemlich. Es ist wie nirgendwo sonst, und es ist fantastisch.   <\/span><\/p>\n<p><span style=\"font-weight: 400;\">Der Club ist nicht jede Nacht ge\u00f6ffnet, und die Musikrichtung variiert stark im Laufe der Woche, plane deinen Trip also sorgf\u00e4ltig. Allerdings ist Pikes kein Ort, in den man einfach so hineinstolpert, wenn du also dorthin gehst, um zu feiern, kannst du sicher sein, dass du dort mit anderen Gleichgesinnten sein wirst. <\/span><\/p>\n<p><span style=\"font-weight: 400;\">Partys im Pikes haben normalerweise freien Eintritt, du musst dich jedoch direkt \u00fcber deren Website f\u00fcr die G\u00e4steliste anmelden.<\/span>[\/vc_column_text][vc_tabs][vc_tab title=&#8220;Was dich erwartet&#8220; tab_id=&#8220;1560767237-1-91fffd-f68253a7-0b86&#8243;][vc_column_text]<\/p>\n<blockquote>\n<h3><span style=\"font-weight: 400;\">\u201eEin geschichtstr\u00e4chtiger Ort und eine Atmosph\u00e4re wie bei einer Hausparty\u201c<\/span><\/h3>\n<\/blockquote>\n<p>[\/vc_column_text][\/vc_tab][vc_tab title=&#8220;Unsere Tipps&#8220; tab_id=&#8220;1560767237-2-0fffd-f68253a7-0b86&#8243;][vc_column_text]<\/p>\n<ul>\n<li style=\"font-weight: 400;\"><span style=\"font-weight: 400;\">Stell sicher, dass du die Set-Zeiten f\u00fcr den Club \u00fcberpr\u00fcfst. Die Partys \u00e4ndern sich von Nacht zu Nacht und er schlie\u00dft nicht so sp\u00e4t wie andere Clubs auf Ibiza. <\/span><\/li>\n<li style=\"font-weight: 400;\"><span style=\"font-weight: 400;\">Wenn du hungrig bist, hol dir etwas zu essen im ausgezeichneten Restaurant, damit du vor dem Tanzen speisen und entspannen kannst.<\/span><\/li>\n<\/ul>\n<p>[\/vc_column_text][\/vc_tab][\/vc_tabs][vc_accordion title=&#8220;FAQs&#8220;][vc_accordion_tab title=&#8220;Wie komme ich zum Pikes?&#8220; tab_id=&#8220;1560767237-1-24fffd-f68253a7-0b86&#8243;][vc_column_text]<span style=\"font-weight: 400;\">Pikes liegt ein paar Kilometer au\u00dferhalb von San Antonio, im Westen Ibizas. Es ist ziemlich versteckt, daher empfehlen wir, ein Taxi dorthin zu nehmen. Von San Antonio kostet es dich unter 10 \u20ac, und von Ibiza-Stadt etwa 35 \u20ac, um dorthin zu gelangen.  <\/span>[\/vc_column_text][\/vc_accordion_tab][vc_accordion_tab title=&#8220;Wann sind die \u00d6ffnungszeiten des Pikes?&#8220; tab_id=&#8220;1560767237-2-71fffd-f68253a7-0b86&#8243;][vc_column_text]<span style=\"font-weight: 400;\">Es gibt keine festen \u00d6ffnungs-\/Schlie\u00dfzeiten, da Pikes ein Hotel ist. Allerdings beginnen die meisten Clubn\u00e4chte um 20:00 Uhr und gehen bis 4:00 Uhr morgens. <\/span>[\/vc_column_text][\/vc_accordion_tab][vc_accordion_tab title=&#8220;Wie viel kostet der Eintritt ins Pikes?&#8220; tab_id=&#8220;1560768560770-2-3fffd-f68253a7-0b86&#8243;][vc_column_text]<span style=\"font-weight: 400;\">Tickets f\u00fcr Pikes sind normalerweise kostenlos, wenn man auf der G\u00e4steliste steht.<\/span>[\/vc_column_text][\/vc_accordion_tab][vc_accordion_tab title=&#8220;Was kosten die Getr\u00e4nke im Pikes?&#8220; tab_id=&#8220;1560768568468-3-4fffd-f68253a7-0b86&#8243;][vc_column_text uncode_shortcode_id=&#8220;167847&#8243;]<span style=\"font-weight: 400;\">Ein Bier kostet 15 \u20ac, Wasser 9 \u20ac und ein Longdrink 19 \u20ac.<\/span>[\/vc_column_text][\/vc_accordion_tab][vc_accordion_tab title=&#8220;Wie hoch ist die Kapazit\u00e4t im Pikes?&#8220; tab_id=&#8220;1560768585183-4-8fffd-f68253a7-0b86&#8243;][vc_column_text]<span style=\"font-weight: 400;\">Pikes bietet Platz f\u00fcr bis zu 800 Personen.<\/span>[\/vc_column_text][\/vc_accordion_tab][vc_accordion_tab title=&#8220;Wie ist der Dresscode im Pikes?&#8220; tab_id=&#8220;1560768597322-5-10fffd-f68253a7-0b86&#8243;][vc_column_text]<span style=\"font-weight: 400;\">W\u00e4hrend du dich f\u00fcr das Restaurant vielleicht etwas schicker anziehen m\u00f6chtest, gibt es, wenn du nur zum Clubbing gehst, keinen Dresscode. Zieh an, worin du dich beim Tanzen wohlf\u00fchlst! <\/span>[\/vc_column_text][\/vc_accordion_tab][vc_accordion_tab gutter_size=&#8220;2&#8243; column_padding=&#8220;2&#8243; title=&#8220;Wie ist das Line-up f\u00fcr Pikes Ibiza?&#8220; tab_id=&#8220;1560768604185-6-7fffd-f68253a7-0b86&#8243;][vc_column_text uncode_shortcode_id=&#8220;147527&#8243;]<span style=\"font-weight: 400;\">Sieh dir das vollst\u00e4ndige Line-up f\u00fcr Pikes Ibiza <a href=\"https:\/\/pikesibiza.com\/events\/\" target=\"_blank\" rel=\"noopener\">hier<\/a> an.<\/span>[\/vc_column_text][\/vc_accordion_tab][\/vc_accordion][\/vc_column][vc_column column_width_percent=&#8220;100&#8243; align_horizontal=&#8220;align_center&#8220; gutter_size=&#8220;2&#8243; overlay_alpha=&#8220;50&#8243; shift_x=&#8220;0&#8243; shift_y=&#8220;0&#8243; shift_y_down=&#8220;0&#8243; z_index=&#8220;0&#8243; medium_visibility=&#8220;yes&#8220; medium_width=&#8220;0&#8243; mobile_visibility=&#8220;yes&#8220; mobile_width=&#8220;0&#8243; sticky=&#8220;yes&#8220; width=&#8220;1\/4&#8243;][vc_button button_color=&#8220;color-jevc&#8220; size=&#8220;btn-xl&#8220; border_animation=&#8220;btn-ripple-out&#8220; wide=&#8220;yes&#8220; border_width=&#8220;0&#8243; link=&#8220;url:https%3A%2F%2Fpikesibiza.com%2Fevents%2F|target:%20_blank|&#8220;]Tickets kaufen[\/vc_button][vc_separator sep_color=&#8220;accent&#8220;][vc_single_image media=&#8220;992927&#8243; media_width_percent=&#8220;75&#8243; alignment=&#8220;center&#8220; shape=&#8220;img-circle&#8220; border=&#8220;yes&#8220; shadow=&#8220;yes&#8220; shadow_weight=&#8220;sm&#8220; shadow_darker=&#8220;yes&#8220;][vc_separator sep_color=&#8220;accent&#8220;][vc_gmaps latlon=&#8220;38.9910216,1.3200945&#8243; size=&#8220;280&#8243; map_color=&#8220;color-wvjs&#8220; ui_color=&#8220;accent&#8220; zoom=&#8220;10&#8243; map_saturation=&#8220;-100&#8243; map_brightness=&#8220;5&#8243; address=&#8220;Cam\u00ed de Sa Vorera, S\/N, 07820 Sant Antoni de Portmany, Illes Balears, Spain&#8220;][vc_separator sep_color=&#8220;accent&#8220;][uncode_block id=&#8220;146863&#8243; inside_column=&#8220;yes&#8220;][\/vc_column][\/vc_row][vc_section back_color=&#8220;color-lxmt&#8220; overlay_alpha=&#8220;50&#8243;][vc_row][vc_column width=&#8220;3\/4&#8243;][vc_gallery el_id=&#8220;gallery-160005&#8243; type=&#8220;justified&#8220; random=&#8220;yes&#8220; medias=&#8220;989815,989814,991128,992929,992930,992931&#8243; justify_row_height=&#8220;150&#8243; gutter_size=&#8220;0&#8243; single_overlay_opacity=&#8220;50&#8243; single_padding=&#8220;2&#8243; title=&#8220;Fotogalerie&#8220;][\/vc_column][vc_column width=&#8220;1\/4&#8243;][vc_raw_html]PGlmcmFtZSBzcmM9Imh0dHBzOi8vb3Blbi5zcG90aWZ5LmNvbS9lbWJlZC1wb2RjYXN0L3Nob3cvNUxGcmdGdzd4bmVvYzhVOHlGSTMxVSIgd2lkdGg9IjEwMCUiIGhlaWdodD0iMjMyIiBmcmFtZWJvcmRlcj0iMCIgYWxsb3d0cmFuc3BhcmVuY3k9InRydWUiIGFsbG93PSJlbmNyeXB0ZWQtbWVkaWEiPjwvaWZyYW1lPg==[\/vc_raw_html][\/vc_column][\/vc_row][\/vc_section][vc_section back_color=&#8220;color-prif&#8220; overlay_alpha=&#8220;50&#8243;][vc_row row_height_percent=&#8220;0&#8243; overlay_alpha=&#8220;50&#8243; gutter_size=&#8220;3&#8243; column_width_percent=&#8220;100&#8243; shift_y=&#8220;0&#8243; z_index=&#8220;0&#8243; row_name=&#8220;listings&#8220;][vc_column column_width_percent=&#8220;100&#8243; position_vertical=&#8220;middle&#8220; align_horizontal=&#8220;align_center&#8220; gutter_size=&#8220;2&#8243; overlay_alpha=&#8220;50&#8243; shift_x=&#8220;0&#8243; shift_y=&#8220;0&#8243; shift_y_down=&#8220;0&#8243; z_index=&#8220;0&#8243; medium_width=&#8220;0&#8243; mobile_width=&#8220;0&#8243; width=&#8220;1\/1&#8243;][vc_button button_color=&#8220;color-vyce&#8220; size=&#8220;btn-lg&#8220; border_width=&#8220;0&#8243; link=&#8220;url:https%3A%2F%2Fpikesibiza.com%2Fevents%2F|target:%20_blank|&#8220;]TICKETS KAUFEN[\/vc_button][\/vc_column][\/vc_row][\/vc_section]<\/p>\n<\/div>","protected":false},"excerpt":{"rendered":"<p>[vc_row row_height_percent=&#8220;0&#8243; override_padding=&#8220;yes&#8220; h_padding=&#8220;2&#8243; top_padding=&#8220;2&#8243; bottom_padding=&#8220;0&#8243; back_image=&#8220;127456&#8243; back_attachment=&#8220;scroll&#8220; parallax=&#8220;yes&#8220; overlay_alpha=&#8220;50&#8243; gutter_size=&#8220;3&#8243; column_width_percent=&#8220;100&#8243; shift_y=&#8220;0&#8243; z_index=&#8220;0&#8243; row_height_pixel=&#8220;50&#8243;][vc_column width=&#8220;1\/1&#8243;][vc_empty_space empty_h=&#8220;5&#8243;][vc_row_inner row_inner_height_percent=&#8220;0&#8243; force_width_grid=&#8220;yes&#8220; overlay_color=&#8220;color-149363&#8243; [&hellip;]<\/p>\n","protected":false},"author":1,"featured_media":127457,"parent":989667,"menu_order":0,"comment_status":"closed","ping_status":"closed","template":"","meta":{"_acf_changed":false,"footnotes":""},"class_list":["post-992919","page","type-page","status-publish","has-post-thumbnail","hentry","page_category-clubs"],"acf":[],"_links":{"self":[{"href":"https:\/\/ticketsibiza.com\/de\/wp-json\/wp\/v2\/pages\/992919","targetHints":{"allow":["GET"]}}],"collection":[{"href":"https:\/\/ticketsibiza.com\/de\/wp-json\/wp\/v2\/pages"}],"about":[{"href":"https:\/\/ticketsibiza.com\/de\/wp-json\/wp\/v2\/types\/page"}],"author":[{"embeddable":true,"href":"https:\/\/ticketsibiza.com\/de\/wp-json\/wp\/v2\/users\/1"}],"replies":[{"embeddable":true,"href":"https:\/\/ticketsibiza.com\/de\/wp-json\/wp\/v2\/comments?post=992919"}],"version-history":[{"count":22,"href":"https:\/\/ticketsibiza.com\/de\/wp-json\/wp\/v2\/pages\/992919\/revisions"}],"predecessor-version":[{"id":1002872,"href":"https:\/\/ticketsibiza.com\/de\/wp-json\/wp\/v2\/pages\/992919\/revisions\/1002872"}],"up":[{"embeddable":true,"href":"https:\/\/ticketsibiza.com\/de\/wp-json\/wp\/v2\/pages\/989667"}],"wp:featuredmedia":[{"embeddable":true,"href":"https:\/\/ticketsibiza.com\/de\/wp-json\/wp\/v2\/media\/127457"}],"wp:attachment":[{"href":"https:\/\/ticketsibiza.com\/de\/wp-json\/wp\/v2\/media?parent=992919"}],"curies":[{"name":"wp","href":"https:\/\/api.w.org\/{rel}","templated":true}]}}