{"id":991527,"date":"2019-04-21T17:39:48","date_gmt":"2019-04-21T16:39:48","guid":{"rendered":"https:\/\/ticketsibiza.com\/ibiza-information\/"},"modified":"2026-01-13T17:26:23","modified_gmt":"2026-01-13T17:26:23","slug":"ibiza-informationen","status":"publish","type":"page","link":"https:\/\/ticketsibiza.com\/de\/ibiza-informationen\/","title":{"rendered":"Ibiza Informationen"},"content":{"rendered":"<div class=\"wpb-content-wrapper\"><p>[vc_row row_height_percent=&#8220;20&#8243; override_padding=&#8220;yes&#8220; h_padding=&#8220;0&#8243; top_padding=&#8220;0&#8243; bottom_padding=&#8220;0&#8243; back_image=&#8220;57222&#8243; back_position=&#8220;center center&#8220; overlay_alpha=&#8220;50&#8243; gutter_size=&#8220;3&#8243; column_width_percent=&#8220;100&#8243; shift_y=&#8220;0&#8243; z_index=&#8220;0&#8243;][vc_column column_width_percent=&#8220;100&#8243; position_vertical=&#8220;bottom&#8220; gutter_size=&#8220;3&#8243; overlay_alpha=&#8220;50&#8243; shift_x=&#8220;0&#8243; shift_y=&#8220;0&#8243; shift_y_down=&#8220;0&#8243; z_index=&#8220;0&#8243; medium_width=&#8220;0&#8243; mobile_width=&#8220;0&#8243; width=&#8220;1\/1&#8243;][vc_empty_space empty_h=&#8220;2&#8243;][vc_row_inner row_inner_height_percent=&#8220;0&#8243; force_width_grid=&#8220;yes&#8220; overlay_color=&#8220;color-149363&#8243; overlay_alpha=&#8220;70&#8243; gutter_size=&#8220;1&#8243; shift_y=&#8220;1&#8243; z_index=&#8220;3&#8243; css=&#8220;.vc_custom_1555859440035{margin-bottom: 0px !important;border-bottom-width: 0px !important;padding-top: 0px !important;padding-bottom: 0px !important;padding-left: 20px !important;}&#8220;][vc_column_inner column_width_percent=&#8220;100&#8243; position_vertical=&#8220;bottom&#8220; gutter_size=&#8220;0&#8243; overlay_alpha=&#8220;50&#8243; shift_x=&#8220;0&#8243; shift_y=&#8220;0&#8243; shift_y_down=&#8220;0&#8243; z_index=&#8220;0&#8243; medium_width=&#8220;0&#8243; mobile_width=&#8220;0&#8243; width=&#8220;1\/1&#8243; css=&#8220;.vc_custom_1589471909973{padding-bottom: 0px !important;}&#8220;][vc_custom_heading text_color=&#8220;color-xsdn&#8220; heading_semantic=&#8220;h1&#8243; text_size=&#8220;h1&#8243; sub_reduced=&#8220;yes&#8220;]Ibiza Informationen[\/vc_custom_heading][\/vc_column_inner][\/vc_row_inner][\/vc_column][\/vc_row][vc_row row_height_percent=&#8220;0&#8243; override_padding=&#8220;yes&#8220; h_padding=&#8220;2&#8243; top_padding=&#8220;2&#8243; bottom_padding=&#8220;2&#8243; overlay_alpha=&#8220;50&#8243; gutter_size=&#8220;3&#8243; column_width_percent=&#8220;100&#8243; shift_y=&#8220;0&#8243; z_index=&#8220;0&#8243; css=&#8220;.vc_custom_1555860699675{padding-bottom: 0px !important;}&#8220;][vc_column column_width_percent=&#8220;100&#8243; gutter_size=&#8220;2&#8243; overlay_alpha=&#8220;50&#8243; shift_x=&#8220;0&#8243; shift_y=&#8220;0&#8243; shift_y_down=&#8220;0&#8243; z_index=&#8220;0&#8243; medium_width=&#8220;0&#8243; mobile_width=&#8220;0&#8243; width=&#8220;3\/4&#8243;][vc_column_text uncode_shortcode_id=&#8220;800961&#8243;]<\/p>\n<div class=\"noted\">\n<h4><strong>Hallo \ud83d\udc4b<\/strong><\/h4>\n<p>Unser Ziel ist es, dir alle Infos zu geben, die du brauchst, um deine Clubtickets f\u00fcr Ibiza zu kaufen.<\/p>\n<p>Wir haben einen Guide f\u00fcr Ibizas Clubs, Opening Partys und Closing Partys.<\/p>\n<p>Unser Partykalender enth\u00e4lt kommende Eintr\u00e4ge und Line-ups f\u00fcr alle gro\u00dfen Clubs der Insel. Einige unserer beliebtesten Seiten sind unten aufgef\u00fchrt. <\/p>\n<p>Wenn du eine Frage hast oder mit uns in Kontakt treten m\u00f6chtest, <a href=\"https:\/\/ticketsibiza.com\/de\/kontakt\/\">freuen wir uns darauf, von dir zu h\u00f6ren<\/a>.<\/p>\n<\/div>\n<p>[\/vc_column_text][uncode_index el_id=&#8220;index-257037&#8243; loop=&#8220;size:14|order_by:modified|order:DESC|post_type:page|by_id:131701,145810,127205,57367,503856,494587,146348,131929,131828,127225,127103,59199,605017,586650,578167,562500|taxonomy_count:10&#8243; screen_lg=&#8220;1100&#8243; screen_md=&#8220;800&#8243; screen_sm=&#8220;480&#8243; gutter_size=&#8220;3&#8243; page_items=&#8220;title,media|featured|onpost|original&#8220; single_text=&#8220;overlay&#8220; single_shape=&#8220;round&#8220; radius=&#8220;xl&#8220; single_overlay_color=&#8220;color-jevc&#8220; single_overlay_opacity=&#8220;31&#8243; single_overlay_visible=&#8220;yes&#8220; single_text_visible=&#8220;yes&#8220; single_h_align=&#8220;center&#8220; single_h_align_mobile=&#8220;center&#8220; single_reduced=&#8220;limit-width&#8220; single_padding=&#8220;2&#8243; single_title_semantic=&#8220;h4&#8243; single_title_dimension=&#8220;h2&#8243; uncode_shortcode_id=&#8220;139124&#8243;][\/vc_column][vc_column column_width_percent=&#8220;100&#8243; gutter_size=&#8220;2&#8243; overlay_alpha=&#8220;50&#8243; shift_x=&#8220;0&#8243; shift_y=&#8220;0&#8243; shift_y_down=&#8220;0&#8243; z_index=&#8220;0&#8243; medium_width=&#8220;0&#8243; mobile_width=&#8220;0&#8243; sticky=&#8220;yes&#8220; width=&#8220;1\/4&#8243;][uncode_block id=&#8220;142897&#8243; inside_column=&#8220;yes&#8220;][\/vc_column][\/vc_row]<\/p>\n<\/div>","protected":false},"excerpt":{"rendered":"<p>[vc_row row_height_percent=&#8220;20&#8243; override_padding=&#8220;yes&#8220; h_padding=&#8220;0&#8243; top_padding=&#8220;0&#8243; bottom_padding=&#8220;0&#8243; back_image=&#8220;57222&#8243; back_position=&#8220;center center&#8220; overlay_alpha=&#8220;50&#8243; gutter_size=&#8220;3&#8243; column_width_percent=&#8220;100&#8243; shift_y=&#8220;0&#8243; z_index=&#8220;0&#8243;][vc_column column_width_percent=&#8220;100&#8243; position_vertical=&#8220;bottom&#8220; gutter_size=&#8220;3&#8243; overlay_alpha=&#8220;50&#8243; shift_x=&#8220;0&#8243; shift_y=&#8220;0&#8243; [&hellip;]<\/p>\n","protected":false},"author":2,"featured_media":0,"parent":0,"menu_order":0,"comment_status":"closed","ping_status":"closed","template":"","meta":{"_acf_changed":false,"footnotes":""},"class_list":["post-991527","page","type-page","status-publish","hentry"],"acf":[],"_links":{"self":[{"href":"https:\/\/ticketsibiza.com\/de\/wp-json\/wp\/v2\/pages\/991527","targetHints":{"allow":["GET"]}}],"collection":[{"href":"https:\/\/ticketsibiza.com\/de\/wp-json\/wp\/v2\/pages"}],"about":[{"href":"https:\/\/ticketsibiza.com\/de\/wp-json\/wp\/v2\/types\/page"}],"author":[{"embeddable":true,"href":"https:\/\/ticketsibiza.com\/de\/wp-json\/wp\/v2\/users\/2"}],"replies":[{"embeddable":true,"href":"https:\/\/ticketsibiza.com\/de\/wp-json\/wp\/v2\/comments?post=991527"}],"version-history":[{"count":12,"href":"https:\/\/ticketsibiza.com\/de\/wp-json\/wp\/v2\/pages\/991527\/revisions"}],"predecessor-version":[{"id":1061570,"href":"https:\/\/ticketsibiza.com\/de\/wp-json\/wp\/v2\/pages\/991527\/revisions\/1061570"}],"wp:attachment":[{"href":"https:\/\/ticketsibiza.com\/de\/wp-json\/wp\/v2\/media?parent=991527"}],"curies":[{"name":"wp","href":"https:\/\/api.w.org\/{rel}","templated":true}]}}