{"id":991205,"date":"2019-09-11T20:07:25","date_gmt":"2019-09-11T19:07:25","guid":{"rendered":"https:\/\/ticketsibiza.com\/clubs\/lio\/"},"modified":"2026-03-18T17:02:17","modified_gmt":"2026-03-18T17:02:17","slug":"lio","status":"publish","type":"page","link":"https:\/\/ticketsibiza.com\/de\/clubs\/lio\/","title":{"rendered":"L\u00edo Ibiza 2026 \u2013 Tickets, Events und Line-up"},"content":{"rendered":"<div class=\"wpb-content-wrapper\"><p>[vc_row row_height_percent=&#8220;0&#8243; override_padding=&#8220;yes&#8220; h_padding=&#8220;2&#8243; top_padding=&#8220;2&#8243; bottom_padding=&#8220;0&#8243; back_image=&#8220;127407&#8243; back_attachment=&#8220;scroll&#8220; parallax=&#8220;yes&#8220; overlay_alpha=&#8220;50&#8243; gutter_size=&#8220;3&#8243; column_width_percent=&#8220;100&#8243; shift_y=&#8220;0&#8243; z_index=&#8220;0&#8243; row_height_pixel=&#8220;50&#8243;][vc_column column_width_percent=&#8220;100&#8243; position_vertical=&#8220;bottom&#8220; gutter_size=&#8220;3&#8243; overlay_alpha=&#8220;50&#8243; shift_x=&#8220;0&#8243; shift_y=&#8220;0&#8243; shift_y_down=&#8220;0&#8243; z_index=&#8220;0&#8243; medium_width=&#8220;0&#8243; mobile_width=&#8220;0&#8243; width=&#8220;1\/1&#8243;][vc_empty_space empty_h=&#8220;5&#8243;][vc_row_inner row_inner_height_percent=&#8220;0&#8243; force_width_grid=&#8220;yes&#8220; overlay_color=&#8220;color-149363&#8243; overlay_alpha=&#8220;70&#8243; gutter_size=&#8220;1&#8243; shift_y=&#8220;1&#8243; z_index=&#8220;3&#8243; css=&#8220;.vc_custom_1555872297672{margin-bottom: 0px !important;border-bottom-width: 0px !important;padding-top: 0px !important;padding-bottom: 0px !important;padding-left: 20px !important;}&#8220;][vc_column_inner column_width_percent=&#8220;100&#8243; gutter_size=&#8220;0&#8243; overlay_alpha=&#8220;50&#8243; shift_x=&#8220;0&#8243; shift_y=&#8220;0&#8243; shift_y_down=&#8220;0&#8243; z_index=&#8220;0&#8243; medium_width=&#8220;0&#8243; mobile_width=&#8220;0&#8243; width=&#8220;1\/1&#8243; css=&#8220;.vc_custom_1551002411961{padding-bottom: 0px !important;}&#8220;][vc_custom_heading text_color=&#8220;color-xsdn&#8220; heading_semantic=&#8220;h1&#8243; text_size=&#8220;h1&#8243; sub_reduced=&#8220;yes&#8220;]<\/p>\n<h1 style=\"text-align: left;\"><span style=\"color: #ffffff;\">L\u00edo<\/span><\/h1>\n<p>[\/vc_custom_heading][vc_column_text text_lead=&#8220;yes&#8220;]<\/p>\n<h4><span style=\"font-weight: 400; color: #ffffff;\">Ibizas glamour\u00f6ser Kabarett- und Clubbing-Hotspot<\/span><\/h4>\n<p>[\/vc_column_text][\/vc_column_inner][\/vc_row_inner][\/vc_column][\/vc_row][vc_row row_height_percent=&#8220;0&#8243; overlay_alpha=&#8220;50&#8243; gutter_size=&#8220;3&#8243; column_width_percent=&#8220;100&#8243; shift_y=&#8220;0&#8243; z_index=&#8220;0&#8243; css=&#8220;.vc_custom_1551018712642{margin-top: 0px !important;margin-bottom: 0px !important;}&#8220;][vc_column column_width_percent=&#8220;100&#8243; gutter_size=&#8220;3&#8243; overlay_alpha=&#8220;50&#8243; shift_x=&#8220;0&#8243; shift_y=&#8220;0&#8243; shift_y_down=&#8220;0&#8243; z_index=&#8220;0&#8243; medium_width=&#8220;0&#8243; mobile_width=&#8220;0&#8243; width=&#8220;3\/4&#8243;][vc_column_text uncode_shortcode_id=&#8220;180626&#8243;]<span style=\"font-weight: 400;\">Mit unglaublichem Blick auf <strong>Dalt Vila<\/strong> und die <strong>Altstadt<\/strong> von seiner Lage in <strong>Talamanca<\/strong> aus, ist <strong>L\u00edo<\/strong> ein \u00e4u\u00dferst vielseitiger Veranstaltungsort, der alles von Cocktails, Kabarett und Clubbing bis in die fr\u00fchen Morgenstunden bietet.<\/span><\/p>\n<p><span style=\"font-weight: 400;\">Du kannst sehen, wie sich der Veranstaltungsort im Laufe des Tages vom Restaurant zum <strong>Kabarett<\/strong> und nach 1 Uhr nachts zum <strong>vollwertigen Club<\/strong> verwandelt. Es gibt nicht viele Orte auf Ibiza, die ein so breites Angebot bieten k\u00f6nnen \u2013 ein Besuch im L\u00edo ist einer, an den du dich lange erinnern wirst. <\/span><\/p>\n<p><span style=\"font-weight: 400;\">Das Publikum ist reifer und kleidet sich, um zu beeindrucken. <\/span><span style=\"font-weight: 400;\">Es ist wahrscheinlich, dass du mit einigen der ber\u00fchmten G\u00e4ste, die L\u00edo sehr regelm\u00e4\u00dfig besuchen, auf Tuchf\u00fchlung gehst\u2026 vergiss nicht, cool zu bleiben ?<\/span><\/p>\n<p><span style=\"font-weight: 400;\">Aus Clubbing-Sicht hat sich L\u00edo in den letzten Saisons erheblich diversifiziert. Mit Residencies von <strong>Felix da Housecat<\/strong>, <strong>2manydjs<\/strong> und <strong>Sebastian Gamboa<\/strong> wirst du keine Schwierigkeiten haben, eine Party zu finden, die deinem Geschmack entspricht. <\/span><\/p>\n<p><span style=\"font-weight: 400;\">Wenn du eine allumfassende unterhaltsame Nacht suchst, wenn du auf Ibiza bist, ist L\u00edo definitiv eine \u00dcberlegung wert.<\/span>[\/vc_column_text][vc_tabs][vc_tab title=&#8220;Was dich erwartet&#8220; tab_id=&#8220;1560767237-1-91fffd-f682&#8243;][vc_column_text]<\/p>\n<blockquote>\n<h3><span style=\"font-weight: 400;\">\u201eGlanz, Glamour, ber\u00fchmte Gesichter, unglaubliche Ausblicke und ein Unterhaltungserlebnis wie nirgendwo sonst auf der Insel\u201c<\/span><\/h3>\n<\/blockquote>\n<p>[\/vc_column_text][\/vc_tab][vc_tab title=&#8220;Unsere Tipps&#8220; tab_id=&#8220;1560767237-2-0fffd-f682&#8243;][vc_column_text]<\/p>\n<ul>\n<li style=\"font-weight: 400;\"><span style=\"font-weight: 400;\">Du hast ein kleines Budget? Das ist nicht der richtige Ort daf\u00fcr ? Denk daran, du kannst auch nur f\u00fcr die Clubnacht kommen, ohne vorher einen Tisch zu reservieren.  <\/span><\/li>\n<li style=\"font-weight: 400;\"><span style=\"font-weight: 400;\">Zieh dich schick an! Dies ist ein Veranstaltungsort auf Ibiza, bei dem du passend gekleidet sein m\u00f6chtest. <\/span><\/li>\n<li style=\"font-weight: 400;\"><span style=\"font-weight: 400;\">Vergiss nicht, dass deine Restaurantreservierung auch als dein Club-Eintritt z\u00e4hlt.<\/span><\/li>\n<li style=\"font-weight: 400;\">L\u00edo veranstaltet w\u00e4hrend der gesamten Sommersaison viele besondere Events und Dinner. Bleib auf ihrer <a style=\"font-family: -apple-system, BlinkMacSystemFont, &#039;Segoe UI&#039;, Roboto, Oxygen-Sans, Ubuntu, Cantarell, &#039;Helvetica Neue&#039;, sans-serif;\" href=\"https:\/\/lioibiza.com\/\" target=\"_blank\" rel=\"noopener\">Website<\/a><span style=\"font-weight: 400;\"> f\u00fcr die neuesten Ank\u00fcndigungen<\/span> auf dem Laufenden. <\/li>\n<\/ul>\n<p>[\/vc_column_text][\/vc_tab][\/vc_tabs][vc_accordion title=&#8220;FAQs&#8220;][vc_accordion_tab title=&#8220;Wie komme ich zum L\u00edo?&#8220; tab_id=&#8220;1560767237-1-24fffd-f682&#8243;][vc_column_text]<span style=\"font-weight: 400;\">L\u00edo liegt in Talamanca, 20 Gehminuten von Ibiza-Stadt entfernt. Ein Taxi von Ibiza-Stadt kostet dich etwa 10 \u20ac oder 30 \u20ac von San Antonio. <\/span>[\/vc_column_text][\/vc_accordion_tab][vc_accordion_tab title=&#8220;Wann sind die \u00d6ffnungszeiten des L\u00edo?&#8220; tab_id=&#8220;1560767237-2-71fffd-f682&#8243;][vc_column_text]<span style=\"font-weight: 400;\">Das Restaurant des L\u00edo \u00f6ffnet jeden Abend um 20:30 Uhr. Der Club \u00f6ffnet um 1 Uhr und der gesamte Veranstaltungsort schlie\u00dft jede Nacht um 6 Uhr. <\/span>[\/vc_column_text][\/vc_accordion_tab][vc_accordion_tab title=&#8220;Wie viel kostet der Eintritt ins L\u00edo?&#8220; tab_id=&#8220;1560768560770-2-3fffd-f682&#8243;][vc_column_text]<span style=\"font-weight: 400;\">Tickets f\u00fcr das L\u00edo liegen preislich zwischen 40\u201350 \u20ac, je nach Veranstalter des Abends. F\u00fcr einen VIP-Tisch musst du mit mindestens 200 \u20ac pro Person rechnen.  Kaufe deine Tickets vorab online, um mindestens 10 \u20ac gegen\u00fcber dem Preis an der Abendkasse zu sparen.<\/span>[\/vc_column_text][\/vc_accordion_tab][vc_accordion_tab title=&#8220;Was sind die Getr\u00e4nkepreise im L\u00edo?&#8220; tab_id=&#8220;1560768568468-3-4fffd-f682&#8243;][vc_column_text]<span style=\"font-weight: 400;\">Im Jahr 2019 kostet ein Bier im L\u00edo 15 \u20ac, Wasser 10 \u20ac und ein Longdrink 25 \u20ac. Weinflaschen gibt es ab 72 \u20ac. <\/span>[\/vc_column_text][\/vc_accordion_tab][vc_accordion_tab title=&#8220;Wie hoch ist die Kapazit\u00e4t im L\u00edo?&#8220; tab_id=&#8220;1560768585183-4-8fffd-f682&#8243;][vc_column_text]<span style=\"font-weight: 400;\">L\u00edo kann bis zu 1.500 Personen aufnehmen.<\/span>[\/vc_column_text][\/vc_accordion_tab][vc_accordion_tab title=&#8220;Was ist der Dresscode im L\u00edo?&#8220; tab_id=&#8220;1560768597322-5-10fffd-f682&#8243;][vc_column_text]<span style=\"font-weight: 400;\">Kleide dich, um zu beeindrucken. Du wirst wahrscheinlich abgewiesen, wenn du Flip-Flops, zerrissene Jeans oder Tanktops tr\u00e4gst. <\/span>[\/vc_column_text][\/vc_accordion_tab][vc_accordion_tab gutter_size=&#8220;2&#8243; column_padding=&#8220;2&#8243; title=&#8220;Was ist das Line-up f\u00fcr L\u00edo Ibiza?&#8220; tab_id=&#8220;1560768604185-6-7fffd-f682&#8243;][vc_column_text]<span style=\"font-weight: 400;\">Du kannst das vollst\u00e4ndige Line-up f\u00fcr L\u00edo Ibiza im Kalender unten einsehen.<\/span>[\/vc_column_text][\/vc_accordion_tab][\/vc_accordion][\/vc_column][vc_column column_width_percent=&#8220;100&#8243; align_horizontal=&#8220;align_center&#8220; gutter_size=&#8220;2&#8243; overlay_alpha=&#8220;50&#8243; shift_x=&#8220;0&#8243; shift_y=&#8220;0&#8243; shift_y_down=&#8220;0&#8243; z_index=&#8220;0&#8243; medium_visibility=&#8220;yes&#8220; medium_width=&#8220;0&#8243; mobile_visibility=&#8220;yes&#8220; mobile_width=&#8220;0&#8243; sticky=&#8220;yes&#8220; width=&#8220;1\/4&#8243;][vc_button button_color=&#8220;color-jevc&#8220; size=&#8220;btn-lg&#8220; border_animation=&#8220;btn-ripple-out&#8220; wide=&#8220;yes&#8220; border_width=&#8220;0&#8243; link=&#8220;url:%23listings|&#8220; button_color_type=&#8220;uncode-palette&#8220; uncode_shortcode_id=&#8220;101296&#8243;]Tickets kaufen[\/vc_button][vc_separator sep_color=&#8220;accent&#8220;][vc_single_image media=&#8220;991217&#8243; media_width_percent=&#8220;75&#8243; alignment=&#8220;center&#8220; shape=&#8220;img-circle&#8220; border=&#8220;yes&#8220; shadow=&#8220;yes&#8220; shadow_weight=&#8220;sm&#8220; shadow_darker=&#8220;yes&#8220;][vc_separator sep_color=&#8220;accent&#8220;][vc_separator sep_color=&#8220;accent&#8220;][uncode_block id=&#8220;146863&#8243; inside_column=&#8220;yes&#8220;][\/vc_column][\/vc_row][vc_section back_color=&#8220;color-lxmt&#8220; overlay_alpha=&#8220;50&#8243;][vc_row][vc_column width=&#8220;3\/4&#8243;][vc_gallery el_id=&#8220;gallery-160005&#8243; type=&#8220;justified&#8220; random=&#8220;yes&#8220; medias=&#8220;991211,991212,991213,991214,991215,991216&#8243; justify_row_height=&#8220;150&#8243; gutter_size=&#8220;0&#8243; single_overlay_opacity=&#8220;50&#8243; single_padding=&#8220;2&#8243; title=&#8220;Fotogalerie&#8220;][\/vc_column][vc_column width=&#8220;1\/4&#8243;][\/vc_column][\/vc_row][\/vc_section][vc_section back_color=&#8220;color-prif&#8220; overlay_alpha=&#8220;50&#8243;][vc_row row_height_percent=&#8220;0&#8243; overlay_alpha=&#8220;50&#8243; gutter_size=&#8220;3&#8243; column_width_percent=&#8220;100&#8243; shift_y=&#8220;0&#8243; z_index=&#8220;0&#8243; row_name=&#8220;listings&#8220;][vc_column column_width_percent=&#8220;100&#8243; position_vertical=&#8220;middle&#8220; align_horizontal=&#8220;align_center&#8220; gutter_size=&#8220;2&#8243; overlay_alpha=&#8220;50&#8243; shift_x=&#8220;0&#8243; shift_y=&#8220;0&#8243; shift_y_down=&#8220;0&#8243; z_index=&#8220;0&#8243; medium_width=&#8220;0&#8243; mobile_width=&#8220;0&#8243; width=&#8220;1\/1&#8243;][vc_custom_heading text_color=&#8220;color-xsdn&#8220; sub_lead=&#8220;yes&#8220; uncode_shortcode_id=&#8220;157002&#8243; text_color_type=&#8220;uncode-palette&#8220;]<\/p>\n<h2 style=\"text-align: center;\"><span style=\"color: #ffffff;\">Party-Listings<\/span><\/h2>\n<p>[\/vc_custom_heading]\t\t<div class=\"wcs-timetable__wrapper\">\n\t\t\t<div class=\"wcs-vue\" id=\"wcs-app-93\"><\/div>\n\t\t<\/div>\n\t\t[\/vc_column][\/vc_row][\/vc_section]<\/p>\n<\/div>","protected":false},"excerpt":{"rendered":"<p>[vc_row row_height_percent=&#8220;0&#8243; override_padding=&#8220;yes&#8220; h_padding=&#8220;2&#8243; top_padding=&#8220;2&#8243; bottom_padding=&#8220;0&#8243; back_image=&#8220;127407&#8243; back_attachment=&#8220;scroll&#8220; parallax=&#8220;yes&#8220; overlay_alpha=&#8220;50&#8243; gutter_size=&#8220;3&#8243; column_width_percent=&#8220;100&#8243; shift_y=&#8220;0&#8243; z_index=&#8220;0&#8243; row_height_pixel=&#8220;50&#8243;][vc_column column_width_percent=&#8220;100&#8243; position_vertical=&#8220;bottom&#8220; gutter_size=&#8220;3&#8243; overlay_alpha=&#8220;50&#8243; shift_x=&#8220;0&#8243; [&hellip;]<\/p>\n","protected":false},"author":1,"featured_media":991217,"parent":989667,"menu_order":0,"comment_status":"closed","ping_status":"closed","template":"","meta":{"_acf_changed":false,"footnotes":""},"class_list":["post-991205","page","type-page","status-publish","has-post-thumbnail","hentry","page_category-clubs"],"acf":[],"_links":{"self":[{"href":"https:\/\/ticketsibiza.com\/de\/wp-json\/wp\/v2\/pages\/991205","targetHints":{"allow":["GET"]}}],"collection":[{"href":"https:\/\/ticketsibiza.com\/de\/wp-json\/wp\/v2\/pages"}],"about":[{"href":"https:\/\/ticketsibiza.com\/de\/wp-json\/wp\/v2\/types\/page"}],"author":[{"embeddable":true,"href":"https:\/\/ticketsibiza.com\/de\/wp-json\/wp\/v2\/users\/1"}],"replies":[{"embeddable":true,"href":"https:\/\/ticketsibiza.com\/de\/wp-json\/wp\/v2\/comments?post=991205"}],"version-history":[{"count":13,"href":"https:\/\/ticketsibiza.com\/de\/wp-json\/wp\/v2\/pages\/991205\/revisions"}],"predecessor-version":[{"id":1128852,"href":"https:\/\/ticketsibiza.com\/de\/wp-json\/wp\/v2\/pages\/991205\/revisions\/1128852"}],"up":[{"embeddable":true,"href":"https:\/\/ticketsibiza.com\/de\/wp-json\/wp\/v2\/pages\/989667"}],"wp:featuredmedia":[{"embeddable":true,"href":"https:\/\/ticketsibiza.com\/de\/wp-json\/wp\/v2\/media\/991217"}],"wp:attachment":[{"href":"https:\/\/ticketsibiza.com\/de\/wp-json\/wp\/v2\/media?parent=991205"}],"curies":[{"name":"wp","href":"https:\/\/api.w.org\/{rel}","templated":true}]}}