{"id":991121,"date":"2019-08-29T13:06:05","date_gmt":"2019-08-29T12:06:05","guid":{"rendered":"https:\/\/ticketsibiza.com\/ibiza-spotlight-review\/"},"modified":"2025-11-11T17:14:18","modified_gmt":"2025-11-11T17:14:18","slug":"ibiza-spotlight-review","status":"publish","type":"page","link":"https:\/\/ticketsibiza.com\/de\/ibiza-spotlight-review\/","title":{"rendered":"Ibiza Spotlight Bewertung"},"content":{"rendered":"<div class=\"wpb-content-wrapper\"><p>[vc_row row_height_percent=&#8220;20&#8243; override_padding=&#8220;yes&#8220; h_padding=&#8220;0&#8243; top_padding=&#8220;0&#8243; bottom_padding=&#8220;0&#8243; back_image=&#8220;57222&#8243; back_position=&#8220;center center&#8220; parallax=&#8220;yes&#8220; overlay_alpha=&#8220;50&#8243; gutter_size=&#8220;3&#8243; column_width_percent=&#8220;100&#8243; shift_y=&#8220;0&#8243; z_index=&#8220;0&#8243;][vc_column width=&#8220;1\/1&#8243;][vc_empty_space empty_h=&#8220;5&#8243;][vc_row_inner row_inner_height_percent=&#8220;0&#8243; force_width_grid=&#8220;yes&#8220; overlay_color=&#8220;color-149363&#8243; overlay_alpha=&#8220;70&#8243; gutter_size=&#8220;1&#8243; shift_y=&#8220;1&#8243; z_index=&#8220;3&#8243; css=&#8220;.vc_custom_1555859440035{margin-bottom: 0px !important;border-bottom-width: 0px !important;padding-top: 0px !important;padding-bottom: 0px !important;padding-left: 20px !important;}&#8220;][vc_column_inner column_width_percent=&#8220;100&#8243; gutter_size=&#8220;0&#8243; overlay_alpha=&#8220;50&#8243; shift_x=&#8220;0&#8243; shift_y=&#8220;0&#8243; shift_y_down=&#8220;0&#8243; z_index=&#8220;0&#8243; medium_width=&#8220;0&#8243; mobile_width=&#8220;0&#8243; width=&#8220;1\/1&#8243; css=&#8220;.vc_custom_1551002411961{padding-bottom: 0px !important;}&#8220;][vc_custom_heading text_color=&#8220;color-xsdn&#8220; heading_semantic=&#8220;h1&#8243; text_size=&#8220;h1&#8243; sub_reduced=&#8220;yes&#8220;]Ibiza Spotlight Bewertung[\/vc_custom_heading][\/vc_column_inner][\/vc_row_inner][\/vc_column][\/vc_row][vc_row row_height_percent=&#8220;0&#8243; override_padding=&#8220;yes&#8220; h_padding=&#8220;2&#8243; top_padding=&#8220;2&#8243; bottom_padding=&#8220;2&#8243; overlay_alpha=&#8220;50&#8243; gutter_size=&#8220;3&#8243; column_width_percent=&#8220;100&#8243; shift_y=&#8220;0&#8243; z_index=&#8220;0&#8243; css=&#8220;.vc_custom_1555860699675{padding-bottom: 0px !important;}&#8220;][vc_column column_width_percent=&#8220;100&#8243; gutter_size=&#8220;2&#8243; overlay_alpha=&#8220;50&#8243; shift_x=&#8220;0&#8243; shift_y=&#8220;0&#8243; shift_y_down=&#8220;0&#8243; z_index=&#8220;0&#8243; medium_width=&#8220;0&#8243; mobile_width=&#8220;0&#8243; width=&#8220;3\/4&#8243;][vc_column_text]Es gibt viele Orte, um online Informationen \u00fcber Ibiza zu finden. Wenn du auf diese Seite gekommen bist, nachdem du nach Bewertungen \u00fcber Ibiza Spotlight gesucht hast, recherchierst du richtig \u00fcber die Website, bevor du deine Ibiza Club Tickets, dein Hotel oder andere Aktivit\u00e4ten auf der Insel buchst. <\/p>\n<p>Werfen wir also einen genaueren Blick auf Ibiza Spotlight, seine Geschichte, was sie anbieten und ob du online kaufen solltest, bevor du nach Ibiza f\u00e4hrst oder nicht.[\/vc_column_text][vc_row_inner row_inner_height_percent=&#8220;0&#8243; back_color=&#8220;accent&#8220; overlay_alpha=&#8220;50&#8243; gutter_size=&#8220;3&#8243; shift_y=&#8220;0&#8243; z_index=&#8220;0&#8243;][vc_column_inner column_width_percent=&#8220;100&#8243; gutter_size=&#8220;3&#8243; override_padding=&#8220;yes&#8220; column_padding=&#8220;2&#8243; overlay_alpha=&#8220;50&#8243; shift_x=&#8220;0&#8243; shift_y=&#8220;0&#8243; shift_y_down=&#8220;0&#8243; z_index=&#8220;0&#8243; medium_width=&#8220;0&#8243; mobile_width=&#8220;0&#8243; width=&#8220;1\/1&#8243;][vc_column_text]<span style=\"text-decoration: underline; color: #ffffff;\">In diesem Artikel:<\/span><\/p>\n<p><span style=\"color: #ffffff;\"><a style=\"color: #ffffff;\" href=\"#history\">Ibiza Spotlight Geschichte<\/a><\/span><\/p>\n<p><span style=\"color: #ffffff;\"><a style=\"color: #ffffff;\" href=\"#do\">Was macht Ibiza Spotlight?<\/a><\/span><\/p>\n<p><span style=\"color: #ffffff;\"><a style=\"color: #ffffff;\" href=\"#calendar\">Ibiza Spotlight Kalender<\/a><\/span><\/p>\n<p><span style=\"color: #ffffff;\"><a style=\"color: #ffffff;\" href=\"#tickets\">Ibiza Spotlight Tickets<\/a><\/span><\/p>\n<p><span style=\"color: #ffffff;\"><a style=\"color: #ffffff;\" href=\"#advance\">Soll ich Ibiza Tickets im Voraus kaufen?<\/a><\/span><\/p>\n<p><span style=\"color: #ffffff;\"><a style=\"color: #ffffff;\" href=\"#reasons\">Gr\u00fcnde, Tickets bei Ibiza Spotlight zu kaufen<\/a><\/span><\/p>\n<p><span style=\"color: #ffffff;\"><a style=\"color: #ffffff;\" href=\"#deposits\">Ibiza Club Ticket Anzahlungen<\/a><\/span>[\/vc_column_text][\/vc_column_inner][\/vc_row_inner][vc_empty_space empty_h=&#8220;2&#8243;][vc_custom_heading separator=&#8220;yes&#8220; separator_color=&#8220;yes&#8220;]<\/p>\n<h2 id=\"history\">Ibiza Spotlight: seine Geschichte<\/h2>\n<p>[\/vc_custom_heading][vc_column_text]In den 70ern war das Internet noch kein Thema. Verr\u00fcckt, oder? Die Leute bezogen ihre Informationen tats\u00e4chlich aus Zeitungen und Zeitschriften. Und genau so hat Ibiza Spotlight angefangen: als gedrucktes Magazin im Jahr 1976.   <\/p>\n<p>An der Schwelle des Tourismusbooms <a href=\"https:\/\/www.ibiza-spotlight.com\/magazine\/2016\/10\/news-spotlight-on-loss-ibiza-visionary\" target=\"_blank\" rel=\"noopener\">gr\u00fcndete der Engl\u00e4nder Norman Skinner Ibiza Spotlight<\/a>, um das Beste von dem zu teilen, was auf der Insel geschah.[\/vc_column_text][vc_empty_space empty_h=&#8220;2&#8243;][vc_single_image media=&#8220;991134&#8243; caption=&#8220;yes&#8220; media_width_percent=&#8220;100&#8243;][vc_separator sep_color=&#8220;accent&#8220;][vc_empty_space empty_h=&#8220;2&#8243;][vc_column_text]Schneller Vorlauf ins Jahr 1999, und Ibiza Spotlight startete offiziell seine Website <a href=\"https:\/\/www.ibiza-spotlight.com?aid=145&amp;tid1=ti-is-article\" target=\"_blank\" rel=\"noopener noreferrer\">www.ibiza-spotlight.com<\/a>.<\/p>\n<p>Es war ein ziemlich mutiger Schritt angesichts der Unsicherheit rund um das Internet zu dieser Zeit, obwohl dies entscheidend sein w\u00fcrde, um sich als die Online-Autorit\u00e4t f\u00fcr alles, was mit Ibiza zu tun hat, zu etablieren.[\/vc_column_text][vc_empty_space empty_h=&#8220;2&#8243;][vc_single_image media=&#8220;991136&#8243; caption=&#8220;yes&#8220; media_width_percent=&#8220;100&#8243;][vc_empty_space empty_h=&#8220;2&#8243;][vc_separator sep_color=&#8220;accent&#8220; type=&#8220;dashed&#8220;][vc_empty_space empty_h=&#8220;2&#8243;][vc_column_text]Die Website erh\u00e4lt jetzt \u00fcber <strong>5 Millionen einzelne Besucher pro Jahr<\/strong> und w\u00e4chst jedes Jahr.<\/p>\n<p>Obwohl das Publikum \u00fcberwiegend <strong>englischsprachig<\/strong> ist, gibt es lokalisierte Versionen in <strong>Spanisch<\/strong> &#8211; <a href=\"http:\/\/www.ibiza-spotlight.es\" target=\"_blank\" rel=\"noopener\">www.ibiza-spotlight.es<\/a>, <strong>Deutsch<\/strong>, <a href=\"http:\/\/www.ibiza-spotlight.de?aid=145&amp;tid1=ti-is-article\" target=\"_blank\" rel=\"noopener noreferrer\">www.ibiza-spotlight.de<\/a> und seit kurzem auch in <strong>Italienisch<\/strong> &#8211; <a href=\"http:\/\/www.ibiza-spotlight.it?aid=145&amp;tid1=ti-is-article\" target=\"_blank\" rel=\"noopener noreferrer\">www.ibiza-spotlight.it<\/a>[\/vc_column_text][vc_empty_space empty_h=&#8220;2&#8243;][vc_custom_heading separator=&#8220;yes&#8220; separator_color=&#8220;yes&#8220;]<\/p>\n<h2 id=\"do\">Was macht Ibiza Spotlight?<\/h2>\n<p>[\/vc_custom_heading][vc_column_text]Betrachte Ibiza Spotlight als ein Portal f\u00fcr jede einzelne Information, die du \u00fcber Ibiza wissen musst.<\/p>\n<p>Das beinhaltet:[\/vc_column_text][uncode_list icon=&#8220;fa fa-forward&#8220;]<\/p>\n<ul>\n<li>Clubbing<\/li>\n<li>Unterk\u00fcnfte<\/li>\n<li>Restaurants<\/li>\n<li>Aktivit\u00e4ten<\/li>\n<li>Ibiza Insel News<\/li>\n<\/ul>\n<p>[\/uncode_list][vc_column_text]Ibiza Spotlight hat auch ein <a href=\"https:\/\/forum.ibiza-spotlight.com\/\" target=\"_blank\" rel=\"noopener\">aktives Forum<\/a>, das ein gro\u00dfartiger Ort ist, um Einblicke zu gewinnen, wor\u00fcber Touristen und Einheimische gerade \u00fcber Ibiza sprechen.<\/p>\n<p>Das Ibiza Spotlight <a href=\"https:\/\/forum.ibiza-spotlight.com\/\" target=\"_blank\" rel=\"noopener\">Forum<\/a> ist auch ein guter Ort, um \u00fcber Clubbing zu diskutieren![\/vc_column_text][vc_empty_space empty_h=&#8220;2&#8243;][vc_custom_heading separator=&#8220;yes&#8220; separator_color=&#8220;yes&#8220;]<\/p>\n<h2 id=\"calendar\">Ibiza Spotlight Kalender<\/h2>\n<p>[\/vc_custom_heading][vc_empty_space empty_h=&#8220;2&#8243;][vc_column_text uncode_shortcode_id=&#8220;678041&#8243;]Der Ibiza Spotlight Club Kalender ist einer der meistbesuchten Teile der Seite.<\/p>\n<p>Er enth\u00e4lt die <strong>allerneuesten Club Listings<\/strong> f\u00fcr alle Clubs auf Ibiza, sowohl kleine als auch gro\u00dfe.[\/vc_column_text][vc_empty_space empty_h=&#8220;2&#8243;][vc_separator sep_color=&#8220;accent&#8220; type=&#8220;dashed&#8220;][vc_empty_space empty_h=&#8220;2&#8243;][vc_single_image media=&#8220;991137&#8243; caption=&#8220;yes&#8220; media_width_percent=&#8220;100&#8243;][vc_empty_space empty_h=&#8220;2&#8243;][vc_separator sep_color=&#8220;accent&#8220; type=&#8220;dashed&#8220;][vc_empty_space empty_h=&#8220;2&#8243;][vc_column_text]Die Listings sind nach <strong>Club<\/strong> organisiert und k\u00f6nnen nach <strong>Datum<\/strong> und <strong>Tag\/Nacht Partys<\/strong> gefiltert werden.<\/p>\n<p>W\u00e4hrend der Kalender im Sommer am beliebtesten ist, beginnt er sich typischerweise um <strong>M\u00e4rz-April<\/strong> zu f\u00fcllen, wenn die Veranstalter ihre Pl\u00e4ne f\u00fcr die kommende Saison bekannt geben.[\/vc_column_text][vc_empty_space empty_h=&#8220;2&#8243;][vc_custom_heading separator=&#8220;yes&#8220; separator_color=&#8220;yes&#8220;]<\/p>\n<h2 id=\"tickets\">Ibiza Spotlight Tickets<\/h2>\n<p>[\/vc_custom_heading][vc_empty_space empty_h=&#8220;2&#8243;][vc_column_text uncode_shortcode_id=&#8220;154232&#8243;]Ibiza Spotlight verkauft seit 2004 Ibiza Club Tickets. Das sind <strong>\u00fcber 15 Jahre<\/strong>! <\/p>\n<p>Sie verkaufen Tickets f\u00fcr <strong>fast jede einzelne Veranstaltung und jeden Club<\/strong> auf Ibiza, direkt von ihrem <a href=\"https:\/\/www.ibiza-spotlight.com\/night\/club_dates_i.htm?aid=145&amp;tid1=ti-is-article\" target=\"_blank\" rel=\"noopener\">Partykalender<\/a>.<\/p>\n<p>Die einzige nennenswerte Ausnahme f\u00fcr den Verkauf von gro\u00dfen Clubtickets ist <strong>DC10<\/strong>. W\u00e4hrend Ibiza Spotlight Listings f\u00fcr DC10 Partys hat, ist es nicht m\u00f6glich, Tickets \u00fcber ihre Plattform zu kaufen (in 2026 der einzige Ticketanbieter, bei dem du DC10 Tickets im Voraus kaufen kannst, ist \u00fcber <strong>DICE<\/strong>).[\/vc_column_text][vc_empty_space empty_h=&#8220;2&#8243;][vc_separator sep_color=&#8220;accent&#8220; type=&#8220;dashed&#8220;][vc_single_image media=&#8220;991020&#8243; media_width_percent=&#8220;100&#8243;][vc_empty_space empty_h=&#8220;1&#8243;][vc_custom_heading separator=&#8220;yes&#8220; separator_color=&#8220;yes&#8220;]<\/p>\n<h2 id=\"advance\">Soll ich Ibiza Club Tickets im Voraus kaufen?<\/h2>\n<p>[\/vc_custom_heading][vc_column_text]Das ist eine gro\u00dfartige Frage, und eine, die uns st\u00e4ndig gestellt wird.<\/p>\n<p>Tatsache ist, dass du jeden Hans und Franz sehen wirst, der versucht, dir Tickets f\u00fcr Clubs zu verkaufen, wenn du auf Ibiza bist. Du wirst immer in einen Club auf Ibiza kommen k\u00f6nnen&#8230; <strong>wegen ihrer Gr\u00f6\u00dfe ist es sehr selten, dass ein Club ausverkauft ist<\/strong>. <\/p>\n<p>Aber&#8230; die Ticketpreise variieren je nachdem, zu wem du auf der Insel gehst. Jeder arbeitet auf Provisionsbasis, um selbst ein paar Euro vom Ticket zu nehmen. Deshalb siehst du zum Beispiel 40 \u20ac Tickets f\u00fcr 42 \u20ac im Angebot.  <\/p>\n<p>Unsere Ansicht ist, dass <strong>wenn du wei\u00dft, wen du sehen willst<\/strong>, wenn du nach Ibiza f\u00e4hrst, dann <strong>kaufe deine Tickets im Voraus<\/strong>. Du wirst keinen besseren Preis beim Feilschen mit jemandem auf der Stra\u00dfe bekommen, und es ist <strong>eine Sorge weniger<\/strong>, wenn du dort bist.[\/vc_column_text][vc_column_text]Hier sind unsere anderen Gr\u00fcnde, Tickets im Voraus zu kaufen, bevor du nach Ibiza f\u00e4hrst:[\/vc_column_text][vc_empty_space empty_h=&#8220;2&#8243;][vc_custom_heading heading_semantic=&#8220;h4&#8243; text_size=&#8220;h4&#8243;]<\/p>\n<h4>1. Sicherheit<\/h4>\n<p>[\/vc_custom_heading][vc_column_text uncode_shortcode_id=&#8220;135610&#8243;]Kaufe deine Tickets im Voraus, und du wei\u00dft, dass du <strong>garantierten Eintritt<\/strong> in den Club hast. Kein Herumhetzen, um Last-Minute-Tickets f\u00fcr deine Gruppe zu kaufen&#8230; diesen Stress brauchst du nicht! <\/p>\n<p><strong>Wenn du Tickets kaufst und stornieren musst, kannst du das f\u00fcr die meisten Veranstaltungen tun und 24 Stunden vor der Veranstaltung eine 100%ige R\u00fcckerstattung erhalten.<\/strong><\/p>\n<p>Es ist selten, eine so gro\u00dfz\u00fcgige Stornierungsrichtlinie zu erhalten, aber da hast du es.[\/vc_column_text][vc_custom_heading heading_semantic=&#8220;h4&#8243; text_size=&#8220;h4&#8243;]<\/p>\n<h4>2. G\u00fcnstigerer Eintritt<\/h4>\n<p>[\/vc_custom_heading][vc_column_text]Du findest die <strong>niedrigsten Preise<\/strong> f\u00fcr Clubtickets, wenn du online kaufst. Es ist auch \u00fcblich, verschiedene Tickettypen zu sehen, mit denen du Geld sparen kannst. <\/p>\n<p>Einige Partys bieten <strong>Fr\u00fchbucherrabatte<\/strong> an, die <strong>mehr als 30 \u20ac sparen<\/strong> k\u00f6nnen, im Vergleich zur Zahlung an der T\u00fcr. Zum Beispiel bietet The Zoo Project Fr\u00fchbuchertickets f\u00fcr <strong>nur<\/strong> <strong>20 \u20ac<\/strong> an.<\/p>\n<p>[\/vc_column_text][vc_separator sep_color=&#8220;accent&#8220; type=&#8220;dashed&#8220;][vc_empty_space empty_h=&#8220;2&#8243;][vc_single_image media=&#8220;991144&#8243; caption=&#8220;yes&#8220; media_width_percent=&#8220;100&#8243;][vc_empty_space empty_h=&#8220;2&#8243;][vc_separator sep_color=&#8220;accent&#8220; type=&#8220;dashed&#8220;][vc_empty_space empty_h=&#8220;2&#8243;][vc_custom_heading heading_semantic=&#8220;h4&#8243; text_size=&#8220;h4&#8243;]<\/p>\n<h4>3. Spare Geld f\u00fcr deinen Urlaub<\/h4>\n<p>[\/vc_custom_heading][vc_column_text]Seien wir ehrlich, du wirst dein Geld durchbringen, wenn du auf Ibiza bist.<\/p>\n<p>Regel deine Clubtickets vor deiner Reise und es wird es einfacher machen, sicherzustellen, dass dein Urlaubs-<strong>Budget intakt bleibt<\/strong>.[\/vc_column_text][vc_custom_heading heading_semantic=&#8220;h4&#8243; text_size=&#8220;h4&#8243;]<\/p>\n<h4>4. Verpflichte deine Gruppe vor deiner Reise zu deiner Party!<\/h4>\n<p>[\/vc_custom_heading][vc_column_text]Das gef\u00e4llt uns sehr gut!<\/p>\n<p>Wenn du auf Ibiza bist, wirst du mit Optionen \u00fcberschwemmt, wohin du jede Nacht zum Clubbing gehen kannst. Wenn du <strong>diese<\/strong> Person in deiner Gruppe bist, die wei\u00df, welche Partys du dir ansehen musst, dann kaufe deine Tickets im Voraus, damit du diese Verpflichtung im Voraus hast. Es kann sich lohnen, vorauszudenken&#8230; ganz einfach![\/vc_column_text][vc_separator sep_color=&#8220;accent&#8220; type=&#8220;dashed&#8220;][vc_empty_space empty_h=&#8220;2&#8243;][vc_single_image media=&#8220;991138&#8243; media_width_percent=&#8220;100&#8243;][vc_empty_space empty_h=&#8220;2&#8243;][vc_custom_heading separator=&#8220;yes&#8220; separator_color=&#8220;yes&#8220;]<\/p>\n<h2 id=\"reasons\">Gr\u00fcnde, Tickets bei Ibiza Spotlight zu kaufen<\/h2>\n<p>[\/vc_custom_heading][vc_empty_space empty_h=&#8220;1&#8243;][vc_column_text]Mit all dem im Hinterkopf, was ist mit <a href=\"https:\/\/www.ibiza-spotlight.com?aid=145&amp;tid1=ti-is-article\" target=\"_blank\" rel=\"noopener\">Ibiza Spotlight<\/a>?<\/p>\n<p>Nun, hier sind vier weitere Gr\u00fcnde, warum <strong>wir empfehlen, Clubtickets bei Ibiza Spotlight<\/strong> gegen\u00fcber jedem anderen Ticketanbieter zu kaufen.[\/vc_column_text][vc_empty_space empty_h=&#8220;2&#8243;][vc_custom_heading heading_semantic=&#8220;h4&#8243; text_size=&#8220;h4&#8243;]<\/p>\n<h3>1. Sie sind die etablierteste Marke auf der Insel<\/h3>\n<p>[\/vc_custom_heading][vc_column_text uncode_shortcode_id=&#8220;881349&#8243;]Ibiza Spotlight verkauft seit \u00fcber 20 Jahren Clubtickets online.<\/p>\n<p>Vertrau uns, wenn wir sagen, dass sie wissen, was sie tun. Unabh\u00e4ngig davon haben sie ein <strong>Support-Team auf Ibiza<\/strong>, das dir helfen kann, falls es irgendwelche Probleme gibt.[\/vc_column_text][vc_custom_heading heading_semantic=&#8220;h4&#8243; text_size=&#8220;h4&#8243;]<\/p>\n<h3>2. Du kannst kostenlos stornieren<\/h3>\n<p>[\/vc_custom_heading][vc_column_text uncode_shortcode_id=&#8220;751846&#8243;]Es ist Ibiza. Dinge passieren und Pl\u00e4ne m\u00fcssen sich \u00e4ndern. <\/p>\n<p>Gl\u00fccklicherweise kannst du eine <strong>volle R\u00fcckerstattung<\/strong> (f\u00fcr die meisten Tickets) f\u00fcr die Tickets erhalten, die du vor all den Monaten gekauft hast, jetzt, wo es fast Zeit ist, in deinen Urlaub zu fahren.<\/p>\n<p>Die Stornierungsrichtlinie von Ibiza Spotlight (bis zu <strong>24 Stunden vor der Veranstaltung<\/strong>) ist sehr gro\u00dfz\u00fcgig und in der Ticketbranche \u00e4u\u00dferst selten.<\/p>\n<p>Wir ermutigen also nicht zu unzuverl\u00e4ssigem Verhalten, aber es ist etwas sehr N\u00fctzliches, auf das man zur\u00fcckgreifen kann. Du wei\u00dft schon&#8230; nur f\u00fcr den Fall.[\/vc_column_text][vc_custom_heading heading_semantic=&#8220;h4&#8243; text_size=&#8220;h4&#8243;]<\/p>\n<h3>3. Es gibt keine Buchungs- oder versteckten Geb\u00fchren<\/h3>\n<p>[\/vc_custom_heading][vc_column_text]Eine weitere Seltenheit im Ticketing &#8211; <strong>keine versteckten Geb\u00fchren<\/strong>!<\/p>\n<p>Der Preis, den du auf der Website siehst, ist der Betrag, den du bezahlen wirst. <strong>Keine Buchungsgeb\u00fchren,<\/strong> <strong>keine Kreditkartengeb\u00fchren<\/strong>. Und das ist genau der Betrag, den du zur\u00fcckbekommen w\u00fcrdest, wenn du auch stornieren m\u00fcsstest.[\/vc_column_text][vc_custom_heading heading_semantic=&#8220;h4&#8243; text_size=&#8220;h4&#8243;]<\/p>\n<h3>4. Es ist sicher<\/h3>\n<p>[\/vc_custom_heading][vc_column_text]Vergessen wir nicht die Sicherheit. Ibiza Spotlight verwendet die <strong>neuesten Verschl\u00fcsselungsmethoden<\/strong>, um deine Zahlung zu verarbeiten, damit du beim Online-Kauf von Tickets beruhigt sein kannst.[\/vc_column_text][vc_empty_space empty_h=&#8220;2&#8243;][vc_separator sep_color=&#8220;accent&#8220; type=&#8220;dashed&#8220;][vc_empty_space empty_h=&#8220;2&#8243;][vc_single_image media=&#8220;991139&#8243; caption=&#8220;yes&#8220; media_width_percent=&#8220;100&#8243;][vc_empty_space empty_h=&#8220;2&#8243;][vc_separator sep_color=&#8220;accent&#8220; type=&#8220;dashed&#8220;][vc_empty_space empty_h=&#8220;2&#8243;][vc_custom_heading heading_semantic=&#8220;h4&#8243; text_size=&#8220;h4&#8243;]<\/p>\n<h3>5. Spare auch bei Getr\u00e4nken!<\/h3>\n<p>[\/vc_custom_heading][vc_column_text]Im Jahr 2019 hat Ibiza Spotlight auch die M\u00f6glichkeit hinzugef\u00fcgt, Getr\u00e4nkepakete im Rahmen deines Ticketkaufs zu bezahlen.<\/p>\n<p>Anstatt <strong>20 \u20ac+ f\u00fcr einen Wodka-Mixer<\/strong> zu bezahlen, zahlst du 75 \u20ac f\u00fcr ein Paket mit 5 Getr\u00e4nken, <strong>was sich auf 15 \u20ac pro Getr\u00e4nk bel\u00e4uft<\/strong>. Jedes bisschen z\u00e4hlt![\/vc_column_text][vc_empty_space empty_h=&#8220;2&#8243;][vc_custom_heading separator=&#8220;yes&#8220; separator_color=&#8220;yes&#8220;]<\/p>\n<h2 id=\"deposits\">Was ist mit Anzahlungen?<\/h2>\n<p>[\/vc_custom_heading][vc_column_text uncode_shortcode_id=&#8220;212625&#8243;]Einige Ticketverk\u00e4ufer bieten dir die M\u00f6glichkeit, eine Anzahlung f\u00fcr deine Clubtickets zu leisten und sie dann abzuholen, wenn du auf der Insel bist.[\/vc_column_text][vc_empty_space empty_h=&#8220;2&#8243;][vc_single_image media=&#8220;991145&#8243; media_width_percent=&#8220;100&#8243;][vc_empty_space empty_h=&#8220;2&#8243;][vc_separator sep_color=&#8220;accent&#8220; type=&#8220;dashed&#8220;][vc_empty_space empty_h=&#8220;2&#8243;][vc_column_text uncode_shortcode_id=&#8220;471018&#8243;]Nun, es ist eine weitere Option, die du in Betracht ziehen solltest, aber im Allgemeinen ist unser Rat, <strong>\u00fcberhaupt kein Ticket im Voraus zu kaufen<\/strong> und stattdessen eines zu kaufen, wenn du auf Ibiza bist.<\/p>\n<p>Wie gesagt, es kommt fast nie vor, dass ein Club ausverkauft ist, und du bist nie mehr als ein paar Minuten von einem Gesch\u00e4ft \/ Restaurant \/ einer Bar \/ einem Hotel entfernt, wo du ein Ticket pers\u00f6nlich kaufen kannst.[\/vc_column_text][vc_empty_space empty_h=&#8220;2&#8243;][vc_column_text]<\/p>\n<blockquote><p>Wenn du dir nicht sicher bist, ob du tats\u00e4chlich in die Nacht gehen wirst, kaufe einfach \u00fcberhaupt kein Ticket im Voraus und kaufe stattdessen eines, wenn du auf Ibiza bist.<\/p><\/blockquote>\n<p>[\/vc_column_text][vc_empty_space empty_h=&#8220;1&#8243;][vc_column_text uncode_shortcode_id=&#8220;198691&#8243;]Wenn du Tickets bei Ibiza Spotlight kaufst, kaufst du das <strong>volle Ticket im Voraus online und das ist alles, was du tun musst<\/strong>.<\/p>\n<p>Du <strong>musst das Ticket nicht einmal ausdrucken<\/strong>. Stelle einfach sicher, dass dein Handy aufgeladen ist, bring deinen Ausweis mit und zeige das Ticket beim Betreten auf deinem Handy vor. Wenn du ein iPhone verwendest, kannst du Tickets auch zu deinem Apple Wallet hinzuf\u00fcgen.  <\/p>\n<p>Der Prozess ist super einfach. Wir benutzen <a href=\"https:\/\/www.ibiza-spotlight.com?aid=145&amp;tid1=ti-is-article\" target=\"_blank\" rel=\"noopener\">Ibiza Spotlight<\/a> seit \u00fcber 10 Jahren f\u00fcr unsere Tickets und sie sind eines der wenigen Unternehmen, die wir empfehlen, deine Ibiza Club Tickets zu kaufen. <\/p>\n<p>Wenn du weitere Fragen zu Ibiza Spotlight hast, <a href=\"https:\/\/ticketsibiza.com\/de\/kontakt\/\">nimm Kontakt auf<\/a>![\/vc_column_text][vc_button button_color=&#8220;color-vyce&#8220; border_width=&#8220;0&#8243; link=&#8220;url:https%3A%2F%2Fwww.ibiza-spotlight.com%2F%3Faid%3D145%26tid1%3Dti-is-article|target:_blank|&#8220; icon=&#8220;fa fa-ticket&#8220;]IBIZA SPOTLIGHT TICKETS[\/vc_button][vc_row_inner row_inner_height_percent=&#8220;0&#8243; back_color=&#8220;accent&#8220; overlay_alpha=&#8220;50&#8243; gutter_size=&#8220;3&#8243; shift_y=&#8220;0&#8243; z_index=&#8220;0&#8243;][vc_column_inner column_width_percent=&#8220;100&#8243; gutter_size=&#8220;3&#8243; override_padding=&#8220;yes&#8220; column_padding=&#8220;2&#8243; overlay_alpha=&#8220;50&#8243; shift_x=&#8220;0&#8243; shift_y=&#8220;0&#8243; shift_y_down=&#8220;0&#8243; z_index=&#8220;0&#8243; medium_width=&#8220;0&#8243; mobile_width=&#8220;0&#8243; width=&#8220;1\/1&#8243;][vc_column_text uncode_shortcode_id=&#8220;112119&#8243;]<span style=\"color: #ffffff;\">Wir m\u00f6chten dir alle Infos geben, die du brauchst, um deine Clubtickets f\u00fcr Ibiza zu kaufen.<\/span><\/p>\n<p><span style=\"color: #ffffff;\"><em>Du suchst nach mehr Ibiza-Content? Hier gibt&#8217;s noch mehr: <\/em><\/span><\/p>\n<p><span style=\"color: #ffffff;\">\ud83d\udc49 <a style=\"color: #ffffff;\" href=\"https:\/\/ticketsibiza.com\/de\/ibiza-opening-parties\/\">Ibiza Opening Partys<\/a><\/span><\/p>\n<p><span style=\"color: #ffffff;\">\ud83d\udc49 <a style=\"color: #ffffff;\" href=\"https:\/\/ticketsibiza.com\/de\/ibiza-kalender\/\">Ibiza Club Kalender<\/a><\/span><\/p>\n<p><span style=\"color: #ffffff;\">\ud83d\udc49 <a style=\"color: #ffffff;\" href=\"https:\/\/ticketsibiza.com\/de\/partys\/\">Ibiza Partys<\/a><\/span><\/p>\n<p><span style=\"color: #ffffff;\">\ud83d\udc49 <a style=\"color: #ffffff;\" href=\"https:\/\/ticketsibiza.com\/de\/clubs\/\">Ibiza Clubs<\/a><\/span>[\/vc_column_text][\/vc_column_inner][\/vc_row_inner][\/vc_column][vc_column column_width_percent=&#8220;100&#8243; align_horizontal=&#8220;align_center&#8220; gutter_size=&#8220;1&#8243; overlay_alpha=&#8220;50&#8243; shift_x=&#8220;0&#8243; shift_y=&#8220;0&#8243; shift_y_down=&#8220;0&#8243; z_index=&#8220;0&#8243; medium_width=&#8220;0&#8243; mobile_visibility=&#8220;yes&#8220; mobile_width=&#8220;0&#8243; sticky=&#8220;yes&#8220; width=&#8220;1\/4&#8243;][uncode_block id=&#8220;142897&#8243; inside_column=&#8220;yes&#8220;][\/vc_column][\/vc_row]<\/p>\n<\/div>","protected":false},"excerpt":{"rendered":"<p>[vc_row row_height_percent=&#8220;20&#8243; override_padding=&#8220;yes&#8220; h_padding=&#8220;0&#8243; top_padding=&#8220;0&#8243; bottom_padding=&#8220;0&#8243; back_image=&#8220;57222&#8243; back_position=&#8220;center center&#8220; parallax=&#8220;yes&#8220; overlay_alpha=&#8220;50&#8243; gutter_size=&#8220;3&#8243; column_width_percent=&#8220;100&#8243; shift_y=&#8220;0&#8243; z_index=&#8220;0&#8243;][vc_column width=&#8220;1\/1&#8243;][vc_empty_space empty_h=&#8220;5&#8243;][vc_row_inner row_inner_height_percent=&#8220;0&#8243; force_width_grid=&#8220;yes&#8220; overlay_color=&#8220;color-149363&#8243; [&hellip;]<\/p>\n","protected":false},"author":1,"featured_media":521847,"parent":0,"menu_order":0,"comment_status":"closed","ping_status":"closed","template":"","meta":{"_acf_changed":false,"footnotes":""},"class_list":["post-991121","page","type-page","status-publish","has-post-thumbnail","hentry"],"acf":[],"_links":{"self":[{"href":"https:\/\/ticketsibiza.com\/de\/wp-json\/wp\/v2\/pages\/991121","targetHints":{"allow":["GET"]}}],"collection":[{"href":"https:\/\/ticketsibiza.com\/de\/wp-json\/wp\/v2\/pages"}],"about":[{"href":"https:\/\/ticketsibiza.com\/de\/wp-json\/wp\/v2\/types\/page"}],"author":[{"embeddable":true,"href":"https:\/\/ticketsibiza.com\/de\/wp-json\/wp\/v2\/users\/1"}],"replies":[{"embeddable":true,"href":"https:\/\/ticketsibiza.com\/de\/wp-json\/wp\/v2\/comments?post=991121"}],"version-history":[{"count":13,"href":"https:\/\/ticketsibiza.com\/de\/wp-json\/wp\/v2\/pages\/991121\/revisions"}],"predecessor-version":[{"id":1003000,"href":"https:\/\/ticketsibiza.com\/de\/wp-json\/wp\/v2\/pages\/991121\/revisions\/1003000"}],"wp:featuredmedia":[{"embeddable":true,"href":"https:\/\/ticketsibiza.com\/de\/wp-json\/wp\/v2\/media\/521847"}],"wp:attachment":[{"href":"https:\/\/ticketsibiza.com\/de\/wp-json\/wp\/v2\/media?parent=991121"}],"curies":[{"name":"wp","href":"https:\/\/api.w.org\/{rel}","templated":true}]}}