{"id":991117,"date":"2019-11-14T16:28:19","date_gmt":"2019-11-14T16:28:19","guid":{"rendered":"https:\/\/ticketsibiza.com\/ibiza-virgins-how-to-survive-ibiza\/"},"modified":"2026-01-13T14:27:21","modified_gmt":"2026-01-13T14:27:21","slug":"ibiza-anfaenger-wie-man-auf-ibiza-ueberlebt","status":"publish","type":"page","link":"https:\/\/ticketsibiza.com\/de\/ibiza-anfaenger-wie-man-auf-ibiza-ueberlebt\/","title":{"rendered":"Ibiza-Neulinge: wie man Ibiza \u00fcberlebt"},"content":{"rendered":"<div class=\"wpb-content-wrapper\"><p>[vc_row row_height_percent=&#8220;0&#8243; override_padding=&#8220;yes&#8220; h_padding=&#8220;2&#8243; top_padding=&#8220;2&#8243; bottom_padding=&#8220;0&#8243; back_image=&#8220;59430&#8243; overlay_alpha=&#8220;50&#8243; gutter_size=&#8220;3&#8243; column_width_percent=&#8220;100&#8243; shift_y=&#8220;0&#8243; z_index=&#8220;0&#8243; row_height_pixel=&#8220;50&#8243;][vc_column width=&#8220;1\/1&#8243;][vc_empty_space empty_h=&#8220;5&#8243;][vc_row_inner row_inner_height_percent=&#8220;0&#8243; force_width_grid=&#8220;yes&#8220; overlay_color=&#8220;color-149363&#8243; overlay_alpha=&#8220;50&#8243; gutter_size=&#8220;1&#8243; shift_y=&#8220;1&#8243; z_index=&#8220;3&#8243; css=&#8220;.vc_custom_1551002505146{margin-bottom: 0px !important;border-bottom-width: 0px !important;padding-top: 0px !important;padding-bottom: 0px !important;padding-left: 20px !important;}&#8220;][vc_column_inner column_width_percent=&#8220;100&#8243; gutter_size=&#8220;0&#8243; overlay_alpha=&#8220;50&#8243; shift_x=&#8220;0&#8243; shift_y=&#8220;0&#8243; shift_y_down=&#8220;0&#8243; z_index=&#8220;0&#8243; medium_width=&#8220;0&#8243; mobile_width=&#8220;0&#8243; width=&#8220;1\/1&#8243; css=&#8220;.vc_custom_1551002411961{padding-bottom: 0px !important;}&#8220;][vc_custom_heading text_color=&#8220;color-xsdn&#8220; heading_semantic=&#8220;h1&#8243; text_size=&#8220;h1&#8243; sub_reduced=&#8220;yes&#8220; uncode_shortcode_id=&#8220;608366&#8243; text_color_type=&#8220;uncode-palette&#8220;]Ibiza-Neulinge: wie man Ibiza \u00fcberlebt 2026[\/vc_custom_heading][vc_column_text text_lead=&#8220;yes&#8220;]<strong><span style=\"color: white;\">5 Tipps, um deine erste Reise nach Ibiza zu \u00fcberleben<\/span><\/strong>[\/vc_column_text][\/vc_column_inner][\/vc_row_inner][\/vc_column][\/vc_row][vc_row row_height_percent=&#8220;0&#8243; overlay_alpha=&#8220;50&#8243; gutter_size=&#8220;3&#8243; column_width_percent=&#8220;100&#8243; shift_y=&#8220;0&#8243; z_index=&#8220;0&#8243; css=&#8220;.vc_custom_1551018712642{margin-top: 0px !important;margin-bottom: 0px !important;}&#8220;][vc_column column_width_percent=&#8220;100&#8243; gutter_size=&#8220;2&#8243; overlay_alpha=&#8220;50&#8243; shift_x=&#8220;0&#8243; shift_y=&#8220;0&#8243; shift_y_down=&#8220;0&#8243; z_index=&#8220;0&#8243; medium_width=&#8220;0&#8243; mobile_width=&#8220;0&#8243; width=&#8220;3\/4&#8243;][vc_column_text uncode_shortcode_id=&#8220;874699&#8243;]<span class=\"dropped\">B<\/span>ist du ein Ibiza-Neuling und bereitest dich auf deine erste Reise auf die Insel vor 2026? Bist du aufgeregt, \u00e4ngstlich oder beides?<\/p>\n<p>Wenn du dich entschieden hast, Google nach Tipps f\u00fcr deine erste Reise auf die Wei\u00dfe Insel zu durchforsten, dann bist du hier genau richtig. Dies ist unser Guide, wie man Ibiza erlebt, unsere 5 Tipps, wie man \u00fcberlebt.[\/vc_column_text][vc_column_text uncode_shortcode_id=&#8220;178926&#8243;]<\/p>\n<div class=\"noted\">Jeder hat eine andere Vorstellung davon, was einen guten Urlaub auf Ibiza ausmacht, und das ist nur unsere Meinung. Wir besuchen diese wundersch\u00f6ne Insel seit \u00fcber 15 Jahren, um ihre Clubs, das Essen, die Kultur und vieles mehr zu genie\u00dfen. Du kannst unseren Rat annehmen oder es auch lassen \ud83e\udd17  <\/div>\n<p>[\/vc_column_text][vc_separator sep_color=&#8220;color-gyho&#8220;][vc_empty_space empty_h=&#8220;2&#8243;][vc_row_inner][vc_column_inner width=&#8220;1\/6&#8243;][vc_column_text]<span class=\"dropped\">1<\/span>[\/vc_column_text][\/vc_column_inner][vc_column_inner width=&#8220;5\/6&#8243;][vc_custom_heading separator_color=&#8220;yes&#8220; separator=&#8220;yes&#8220;]<\/p>\n<h2>H\u00f6r auf, dir Sorgen ums Geld zu machen<\/h2>\n<p>[\/vc_custom_heading][vc_single_image media=&#8220;991126&#8243; media_width_percent=&#8220;100&#8243;][vc_column_text]Wir reden hier nicht um den hei\u00dfen Brei herum: <strong>wenn du einen g\u00fcnstigen Urlaub m\u00f6chtest, solltest du \u00fcberdenken, ob Ibiza der richtige Ort f\u00fcr dich ist<\/strong>.<\/p>\n<p>Nat\u00fcrlich gibt es viele M\u00f6glichkeiten, \u00fcberm\u00e4\u00dfige Ausgaben zu reduzieren und das Beste aus deinem Budget herauszuholen. Du bist jedoch dabei, Urlaub auf Ibiza zu machen. Das ist nicht Magaluf, Zante, Kavos oder sonstwo in Europa. Wenn du nur dar\u00fcber jammern wirst, wie teuer alles ist, vertrau uns, <strong>wirst du keine gute Zeit haben<\/strong>.   <\/p>\n<p>Jeder wei\u00df, dass die Dinge auf Ibiza teuer sind. <strong>Es ist das zweitdichtest besiedelte Touristenziel der Welt<\/strong>. Es ist eine Insel mitten im Meer. Jeder, der in der Tourismusbranche arbeitet, hat <strong>5 Monate<\/strong> Zeit, um sein Jahresgehalt zu verdienen.  <\/p>\n<p>Also, gew\u00f6hn dich dran. <strong>Die Dinge sind teuer, so einfach ist das<\/strong>. Wenn Ibiza es nicht wert w\u00e4re, w\u00fcrden die Leute woanders hingehen und mit den F\u00fc\u00dfen abstimmen. Haben wir erw\u00e4hnt, dass 2019 eine <strong>Rekordzahl an Besuchern<\/strong> auf der Insel verzeichnete?[\/vc_column_text][\/vc_column_inner][\/vc_row_inner][vc_separator sep_color=&#8220;color-gyho&#8220;][vc_empty_space empty_h=&#8220;2&#8243;][vc_row_inner][vc_column_inner width=&#8220;1\/6&#8243;][vc_column_text]<span class=\"dropped\">2<\/span>[\/vc_column_text][\/vc_column_inner][vc_column_inner width=&#8220;5\/6&#8243;][vc_custom_heading separator_color=&#8220;yes&#8220; separator=&#8220;yes&#8220;]<\/p>\n<h2>W\u00e4hle deine Unterkunft mit Bedacht<\/h2>\n<p>[\/vc_custom_heading][vc_single_image media=&#8220;991122&#8243; media_width_percent=&#8220;100&#8243;][vc_column_text]Das ist sehr wichtig. \u00dcberlege genau, wo auf der Insel du dich niederlassen m\u00f6chtest. Du wirst schnell merken, dass es auf Ibiza nicht so einfach ist, von A nach B zu kommen, wie ein Uber zu buchen, auch wenn die Insel auf der Karte klein aussieht. Es kann qu\u00e4lend sein, ein verf\u00fcgbares Taxi zu finden&#8230; du wurdest gewarnt!   <\/p>\n<p>Wo k\u00f6nntest du also \u00fcbernachten? Hier sind die zwei beliebtesten Optionen:[\/vc_column_text][vc_accordion active_tab=&#8220;0&#8243;][vc_accordion_tab title=&#8220;San Antonio&#8220; tab_id=&#8220;1572956383-1-571573744166067&#8243;][vc_column_text]<\/p>\n<p class=\"p1\">Im Allgemeinen ist es f\u00fcr ein j\u00fcngeres Publikum. Westlich der Insel, etwa 30 Autominuten vom Flughafen entfernt. Heimat des ber\u00fcchtigten \u201eBar-Streifens\u201c. Viele, viele Engl\u00e4nder. Eden, Es Paradis, Ibiza Rocks und O Beach sind alle direkt vor deiner Haust\u00fcr. Zoo Project &amp; Pikes sind nur eine kurze Taxifahrt entfernt. Cafe del Mar &amp; Cafe Mambo f\u00fcr unvergessliche Sonnenunterg\u00e4nge und kostenlose Pre-Partys -&gt; allein schon einen Abend wert.      <\/p>\n<p>[\/vc_column_text][\/vc_accordion_tab][vc_accordion_tab title=&#8220;Playa d&apos;en Bossa&#8220; tab_id=&#8220;1572956383-2-951573744166067&#8243;][vc_column_text]<\/p>\n<p class=\"p1\">\u00d6stlich der Insel und sehr nah am Flughafen (nur 10 Minuten mit dem Taxi). Die atemberaubende Altstadt ist nur wenige Autominuten entfernt. Auf dieser Seite der Insel hast du die Superclubs Ushua\u00efa &amp; H\u00ef, w\u00e4hrend Octan (das alte Sankeys) ebenfalls direkt vor deiner Haust\u00fcr liegt. Pacha ist nur eine kurze Taxifahrt entfernt in Talamanca, mit Destino weitere 10 Autominuten entfernt in den H\u00fcgeln. Zwischen Playa d\u2019en Bossa und der Altstadt liegt Figueretas, ein gro\u00dfartiger Mittelweg, wenn du in der N\u00e4he der Partys sein m\u00f6chtest, aber nicht mitten im Geschehen.    <\/p>\n<p>[\/vc_column_text][\/vc_accordion_tab][\/vc_accordion][vc_column_text uncode_shortcode_id=&#8220;713987&#8243;]Wenn ihr in einer Gruppe von 8 oder mehr seid, solltet ihr ernsthaft <strong>in Erw\u00e4gung ziehen, eine Villa zu mieten<\/strong>. Warum? Weil ihr anfangen werdet, ein <strong>viel besseres Preis-Leistungs-Verh\u00e4ltnis<\/strong> zu bekommen, als in einem Low\/Mid-Range-Hotel zu \u00fcbernachten, besonders f\u00fcr eine einw\u00f6chige Reise, die Eigent\u00fcmer einem Aufenthalt von nur wenigen N\u00e4chten vorziehen.  <\/p>\n<p>Allerdings wird es wichtiger denn je sein, dorthin und von dort wegzukommen, besonders wenn deine Villa mitten auf der Insel liegt und du nicht Spanisch mit deinem Fahrer sprechen kannst! <a href=\"https:\/\/ticketsibiza.com\/de\/ibiza-taxi-app\/\">Die Ibiza Taxi App<\/a> k\u00f6nnte dein bester Freund werden.[\/vc_column_text][\/vc_column_inner][\/vc_row_inner][vc_separator sep_color=&#8220;color-gyho&#8220;][vc_empty_space empty_h=&#8220;2&#8243;][vc_row_inner][vc_column_inner width=&#8220;1\/6&#8243;][vc_column_text]<span class=\"dropped\">3<\/span>[\/vc_column_text][\/vc_column_inner][vc_column_inner width=&#8220;5\/6&#8243;][vc_custom_heading separator_color=&#8220;yes&#8220; separator=&#8220;yes&#8220;]<\/p>\n<h2>Plane deine gro\u00dfen Clubn\u00e4chte<\/h2>\n<p>[\/vc_custom_heading][vc_single_image media=&#8220;990412&#8243; media_width_percent=&#8220;100&#8243;][vc_column_text uncode_shortcode_id=&#8220;198438&#8243;]Wenn du f\u00fcr eine Woche nach Ibiza f\u00e4hrst und \u201eirgendwann\u201c clubben gehen m\u00f6chtest, lass uns dir einen Rat geben. <strong>Plane jetzt, welche Clubs du besuchen m\u00f6chtest!<\/strong> Ja, du hast die Qual der Wahl mit Partys in jedem Club jede Nacht, aber <strong>die Musikrichtung variiert in jedem Club von Tag zu Tag stark<\/strong>. Oh, du wolltest Pacha besuchen, aber es ist deine letzte Nacht? Und du stehst nicht auf Reggaeton? Nun, dann hast du Pech, wenn es an diesem Abend J Balvin ist.   <\/p>\n<p>\u00dcberlege, welche Musikgenres dir gefallen, und recherchiere. Du wirst \u00fcberall eine riesige Menge an Musik finden, die jedem Geschmack entspricht&#8230; egal ob David Guetta im Ushua\u00efa, Paul van Dyk im Eden, eine Pool Party mit Craig David oder Jamie Jones im Amnesia. <\/p>\n<p>Aus unserer Erfahrung hilft es auch, wenn ihr in einer gro\u00dfen Gruppe seid, euch auf mindestens ein paar der N\u00e4chte zu einigen, an denen ihr zusammen ausgehen wollt. Indem ihr das kl\u00e4rt, bevor ihr nach Ibiza fahrt, habt ihr <em>etwas<\/em>, das einem Plan \u00e4hnelt.[\/vc_column_text][\/vc_column_inner][\/vc_row_inner][vc_separator sep_color=&#8220;color-gyho&#8220;][vc_empty_space empty_h=&#8220;2&#8243;][vc_row_inner][vc_column_inner width=&#8220;1\/6&#8243;][vc_column_text]<span class=\"dropped\">4<\/span>[\/vc_column_text][\/vc_column_inner][vc_column_inner width=&#8220;5\/6&#8243;][vc_custom_heading separator_color=&#8220;yes&#8220; separator=&#8220;yes&#8220;]<\/p>\n<h2>Kaufe deine Clubtickets, bevor du f\u00e4hrst<\/h2>\n<p>[\/vc_custom_heading][vc_single_image media=&#8220;991127&#8243; media_width_percent=&#8220;100&#8243;][vc_column_text uncode_shortcode_id=&#8220;214194&#8243;]In diesem Zusammenhang, wenn du im Voraus wei\u00dft, welche Clubs du besuchen wirst, dann <strong>lohnt es sich auch, deine Clubtickets zu kaufen<\/strong>. Du findest die <strong>g\u00fcnstigsten<\/strong>, <strong>offiziellen Vorverkaufstickets online<\/strong>, mit denen du <strong>\u00fcber 10 \u20ac sparen<\/strong> kannst, im Vergleich zum Kauf an der Abendkasse. Du kannst auch gleichzeitig Getr\u00e4nkepakete von den gro\u00dfen Clubs kaufen. Ein gro\u00dfz\u00fcgiger doppelter Wodka-Mix f\u00fcr 13 \u20ac erscheint pl\u00f6tzlich viel erschwinglicher als 20 \u20ac.   <\/p>\n<p><a href=\"https:\/\/www.ibiza-spotlight.com?aid=145&amp;tid1=ti-tips\" target=\"_blank\" rel=\"noopener\">Ibiza Spotlight<\/a> ist der \u00e4lteste offizielle Ticketverk\u00e4ufer auf Ibiza \u2013 sie bieten <strong>kostenlose Stornierungen<\/strong> und <strong>garantieren die g\u00fcnstigsten Vorverkaufs-<\/strong><strong>tickets<\/strong>, die man auf der Insel kaufen kann.[\/vc_column_text][\/vc_column_inner][\/vc_row_inner][vc_separator sep_color=&#8220;color-gyho&#8220;][vc_empty_space empty_h=&#8220;2&#8243;][vc_row_inner][vc_column_inner width=&#8220;1\/6&#8243;][vc_column_text]<span class=\"dropped\">5<\/span>[\/vc_column_text][\/vc_column_inner][vc_column_inner width=&#8220;5\/6&#8243;][vc_custom_heading separator_color=&#8220;yes&#8220; separator=&#8220;yes&#8220; uncode_shortcode_id=&#8220;106877&#8243;]<\/p>\n<h2>Genie\u00df es<\/h2>\n<p>[\/vc_custom_heading][vc_single_image media=&#8220;991128&#8243; media_width_percent=&#8220;100&#8243;][vc_column_text uncode_shortcode_id=&#8220;145504&#8243;]Okay, dieser letzte Punkt ist etwas schwach. Aber hier ist die Sache&#8230; <strong>Ibiza ist ein besonderer Ort<\/strong>. Es ist ein Ort f\u00fcr gute Zeiten. Es lebt und atmet Musik, aber es gibt so viel mehr zu entdecken als nur das Clubbing. <g id=\"gid_1\">Behandle es und jeden, der dort lebt, mit Respekt<\/g>. Du wirst viele Gleichgesinnte treffen, die genau wie du die Zeit ihres Lebens im Urlaub verbringen m\u00f6chten.    <\/p>\n<p>Also, lass deine Sorgen zu Hause, mach dich bereit, in Topform zu sein, und genie\u00df es. Du bist zur\u00fcck, bevor du es merkst \ud83d\ude09[\/vc_column_text][\/vc_column_inner][\/vc_row_inner][vc_separator sep_color=&#8220;color-gyho&#8220;][vc_row_inner row_inner_height_percent=&#8220;0&#8243; back_color=&#8220;accent&#8220; overlay_alpha=&#8220;50&#8243; gutter_size=&#8220;3&#8243; shift_y=&#8220;0&#8243; z_index=&#8220;0&#8243;][vc_column_inner column_width_percent=&#8220;100&#8243; gutter_size=&#8220;3&#8243; override_padding=&#8220;yes&#8220; column_padding=&#8220;2&#8243; overlay_alpha=&#8220;50&#8243; shift_x=&#8220;0&#8243; shift_y=&#8220;0&#8243; shift_y_down=&#8220;0&#8243; z_index=&#8220;0&#8243; medium_width=&#8220;0&#8243; mobile_width=&#8220;0&#8243; width=&#8220;1\/1&#8243;][vc_column_text uncode_shortcode_id=&#8220;293096&#8243;]<span style=\"color: #ffffff;\">Wir m\u00f6chten dir alle Infos geben, die du brauchst, um deine Clubtickets f\u00fcr Ibiza zu kaufen.<\/span><\/p>\n<p><span style=\"color: #ffffff;\"><em>Du suchst nach mehr Ibiza-Content? Hier gibt&#8217;s noch mehr: <\/em><\/span><\/p>\n<p><span style=\"color: #ffffff;\">\ud83d\udc49 <a style=\"color: #ffffff;\" href=\"https:\/\/ticketsibiza.com\/de\/opening-partys-ibiza\/\">Ibiza Opening Partys<\/a><\/span><\/p>\n<p><span style=\"color: #ffffff;\">\ud83d\udc49 <a style=\"color: #ffffff;\" href=\"https:\/\/ticketsibiza.com\/de\/ibiza-kalender\/\">Ibiza Club Kalender<\/a><\/span><\/p>\n<p><span style=\"color: #ffffff;\">\ud83d\udc49 <a style=\"color: #ffffff;\" href=\"https:\/\/ticketsibiza.com\/de\/partys\/\">Ibiza Partys<\/a><\/span><\/p>\n<p><span style=\"color: #ffffff;\">\ud83d\udc49 <a style=\"color: #ffffff;\" href=\"https:\/\/ticketsibiza.com\/de\/clubs\/\">Ibiza Clubs<\/a><\/span>[\/vc_column_text][\/vc_column_inner][\/vc_row_inner][\/vc_column][vc_column column_width_percent=&#8220;100&#8243; align_horizontal=&#8220;align_center&#8220; gutter_size=&#8220;2&#8243; overlay_alpha=&#8220;50&#8243; shift_x=&#8220;0&#8243; shift_y=&#8220;0&#8243; shift_y_down=&#8220;0&#8243; z_index=&#8220;0&#8243; medium_width=&#8220;0&#8243; mobile_visibility=&#8220;yes&#8220; mobile_width=&#8220;0&#8243; width=&#8220;1\/4&#8243; uncode_shortcode_id=&#8220;675981&#8243;][vc_button button_color=&#8220;color-jevc&#8220; size=&#8220;btn-lg&#8220; border_animation=&#8220;btn-ripple-out&#8220; wide=&#8220;yes&#8220; border_width=&#8220;0&#8243; link=&#8220;url:https%3A%2F%2Fticketsibiza.com%2Fde%2Fibiza-kalender%2F|&#8220; button_color_type=&#8220;uncode-palette&#8220; uncode_shortcode_id=&#8220;115040&#8243;]Tickets kaufen[\/vc_button][vc_separator sep_color=&#8220;color-gyho&#8220;][uncode_block id=&#8220;142897&#8243; inside_column=&#8220;yes&#8220;][\/vc_column][\/vc_row]<\/p>\n<\/div>","protected":false},"excerpt":{"rendered":"<p>[vc_row row_height_percent=&#8220;0&#8243; override_padding=&#8220;yes&#8220; h_padding=&#8220;2&#8243; top_padding=&#8220;2&#8243; bottom_padding=&#8220;0&#8243; back_image=&#8220;59430&#8243; overlay_alpha=&#8220;50&#8243; gutter_size=&#8220;3&#8243; column_width_percent=&#8220;100&#8243; shift_y=&#8220;0&#8243; z_index=&#8220;0&#8243; row_height_pixel=&#8220;50&#8243;][vc_column width=&#8220;1\/1&#8243;][vc_empty_space empty_h=&#8220;5&#8243;][vc_row_inner row_inner_height_percent=&#8220;0&#8243; force_width_grid=&#8220;yes&#8220; overlay_color=&#8220;color-149363&#8243; overlay_alpha=&#8220;50&#8243; gutter_size=&#8220;1&#8243; [&hellip;]<\/p>\n","protected":false},"author":1,"featured_media":991125,"parent":0,"menu_order":0,"comment_status":"closed","ping_status":"closed","template":"","meta":{"_acf_changed":false,"footnotes":""},"class_list":["post-991117","page","type-page","status-publish","has-post-thumbnail","hentry","page_category-blog"],"acf":[],"_links":{"self":[{"href":"https:\/\/ticketsibiza.com\/de\/wp-json\/wp\/v2\/pages\/991117","targetHints":{"allow":["GET"]}}],"collection":[{"href":"https:\/\/ticketsibiza.com\/de\/wp-json\/wp\/v2\/pages"}],"about":[{"href":"https:\/\/ticketsibiza.com\/de\/wp-json\/wp\/v2\/types\/page"}],"author":[{"embeddable":true,"href":"https:\/\/ticketsibiza.com\/de\/wp-json\/wp\/v2\/users\/1"}],"replies":[{"embeddable":true,"href":"https:\/\/ticketsibiza.com\/de\/wp-json\/wp\/v2\/comments?post=991117"}],"version-history":[{"count":30,"href":"https:\/\/ticketsibiza.com\/de\/wp-json\/wp\/v2\/pages\/991117\/revisions"}],"predecessor-version":[{"id":1060058,"href":"https:\/\/ticketsibiza.com\/de\/wp-json\/wp\/v2\/pages\/991117\/revisions\/1060058"}],"wp:featuredmedia":[{"embeddable":true,"href":"https:\/\/ticketsibiza.com\/de\/wp-json\/wp\/v2\/media\/991125"}],"wp:attachment":[{"href":"https:\/\/ticketsibiza.com\/de\/wp-json\/wp\/v2\/media?parent=991117"}],"curies":[{"name":"wp","href":"https:\/\/api.w.org\/{rel}","templated":true}]}}