{"id":990997,"date":"2019-07-22T21:36:25","date_gmt":"2019-07-22T20:36:25","guid":{"rendered":"https:\/\/ticketsibiza.com\/ibiza-closing-parties\/"},"modified":"2026-02-25T17:09:13","modified_gmt":"2026-02-25T17:09:13","slug":"closing-partys-ibiza","status":"publish","type":"page","link":"https:\/\/ticketsibiza.com\/de\/closing-partys-ibiza\/","title":{"rendered":"Ibiza Closing-Partys 2026"},"content":{"rendered":"<div class=\"wpb-content-wrapper\"><p>[vc_row row_height_percent=&#8220;0&#8243; override_padding=&#8220;yes&#8220; h_padding=&#8220;2&#8243; top_padding=&#8220;2&#8243; bottom_padding=&#8220;0&#8243; back_image=&#8220;615846&#8243; overlay_alpha=&#8220;50&#8243; gutter_size=&#8220;3&#8243; column_width_percent=&#8220;100&#8243; shift_y=&#8220;0&#8243; z_index=&#8220;0&#8243; content_parallax=&#8220;0&#8243; row_height_pixel=&#8220;50&#8243; uncode_shortcode_id=&#8220;199052&#8243;][vc_column width=&#8220;1\/1&#8243;][vc_empty_space empty_h=&#8220;5&#8243;][vc_row_inner row_inner_height_percent=&#8220;0&#8243; force_width_grid=&#8220;yes&#8220; overlay_color=&#8220;color-149363&#8243; overlay_alpha=&#8220;50&#8243; gutter_size=&#8220;1&#8243; shift_y=&#8220;1&#8243; z_index=&#8220;3&#8243; css=&#8220;.vc_custom_1551002505146{margin-bottom: 0px !important;border-bottom-width: 0px !important;padding-top: 0px !important;padding-bottom: 0px !important;padding-left: 20px !important;}&#8220; limit_content=&#8220;&#8220;][vc_column_inner column_width_percent=&#8220;100&#8243; gutter_size=&#8220;0&#8243; overlay_alpha=&#8220;50&#8243; shift_x=&#8220;0&#8243; shift_y=&#8220;0&#8243; shift_y_down=&#8220;0&#8243; z_index=&#8220;0&#8243; medium_width=&#8220;0&#8243; mobile_width=&#8220;0&#8243; width=&#8220;1\/1&#8243; css=&#8220;.vc_custom_1551002411961{padding-bottom: 0px !important;}&#8220;][vc_custom_heading text_color=&#8220;color-xsdn&#8220; heading_semantic=&#8220;h1&#8243; text_size=&#8220;h1&#8243; sub_reduced=&#8220;yes&#8220; uncode_shortcode_id=&#8220;878111&#8243; text_color_type=&#8220;uncode-palette&#8220;]Ibiza Closing-Partys 2026[\/vc_custom_heading][vc_column_text text_lead=&#8220;yes&#8220;]<strong><span style=\"color: white;\">Dein Guide f\u00fcr die besten Closing-Partys \/ Abschlusspartys der Saison<\/span><\/strong>[\/vc_column_text][\/vc_column_inner][\/vc_row_inner][\/vc_column][\/vc_row][vc_row row_height_percent=&#8220;0&#8243; overlay_alpha=&#8220;50&#8243; gutter_size=&#8220;3&#8243; column_width_percent=&#8220;100&#8243; shift_y=&#8220;0&#8243; z_index=&#8220;0&#8243; css=&#8220;.vc_custom_1551018712642{margin-top: 0px !important;margin-bottom: 0px !important;}&#8220;][vc_column column_width_percent=&#8220;100&#8243; gutter_size=&#8220;2&#8243; overlay_alpha=&#8220;50&#8243; shift_x=&#8220;0&#8243; shift_y=&#8220;0&#8243; shift_y_down=&#8220;0&#8243; z_index=&#8220;0&#8243; medium_width=&#8220;0&#8243; mobile_width=&#8220;0&#8243; width=&#8220;3\/4&#8243; uncode_shortcode_id=&#8220;425110&#8243; el_class=&#8220;mv-content&#8220;][uncode_block id=&#8220;525847&#8243;][vc_column_text uncode_shortcode_id=&#8220;686802&#8243;]<span class=\"dropped\">C<\/span>losing-Partys auf Ibiza l\u00e4uten das Ende einer langen, langen Sommersaison ein, die <strong>im April begann<\/strong>. Der Sommer mag sich dem Ende neigen, da die Temperaturen sinken, aber die Partys zu dieser Jahreszeit sind die hei\u00dfesten auf der Insel. Letzte Saison erlebten wir einen der epischsten Sommer der j\u00fcngeren Vergangenheit. Wir zweifeln nicht daran, dass die Closing-Partys von 2026 noch besser werden.   <\/p>\n<p>In diesem Guide verraten wir dir, was dich bei den Closing-Partys erwartet, unsere Empfehlungen f\u00fcr 2026, und listen Closing-Partys auf, sobald sie best\u00e4tigt sind.[\/vc_column_text][vc_row_inner row_inner_height_percent=&#8220;0&#8243; back_color=&#8220;accent&#8220; overlay_alpha=&#8220;50&#8243; gutter_size=&#8220;3&#8243; shift_y=&#8220;0&#8243; z_index=&#8220;0&#8243; limit_content=&#8220;&#8220;][vc_column_inner column_width_percent=&#8220;100&#8243; gutter_size=&#8220;3&#8243; override_padding=&#8220;yes&#8220; column_padding=&#8220;2&#8243; overlay_alpha=&#8220;50&#8243; shift_x=&#8220;0&#8243; shift_y=&#8220;0&#8243; shift_y_down=&#8220;0&#8243; z_index=&#8220;0&#8243; medium_width=&#8220;0&#8243; mobile_width=&#8220;0&#8243; width=&#8220;1\/1&#8243;][vc_column_text uncode_shortcode_id=&#8220;880100&#8243;]<span style=\"text-decoration: underline; color: #ffffff;\">In diesem Artikel:<\/span><\/p>\n<p><span style=\"color: #ffffff;\"><a style=\"color: #ffffff;\" href=\"#when\">Wann finden die Ibiza Closing-Partys \/ Abschlusspartys statt?<\/a><\/span><\/p>\n<p><span style=\"color: #ffffff;\"><a style=\"color: #ffffff;\" href=\"#best\">Wann ist die beste Zeit f\u00fcr Ibiza Closing-Partys \/ Abschlusspartys?<\/a><\/span><\/p>\n<p><span style=\"color: #ffffff;\"><a style=\"color: #ffffff;\" href=\"#september\">Ist September eine gute Zeit, um Ibiza zu besuchen?<\/a><\/span><\/p>\n<p><span style=\"color: #ffffff;\"><a style=\"color: #ffffff;\" href=\"#closing\">Ibiza Closing-Partys 2026<\/a><\/span><\/p>\n<p><span style=\"color: #ffffff;\"><a style=\"color: #ffffff;\" href=\"#faqs\">H\u00e4ufig gestellte Fragen<\/a><\/span>[\/vc_column_text][\/vc_column_inner][\/vc_row_inner][vc_custom_heading separator_color=&#8220;yes&#8220; separator=&#8220;yes&#8220;]<\/p>\n<h2 id=\"when\" class=\"p1\">Wann finden die Ibiza Closing-Partys \/ Abschlusspartys statt?<\/h2>\n<p>[\/vc_custom_heading][vc_column_text uncode_shortcode_id=&#8220;150852&#8243;]Es gibt oft Verwirrung dar\u00fcber, wann genau die Ibiza Closing-Partys \/ Abschlusspartys stattfinden.<\/p>\n<p>In den vergangenen Jahren fanden die meisten Closing-Partys \/ Abschlusspartys bis Ende September statt, bevor die Saison zu Ende ging.&nbsp; Heutzutage finden einige Closing-Partys \/ Abschlusspartys jedoch erst in der zweiten Oktoberwoche statt.<\/p>\n<p>In einer normalen Saison finden die Ibiza Closing Parties zwischen dem <strong>16. September und dem 18. Oktober<\/strong> statt.<\/p>\n<p>So wie <a href=\"https:\/\/ticketsibiza.com\/de\/opening-partys-ibiza\/\">Opening-Partys<\/a> jede Saison fr\u00fcher zu beginnen scheinen, finden Closing-Partys \/ Abschlusspartys jetzt jedes Jahr sp\u00e4ter statt.<\/p>\n<p><a href=\"https:\/\/ticketsibiza.com\/de\/partys\/circoloco\/\">Circoloco im DC10<\/a> und <a href=\"https:\/\/ticketsibiza.com\/de\/partys\/solomun-plus-1\/\">Solomun +1 im Pacha<\/a> sind gute Beispiele f\u00fcr die letzten Closing-Partys \/ Abschlusspartys, die du in den gr\u00f6\u00dften Clubs Ibizas finden kannst.<\/p>\n<p>Wenn du also bis Mitte Oktober auf Ibiza bist 2026, wirst du immer noch jede Menge Clubbing auf der Insel finden.<\/p>\n<p style=\"text-align: center;\"><span style=\"color: #e9148c;\"><em>\ud83d\udc49 <a href=\"#closing\"><span style=\"color: #e9148c;\">Direkt zu den 2026 Closing-Partys<\/span><\/a> \ud83d\udc48<\/em><\/span><\/p>\n<p>[\/vc_column_text][vc_single_image media=&#8220;991010&#8243; media_width_percent=&#8220;100&#8243; uncode_shortcode_id=&#8220;137702&#8243;][vc_column_text uncode_shortcode_id=&#8220;172420&#8243;]Es ist auch wichtig zu verstehen, dass es keine <em>offizielle<\/em> festgelegte Zeit gibt, wann Closing-Partys \/ Abschlusspartys stattfinden. Jeder Club und Promoter entscheidet, wann seine eigene Closing-Party \/ Abschlussparty veranstaltet wird. <\/p>\n<p>Auch wenn du dich also Mitte September auf Ibiza befindest, ist nicht jede Party, die du besuchst, unbedingt eine Closing-Party \/ Abschlussparty. Tats\u00e4chlich haben einige vielleicht schon stattgefunden! <\/p>\n<p>Du kannst sogar auf Closing-Partys \/ Abschlusspartys sto\u00dfen, die im Juli oder August stattfinden. Das ist bei Ibiza Rocks ziemlich \u00fcblich, wo es h\u00e4ufig Residencies gibt, die sich mitten im Sommer aufteilen. Ein Beispiel daf\u00fcr ist die Closing-Party \/ Abschlussparty von Becky Hill, die am 25. Juli stattfand.  <\/p>\n<p>Schauen wir uns jedoch die j\u00fcngsten H\u00f6chsttermine der Closing-Partys an. Von den 76 best\u00e4tigten Closing-Partys fand die erste am <strong>8. Juli (Do Not Sleep)<\/strong> statt und die letzte am <strong>1. November (Trip)<\/strong>. <\/p>\n<p>Das ist eine ziemlich gro\u00dfe Zeitspanne, also <strong>plane unbedingt im Voraus<\/strong>!<\/p>\n<p>Wir empfehlen auch dringend, <strong>deine Tickets im Voraus zu kaufen<\/strong>. Die beliebtesten Closing-Partys \/ Abschlusspartys der Insel <strong>werden ausverkauft sein<\/strong>&#8230; du wurdest gewarnt![\/vc_column_text][vc_empty_space empty_h=&#8220;1&#8243;][uncode_block id=&#8220;522142&#8243;][vc_custom_heading separator_color=&#8220;yes&#8220; separator=&#8220;yes&#8220;]<\/p>\n<h2 id=\"best\" class=\"p1\">Wann ist die beste Zeit f\u00fcr Ibiza Closing-Partys \/ Abschlusspartys?<\/h2>\n<p>[\/vc_custom_heading][vc_column_text uncode_shortcode_id=&#8220;535833&#8243;]Wenn du die gr\u00f6\u00dfte Auswahl an Closing Parties in 2026 erleben m\u00f6chtest, ist <strong>die beste Reisezeit in den zwei Wochen zwischen dem 23. September und dem 6. Oktober<\/strong>.<\/p>\n<p>In diesem Zeitraum gab es in der letzten Saison \u00fcber 35 Closing Parties zur Auswahl, allein 7 davon am Samstag, den 4. Oktober \ud83c\udf89[\/vc_column_text][vc_empty_space empty_h=&#8220;2&#8243;][vc_separator sep_color=&#8220;&#8220; uncode_shortcode_id=&#8220;106471&#8243;][vc_empty_space empty_h=&#8220;2&#8243;][vc_raw_html]PGlmcmFtZSB0aXRsZT0iVGVybWluZSBmw7xyIEliaXphIENsb3NpbmctUGFydHlzIC8gQWJzY2hsdXNzcGFydHlzIiBhcmlhLWxhYmVsPSJJbnRlcmFjdGl2ZSBsaW5lIGNoYXJ0IiBpZD0iZGF0YXdyYXBwZXItY2hhcnQtYWVhTW8iIHNyYz0iaHR0cHM6Ly9kYXRhd3JhcHBlci5kd2Nkbi5uZXQvYWVhTW8vMS8iIHNjcm9sbGluZz0ibm8iIGZyYW1lYm9yZGVyPSIwIiBzdHlsZT0id2lkdGg6IDA7IG1pbi13aWR0aDogMTAwJSAhaW1wb3J0YW50OyBib3JkZXI6IG5vbmU7IiBoZWlnaHQ9IjQwMCIgZGF0YS1leHRlcm5hbD0iMSI+PC9pZnJhbWU+PHNjcmlwdCB0eXBlPSJ0ZXh0L2phdmFzY3JpcHQiPiFmdW5jdGlvbigpeyJ1c2Ugc3RyaWN0Ijt3aW5kb3cuYWRkRXZlbnRMaXN0ZW5lcigibWVzc2FnZSIsKGZ1bmN0aW9uKGEpe2lmKHZvaWQgMCE9PWEuZGF0YVsiZGF0YXdyYXBwZXItaGVpZ2h0Il0pe3ZhciBlPWRvY3VtZW50LnF1ZXJ5U2VsZWN0b3JBbGwoImlmcmFtZSIpO2Zvcih2YXIgdCBpbiBhLmRhdGFbImRhdGF3cmFwcGVyLWhlaWdodCJdKWZvcih2YXIgcj0wO3I8ZS5sZW5ndGg7cisrKWlmKGVbcl0uY29udGVudFdpbmRvdz09PWEuc291cmNlKXt2YXIgaT1hLmRhdGFbImRhdGF3cmFwcGVyLWhlaWdodCJdW3RdKyJweCI7ZVtyXS5zdHlsZS5oZWlnaHQ9aX19fSkpfSgpOwo8L3NjcmlwdD4=[\/vc_raw_html][vc_empty_space empty_h=&#8220;2&#8243;][vc_column_text uncode_shortcode_id=&#8220;154248&#8243;]<em>Die meisten Closing-Partys \/ Abschlusspartys finden zwischen dem 23. September und dem 6. Oktober statt<\/em>[\/vc_column_text][vc_empty_space empty_h=&#8220;2&#8243;][vc_separator sep_color=&#8220;&#8220; uncode_shortcode_id=&#8220;106471&#8243;][vc_custom_heading separator_color=&#8220;yes&#8220; separator=&#8220;yes&#8220;]<\/p>\n<h2 id=\"september\" class=\"p1\">Ist September eine gute Zeit, um Ibiza zu besuchen?<\/h2>\n<p>[\/vc_custom_heading][vc_column_text uncode_shortcode_id=&#8220;581026&#8243;]F\u00fcr uns sind Closing-Partys \/ Abschlusspartys im September und Oktober die <strong>beste Zeit, um nach Ibiza zu fahren<\/strong>. Es gibt &nbsp;<strong>weniger Leute unterwegs<\/strong>, was dir im Allgemeinen mehr Freiraum verschafft.<\/p>\n<p>Es ist einfacher, Taxis zu bekommen, kurzfristig ein Restaurant oder ein Daybed zu buchen, und die Insel f\u00fchlt sich <strong>entspannter<\/strong> an, w\u00e4hrend die Nebensaison n\u00e4her r\u00fcckt.<\/p>\n<p>Du wirst vielen Mitarbeitern begegnen, die sich auf eine wohlverdiente Auszeit im Winter freuen![\/vc_column_text][vc_row_inner row_inner_height_percent=&#8220;0&#8243; back_color=&#8220;color-vyce&#8220; overlay_alpha=&#8220;50&#8243; gutter_size=&#8220;3&#8243; shift_y=&#8220;0&#8243; z_index=&#8220;0&#8243; limit_content=&#8220;&#8220;][vc_column_inner column_width_percent=&#8220;100&#8243; gutter_size=&#8220;3&#8243; override_padding=&#8220;yes&#8220; column_padding=&#8220;2&#8243; overlay_alpha=&#8220;50&#8243; radius=&#8220;sm&#8220; shadow=&#8220;sm&#8220; shift_x=&#8220;0&#8243; shift_y=&#8220;0&#8243; shift_y_down=&#8220;0&#8243; z_index=&#8220;0&#8243; medium_width=&#8220;0&#8243; mobile_width=&#8220;0&#8243; width=&#8220;1\/1&#8243;][vc_icon position=&#8220;right&#8220; display=&#8220;inline&#8220; icon=&#8220;fa fa-quote&#8220; icon_color=&#8220;color-xsdn&#8220; size=&#8220;fa-3x&#8220;][\/vc_icon][vc_column_text uncode_shortcode_id=&#8220;903466&#8243;]<strong><span style=\"color: #ffffff;\">Wenn du nach Ibiza f\u00e4hrst, um eine der Closing-Partys \/ Abschlusspartys zu erleben 2026, erwartet dich ein tolles Erlebnis.<\/span><\/strong>[\/vc_column_text][\/vc_column_inner][\/vc_row_inner][vc_column_text uncode_shortcode_id=&#8220;793094&#8243;]Es ist auch wahrscheinlicher, dass du&nbsp;<strong>g\u00fcnstigere Angebote<\/strong> f\u00fcr Ibiza w\u00e4hrend der Closing-Partys \/ Abschlusspartys findest. Warum? Weil die Hauptreisezeit f\u00fcr Ibiza im Juli und August liegt.  <\/p>\n<p>Hotels und Villen werden Ende September und Anfang Oktober erschwinglicher. Nimm zum Beispiel eines unserer Lieblingshotels, &nbsp;<a href=\"https:\/\/booking.stay22.com\/ticketsibiza\/DJ4jlzJ_SM\" target=\"_blank\" rel=\"noopener\">Es viv\u00e9 (Hotel MiM)<\/a> in Figueretas. Der Durchschnittspreis w\u00e4hrend <strong>sinkt um etwa 40 %<\/strong> Anfang Oktober im Vergleich zur Hochsaison!<\/p>\n<p>Wenn du in einer gr\u00f6\u00dferen Gruppe unterwegs bist, findest du vielleicht einige tolle Last-Minute-&nbsp;<a href=\"https:\/\/ticketsibiza.com\/de\/reisen\/\">Villa-Angebote<\/a> gibt es zu dieser Zeit auch. Die meisten Hotels schlie\u00dfen f\u00fcr die Saison zwischen Mitte und Ende Oktober und senken die Preise, um so viele Buchungen wie m\u00f6glich zu erhalten, bevor das passiert.<\/p>\n<p>Das Gleiche gilt f\u00fcr Fl\u00fcge. Ein Hin- und R\u00fcckflug von London nach Ibiza im September kostet &nbsp;<strong>76 \u00a3<\/strong>, vs&nbsp;<strong>114 \u00a3<\/strong> im August. Im Oktober sinkt der Durchschnitt sogar noch weiter auf &nbsp;<strong>48 \u00a3<\/strong> f\u00fcr die Hin- und R\u00fcckfahrt.[\/vc_column_text][vc_raw_html el_class=&#8220;map-dis&#8220;]PGlmcmFtZSBpZD0ic3RheTIyLXdpZGdldCIgd2lkdGg9IjEwMCUiIGhlaWdodD0iNDI4IiBzcmM9Imh0dHBzOi8vd3d3LnN0YXkyMi5jb20vZW1iZWQvNjNjODI3YTg2ZjU0NjAwMDNlZGI1OTlhP2ZpdG1hcHRvcG9pPXRydWUmYW1wO2hpZGVndWVzdHBpY2tlcj10cnVlJmFtcDtoaWRlaGVhdG1hcD10cnVlJmFtcDtoaWRlaW5mb21lbnU9dHJ1ZSZhbXA7aGlkZW1haW5tYXJrZXJjb3Zlcj10cnVlIiBmcmFtZWJvcmRlcj0iMCI+PC9pZnJhbWU+[\/vc_raw_html][vc_single_image media=&#8220;991013&#8243; media_width_percent=&#8220;60&#8243; alignment=&#8220;center&#8220;][vc_column_text uncode_shortcode_id=&#8220;195363&#8243;]Das Wetter ist ein weiterer Faktor f\u00fcr einen Besuch w\u00e4hrend der Closing-Partys \/ Abschlusspartys. Ende September sinkt die Durchschnittstemperatur auf der Insel auf &nbsp;<strong>24 \u00b0C<\/strong>. Es ist merklich k\u00fchler als die &nbsp;<strong>30 \u00b0C<\/strong> im August, aber es sorgt f\u00fcr ein angenehmeres Tanzen auf den Tagespartys \ud83d\ude4c<\/p>\n<p>Der wichtigste Grund f\u00fcr den Besuch von Closing-Partys \/ Abschlusspartys sind die Partys selbst! Du bekommst die &nbsp;<strong>besten DJ-Lineups<\/strong>,&nbsp;<strong>\u00dcberraschungsg\u00e4ste<\/strong> und&nbsp;<strong>Produktionswerte<\/strong>, egal wohin du gehst, denn jeder Club und Promoter gibt alles f\u00fcr die Party, auf die die ganze Saison hingearbeitet hat.<\/p>\n<p>Es hat einen guten Grund, warum viele Partys keine Endzeit haben, wenn es ums Schlie\u00dfen geht![\/vc_column_text][vc_row_inner row_inner_height_percent=&#8220;0&#8243; back_color=&#8220;color-vyce&#8220; overlay_alpha=&#8220;50&#8243; gutter_size=&#8220;3&#8243; shift_y=&#8220;0&#8243; z_index=&#8220;0&#8243; limit_content=&#8220;&#8220;][vc_column_inner column_width_percent=&#8220;100&#8243; gutter_size=&#8220;3&#8243; override_padding=&#8220;yes&#8220; column_padding=&#8220;2&#8243; overlay_alpha=&#8220;50&#8243; radius=&#8220;sm&#8220; shadow=&#8220;sm&#8220; shift_x=&#8220;0&#8243; shift_y=&#8220;0&#8243; shift_y_down=&#8220;0&#8243; z_index=&#8220;0&#8243; medium_width=&#8220;0&#8243; mobile_width=&#8220;0&#8243; width=&#8220;1\/1&#8243;][vc_icon position=&#8220;right&#8220; display=&#8220;inline&#8220; icon=&#8220;fa fa-quote&#8220; icon_color=&#8220;color-xsdn&#8220; size=&#8220;fa-3x&#8220;][\/vc_icon][vc_column_text]<strong><span style=\"color: #ffffff;\">Auch wenn du dich Mitte September auf Ibiza befindest, ist nicht jede Party, die du besuchst, unbedingt eine Closing-Party \/ Abschlussparty.<\/span><\/strong>[\/vc_column_text][\/vc_column_inner][\/vc_row_inner][vc_single_image media=&#8220;1121405&#8243; media_width_percent=&#8220;100&#8243; uncode_shortcode_id=&#8220;160611&#8243;][vc_custom_heading separator_color=&#8220;yes&#8220; separator=&#8220;yes&#8220; el_id=&#8220;closing&#8220; uncode_shortcode_id=&#8220;139142&#8243;]<\/p>\n<h2 id=\"\" class=\"p1\">Ibiza Closing-Partys 2026<\/h2>\n<p>[\/vc_custom_heading][vc_column_text uncode_shortcode_id=&#8220;149094&#8243;]Unten findest du alle bisher best\u00e4tigten Ibiza 2026 Closing-Partys.<\/p>\n<p>Besuche diese Seite weiterhin oder <a href=\"https:\/\/ticketsibiza.myflodesk.com\/tickets-ibiza-newsletter\" target=\"_blank\" rel=\"noopener\">melde dich f\u00fcr unseren Newsletter an<\/a>, damit du keine der neuesten Ank\u00fcndigungen verpasst. Es ist noch recht fr\u00fch f\u00fcr die Bekanntgabe einiger Closing Parties!<\/p>\n<p>Hier sind einige der Closing-Partys in 2026, die wir im Auge haben&#8230;<\/p>\n<ul>\n<li>David Guettas Galactic Circus schlie\u00dft am Freitag, den 2. Oktober<\/li>\n<li>Calvin Harris\u2019 l\u00e4ngste Residency im Ushua\u00efa endet ebenfalls am 2. Oktober<\/li>\n<li>Music On im Pacha schlie\u00dft am Freitag, den 9. Oktober<\/li>\n<li>Die Closing-Party von elrow findet am Samstag, den 3. Oktober statt<\/li>\n<li>Sonny Fodera im Pacha schlie\u00dft am Montag, den 5. Oktober<\/li>\n<li>Defected im Chinois schlie\u00dft am Donnerstag, den 8. Oktober<\/li>\n<li>Glitterbox im Amnesia schlie\u00dft am Freitag, den 9. Oktober<\/li>\n<li>O Beach schlie\u00dft am Sonntag, dem 11. Oktober<\/li>\n<li>Kisstory @ O Beach feiert seine Closing-Party am Dienstag, dem 6. Oktober<\/li>\n<li>Soul Heaven @ O Beach schlie\u00dft am Samstag, dem 3. Oktober<\/li>\n<\/ul>\n<p>Behalte diesen Platz im Auge, da weitere Ibiza Closing-Partys \/ Abschlusspartys best\u00e4tigt und der Liste hinzugef\u00fcgt werden![\/vc_column_text][uncode_block id=&#8220;983860&#8243;]\t\t<div class=\"wcs-timetable__wrapper\">\n\t\t\t<div class=\"wcs-vue\" id=\"wcs-app-99\"><\/div>\n\t\t<\/div>\n\t\t[uncode_block id=&#8220;522150&#8243;][vc_custom_heading separator_color=&#8220;yes&#8220; separator=&#8220;yes&#8220; el_id=&#8220;faqs&#8220; uncode_shortcode_id=&#8220;409872&#8243;]<\/p>\n<h2 id=\"closing\" class=\"p1\">FAQs zu Ibiza Closing-Partys \/ Abschlusspartys<\/h2>\n<p>[\/vc_custom_heading][vc_accordion history=&#8220;yes&#8220; active_tab=&#8220;0&#8243;][vc_accordion_tab gutter_size=&#8220;2&#8243; column_padding=&#8220;2&#8243; title=&#8220;In welcher Woche finden die Ibiza Closing-Partys \/ Abschlusspartys statt?&#8220; tab_id=&#8220;1627417830-1-28&#8243; slug=&#8220;faq1&#8243;][vc_column_text]In einer normalen Saison finden die Ibiza Closing-Partys \/ Abschlusspartys zwischen dem 16. September und dem 18. Oktober statt.[\/vc_column_text][\/vc_accordion_tab][vc_accordion_tab gutter_size=&#8220;2&#8243; column_padding=&#8220;2&#8243; title=&#8220;Macht Ibiza im Oktober dicht?&#8220; tab_id=&#8220;1627417830-1-28&#8243; slug=&#8220;faq2&#8243;][vc_column_text]Die meisten Clubs und Restaurants in belebten Gegenden wie San Antonio und Playa d\u2019en Bossa beginnen Ende Oktober f\u00fcr den Winter zu schlie\u00dfen.[\/vc_column_text][\/vc_accordion_tab][vc_accordion_tab gutter_size=&#8220;2&#8243; column_padding=&#8220;2&#8243; title=&#8220;Was ist eine Ibiza Closing-Party \/ Abschlussparty?&#8220; tab_id=&#8220;1627417830-1-28&#8243; slug=&#8220;faq3&#8243;][vc_column_text]Eine Closing-Party \/ Abschlussparty ist eine Party, die das Ende der Sommersaison auf Ibiza signalisiert. Clubs und Veranstalter veranstalten alle ihre eigenen Closing-Partys \/ Abschlusspartys im September und Oktober.[\/vc_column_text][\/vc_accordion_tab][vc_accordion_tab gutter_size=&#8220;2&#8243; column_padding=&#8220;2&#8243; title=&#8220;Sind die Ibiza Closing-Partys \/ Abschlusspartys gut besucht?&#8220; tab_id=&#8220;1627417830-1-28&#8243; slug=&#8220;faq4&#8243;][vc_column_text]Closing-Partys \/ Abschlusspartys k\u00f6nnen sehr gut besucht sein, aber auf der Insel ist viel weniger los als in der Hochsaison im August.[\/vc_column_text][\/vc_accordion_tab][vc_accordion_tab gutter_size=&#8220;2&#8243; column_padding=&#8220;2&#8243; title=&#8220;Sind die Clubs auf Ibiza im Oktober noch ge\u00f6ffnet?&#8220; tab_id=&#8220;1627417830-1-28&#8243; slug=&#8220;faq5&#8243;][vc_column_text]Einige Clubs sind Anfang Oktober noch ge\u00f6ffnet, aber nicht alle. Du solltest unseren <a href=\"https:\/\/ticketsibiza.com\/de\/ibiza-kalender\/\">Ibiza Party Calendar<\/a> \u00fcberpr\u00fcfen, um sicherzugehen.[\/vc_column_text][\/vc_accordion_tab][\/vc_accordion][vc_row_inner row_inner_height_percent=&#8220;0&#8243; back_color=&#8220;accent&#8220; overlay_alpha=&#8220;50&#8243; gutter_size=&#8220;3&#8243; shift_y=&#8220;0&#8243; z_index=&#8220;0&#8243; limit_content=&#8220;&#8220;][vc_column_inner column_width_percent=&#8220;100&#8243; gutter_size=&#8220;3&#8243; override_padding=&#8220;yes&#8220; column_padding=&#8220;2&#8243; overlay_alpha=&#8220;50&#8243; shift_x=&#8220;0&#8243; shift_y=&#8220;0&#8243; shift_y_down=&#8220;0&#8243; z_index=&#8220;0&#8243; medium_width=&#8220;0&#8243; mobile_width=&#8220;0&#8243; width=&#8220;1\/1&#8243;][vc_column_text uncode_shortcode_id=&#8220;103433&#8243;]<span style=\"color: #ffffff;\">Wir m\u00f6chten dir alle Infos geben, die du brauchst, um deine Clubtickets f\u00fcr Ibiza zu kaufen.<\/span><\/p>\n<p><span style=\"color: #ffffff;\"><em>Du suchst nach mehr Ibiza-Content? Hier gibt&#8217;s noch mehr: <\/em><\/span><\/p>\n<p><span style=\"color: #ffffff;\">\ud83d\udc49 <a style=\"color: #ffffff;\" href=\"https:\/\/ticketsibiza.com\/de\/opening-partys-ibiza\/\">Ibiza Opening Partys<\/a><\/span><\/p>\n<p><span style=\"color: #ffffff;\">\ud83d\udc49 <a style=\"color: #ffffff;\" href=\"https:\/\/ticketsibiza.com\/de\/ibiza-kalender\/\">Ibiza Club Kalender<\/a><\/span><\/p>\n<p><span style=\"color: #ffffff;\">\ud83d\udc49 <a style=\"color: #ffffff;\" href=\"https:\/\/ticketsibiza.com\/de\/vip-tische\/\">Ibiza VIP-Tische<\/a><\/span><\/p>\n<p><span style=\"color: #ffffff;\">\ud83d\udc49 <a style=\"color: #ffffff;\" href=\"https:\/\/ticketsibiza.com\/de\/partys\/\">Ibiza Partys<\/a><\/span><\/p>\n<p><span style=\"color: #ffffff;\">\ud83d\udc49 <a style=\"color: #ffffff;\" href=\"https:\/\/ticketsibiza.com\/de\/clubs\/\">Ibiza Clubs<\/a><\/span>[\/vc_column_text][\/vc_column_inner][\/vc_row_inner][vc_row_inner limit_content=&#8220;&#8220;][vc_column_inner width=&#8220;1\/1&#8243;][vc_separator sep_color=&#8220;color-gyho&#8220;][vc_empty_space empty_h=&#8220;0&#8243;][uncode_author_profile avatar_size=&#8220;75&#8243; avatar_border=&#8220;yes&#8220; author_name_linked=&#8220;&#8220; heading_semantic=&#8220;h4&#8243; text_size=&#8220;h4&#8243; sub_lead=&#8220;small&#8220; sub_reduced=&#8220;yes&#8220;][vc_empty_space empty_h=&#8220;0&#8243;][vc_separator sep_color=&#8220;color-gyho&#8220;][\/vc_column_inner][\/vc_row_inner][\/vc_column][vc_column column_width_percent=&#8220;100&#8243; align_horizontal=&#8220;align_center&#8220; gutter_size=&#8220;2&#8243; overlay_alpha=&#8220;50&#8243; shift_x=&#8220;0&#8243; shift_y=&#8220;0&#8243; shift_y_down=&#8220;0&#8243; z_index=&#8220;0&#8243; medium_width=&#8220;0&#8243; mobile_visibility=&#8220;yes&#8220; mobile_width=&#8220;0&#8243; width=&#8220;1\/4&#8243; uncode_shortcode_id=&#8220;615464&#8243; el_class=&#8220;mv-sidebar&#8220;][vc_button button_color=&#8220;color-jevc&#8220; size=&#8220;btn-lg&#8220; border_animation=&#8220;btn-ripple-out&#8220; wide=&#8220;yes&#8220; border_width=&#8220;0&#8243; link=&#8220;url:%23closing|&#8220; button_color_type=&#8220;uncode-palette&#8220; uncode_shortcode_id=&#8220;878138&#8243;]Tickets kaufen[\/vc_button][vc_separator sep_color=&#8220;color-gyho&#8220;][uncode_block id=&#8220;142897&#8243; inside_column=&#8220;yes&#8220;][\/vc_column][\/vc_row]<\/p>\n<\/div>","protected":false},"excerpt":{"rendered":"<p>[vc_row row_height_percent=&#8220;0&#8243; override_padding=&#8220;yes&#8220; h_padding=&#8220;2&#8243; top_padding=&#8220;2&#8243; bottom_padding=&#8220;0&#8243; back_image=&#8220;615846&#8243; overlay_alpha=&#8220;50&#8243; gutter_size=&#8220;3&#8243; column_width_percent=&#8220;100&#8243; shift_y=&#8220;0&#8243; z_index=&#8220;0&#8243; content_parallax=&#8220;0&#8243; row_height_pixel=&#8220;50&#8243; uncode_shortcode_id=&#8220;199052&#8243;][vc_column width=&#8220;1\/1&#8243;][vc_empty_space empty_h=&#8220;5&#8243;][vc_row_inner row_inner_height_percent=&#8220;0&#8243; force_width_grid=&#8220;yes&#8220; overlay_color=&#8220;color-149363&#8243; [&hellip;]<\/p>\n","protected":false},"author":7,"featured_media":1061524,"parent":0,"menu_order":0,"comment_status":"closed","ping_status":"closed","template":"","meta":{"_acf_changed":false,"footnotes":""},"class_list":["post-990997","page","type-page","status-publish","has-post-thumbnail","hentry"],"acf":[],"_links":{"self":[{"href":"https:\/\/ticketsibiza.com\/de\/wp-json\/wp\/v2\/pages\/990997","targetHints":{"allow":["GET"]}}],"collection":[{"href":"https:\/\/ticketsibiza.com\/de\/wp-json\/wp\/v2\/pages"}],"about":[{"href":"https:\/\/ticketsibiza.com\/de\/wp-json\/wp\/v2\/types\/page"}],"author":[{"embeddable":true,"href":"https:\/\/ticketsibiza.com\/de\/wp-json\/wp\/v2\/users\/7"}],"replies":[{"embeddable":true,"href":"https:\/\/ticketsibiza.com\/de\/wp-json\/wp\/v2\/comments?post=990997"}],"version-history":[{"count":93,"href":"https:\/\/ticketsibiza.com\/de\/wp-json\/wp\/v2\/pages\/990997\/revisions"}],"predecessor-version":[{"id":1121843,"href":"https:\/\/ticketsibiza.com\/de\/wp-json\/wp\/v2\/pages\/990997\/revisions\/1121843"}],"wp:featuredmedia":[{"embeddable":true,"href":"https:\/\/ticketsibiza.com\/de\/wp-json\/wp\/v2\/media\/1061524"}],"wp:attachment":[{"href":"https:\/\/ticketsibiza.com\/de\/wp-json\/wp\/v2\/media?parent=990997"}],"curies":[{"name":"wp","href":"https:\/\/api.w.org\/{rel}","templated":true}]}}