{"id":990102,"date":"2020-02-25T11:57:44","date_gmt":"2020-02-25T11:57:44","guid":{"rendered":"https:\/\/ticketsibiza.com\/paradise\/"},"modified":"2026-03-18T11:21:48","modified_gmt":"2026-03-18T11:21:48","slug":"paradise","status":"publish","type":"page","link":"https:\/\/ticketsibiza.com\/de\/partys\/paradise\/","title":{"rendered":"Paradise Ibiza 2026 &#8211; Tickets, Events und Line-up"},"content":{"rendered":"<div class=\"wpb-content-wrapper\"><p>[vc_row row_height_percent=&#8220;0&#8243; override_padding=&#8220;yes&#8220; h_padding=&#8220;2&#8243; top_padding=&#8220;2&#8243; bottom_padding=&#8220;0&#8243; back_image=&#8220;144443&#8243; overlay_alpha=&#8220;50&#8243; gutter_size=&#8220;3&#8243; column_width_percent=&#8220;100&#8243; shift_y=&#8220;0&#8243; z_index=&#8220;0&#8243; row_height_pixel=&#8220;50&#8243;][vc_column width=&#8220;1\/1&#8243;][vc_empty_space empty_h=&#8220;5&#8243;][vc_row_inner row_inner_height_percent=&#8220;0&#8243; force_width_grid=&#8220;yes&#8220; overlay_color=&#8220;color-149363&#8243; overlay_alpha=&#8220;50&#8243; gutter_size=&#8220;1&#8243; shift_y=&#8220;1&#8243; z_index=&#8220;3&#8243; css=&#8220;.vc_custom_1551002505146{margin-bottom: 0px !important;border-bottom-width: 0px !important;padding-top: 0px !important;padding-bottom: 0px !important;padding-left: 20px !important;}&#8220;][vc_column_inner column_width_percent=&#8220;100&#8243; gutter_size=&#8220;0&#8243; overlay_alpha=&#8220;50&#8243; shift_x=&#8220;0&#8243; shift_y=&#8220;0&#8243; shift_y_down=&#8220;0&#8243; z_index=&#8220;0&#8243; medium_width=&#8220;0&#8243; mobile_width=&#8220;0&#8243; width=&#8220;1\/1&#8243; css=&#8220;.vc_custom_1551002411961{padding-bottom: 0px !important;}&#8220;][vc_custom_heading text_color=&#8220;color-xsdn&#8220; heading_semantic=&#8220;h1&#8243; text_size=&#8220;h1&#8243; sub_reduced=&#8220;yes&#8220;]Paradise[\/vc_custom_heading][vc_column_text text_lead=&#8220;yes&#8220;]<strong><span style=\"color: white;\">Amnesia<\/span><\/strong>[\/vc_column_text][\/vc_column_inner][\/vc_row_inner][\/vc_column][\/vc_row][vc_row row_height_percent=&#8220;0&#8243; override_padding=&#8220;yes&#8220; h_padding=&#8220;2&#8243; top_padding=&#8220;2&#8243; bottom_padding=&#8220;0&#8243; overlay_alpha=&#8220;50&#8243; gutter_size=&#8220;3&#8243; column_width_percent=&#8220;100&#8243; shift_y=&#8220;0&#8243; z_index=&#8220;0&#8243; css=&#8220;.vc_custom_1551018966910{margin-bottom: 0px !important;padding-bottom: 0px !important;}&#8220;][vc_column column_width_percent=&#8220;100&#8243; gutter_size=&#8220;0&#8243; overlay_alpha=&#8220;50&#8243; shift_x=&#8220;0&#8243; shift_y=&#8220;0&#8243; shift_y_down=&#8220;0&#8243; z_index=&#8220;0&#8243; medium_width=&#8220;0&#8243; mobile_width=&#8220;0&#8243; width=&#8220;3\/4&#8243;][vc_column_text uncode_shortcode_id=&#8220;688689&#8243;]<\/p>\n<blockquote>\n<h3>Paradise kehrt ins UNVRS zur\u00fcck<\/h3>\n<\/blockquote>\n<p>[\/vc_column_text][\/vc_column][vc_column column_width_percent=&#8220;100&#8243; gutter_size=&#8220;0&#8243; overlay_alpha=&#8220;50&#8243; shift_x=&#8220;0&#8243; shift_y=&#8220;0&#8243; shift_y_down=&#8220;0&#8243; z_index=&#8220;0&#8243; medium_width=&#8220;0&#8243; mobile_visibility=&#8220;yes&#8220; mobile_width=&#8220;0&#8243; width=&#8220;1\/4&#8243;][vc_button button_color=&#8220;color-jevc&#8220; size=&#8220;btn-lg&#8220; border_animation=&#8220;btn-ripple-out&#8220; border_width=&#8220;0&#8243; link=&#8220;url:%23listings|&#8220; button_color_type=&#8220;uncode-palette&#8220; uncode_shortcode_id=&#8220;709845&#8243;]Tickets kaufen[\/vc_button][\/vc_column][\/vc_row][vc_row row_height_percent=&#8220;0&#8243; overlay_alpha=&#8220;50&#8243; gutter_size=&#8220;3&#8243; column_width_percent=&#8220;100&#8243; shift_y=&#8220;0&#8243; z_index=&#8220;0&#8243; css=&#8220;.vc_custom_1551018712642{margin-top: 0px !important;margin-bottom: 0px !important;}&#8220;][vc_column column_width_percent=&#8220;100&#8243; gutter_size=&#8220;2&#8243; overlay_alpha=&#8220;50&#8243; shift_x=&#8220;0&#8243; shift_y=&#8220;0&#8243; shift_y_down=&#8220;0&#8243; z_index=&#8220;0&#8243; medium_width=&#8220;0&#8243; mobile_width=&#8220;0&#8243; width=&#8220;3\/4&#8243;][vc_column_text uncode_shortcode_id=&#8220;730612&#8243;]<\/p>\n<p class=\"p1\">Jamie Jones bringt Paradise 2026 mit einer 18-w\u00f6chigen Residenz im UNVRS zur\u00fcck nach Ibiza, die jeden Mittwoch vom 10. Juni bis zum 7. Oktober stattfindet.<\/p>\n<p class=\"p1\">Seit seiner Gr\u00fcndung im Jahr 2012 hat sich Paradise zu einer der pr\u00e4gendsten Partys der Insel entwickelt \u2013 eine feste Gr\u00f6\u00dfe im Ibiza-Kalender, die auf Jones\u2019 F\u00e4higkeit aufbaut, die Grenzen zwischen House, Tech-House und Techno zu verwischen. Die Nacht zieht ein Publikum an, das wegen der Musik und nicht wegen des Spektakels kommt, mit einem Programm, das in mehreren R\u00e4umen stets \u00fcberzeugt. <\/p>\n<p class=\"p1\">F\u00fcr 2026 zieht die Residenz ins UNVRS um \u2013 eine Location, die sich schnell als einer der zukunftsweisendsten Orte Ibizas etabliert hat. Das Multi-Room-Setup des Clubs mit Wild Comet, Bunker und Main Floor bietet Paradise Raum zur Entfaltung, wobei jeder Bereich die ganze Nacht \u00fcber seinen eigenen Sound und seine eigene Atmosph\u00e4re bietet. <\/p>\n<p class=\"p1\">Jones selbst bleibt die Konstante, spielt jede Woche und kuratiert Line-ups, die etablierte Namen mit aufstrebenden Talenten mischen, die er \u00fcber seine Labels Hot Creations und Emerald City gef\u00f6rdert hat. In fr\u00fcheren Saisons waren G\u00e4ste wie The Martinez Brothers und Loco Dice sowie neuere Acts, die ihr Ibiza-Deb\u00fct gaben, zu sehen. <\/p>\n<p class=\"p1\">Die Er\u00f6ffnungsparty am Mittwoch, den 10. Juni, l\u00e4utet die Saison ein, die T\u00fcren \u00f6ffnen um 23:00 Uhr und die Party geht bis in die fr\u00fchen Morgenstunden. Die Abschlussparty am Mittwoch, den 7. Oktober, rundet eine der voraussichtlich l\u00e4ngsten Residenzen des Sommers ab. <\/p>\n<p>[\/vc_column_text][\/vc_column][vc_column column_width_percent=&#8220;100&#8243; gutter_size=&#8220;0&#8243; overlay_alpha=&#8220;50&#8243; shift_x=&#8220;0&#8243; shift_y=&#8220;0&#8243; shift_y_down=&#8220;0&#8243; z_index=&#8220;0&#8243; medium_width=&#8220;0&#8243; mobile_width=&#8220;0&#8243; width=&#8220;1\/4&#8243;][vc_separator sep_color=&#8220;color-149363&#8243;][uncode_list icon=&#8220;fa fa-location-outline&#8220; uncode_shortcode_id=&#8220;219698&#8243;]<\/p>\n<ul>\n<li>UNVRS<\/li>\n<\/ul>\n<p>[\/uncode_list][uncode_list icon=&#8220;fa fa-calendar&#8220; uncode_shortcode_id=&#8220;145091&#8243;]<\/p>\n<ul>\n<li>Mittwochs<\/li>\n<\/ul>\n<p>[\/uncode_list][uncode_list icon=&#8220;fa fa-cab&#8220;]<\/p>\n<ul>\n<li>Ctra. Ibiza a San Antonio, 07816 <\/li>\n<\/ul>\n<p>[\/uncode_list][vc_separator sep_color=&#8220;color-149363&#8243;][\/vc_column][\/vc_row][vc_section back_color=&#8220;color-lxmt&#8220; overlay_alpha=&#8220;50&#8243;][vc_row][vc_column width=&#8220;3\/4&#8243;][vc_gallery el_id=&#8220;gallery-160005&#8243; type=&#8220;carousel&#8220; random=&#8220;yes&#8220; medias=&#8220;990107,990108,990109,990110,990111,990112&#8243; carousel_lg=&#8220;3&#8243; carousel_md=&#8220;3&#8243; carousel_sm=&#8220;1&#8243; gutter_size=&#8220;3&#8243; carousel_interval=&#8220;3000&#8243; carousel_navspeed=&#8220;400&#8243; stage_padding=&#8220;0&#8243; single_overlay_opacity=&#8220;50&#8243; single_padding=&#8220;2&#8243; title=&#8220;CircoLoco Galerie&#8220;][\/vc_column][vc_column width=&#8220;1\/4&#8243;][uncode_share layout=&#8220;multiple&#8220; separator=&#8220;yes&#8220; title=&#8220;Diese Party teilen&#8220;][\/vc_column][\/vc_row][\/vc_section][vc_section back_color=&#8220;color-prif&#8220; overlay_alpha=&#8220;50&#8243;][vc_row row_height_percent=&#8220;0&#8243; overlay_alpha=&#8220;50&#8243; gutter_size=&#8220;3&#8243; column_width_percent=&#8220;100&#8243; shift_y=&#8220;0&#8243; z_index=&#8220;0&#8243; row_name=&#8220;listings&#8220;][vc_column column_width_percent=&#8220;100&#8243; position_vertical=&#8220;middle&#8220; align_horizontal=&#8220;align_center&#8220; gutter_size=&#8220;2&#8243; overlay_alpha=&#8220;50&#8243; shift_x=&#8220;0&#8243; shift_y=&#8220;0&#8243; shift_y_down=&#8220;0&#8243; z_index=&#8220;0&#8243; medium_width=&#8220;0&#8243; mobile_width=&#8220;0&#8243; width=&#8220;1\/1&#8243;][vc_custom_heading text_color=&#8220;color-xsdn&#8220; sub_lead=&#8220;yes&#8220;]<\/p>\n<h2 style=\"text-align: center;\"><span style=\"color: #ffffff;\">Party-Listings<\/span><\/h2>\n<p>[\/vc_custom_heading]\t\t<div class=\"wcs-timetable__wrapper\">\n\t\t\t<div class=\"wcs-vue\" id=\"wcs-app-102\"><\/div>\n\t\t<\/div>\n\t\t[\/vc_column][\/vc_row][\/vc_section]<\/p>\n<\/div>","protected":false},"excerpt":{"rendered":"<p>[vc_row row_height_percent=&#8220;0&#8243; override_padding=&#8220;yes&#8220; h_padding=&#8220;2&#8243; top_padding=&#8220;2&#8243; bottom_padding=&#8220;0&#8243; back_image=&#8220;144443&#8243; overlay_alpha=&#8220;50&#8243; gutter_size=&#8220;3&#8243; column_width_percent=&#8220;100&#8243; shift_y=&#8220;0&#8243; z_index=&#8220;0&#8243; row_height_pixel=&#8220;50&#8243;][vc_column width=&#8220;1\/1&#8243;][vc_empty_space empty_h=&#8220;5&#8243;][vc_row_inner row_inner_height_percent=&#8220;0&#8243; force_width_grid=&#8220;yes&#8220; overlay_color=&#8220;color-149363&#8243; overlay_alpha=&#8220;50&#8243; gutter_size=&#8220;1&#8243; [&hellip;]<\/p>\n","protected":false},"author":1,"featured_media":990113,"parent":991484,"menu_order":0,"comment_status":"closed","ping_status":"closed","template":"","meta":{"_acf_changed":false,"footnotes":""},"class_list":["post-990102","page","type-page","status-publish","has-post-thumbnail","hentry","page_category-partys","page_category-unvrs"],"acf":[],"_links":{"self":[{"href":"https:\/\/ticketsibiza.com\/de\/wp-json\/wp\/v2\/pages\/990102","targetHints":{"allow":["GET"]}}],"collection":[{"href":"https:\/\/ticketsibiza.com\/de\/wp-json\/wp\/v2\/pages"}],"about":[{"href":"https:\/\/ticketsibiza.com\/de\/wp-json\/wp\/v2\/types\/page"}],"author":[{"embeddable":true,"href":"https:\/\/ticketsibiza.com\/de\/wp-json\/wp\/v2\/users\/1"}],"replies":[{"embeddable":true,"href":"https:\/\/ticketsibiza.com\/de\/wp-json\/wp\/v2\/comments?post=990102"}],"version-history":[{"count":20,"href":"https:\/\/ticketsibiza.com\/de\/wp-json\/wp\/v2\/pages\/990102\/revisions"}],"predecessor-version":[{"id":1127518,"href":"https:\/\/ticketsibiza.com\/de\/wp-json\/wp\/v2\/pages\/990102\/revisions\/1127518"}],"up":[{"embeddable":true,"href":"https:\/\/ticketsibiza.com\/de\/wp-json\/wp\/v2\/pages\/991484"}],"wp:featuredmedia":[{"embeddable":true,"href":"https:\/\/ticketsibiza.com\/de\/wp-json\/wp\/v2\/media\/990113"}],"wp:attachment":[{"href":"https:\/\/ticketsibiza.com\/de\/wp-json\/wp\/v2\/media?parent=990102"}],"curies":[{"name":"wp","href":"https:\/\/api.w.org\/{rel}","templated":true}]}}