{"id":989547,"date":"2025-08-14T17:11:56","date_gmt":"2025-08-14T16:11:56","guid":{"rendered":"https:\/\/ticketsibiza.com\/ibiza-kalender\/saturdays\/"},"modified":"2026-01-13T15:14:09","modified_gmt":"2026-01-13T15:14:09","slug":"samstag","status":"publish","type":"page","link":"https:\/\/ticketsibiza.com\/de\/ibiza-kalender\/samstag\/","title":{"rendered":"Ibiza Samstags-Events 2026"},"content":{"rendered":"<div class=\"wpb-content-wrapper\"><p>[vc_row unlock_row_content=&#8220;yes&#8220; row_height_percent=&#8220;0&#8243; override_padding=&#8220;yes&#8220; h_padding=&#8220;0&#8243; top_padding=&#8220;1&#8243; bottom_padding=&#8220;2&#8243; overlay_alpha=&#8220;50&#8243; gutter_size=&#8220;3&#8243; column_width_percent=&#8220;100&#8243; shift_y=&#8220;0&#8243; z_index=&#8220;0&#8243; row_name=&#8220;top&#8220; css=&#8220;.vc_custom_1591615140908{padding-right: 18px !important;padding-left: 18px !important;}&#8220;][vc_column column_width_use_pixel=&#8220;yes&#8220; gutter_size=&#8220;3&#8243; overlay_alpha=&#8220;50&#8243; shift_x=&#8220;0&#8243; shift_y=&#8220;0&#8243; shift_y_down=&#8220;0&#8243; z_index=&#8220;0&#8243; medium_width=&#8220;0&#8243; mobile_width=&#8220;0&#8243; width=&#8220;1\/1&#8243; uncode_shortcode_id=&#8220;979366&#8243; column_width_pixel=&#8220;1200&#8243;][vc_row_inner][vc_column_inner column_width_percent=&#8220;55&#8243; align_horizontal=&#8220;align_center&#8220; gutter_size=&#8220;3&#8243; overlay_alpha=&#8220;50&#8243; shift_x=&#8220;0&#8243; shift_y=&#8220;0&#8243; shift_y_down=&#8220;0&#8243; z_index=&#8220;0&#8243; medium_width=&#8220;0&#8243; mobile_width=&#8220;0&#8243; width=&#8220;1\/1&#8243; uncode_shortcode_id=&#8220;123942&#8243;][vc_custom_heading heading_semantic=&#8220;h1&#8243; text_size=&#8220;h1&#8243; text_weight=&#8220;700&#8243; text_transform=&#8220;uppercase&#8220; separator=&#8220;yes&#8220; separator_color=&#8220;yes&#8220; uncode_shortcode_id=&#8220;140850&#8243;]<\/p>\n<h1 style=\"text-align: center;\"><span class=\"font-762333\">Ibiza Samstags-Events 2026<\/span><\/h1>\n<p>[\/vc_custom_heading][vc_column_text uncode_shortcode_id=&#8220;912991&#8243;]Samstage auf Ibiza: Die Insel l\u00e4uft auf Hochtouren und alle sind zum Feiern unterwegs. Erwarte volle Line-ups, \u00fcberf\u00fcllte Tanzfl\u00e4chen und eine elektrisierende Stimmung von Sonnenuntergang bis Sonnenaufgang.<br \/>\nDas sind die Samstagspartys, die deine Zeit wert sind.[\/vc_column_text][\/vc_column_inner][\/vc_row_inner][vc_row_inner][vc_column_inner column_width_percent=&#8220;55&#8243; gutter_size=&#8220;3&#8243; overlay_alpha=&#8220;50&#8243; shift_x=&#8220;0&#8243; shift_y=&#8220;0&#8243; shift_y_down=&#8220;0&#8243; z_index=&#8220;0&#8243; medium_width=&#8220;0&#8243; mobile_width=&#8220;0&#8243; width=&#8220;1\/1&#8243; uncode_shortcode_id=&#8220;210657&#8243; el_class=&#8220;mv-content&#8220;]\t\t<div class=\"wcs-timetable__wrapper\">\n\t\t\t<div class=\"wcs-vue\" id=\"wcs-app-150\"><\/div>\n\t\t<\/div>\n\t\t[\/vc_column_inner][\/vc_row_inner][vc_row_inner row_inner_height_percent=&#8220;0&#8243; overlay_alpha=&#8220;50&#8243; gutter_size=&#8220;3&#8243; shift_y=&#8220;0&#8243; z_index=&#8220;0&#8243; uncode_shortcode_id=&#8220;142640&#8243;][vc_column_inner column_width_percent=&#8220;55&#8243; gutter_size=&#8220;3&#8243; overlay_alpha=&#8220;50&#8243; shift_x=&#8220;0&#8243; shift_y=&#8220;0&#8243; shift_y_down=&#8220;0&#8243; z_index=&#8220;0&#8243; medium_width=&#8220;0&#8243; mobile_width=&#8220;0&#8243; width=&#8220;1\/1&#8243; uncode_shortcode_id=&#8220;720927&#8243;][vc_custom_heading heading_semantic=&#8220;h1&#8243; text_size=&#8220;h1&#8243; separator=&#8220;yes&#8220; separator_color=&#8220;yes&#8220; uncode_shortcode_id=&#8220;125096&#8243;]<\/p>\n<h3 style=\"text-align: left;\"><span class=\"font-762333\">Was ist samstags auf Ibiza los?<\/span><\/h3>\n<p>[\/vc_custom_heading][vc_column_text uncode_shortcode_id=&#8220;146714&#8243;]Samstage auf Ibiza sind der Wahnsinn. Das ist der H\u00f6hepunkt des Partymodus \u2013 Clubs sind voll, Line-ups sind top und die Energie der Insel ist auf Hochtouren. <\/p>\n<p>Es gibt keinen Mangel an Optionen, von Tagessessions bis zu Partys die ganze Nacht.<\/p>\n<p>Scrolle durch den Samstagskalender, um zu sehen, was los ist.[\/vc_column_text][vc_custom_heading heading_semantic=&#8220;h1&#8243; text_size=&#8220;h1&#8243; separator=&#8220;yes&#8220; separator_color=&#8220;yes&#8220; uncode_shortcode_id=&#8220;624803&#8243;]<\/p>\n<h3 style=\"text-align: left;\"><span class=\"font-762333\">Ibiza Samstags-Tagespartys<\/span><\/h3>\n<p>[\/vc_custom_heading][vc_column_text uncode_shortcode_id=&#8220;726704&#8243;]Zu den beliebtesten Samstags-Tagespartys auf Ibiza geh\u00f6ren ANTS im Ushua\u00efa, Soul Heaven im O Beach und LoveJuice im Ibiza Rocks.[\/vc_column_text][vc_custom_heading heading_semantic=&#8220;h1&#8243; text_size=&#8220;h1&#8243; separator=&#8220;yes&#8220; separator_color=&#8220;yes&#8220; uncode_shortcode_id=&#8220;106233&#8243;]<\/p>\n<h3 style=\"text-align: left;\"><span class=\"font-762333\">Ibiza Samstags-Nachtpartys<\/span><\/h3>\n<p>[\/vc_custom_heading][vc_column_text uncode_shortcode_id=&#8220;597422&#8243;]Zu den beliebtesten Samstags-Nachtpartys auf Ibiza geh\u00f6ren elrow im UNVRS, Black Coffee im H\u00ef und Flower Power im Pacha.[\/vc_column_text][vc_custom_heading heading_semantic=&#8220;h1&#8243; text_size=&#8220;h1&#8243; separator=&#8220;yes&#8220; separator_color=&#8220;yes&#8220; uncode_shortcode_id=&#8220;122733&#8243;]<\/p>\n<h3 style=\"text-align: left;\"><span class=\"font-762333\">Ibiza Samstags-Event-Tickets<\/span><\/h3>\n<p>[\/vc_custom_heading][vc_column_text uncode_shortcode_id=&#8220;830302&#8243;]Tickets f\u00fcr die Samstags-Events auf Ibiza sind online erh\u00e4ltlich und k\u00f6nnen bis zum Tag des Events gekauft werden.<\/p>\n<p>Wir empfehlen immer, Tickets online im Voraus zu kaufen, da dies den Eintritt garantiert und dir im Durchschnitt 10 \u20ac pro Ticket spart.[\/vc_column_text][\/vc_column_inner][\/vc_row_inner][vc_row_inner][vc_column_inner column_width_percent=&#8220;55&#8243; align_horizontal=&#8220;align_center&#8220; gutter_size=&#8220;3&#8243; overlay_alpha=&#8220;50&#8243; shift_x=&#8220;0&#8243; shift_y=&#8220;0&#8243; shift_y_down=&#8220;0&#8243; z_index=&#8220;0&#8243; medium_width=&#8220;0&#8243; mobile_width=&#8220;0&#8243; width=&#8220;1\/1&#8243; uncode_shortcode_id=&#8220;696253&#8243;][vc_button button_color=&#8220;color-vyce&#8220; size=&#8220;btn-lg&#8220; border_width=&#8220;0&#8243; link=&#8220;url:%23top|&#8220;]ZUR\u00dcCK NACH OBEN[\/vc_button][\/vc_column_inner][\/vc_row_inner][\/vc_column][\/vc_row][vc_row][vc_column width=&#8220;1\/1&#8243;][uncode_block id=&#8220;522142&#8243; inside_column=&#8220;yes&#8220;][\/vc_column][\/vc_row]<\/p>\n<\/div>","protected":false},"excerpt":{"rendered":"<p>Suchst du die besten Samstags-Events auf Ibiza in dieser Saison? Wir haben alles f\u00fcr dich. <\/p>\n","protected":false},"author":1,"featured_media":987059,"parent":988529,"menu_order":0,"comment_status":"closed","ping_status":"closed","template":"","meta":{"_acf_changed":false,"footnotes":""},"class_list":["post-989547","page","type-page","status-publish","has-post-thumbnail","hentry"],"acf":[],"_links":{"self":[{"href":"https:\/\/ticketsibiza.com\/de\/wp-json\/wp\/v2\/pages\/989547","targetHints":{"allow":["GET"]}}],"collection":[{"href":"https:\/\/ticketsibiza.com\/de\/wp-json\/wp\/v2\/pages"}],"about":[{"href":"https:\/\/ticketsibiza.com\/de\/wp-json\/wp\/v2\/types\/page"}],"author":[{"embeddable":true,"href":"https:\/\/ticketsibiza.com\/de\/wp-json\/wp\/v2\/users\/1"}],"replies":[{"embeddable":true,"href":"https:\/\/ticketsibiza.com\/de\/wp-json\/wp\/v2\/comments?post=989547"}],"version-history":[{"count":13,"href":"https:\/\/ticketsibiza.com\/de\/wp-json\/wp\/v2\/pages\/989547\/revisions"}],"predecessor-version":[{"id":1060582,"href":"https:\/\/ticketsibiza.com\/de\/wp-json\/wp\/v2\/pages\/989547\/revisions\/1060582"}],"up":[{"embeddable":true,"href":"https:\/\/ticketsibiza.com\/de\/wp-json\/wp\/v2\/pages\/988529"}],"wp:featuredmedia":[{"embeddable":true,"href":"https:\/\/ticketsibiza.com\/de\/wp-json\/wp\/v2\/media\/987059"}],"wp:attachment":[{"href":"https:\/\/ticketsibiza.com\/de\/wp-json\/wp\/v2\/media?parent=989547"}],"curies":[{"name":"wp","href":"https:\/\/api.w.org\/{rel}","templated":true}]}}