{"id":989527,"date":"2025-08-18T15:34:31","date_gmt":"2025-08-18T14:34:31","guid":{"rendered":"https:\/\/ticketsibiza.com\/ibiza-kalender\/mondays\/"},"modified":"2026-01-13T15:06:43","modified_gmt":"2026-01-13T15:06:43","slug":"montag","status":"publish","type":"page","link":"https:\/\/ticketsibiza.com\/de\/ibiza-kalender\/montag\/","title":{"rendered":"Ibiza Montag Veranstaltungen 2026"},"content":{"rendered":"<div class=\"wpb-content-wrapper\"><p>[vc_row unlock_row_content=&#8220;yes&#8220; row_height_percent=&#8220;0&#8243; override_padding=&#8220;yes&#8220; h_padding=&#8220;0&#8243; top_padding=&#8220;1&#8243; bottom_padding=&#8220;2&#8243; overlay_alpha=&#8220;50&#8243; gutter_size=&#8220;3&#8243; column_width_percent=&#8220;100&#8243; shift_y=&#8220;0&#8243; z_index=&#8220;0&#8243; row_name=&#8220;top&#8220; css=&#8220;.vc_custom_1591615140908{padding-right: 18px !important;padding-left: 18px !important;}&#8220;][vc_column column_width_use_pixel=&#8220;yes&#8220; gutter_size=&#8220;3&#8243; overlay_alpha=&#8220;50&#8243; shift_x=&#8220;0&#8243; shift_y=&#8220;0&#8243; shift_y_down=&#8220;0&#8243; z_index=&#8220;0&#8243; medium_width=&#8220;0&#8243; mobile_width=&#8220;0&#8243; width=&#8220;1\/1&#8243; uncode_shortcode_id=&#8220;979366&#8243; column_width_pixel=&#8220;1200&#8243;][vc_row_inner][vc_column_inner column_width_percent=&#8220;55&#8243; align_horizontal=&#8220;align_center&#8220; gutter_size=&#8220;3&#8243; overlay_alpha=&#8220;50&#8243; shift_x=&#8220;0&#8243; shift_y=&#8220;0&#8243; shift_y_down=&#8220;0&#8243; z_index=&#8220;0&#8243; medium_width=&#8220;0&#8243; mobile_width=&#8220;0&#8243; width=&#8220;1\/1&#8243; uncode_shortcode_id=&#8220;123942&#8243;][vc_custom_heading heading_semantic=&#8220;h1&#8243; text_size=&#8220;h1&#8243; text_weight=&#8220;700&#8243; text_transform=&#8220;uppercase&#8220; separator=&#8220;yes&#8220; separator_color=&#8220;yes&#8220; uncode_shortcode_id=&#8220;184483&#8243;]<\/p>\n<h1 style=\"text-align: center;\"><span class=\"font-762333\">Ibiza Montag Veranstaltungen 2026<\/span><\/h1>\n<p>[\/vc_custom_heading][vc_column_text uncode_shortcode_id=&#8220;583985&#8243;]Immer noch am Erholen vom Wochenende? Pech gehabt. <\/p>\n<p>Montage in Ibiza sind h\u00e4rter als dein Wecker. Egal, ob du Big-Room-Energie oder Strand-Gl\u00fcck suchst, es gibt keine Entschuldigung, um drinnen zu bleiben. Die Insel macht keine langsamen Starts. Tauche ein in die besten Montagspartys in Ibiza unten.[\/vc_column_text][\/vc_column_inner][\/vc_row_inner][vc_row_inner][vc_column_inner column_width_percent=&#8220;55&#8243; gutter_size=&#8220;3&#8243; overlay_alpha=&#8220;50&#8243; shift_x=&#8220;0&#8243; shift_y=&#8220;0&#8243; shift_y_down=&#8220;0&#8243; z_index=&#8220;0&#8243; medium_width=&#8220;0&#8243; mobile_width=&#8220;0&#8243; width=&#8220;1\/1&#8243; uncode_shortcode_id=&#8220;210657&#8243; el_class=&#8220;mv-content&#8220;]\t\t<div class=\"wcs-timetable__wrapper\">\n\t\t\t<div class=\"wcs-vue\" id=\"wcs-app-152\"><\/div>\n\t\t<\/div>\n\t\t[\/vc_column_inner][\/vc_row_inner][vc_row_inner row_inner_height_percent=&#8220;0&#8243; overlay_alpha=&#8220;50&#8243; gutter_size=&#8220;3&#8243; shift_y=&#8220;0&#8243; z_index=&#8220;0&#8243; uncode_shortcode_id=&#8220;142640&#8243;][vc_column_inner column_width_percent=&#8220;55&#8243; gutter_size=&#8220;3&#8243; overlay_alpha=&#8220;50&#8243; shift_x=&#8220;0&#8243; shift_y=&#8220;0&#8243; shift_y_down=&#8220;0&#8243; z_index=&#8220;0&#8243; medium_width=&#8220;0&#8243; mobile_width=&#8220;0&#8243; width=&#8220;1\/1&#8243; uncode_shortcode_id=&#8220;720927&#8243;][vc_custom_heading heading_semantic=&#8220;h1&#8243; text_size=&#8220;h1&#8243; separator=&#8220;yes&#8220; separator_color=&#8220;yes&#8220; uncode_shortcode_id=&#8220;119304&#8243;]<\/p>\n<h3 style=\"text-align: left;\"><span class=\"font-762333\">Was ist los in Ibiza am Montag?<\/span><\/h3>\n<p>[\/vc_custom_heading][vc_column_text uncode_shortcode_id=&#8220;555378&#8243;]Montage in Ibiza sind alles andere als langsam. Mit der Energie des Wochenendes, die noch immer pulsiert, gibt es immer gro\u00dfe Veranstaltungen, in die man eintauchen kann \u2013 von Strand-Brunches bis hin zu Clubn\u00e4chten, die bis in den Dienstag hineinreichen. <\/p>\n<p>Egal, ob du gerade ankommst oder noch stark dabei bist, es ist jeden Montag in Ibizas 20+ Clubs viel los.<\/p>\n<p>Klicke auf den Kalender oben, um deinen Montagsparty-Fix zu finden.[\/vc_column_text][vc_custom_heading heading_semantic=&#8220;h1&#8243; text_size=&#8220;h1&#8243; separator=&#8220;yes&#8220; separator_color=&#8220;yes&#8220; uncode_shortcode_id=&#8220;130572&#8243;]<\/p>\n<h3 style=\"text-align: left;\"><span class=\"font-762333\">Ibiza Montag Tagespartys<\/span><\/h3>\n<p>[\/vc_custom_heading][vc_column_text uncode_shortcode_id=&#8220;167952&#8243;]Einige der beliebtesten Montag Tagespartys in Ibiza sind F*** ME I\u2019M FAMOUS im Ushua\u00efa, D4 DANCE im O Beach und Circoloco im DC10.[\/vc_column_text][vc_custom_heading heading_semantic=&#8220;h1&#8243; text_size=&#8220;h1&#8243; separator=&#8220;yes&#8220; separator_color=&#8220;yes&#8220; uncode_shortcode_id=&#8220;160217&#8243;]<\/p>\n<h3 style=\"text-align: left;\"><span class=\"font-762333\">Ibiza Montag Nachtpartys<\/span><\/h3>\n<p>[\/vc_custom_heading][vc_column_text uncode_shortcode_id=&#8220;974069&#8243;]Einige der beliebtesten Montag Nachtpartys in Ibiza sind Circoloco im DC10, Sonny Fodera im Pacha und James Hype im H\u00ef.[\/vc_column_text][vc_custom_heading heading_semantic=&#8220;h1&#8243; text_size=&#8220;h1&#8243; separator=&#8220;yes&#8220; separator_color=&#8220;yes&#8220; uncode_shortcode_id=&#8220;713491&#8243;]<\/p>\n<h3 style=\"text-align: left;\"><span class=\"font-762333\">Ibiza Montag Event Tickets<\/span><\/h3>\n<p>[\/vc_custom_heading][vc_column_text uncode_shortcode_id=&#8220;151235&#8243;]Tickets f\u00fcr Ibizas Montag Veranstaltungen sind online erh\u00e4ltlich und k\u00f6nnen bis zum Tag der Veranstaltung gekauft werden.<\/p>\n<p>Wir empfehlen immer, Tickets im Voraus online zu kaufen, da dies den Eintritt garantiert und du im Durchschnitt 10 \u20ac pro Ticket sparst.[\/vc_column_text][\/vc_column_inner][\/vc_row_inner][vc_row_inner][vc_column_inner column_width_percent=&#8220;55&#8243; align_horizontal=&#8220;align_center&#8220; gutter_size=&#8220;3&#8243; overlay_alpha=&#8220;50&#8243; shift_x=&#8220;0&#8243; shift_y=&#8220;0&#8243; shift_y_down=&#8220;0&#8243; z_index=&#8220;0&#8243; medium_width=&#8220;0&#8243; mobile_width=&#8220;0&#8243; width=&#8220;1\/1&#8243; uncode_shortcode_id=&#8220;696253&#8243;][vc_button button_color=&#8220;color-vyce&#8220; size=&#8220;btn-lg&#8220; border_width=&#8220;0&#8243; link=&#8220;url:%23top|&#8220;]ZUR\u00dcCK NACH OBEN[\/vc_button][\/vc_column_inner][\/vc_row_inner][\/vc_column][\/vc_row][vc_row][vc_column width=&#8220;1\/1&#8243;][uncode_block id=&#8220;522142&#8243; inside_column=&#8220;yes&#8220;][\/vc_column][\/vc_row]<\/p>\n<\/div>","protected":false},"excerpt":{"rendered":"<p>Suchst du die besten Montag Veranstaltungen in Ibiza in dieser Saison? Wir haben alles, was du brauchst. <\/p>\n","protected":false},"author":1,"featured_media":987059,"parent":988529,"menu_order":0,"comment_status":"closed","ping_status":"closed","template":"","meta":{"_acf_changed":false,"footnotes":""},"class_list":["post-989527","page","type-page","status-publish","has-post-thumbnail","hentry"],"acf":[],"_links":{"self":[{"href":"https:\/\/ticketsibiza.com\/de\/wp-json\/wp\/v2\/pages\/989527","targetHints":{"allow":["GET"]}}],"collection":[{"href":"https:\/\/ticketsibiza.com\/de\/wp-json\/wp\/v2\/pages"}],"about":[{"href":"https:\/\/ticketsibiza.com\/de\/wp-json\/wp\/v2\/types\/page"}],"author":[{"embeddable":true,"href":"https:\/\/ticketsibiza.com\/de\/wp-json\/wp\/v2\/users\/1"}],"replies":[{"embeddable":true,"href":"https:\/\/ticketsibiza.com\/de\/wp-json\/wp\/v2\/comments?post=989527"}],"version-history":[{"count":13,"href":"https:\/\/ticketsibiza.com\/de\/wp-json\/wp\/v2\/pages\/989527\/revisions"}],"predecessor-version":[{"id":1060513,"href":"https:\/\/ticketsibiza.com\/de\/wp-json\/wp\/v2\/pages\/989527\/revisions\/1060513"}],"up":[{"embeddable":true,"href":"https:\/\/ticketsibiza.com\/de\/wp-json\/wp\/v2\/pages\/988529"}],"wp:featuredmedia":[{"embeddable":true,"href":"https:\/\/ticketsibiza.com\/de\/wp-json\/wp\/v2\/media\/987059"}],"wp:attachment":[{"href":"https:\/\/ticketsibiza.com\/de\/wp-json\/wp\/v2\/media?parent=989527"}],"curies":[{"name":"wp","href":"https:\/\/api.w.org\/{rel}","templated":true}]}}