{"id":989492,"date":"2025-08-18T15:28:36","date_gmt":"2025-08-18T14:28:36","guid":{"rendered":"https:\/\/ticketsibiza.com\/ibiza-kalender\/sundays\/"},"modified":"2026-01-13T15:15:27","modified_gmt":"2026-01-13T15:15:27","slug":"sonntag","status":"publish","type":"page","link":"https:\/\/ticketsibiza.com\/de\/ibiza-kalender\/sonntag\/","title":{"rendered":"Ibiza Sonntags-Events 2026"},"content":{"rendered":"<div class=\"wpb-content-wrapper\"><p>[vc_row unlock_row_content=&#8220;yes&#8220; row_height_percent=&#8220;0&#8243; override_padding=&#8220;yes&#8220; h_padding=&#8220;0&#8243; top_padding=&#8220;1&#8243; bottom_padding=&#8220;2&#8243; overlay_alpha=&#8220;50&#8243; gutter_size=&#8220;3&#8243; column_width_percent=&#8220;100&#8243; shift_y=&#8220;0&#8243; z_index=&#8220;0&#8243; row_name=&#8220;top&#8220; css=&#8220;.vc_custom_1591615140908{padding-right: 18px !important;padding-left: 18px !important;}&#8220;][vc_column column_width_use_pixel=&#8220;yes&#8220; gutter_size=&#8220;3&#8243; overlay_alpha=&#8220;50&#8243; shift_x=&#8220;0&#8243; shift_y=&#8220;0&#8243; shift_y_down=&#8220;0&#8243; z_index=&#8220;0&#8243; medium_width=&#8220;0&#8243; mobile_width=&#8220;0&#8243; width=&#8220;1\/1&#8243; uncode_shortcode_id=&#8220;979366&#8243; column_width_pixel=&#8220;1200&#8243;][vc_row_inner][vc_column_inner column_width_percent=&#8220;55&#8243; align_horizontal=&#8220;align_center&#8220; gutter_size=&#8220;3&#8243; overlay_alpha=&#8220;50&#8243; shift_x=&#8220;0&#8243; shift_y=&#8220;0&#8243; shift_y_down=&#8220;0&#8243; z_index=&#8220;0&#8243; medium_width=&#8220;0&#8243; mobile_width=&#8220;0&#8243; width=&#8220;1\/1&#8243; uncode_shortcode_id=&#8220;123942&#8243;][vc_custom_heading heading_semantic=&#8220;h1&#8243; text_size=&#8220;h1&#8243; text_weight=&#8220;700&#8243; text_transform=&#8220;uppercase&#8220; separator=&#8220;yes&#8220; separator_color=&#8220;yes&#8220; uncode_shortcode_id=&#8220;121247&#8243;]<\/p>\n<h1 style=\"text-align: center;\"><span class=\"font-762333\">Ibiza Sonntags-Events 2026<\/span><\/h1>\n<p>[\/vc_custom_heading][vc_column_text uncode_shortcode_id=&#8220;701979&#8243;]Sonntag ist auf Ibiza nicht zum Ausruhen da \u2013 es ist eine der gr\u00f6\u00dften N\u00e4chte der Woche.<\/p>\n<p>Ibizas letzter Tag der Woche hat es immer noch in sich. Legend\u00e4re Closings, Soulful House Sessions und Strandpartys gehen alle sonntags ab. Hier kannst du die Woche stark beenden.[\/vc_column_text][\/vc_column_inner][\/vc_row_inner][vc_row_inner][vc_column_inner column_width_percent=&#8220;55&#8243; gutter_size=&#8220;3&#8243; overlay_alpha=&#8220;50&#8243; shift_x=&#8220;0&#8243; shift_y=&#8220;0&#8243; shift_y_down=&#8220;0&#8243; z_index=&#8220;0&#8243; medium_width=&#8220;0&#8243; mobile_width=&#8220;0&#8243; width=&#8220;1\/1&#8243; uncode_shortcode_id=&#8220;210657&#8243; el_class=&#8220;mv-content&#8220;]\t\t<div class=\"wcs-timetable__wrapper\">\n\t\t\t<div class=\"wcs-vue\" id=\"wcs-app-151\"><\/div>\n\t\t<\/div>\n\t\t[\/vc_column_inner][\/vc_row_inner][vc_row_inner row_inner_height_percent=&#8220;0&#8243; overlay_alpha=&#8220;50&#8243; gutter_size=&#8220;3&#8243; shift_y=&#8220;0&#8243; z_index=&#8220;0&#8243; uncode_shortcode_id=&#8220;142640&#8243;][vc_column_inner column_width_percent=&#8220;55&#8243; gutter_size=&#8220;3&#8243; overlay_alpha=&#8220;50&#8243; shift_x=&#8220;0&#8243; shift_y=&#8220;0&#8243; shift_y_down=&#8220;0&#8243; z_index=&#8220;0&#8243; medium_width=&#8220;0&#8243; mobile_width=&#8220;0&#8243; width=&#8220;1\/1&#8243; uncode_shortcode_id=&#8220;720927&#8243;][vc_custom_heading heading_semantic=&#8220;h1&#8243; text_size=&#8220;h1&#8243; separator=&#8220;yes&#8220; separator_color=&#8220;yes&#8220; uncode_shortcode_id=&#8220;128392&#8243;]<\/p>\n<h3 style=\"text-align: left;\"><span class=\"font-762333\">Was ist sonntags auf Ibiza los?<\/span><\/h3>\n<p>[\/vc_custom_heading][vc_column_text uncode_shortcode_id=&#8220;133090&#8243;]Sonntage m\u00f6gen anderswo das Ende der Woche sein, aber auf Ibiza sind sie genauso wild.<\/p>\n<p>Ob eine legend\u00e4re Sunset-Party, ein Deep House Ausklang oder ein letzter Rave \u2013 der Sonntag hat viel zu bieten.<\/p>\n<p>Schau dir die Sonntags-Listings oben an und beende die Woche stark.[\/vc_column_text][vc_custom_heading heading_semantic=&#8220;h1&#8243; text_size=&#8220;h1&#8243; separator=&#8220;yes&#8220; separator_color=&#8220;yes&#8220; uncode_shortcode_id=&#8220;221569&#8243;]<\/p>\n<h3 style=\"text-align: left;\"><span class=\"font-762333\">Ibiza Sonntags-Tagespartys<\/span><\/h3>\n<p>[\/vc_custom_heading][vc_column_text uncode_shortcode_id=&#8220;211424&#8243;]Einige der beliebtesten Sonntags-Tagespartys auf Ibiza sind Kygo im Ushua\u00efa, Kinky Malinki im O Beach und die Aftersun Bootsparty.[\/vc_column_text][vc_custom_heading heading_semantic=&#8220;h1&#8243; text_size=&#8220;h1&#8243; separator=&#8220;yes&#8220; separator_color=&#8220;yes&#8220; uncode_shortcode_id=&#8220;617710&#8243;]<\/p>\n<h3 style=\"text-align: left;\"><span class=\"font-762333\">Ibiza Sonntags-Nachtpartys<\/span><\/h3>\n<p>[\/vc_custom_heading][vc_column_text uncode_shortcode_id=&#8220;718706&#8243;]Einige der beliebtesten Sonntags-Nachtpartys auf Ibiza sind Solomun im Pacha, Carl Cox im UNVRS und Glitterbox im H\u00ef.[\/vc_column_text][vc_custom_heading heading_semantic=&#8220;h1&#8243; text_size=&#8220;h1&#8243; separator=&#8220;yes&#8220; separator_color=&#8220;yes&#8220; uncode_shortcode_id=&#8220;192005&#8243;]<\/p>\n<h3 style=\"text-align: left;\"><span class=\"font-762333\">Tickets f\u00fcr Ibiza Sonntags-Events<\/span><\/h3>\n<p>[\/vc_custom_heading][vc_column_text uncode_shortcode_id=&#8220;132945&#8243;]Tickets f\u00fcr Ibizas Sonntags-Events sind online erh\u00e4ltlich und k\u00f6nnen bis zum Tag der Party gekauft werden.<\/p>\n<p>Wir empfehlen immer, Tickets online im Voraus zu kaufen, da dies den Eintritt garantiert und dir durchschnittlich 10 \u20ac pro Ticket spart.[\/vc_column_text][\/vc_column_inner][\/vc_row_inner][vc_row_inner][vc_column_inner column_width_percent=&#8220;55&#8243; align_horizontal=&#8220;align_center&#8220; gutter_size=&#8220;3&#8243; overlay_alpha=&#8220;50&#8243; shift_x=&#8220;0&#8243; shift_y=&#8220;0&#8243; shift_y_down=&#8220;0&#8243; z_index=&#8220;0&#8243; medium_width=&#8220;0&#8243; mobile_width=&#8220;0&#8243; width=&#8220;1\/1&#8243; uncode_shortcode_id=&#8220;696253&#8243;][vc_button button_color=&#8220;color-vyce&#8220; size=&#8220;btn-lg&#8220; border_width=&#8220;0&#8243; link=&#8220;url:%23top|&#8220;]ZUR\u00dcCK NACH OBEN[\/vc_button][\/vc_column_inner][\/vc_row_inner][\/vc_column][\/vc_row][vc_row][vc_column width=&#8220;1\/1&#8243;][uncode_block id=&#8220;522142&#8243; inside_column=&#8220;yes&#8220;][\/vc_column][\/vc_row]<\/p>\n<\/div>","protected":false},"excerpt":{"rendered":"<p>[vc_row unlock_row_content=&#8220;yes&#8220; row_height_percent=&#8220;0&#8243; override_padding=&#8220;yes&#8220; h_padding=&#8220;0&#8243; top_padding=&#8220;1&#8243; bottom_padding=&#8220;2&#8243; overlay_alpha=&#8220;50&#8243; gutter_size=&#8220;3&#8243; column_width_percent=&#8220;100&#8243; shift_y=&#8220;0&#8243; z_index=&#8220;0&#8243; row_name=&#8220;top&#8220; css=&#8220;.vc_custom_1591615140908{padding-right: 18px !important;padding-left: 18px !important;}&#8220;][vc_column column_width_use_pixel=&#8220;yes&#8220; gutter_size=&#8220;3&#8243; [&hellip;]<\/p>\n","protected":false},"author":1,"featured_media":987059,"parent":988529,"menu_order":0,"comment_status":"closed","ping_status":"closed","template":"","meta":{"_acf_changed":false,"footnotes":""},"class_list":["post-989492","page","type-page","status-publish","has-post-thumbnail","hentry"],"acf":[],"_links":{"self":[{"href":"https:\/\/ticketsibiza.com\/de\/wp-json\/wp\/v2\/pages\/989492","targetHints":{"allow":["GET"]}}],"collection":[{"href":"https:\/\/ticketsibiza.com\/de\/wp-json\/wp\/v2\/pages"}],"about":[{"href":"https:\/\/ticketsibiza.com\/de\/wp-json\/wp\/v2\/types\/page"}],"author":[{"embeddable":true,"href":"https:\/\/ticketsibiza.com\/de\/wp-json\/wp\/v2\/users\/1"}],"replies":[{"embeddable":true,"href":"https:\/\/ticketsibiza.com\/de\/wp-json\/wp\/v2\/comments?post=989492"}],"version-history":[{"count":12,"href":"https:\/\/ticketsibiza.com\/de\/wp-json\/wp\/v2\/pages\/989492\/revisions"}],"predecessor-version":[{"id":1060595,"href":"https:\/\/ticketsibiza.com\/de\/wp-json\/wp\/v2\/pages\/989492\/revisions\/1060595"}],"up":[{"embeddable":true,"href":"https:\/\/ticketsibiza.com\/de\/wp-json\/wp\/v2\/pages\/988529"}],"wp:featuredmedia":[{"embeddable":true,"href":"https:\/\/ticketsibiza.com\/de\/wp-json\/wp\/v2\/media\/987059"}],"wp:attachment":[{"href":"https:\/\/ticketsibiza.com\/de\/wp-json\/wp\/v2\/media?parent=989492"}],"curies":[{"name":"wp","href":"https:\/\/api.w.org\/{rel}","templated":true}]}}