{"id":989295,"date":"2025-04-16T22:11:11","date_gmt":"2025-04-16T21:11:11","guid":{"rendered":"https:\/\/ticketsibiza.com\/formentera-wonders\/"},"modified":"2026-02-27T11:11:43","modified_gmt":"2026-02-27T11:11:43","slug":"formentera-wonders","status":"publish","type":"page","link":"https:\/\/ticketsibiza.com\/de\/formentera-wonders\/","title":{"rendered":"Formentera Wonders"},"content":{"rendered":"<div class=\"wpb-content-wrapper\"><p>[vc_row][vc_column column_width_percent=&#8220;100&#8243; align_horizontal=&#8220;align_center&#8220; gutter_size=&#8220;3&#8243; overlay_alpha=&#8220;50&#8243; shift_x=&#8220;0&#8243; shift_y=&#8220;0&#8243; shift_y_down=&#8220;0&#8243; z_index=&#8220;0&#8243; medium_width=&#8220;0&#8243; mobile_width=&#8220;0&#8243; width=&#8220;1\/1&#8243; uncode_shortcode_id=&#8220;213233&#8243;][vc_row_inner][vc_column_inner column_width_percent=&#8220;100&#8243; align_horizontal=&#8220;align_center&#8220; gutter_size=&#8220;3&#8243; overlay_alpha=&#8220;50&#8243; shift_x=&#8220;0&#8243; shift_y=&#8220;0&#8243; shift_y_down=&#8220;0&#8243; z_index=&#8220;0&#8243; medium_width=&#8220;0&#8243; mobile_width=&#8220;0&#8243; width=&#8220;1\/1&#8243; uncode_shortcode_id=&#8220;542719&#8243;][vc_single_image media=&#8220;989301&#8243; media_width_use_pixel=&#8220;yes&#8220; alignment=&#8220;center&#8220; uncode_shortcode_id=&#8220;615817&#8243; media_width_pixel=&#8220;280&#8243;][vc_custom_heading heading_semantic=&#8220;h3&#8243; text_size=&#8220;h3&#8243; uncode_shortcode_id=&#8220;778785&#8243;]<\/p>\n<p style=\"text-align: center;\">Sichere dir deine Tickets f\u00fcr den unglaublichen Formentera Wonders Bootsausflug \u2693\ufe0f<\/p>\n<p>[\/vc_custom_heading][\/vc_column_inner][\/vc_row_inner][vc_gallery el_id=&#8220;gallery-520000&#8243; type=&#8220;carousel&#8220; medias=&#8220;1036425,1036421,1036426,1036420,1036422,1036423,1036424,1036427,1036428,1036429&#8243; carousel_lg=&#8220;&#8220; carousel_md=&#8220;&#8220; carousel_sm=&#8220;&#8220; gutter_size=&#8220;3&#8243; carousel_interval=&#8220;3000&#8243; carousel_navspeed=&#8220;400&#8243; stage_padding=&#8220;0&#8243; single_overlay_opacity=&#8220;50&#8243; single_padding=&#8220;2&#8243; uncode_shortcode_id=&#8220;929695&#8243;][vc_column_text uncode_shortcode_id=&#8220;150429&#8243;]<strong>Inklusivleistungen<\/strong><\/p>\n<p>\u2714 F\u00fcnfst\u00fcndiges Katamaran-Erlebnis: Ibiza \u2013 Espalmador \u2013 Ses Illetes<br \/>\u2714 Fr\u00fchst\u00fccksbuffet: lokale Wurstspezialit\u00e4ten, Geb\u00e4ck, frisches Obst, Brot, Marmeladen, S\u00e4fte, Kaffee, Tee und Kakaogetr\u00e4nke<br \/>\u2714 An Bord frisch zubereitete ibizenkische Paella, inklusive vegetarischer und veganer Optionen<br \/>\u2714 Open Bar: Bier, Sangria, Softdrinks, Mojitos und Blue Formentera Cocktail<br \/>\u2714 Wasseraktivit\u00e4ten: Stand-up-Paddling, Schnorcheln, Luftmatratzen und Rutsche<br \/>\u2714 Musik w\u00e4hrend der gesamten Fahrt<br \/>\u2714 Check-in-Assistenz und Begr\u00fc\u00dfung durch unsere Hostess[\/vc_column_text][vc_raw_html]PHNjcmlwdCB0eXBlPSJ0ZXh0L2phdmFzY3JpcHQiIHNyYz0iaHR0cHM6Ly93aWRnZXRzLmJva3VuLmlvL2Fzc2V0cy9qYXZhc2NyaXB0cy9hcHBzL2J1aWxkL0Jva3VuV2lkZ2V0c0xvYWRlci5qcz9ib29raW5nQ2hhbm5lbFVVSUQ9OTBhZTNkZGQtYzEyMC00NzBkLWI2ZDYtYmY1OTRjM2FkMzAyIiBhc3luYz0iIj48L3NjcmlwdD4KCjxkaXYgY2xhc3M9ImJva3VuV2lkZ2V0IiBkYXRhLXNyYz0iaHR0cHM6Ly93aWRnZXRzLmJva3VuLmlvL29ubGluZS1zYWxlcy85MGFlM2RkZC1jMTIwLTQ3MGQtYjZkNi1iZjU5NGMzYWQzMDIvZXhwZXJpZW5jZS8xMTAyMjk5Ij48L2Rpdj4KPG5vc2NyaXB0PkJpdHRlIGFrdGl2aWVyZSBKYXZhc2NyaXB0IGluIGRlaW5lbSBCcm93c2VyLCB1bSB6dSBidWNoZW48L25vc2NyaXB0Pg==[\/vc_raw_html][vc_raw_html]PGRpdiBpZD0ibWVkaWF2aW5lLXNldHRpbmdzIiBkYXRhLWJsb2NrbGlzdC1hbGw9IjEiPjwvZGl2Pgo8ZGl2IGlkPSJoaWRlLWdyb3ctd2lkZ2V0Ij48L2Rpdj4=[\/vc_raw_html][vc_single_image media=&#8220;989303&#8243; media_width_use_pixel=&#8220;yes&#8220; alignment=&#8220;center&#8220; uncode_shortcode_id=&#8220;565897&#8243; media_width_pixel=&#8220;250&#8243;][vc_column_text text_lead=&#8220;small&#8220; uncode_shortcode_id=&#8220;198050&#8243;]<\/p>\n<p style=\"text-align: center;\"><a href=\"https:\/\/ticketsibiza.com\/de\/\">Zur\u00fcck zu ticketsibiza.com<\/a><\/p>\n<p>[\/vc_column_text][\/vc_column][\/vc_row]<\/p>\n<\/div>","protected":false},"excerpt":{"rendered":"<p>[vc_row][vc_column column_width_percent=&#8220;100&#8243; align_horizontal=&#8220;align_center&#8220; gutter_size=&#8220;3&#8243; overlay_alpha=&#8220;50&#8243; shift_x=&#8220;0&#8243; shift_y=&#8220;0&#8243; shift_y_down=&#8220;0&#8243; z_index=&#8220;0&#8243; medium_width=&#8220;0&#8243; mobile_width=&#8220;0&#8243; width=&#8220;1\/1&#8243; uncode_shortcode_id=&#8220;213233&#8243;][vc_row_inner][vc_column_inner column_width_percent=&#8220;100&#8243; align_horizontal=&#8220;align_center&#8220; gutter_size=&#8220;3&#8243; overlay_alpha=&#8220;50&#8243; shift_x=&#8220;0&#8243; shift_y=&#8220;0&#8243; shift_y_down=&#8220;0&#8243; [&hellip;]<\/p>\n","protected":false},"author":1,"featured_media":989302,"parent":0,"menu_order":0,"comment_status":"closed","ping_status":"closed","template":"","meta":{"_acf_changed":false,"footnotes":""},"class_list":["post-989295","page","type-page","status-publish","has-post-thumbnail","hentry"],"acf":[],"_links":{"self":[{"href":"https:\/\/ticketsibiza.com\/de\/wp-json\/wp\/v2\/pages\/989295","targetHints":{"allow":["GET"]}}],"collection":[{"href":"https:\/\/ticketsibiza.com\/de\/wp-json\/wp\/v2\/pages"}],"about":[{"href":"https:\/\/ticketsibiza.com\/de\/wp-json\/wp\/v2\/types\/page"}],"author":[{"embeddable":true,"href":"https:\/\/ticketsibiza.com\/de\/wp-json\/wp\/v2\/users\/1"}],"replies":[{"embeddable":true,"href":"https:\/\/ticketsibiza.com\/de\/wp-json\/wp\/v2\/comments?post=989295"}],"version-history":[{"count":36,"href":"https:\/\/ticketsibiza.com\/de\/wp-json\/wp\/v2\/pages\/989295\/revisions"}],"predecessor-version":[{"id":1121907,"href":"https:\/\/ticketsibiza.com\/de\/wp-json\/wp\/v2\/pages\/989295\/revisions\/1121907"}],"wp:featuredmedia":[{"embeddable":true,"href":"https:\/\/ticketsibiza.com\/de\/wp-json\/wp\/v2\/media\/989302"}],"wp:attachment":[{"href":"https:\/\/ticketsibiza.com\/de\/wp-json\/wp\/v2\/media?parent=989295"}],"curies":[{"name":"wp","href":"https:\/\/api.w.org\/{rel}","templated":true}]}}