{"id":989185,"date":"2025-07-08T09:41:52","date_gmt":"2025-07-08T08:41:52","guid":{"rendered":"https:\/\/ticketsibiza.com\/david-guetta\/"},"modified":"2026-03-18T12:57:25","modified_gmt":"2026-03-18T12:57:25","slug":"david-guetta","status":"publish","type":"page","link":"https:\/\/ticketsibiza.com\/de\/partys\/david-guetta\/","title":{"rendered":"David Guetta Galactic Circus Ibiza 2026 &#8211; Tickets, Events und Lineup"},"content":{"rendered":"<div class=\"wpb-content-wrapper\"><p>[vc_row row_height_percent=&#8220;0&#8243; override_padding=&#8220;yes&#8220; h_padding=&#8220;2&#8243; top_padding=&#8220;2&#8243; bottom_padding=&#8220;0&#8243; back_image=&#8220;983642&#8243; overlay_alpha=&#8220;50&#8243; gutter_size=&#8220;3&#8243; column_width_percent=&#8220;100&#8243; shift_y=&#8220;0&#8243; z_index=&#8220;0&#8243; row_height_pixel=&#8220;50&#8243; uncode_shortcode_id=&#8220;199119&#8243;][vc_column width=&#8220;1\/1&#8243;][vc_empty_space empty_h=&#8220;5&#8243;][vc_row_inner row_inner_height_percent=&#8220;0&#8243; force_width_grid=&#8220;yes&#8220; overlay_color=&#8220;color-149363&#8243; overlay_alpha=&#8220;70&#8243; gutter_size=&#8220;1&#8243; shift_y=&#8220;1&#8243; z_index=&#8220;3&#8243; css=&#8220;.vc_custom_1555709400356{margin-bottom: 0px !important;border-bottom-width: 0px !important;padding-top: 0px !important;padding-bottom: 0px !important;padding-left: 20px !important;}&#8220;][vc_column_inner column_width_percent=&#8220;100&#8243; gutter_size=&#8220;0&#8243; overlay_alpha=&#8220;50&#8243; shift_x=&#8220;0&#8243; shift_y=&#8220;0&#8243; shift_y_down=&#8220;0&#8243; z_index=&#8220;0&#8243; medium_width=&#8220;0&#8243; mobile_width=&#8220;0&#8243; width=&#8220;1\/1&#8243; css=&#8220;.vc_custom_1551002411961{padding-bottom: 0px !important;}&#8220;][vc_custom_heading text_color=&#8220;color-xsdn&#8220; heading_semantic=&#8220;h1&#8243; text_size=&#8220;h1&#8243; sub_reduced=&#8220;yes&#8220; uncode_shortcode_id=&#8220;146317&#8243; text_color_type=&#8220;uncode-palette&#8220;]David Guetta Galactic Circus[\/vc_custom_heading][vc_column_text text_lead=&#8220;yes&#8220; uncode_shortcode_id=&#8220;946987&#8243;]<strong><span style=\"color: white;\">UNVRS Ibiza<\/span><\/strong>[\/vc_column_text][\/vc_column_inner][\/vc_row_inner][\/vc_column][\/vc_row][vc_section][vc_row row_height_percent=&#8220;0&#8243; overlay_alpha=&#8220;50&#8243; gutter_size=&#8220;3&#8243; column_width_percent=&#8220;100&#8243; shift_y=&#8220;0&#8243; z_index=&#8220;0&#8243; css=&#8220;.vc_custom_1551018712642{margin-top: 0px !important;margin-bottom: 0px !important;}&#8220;][vc_column column_width_percent=&#8220;100&#8243; gutter_size=&#8220;2&#8243; overlay_alpha=&#8220;50&#8243; shift_x=&#8220;0&#8243; shift_y=&#8220;0&#8243; shift_y_down=&#8220;0&#8243; z_index=&#8220;0&#8243; medium_width=&#8220;0&#8243; mobile_width=&#8220;0&#8243; width=&#8220;3\/4&#8243;][uncode_block id=&#8220;525847&#8243;][vc_column_text uncode_shortcode_id=&#8220;614932&#8243;]<\/p>\n<blockquote>\n<h3>David Guetta landet im UNVRS Ibiza<\/h3>\n<\/blockquote>\n<p>[\/vc_column_text][vc_column_text uncode_shortcode_id=&#8220;165981&#8243;]Tauche ein in die wilde, kosmische Welt des Galactic Circus, wenn David Guetta im Sommer 2026 ins UNVRS Ibiza zur\u00fcckkehrt. Nach einer bahnbrechenden Deb\u00fctsaison ist der franz\u00f6sische Superstar zur\u00fcck!<\/p>\n<p>Stell dir Chart-Hits, eine Produktion in Arena-Gr\u00f6\u00dfe und au\u00dfergew\u00f6hnliche Visuals vor, alles verpackt in einer Headline-Show, die jeder ernsthafte Clubber auf seiner Bucket List f\u00fcr 2026 haben m\u00f6chte.[\/vc_column_text][vc_empty_space empty_h=&#8220;1&#8243;][vc_column_text uncode_shortcode_id=&#8220;188404&#8243;][toc][\/vc_column_text][vc_separator sep_color=&#8220;&#8220; uncode_shortcode_id=&#8220;164783&#8243;][vc_empty_space empty_h=&#8220;1&#8243;][vc_custom_heading heading_semantic=&#8220;h3&#8243; text_size=&#8220;h3&#8243; separator_color=&#8220;yes&#8220; separator=&#8220;yes&#8220; uncode_shortcode_id=&#8220;109878&#8243; el_id=&#8220;ftoc-david-guetta-ibiza-2026&#8243;]David Guetta Ibiza 2026[\/vc_custom_heading][vc_column_text uncode_shortcode_id=&#8220;212262&#8243;]Nach drei rekordverd\u00e4chtigen Saisons im restlos ausverkauften H\u00ef schl\u00e4gt der franz\u00f6sische Hit-Maker im UNVRS, dem weltweit ersten \u201eHyperclub\u201c, ein neues Kapitel auf. Im riesigen ehemaligen Privilege-Gel\u00e4nde neu konzipiert, vereint das UNVRS 360\u00b0-LED-Architektur, Luftakrobaten und ein Sound-System der n\u00e4chsten Generation &#8211; der perfekte Spielplatz f\u00fcr Guettas gr\u00f6\u00dfenwahnsinniges Galactic-Circus-Konzept.<\/p>\n<p>Diese \u00c4nderung gibt Insel-Fans auch zwei M\u00f6glichkeiten, Guetta pro Woche zu erleben: Galactic Circus freitags im UNVRS und seine tags\u00fcber stattfindenden F*** ME I\u2019M FAMOUS!-Sessions jeden Montag im Ushua\u00efa.[\/vc_column_text][vc_empty_space empty_h=&#8220;1&#8243;][vc_custom_heading heading_semantic=&#8220;h3&#8243; text_size=&#8220;h3&#8243; separator_color=&#8220;yes&#8220; separator=&#8220;yes&#8220; uncode_shortcode_id=&#8220;169195&#8243; el_id=&#8220;ftoc-when-does-david-guetta-announce-his-ibiza-residency&#8220;]Wann k\u00fcndigt David Guetta seine Ibiza-Residency an?[\/vc_custom_heading][vc_column_text uncode_shortcode_id=&#8220;200995&#8243;]Vergangene Ank\u00fcndigungen zeigen, dass Guetta gerne Mitte Februar enth\u00fcllt. Dieses Jahr gab es jedoch eine fr\u00fche \u00dcberraschung!<\/p>\n<p>\u2022 2023: 23. Februar<br \/>\n\u2022 2024: 20. Februar<br \/>\n\u2022 2025: 13. Februar<br \/>\n\u2022 2026: 8. Januar[\/vc_column_text][vc_empty_space empty_h=&#8220;1&#8243;][vc_custom_heading heading_semantic=&#8220;h3&#8243; text_size=&#8220;h3&#8243; separator_color=&#8220;yes&#8220; separator=&#8220;yes&#8220; uncode_shortcode_id=&#8220;133058&#8243; el_id=&#8220;ftoc-david-guetta-ibiza-set-times&#8220;]David Guetta Ibiza Setzeiten[\/vc_custom_heading][vc_column_text uncode_shortcode_id=&#8220;721456&#8243;]Die T\u00fcren im UNVRS \u00f6ffnen sich um 23:30 Uhr, aber Guetta \u00fcbernimmt traditionell erst viel sp\u00e4ter den Stand.<\/p>\n<p>Erwarte, dass er gegen 3 Uhr morgens auflegt und die Tanzfl\u00e4che bis zum Schluss in Schwung h\u00e4lt \u2013 Sonnenaufgangs-Exits sind hier Standard \ud83d\ude0e[\/vc_column_text][vc_empty_space empty_h=&#8220;1&#8243;][vc_custom_heading heading_semantic=&#8220;h3&#8243; text_size=&#8220;h3&#8243; separator_color=&#8220;yes&#8220; separator=&#8220;yes&#8220; uncode_shortcode_id=&#8220;203506&#8243; el_id=&#8220;ftoc-what-to-expect-at-david-guetta-ibiza&#8220;]Was du bei David Guetta UNVRS Ibiza erwarten kannst[\/vc_custom_heading][vc_column_text uncode_shortcode_id=&#8220;208586&#8243;]Galactic Circus ist mehr als ein DJ-Set \u2013 es ist eine filmreife Space-Oper mit Guetta als Zirkusdirektor.<\/p>\n<p>Stell dir Laser vor, die durch die riesige Kuppel schneiden, T\u00e4nzer auf Anti-Schwerkraft-Anlagen, holografische Zirkus-Kreaturen und das atemberaubende Herzst\u00fcck des Clubs, den \u201eBaum des Lebens\u201c.<\/p>\n<p>Musikalisch wechselt Guetta zwischen Pop-lastigen EDM-Bomben, Future-Rave-Waffen mit Morten und \u00fcberraschenden Techno-Twists, die alle auf einer 10.000 Besucher fassenden Tanzfl\u00e4che pr\u00e4sentiert werden, die f\u00fcr G\u00e4nsehaut sorgt.[\/vc_column_text][vc_raw_html]PGJsb2NrcXVvdGUgY2xhc3M9Imluc3RhZ3JhbS1tZWRpYSIgZGF0YS1pbnN0Z3JtLWNhcHRpb25lZD0iIiBkYXRhLWluc3Rncm0tcGVybWFsaW5rPSJodHRwczovL3d3dy5pbnN0YWdyYW0uY29tL3JlZWwvREw1cUl4Q2czWGEvP3V0bV9zb3VyY2U9aWdfZW1iZWQmYW1wO3V0bV9jYW1wYWlnbj1sb2FkaW5nIiBkYXRhLWluc3Rncm0tdmVyc2lvbj0iMTQiIHN0eWxlPSIgIGJhY2tncm91bmQ6I0ZGRjsgYm9yZGVyOjA7IGJvcmRlci1yYWRpdXM6M3B4OyBib3gtc2hhZG93OjAgMCAxcHggMCByZ2JhKDAsMCwwLDAuNSksMCAxcHggMTBweCAwIHJnYmEoMCwwLDAsMC4xNSk7IG1hcmdpbjogMXB4OyBtYXgtd2lkdGg6NTQwcHg7IG1pbi13aWR0aDozMjZweDsgcGFkZGluZzowOyB3aWR0aDo5OS4zNzUlOyB3aWR0aDotd2Via2l0LWNhbGMoMTAwJSAtIDJweCk7IHdpZHRoOmNhbGMoMTAwJSAtIDJweCk7Ij48ZGl2IHN0eWxlPSJwYWRkaW5nOjE2cHg7Ij4gPGEgaHJlZj0iaHR0cHM6Ly93d3cuaW5zdGFncmFtLmNvbS9yZWVsL0RMNXFJeENnM1hhLz91dG1fc291cmNlPWlnX2VtYmVkJmFtcDt1dG1fY2FtcGFpZ249bG9hZGluZyIgc3R5bGU9IiAgYmFja2dyb3VuZDojRkZGRkZGOyBsaW5lLWhlaWdodDowOyBwYWRkaW5nOjAgMDsgdGV4dC1hbGlnbjpjZW50ZXI7IHRleHQtZGVjb3JhdGlvbjpub25lOyB3aWR0aDoxMDAlOyIgdGFyZ2V0PSJfYmxhbmsiPiA8ZGl2IHN0eWxlPSIgIGRpc3BsYXk6IGZsZXg7IGZsZXgtZGlyZWN0aW9uOiByb3c7IGFsaWduLWl0ZW1zOiBjZW50ZXI7Ij4gPGRpdiBzdHlsZT0iYmFja2dyb3VuZC1jb2xvcjogI0Y0RjRGNDsgYm9yZGVyLXJhZGl1czogNTAlOyBmbGV4LWdyb3c6IDA7IGhlaWdodDogNDBweDsgbWFyZ2luLXJpZ2h0OiAxNHB4OyB3aWR0aDogNDBweDsiPjwvZGl2PiA8ZGl2IHN0eWxlPSJkaXNwbGF5OiBmbGV4OyBmbGV4LWRpcmVjdGlvbjogY29sdW1uOyBmbGV4LWdyb3c6IDE7IGp1c3RpZnktY29udGVudDogY2VudGVyOyI+IDxkaXYgc3R5bGU9IiAgYmFja2dyb3VuZC1jb2xvcjogI0Y0RjRGNDsgYm9yZGVyLXJhZGl1czogNHB4OyBmbGV4LWdyb3c6IDA7IGhlaWdodDogMTRweDsgbWFyZ2luLWJvdHRvbTogNnB4OyB3aWR0aDogMTAwcHg7Ij48L2Rpdj4gPGRpdiBzdHlsZT0iICBiYWNrZ3JvdW5kLWNvbG9yOiAjRjRGNEY0OyBib3JkZXItcmFkaXVzOiA0cHg7IGZsZXgtZ3JvdzogMDsgaGVpZ2h0OiAxNHB4OyB3aWR0aDogNjBweDsiPjwvZGl2PjwvZGl2PjwvZGl2PjxkaXYgc3R5bGU9InBhZGRpbmc6IDE5JSAwOyI+PC9kaXY+IDxkaXYgc3R5bGU9ImRpc3BsYXk6YmxvY2s7IGhlaWdodDo1MHB4OyBtYXJnaW46MCBhdXRvIDEycHg7IHdpZHRoOjUwcHg7Ij48c3ZnIHdpZHRoPSI1MHB4IiBoZWlnaHQ9IjUwcHgiIHZpZXdib3g9IjAgMCA2MCA2MCIgdmVyc2lvbj0iMS4xIiB4bWxucz0iaHR0cHM6Ly93d3cudzMub3JnLzIwMDAvc3ZnIiB4bWxuczp4bGluaz0iaHR0cHM6Ly93d3cudzMub3JnLzE5OTkveGxpbmsiPjxnIHN0cm9rZT0ibm9uZSIgc3Ryb2tlLXdpZHRoPSIxIiBmaWxsPSJub25lIiBmaWxsLXJ1bGU9ImV2ZW5vZGQiPjxnIHRyYW5zZm9ybT0idHJhbnNsYXRlKC01MTEuMDAwMDAwLCAtMjAuMDAwMDAwKSIgZmlsbD0iIzAwMDAwMCI+PGc+PHBhdGggZD0iTTU1Ni44NjksMzAuNDEgQzU1NC44MTQsMzAuNDEgNTUzLjE0OCwzMi4wNzYgNTUzLjE0OCwzNC4xMzEgQzU1My4xNDgsMzYuMTg2IDU1NC44MTQsMzcuODUyIDU1Ni44NjksMzcuODUyIEM1NTguOTI0LDM3Ljg1MiA1NjAuNTksMzYuMTg2IDU2MC41OSwzNC4xMzEgQzU2MC41OSwzMi4wNzYgNTU4LjkyNCwzMC40MSA1NTYuODY5LDMwLjQxIE01NDEsNjAuNjU3IEM1MzUuMTE0LDYwLjY1NyA1MzAuMzQyLDU1Ljg4NyA1MzAuMzQyLDUwIEM1MzAuMzQyLDQ0LjExNCA1MzUuMTE0LDM5LjM0MiA1NDEsMzkuMzQyIEM1NDYuODg3LDM5LjM0MiA1NTEuNjU4LDQ0LjExNCA1NTEuNjU4LDUwIEM1NTEuNjU4LDU1Ljg4NyA1NDYuODg3LDYwLjY1NyA1NDEsNjAuNjU3IE01NDEsMzMuODg2IEM1MzIuMSwzMy44ODYgNTI0Ljg4Niw0MS4xIDUyNC44ODYsNTAgQzUyNC44ODYsNTguODk5IDUzMi4xLDY2LjExMyA1NDEsNjYuMTEzIEM1NDkuOSw2Ni4xMTMgNTU3LjExNSw1OC44OTkgNTU3LjExNSw1MCBDNTU3LjExNSw0MS4xIDU0OS45LDMzLjg4NiA1NDEsMzMuODg2IE01NjUuMzc4LDYyLjEwMSBDNTY1LjI0NCw2NS4wMjIgNTY0Ljc1Niw2Ni42MDYgNTY0LjM0Niw2Ny42NjMgQzU2My44MDMsNjkuMDYgNTYzLjE1NCw3MC4wNTcgNTYyLjEwNiw3MS4xMDYgQzU2MS4wNTgsNzIuMTU1IDU2MC4wNiw3Mi44MDMgNTU4LjY2Miw3My4zNDcgQzU1Ny42MDcsNzMuNzU3IDU1Ni4wMjEsNzQuMjQ0IDU1My4xMDIsNzQuMzc4IEM1NDkuOTQ0LDc0LjUyMSA1NDguOTk3LDc0LjU1MiA1NDEsNzQuNTUyIEM1MzMuMDAzLDc0LjU1MiA1MzIuMDU2LDc0LjUyMSA1MjguODk4LDc0LjM3OCBDNTI1Ljk3OSw3NC4yNDQgNTI0LjM5Myw3My43NTcgNTIzLjMzOCw3My4zNDcgQzUyMS45NCw3Mi44MDMgNTIwLjk0Miw3Mi4xNTUgNTE5Ljg5NCw3MS4xMDYgQzUxOC44NDYsNzAuMDU3IDUxOC4xOTcsNjkuMDYgNTE3LjY1NCw2Ny42NjMgQzUxNy4yNDQsNjYuNjA2IDUxNi43NTUsNjUuMDIyIDUxNi42MjMsNjIuMTAxIEM1MTYuNDc5LDU4Ljk0MyA1MTYuNDQ4LDU3Ljk5NiA1MTYuNDQ4LDUwIEM1MTYuNDQ4LDQyLjAwMyA1MTYuNDc5LDQxLjA1NiA1MTYuNjIzLDM3Ljg5OSBDNTE2Ljc1NSwzNC45NzggNTE3LjI0NCwzMy4zOTEgNTE3LjY1NCwzMi4zMzggQzUxOC4xOTcsMzAuOTM4IDUxOC44NDYsMjkuOTQyIDUxOS44OTQsMjguODk0IEM1MjAuOTQyLDI3Ljg0NiA1MjEuOTQsMjcuMTk2IDUyMy4zMzgsMjYuNjU0IEM1MjQuMzkzLDI2LjI0NCA1MjUuOTc5LDI1Ljc1NiA1MjguODk4LDI1LjYyMyBDNTMyLjA1NywyNS40NzkgNTMzLjAwNCwyNS40NDggNTQxLDI1LjQ0OCBDNTQ4Ljk5NywyNS40NDggNTQ5Ljk0MywyNS40NzkgNTUzLjEwMiwyNS42MjMgQzU1Ni4wMjEsMjUuNzU2IDU1Ny42MDcsMjYuMjQ0IDU1OC42NjIsMjYuNjU0IEM1NjAuMDYsMjcuMTk2IDU2MS4wNTgsMjcuODQ2IDU2Mi4xMDYsMjguODk0IEM1NjMuMTU0LDI5Ljk0MiA1NjMuODAzLDMwLjkzOCA1NjQuMzQ2LDMyLjMzOCBDNTY0Ljc1NiwzMy4zOTEgNTY1LjI0NCwzNC45NzggNTY1LjM3OCwzNy44OTkgQzU2NS41MjIsNDEuMDU2IDU2NS41NTIsNDIuMDAzIDU2NS41NTIsNTAgQzU2NS41NTIsNTcuOTk2IDU2NS41MjIsNTguOTQzIDU2NS4zNzgsNjIuMTAxIE01NzAuODIsMzcuNjMxIEM1NzAuNjc0LDM0LjQzOCA1NzAuMTY3LDMyLjI1OCA1NjkuNDI1LDMwLjM0OSBDNTY4LjY1OSwyOC4zNzcgNTY3LjYzMywyNi43MDIgNTY1Ljk2NSwyNS4wMzUgQzU2NC4yOTcsMjMuMzY4IDU2Mi42MjMsMjIuMzQyIDU2MC42NTIsMjEuNTc1IEM1NTguNzQzLDIwLjgzNCA1NTYuNTYyLDIwLjMyNiA1NTMuMzY5LDIwLjE4IEM1NTAuMTY5LDIwLjAzMyA1NDkuMTQ4LDIwIDU0MSwyMCBDNTMyLjg1MywyMCA1MzEuODMxLDIwLjAzMyA1MjguNjMxLDIwLjE4IEM1MjUuNDM4LDIwLjMyNiA1MjMuMjU3LDIwLjgzNCA1MjEuMzQ5LDIxLjU3NSBDNTE5LjM3NiwyMi4zNDIgNTE3LjcwMywyMy4zNjggNTE2LjAzNSwyNS4wMzUgQzUxNC4zNjgsMjYuNzAyIDUxMy4zNDIsMjguMzc3IDUxMi41NzQsMzAuMzQ5IEM1MTEuODM0LDMyLjI1OCA1MTEuMzI2LDM0LjQzOCA1MTEuMTgxLDM3LjYzMSBDNTExLjAzNSw0MC44MzEgNTExLDQxLjg1MSA1MTEsNTAgQzUxMSw1OC4xNDcgNTExLjAzNSw1OS4xNyA1MTEuMTgxLDYyLjM2OSBDNTExLjMyNiw2NS41NjIgNTExLjgzNCw2Ny43NDMgNTEyLjU3NCw2OS42NTEgQzUxMy4zNDIsNzEuNjI1IDUxNC4zNjgsNzMuMjk2IDUxNi4wMzUsNzQuOTY1IEM1MTcuNzAzLDc2LjYzNCA1MTkuMzc2LDc3LjY1OCA1MjEuMzQ5LDc4LjQyNSBDNTIzLjI1Nyw3OS4xNjcgNTI1LjQzOCw3OS42NzMgNTI4LjYzMSw3OS44MiBDNTMxLjgzMSw3OS45NjUgNTMyLjg1Myw4MC4wMDEgNTQxLDgwLjAwMSBDNTQ5LjE0OCw4MC4wMDEgNTUwLjE2OSw3OS45NjUgNTUzLjM2OSw3OS44MiBDNTU2LjU2Miw3OS42NzMgNTU4Ljc0Myw3OS4xNjcgNTYwLjY1Miw3OC40MjUgQzU2Mi42MjMsNzcuNjU4IDU2NC4yOTcsNzYuNjM0IDU2NS45NjUsNzQuOTY1IEM1NjcuNjMzLDczLjI5NiA1NjguNjU5LDcxLjYyNSA1NjkuNDI1LDY5LjY1MSBDNTcwLjE2Nyw2Ny43NDMgNTcwLjY3NCw2NS41NjIgNTcwLjgyLDYyLjM2OSBDNTcwLjk2Niw1OS4xNyA1NzEsNTguMTQ3IDU3MSw1MCBDNTcxLDQxLjg1MSA1NzAuOTY2LDQwLjgzMSA1NzAuODIsMzcuNjMxIj48L3BhdGg+PC9wYXRoPjwvZz48L2c+PC9nPjwvc3ZnPjwvZGl2PjxkaXYgc3R5bGU9InBhZGRpbmctdG9wOiA4cHg7Ij4gPGRpdiBzdHlsZT0iICBjb2xvcjojMzg5N2YwOyBmb250LWZhbWlseTpBcmlhbCxzYW5zLXNlcmlmOyBmb250LXNpemU6MTRweDsgZm9udC1zdHlsZTpub3JtYWw7IGZvbnQtd2VpZ2h0OjU1MDsgbGluZS1oZWlnaHQ6MThweDsiPlNpZWggZGlyIGRpZXNlbiBCZWl0cmFnIGF1ZiBJbnN0YWdyYW0gYW48L2Rpdj48L2Rpdj48ZGl2IHN0eWxlPSJwYWRkaW5nOiAxMi41JSAwOyI+PC9kaXY+IDxkaXYgc3R5bGU9ImRpc3BsYXk6IGZsZXg7IGZsZXgtZGlyZWN0aW9uOiByb3c7IG1hcmdpbi1ib3R0b206IDE0cHg7IGFsaWduLWl0ZW1zOiBjZW50ZXI7Ij48ZGl2PiA8ZGl2IHN0eWxlPSJiYWNrZ3JvdW5kLWNvbG9yOiAjRjRGNEY0OyBib3JkZXItcmFkaXVzOiA1MCU7IGhlaWdodDogMTIuNXB4OyB3aWR0aDogMTIuNXB4OyB0cmFuc2Zvcm06IHRyYW5zbGF0ZVgoMHB4KSB0cmFuc2xhdGVZKDdweCk7Ij48L2Rpdj4gPGRpdiBzdHlsZT0iYmFja2dyb3VuZC1jb2xvcjogI0Y0RjRGNDsgaGVpZ2h0OiAxMi41cHg7IHRyYW5zZm9ybTogcm90YXRlKC00NWRlZykgdHJhbnNsYXRlWCgzcHgpIHRyYW5zbGF0ZVkoMXB4KTsgd2lkdGg6IDEyLjVweDsgZmxleC1ncm93OiAwOyBtYXJnaW4tcmlnaHQ6IDE0cHg7IG1hcmdpbi1sZWZ0OiAycHg7Ij48L2Rpdj4gPGRpdiBzdHlsZT0iYmFja2dyb3VuZC1jb2xvcjogI0Y0RjRGNDsgYm9yZGVyLXJhZGl1czogNTAlOyBoZWlnaHQ6IDEyLjVweDsgd2lkdGg6IDEyLjVweDsgdHJhbnNmb3JtOiB0cmFuc2xhdGVYKDlweCkgdHJhbnNsYXRlWSgtMThweCk7Ij48L2Rpdj48L2Rpdj48ZGl2IHN0eWxlPSJtYXJnaW4tbGVmdDogOHB4OyI+IDxkaXYgc3R5bGU9IiAgYmFja2dyb3VuZC1jb2xvcjogI0Y0RjRGNDsgYm9yZGVyLXJhZGl1czogNTAlOyBmbGV4LWdyb3c6IDA7IGhlaWdodDogMjBweDsgd2lkdGg6IDIwcHg7Ij48L2Rpdj4gPGRpdiBzdHlsZT0iICB3aWR0aDogMDsgaGVpZ2h0OiAwOyBib3JkZXItdG9wOiAycHggc29saWQgdHJhbnNwYXJlbnQ7IGJvcmRlci1sZWZ0OiA2cHggc29saWQgI2Y0ZjRmNDsgYm9yZGVyLWJvdHRvbTogMnB4IHNvbGlkIHRyYW5zcGFyZW50OyB0cmFuc2Zvcm06IHRyYW5zbGF0ZVgoMTZweCkgdHJhbnNsYXRlWSgtNHB4KSByb3RhdGUoMzBkZWcpIj48L2Rpdj48L2Rpdj48ZGl2IHN0eWxlPSJtYXJnaW4tbGVmdDogYXV0bzsiPiA8ZGl2IHN0eWxlPSIgIHdpZHRoOiAwcHg7IGJvcmRlci10b3A6IDhweCBzb2xpZCAjRjRGNEY0OyBib3JkZXItcmlnaHQ6IDhweCBzb2xpZCB0cmFuc3BhcmVudDsgdHJhbnNmb3JtOiB0cmFuc2xhdGVZKDE2cHgpOyI+PC9kaXY+IDxkaXYgc3R5bGU9IiAgYmFja2dyb3VuZC1jb2xvcjogI0Y0RjRGNDsgZmxleC1ncm93OiAwOyBoZWlnaHQ6IDEycHg7IHdpZHRoOiAxNnB4OyB0cmFuc2Zvcm06IHRyYW5zbGF0ZVkoLTRweCk7Ij48L2Rpdj4gPGRpdiBzdHlsZT0iICB3aWR0aDogMDsgaGVpZ2h0OiAwOyBib3JkZXItdG9wOiA4cHggc29saWQgI0Y0RjRGNDsgYm9yZGVyLWxlZnQ6IDhweCBzb2xpZCB0cmFuc3BhcmVudDsgdHJhbnNmb3JtOiB0cmFuc2xhdGVZKC00cHgpIHRyYW5zbGF0ZVgoOHB4KTsiPjwvZGl2PjwvZGl2PjwvZGl2PiA8ZGl2IHN0eWxlPSJkaXNwbGF5OiBmbGV4OyBmbGV4LWRpcmVjdGlvbjogY29sdW1uOyBmbGV4LWdyb3c6IDE7IGp1c3RpZnktY29udGVudDogY2VudGVyOyBtYXJnaW4tYm90dG9tOiAyNHB4OyI+IDxkaXYgc3R5bGU9IiAgYmFja2dyb3VuZC1jb2xvcjogI0Y0RjRGNDsgYm9yZGVyLXJhZGl1czogNHB4OyBmbGV4LWdyb3c6IDA7IGhlaWdodDogMTRweDsgbWFyZ2luLWJvdHRvbTogNnB4OyB3aWR0aDogMjI0cHg7Ij48L2Rpdj4gPGRpdiBzdHlsZT0iICBiYWNrZ3JvdW5kLWNvbG9yOiAjRjRGNEY0OyBib3JkZXItcmFkaXVzOiA0cHg7IGZsZXgtZ3JvdzogMDsgaGVpZ2h0OiAxNHB4OyB3aWR0aDogMTQ0cHg7Ij48L2Rpdj48L2Rpdj48L2E+PHAgc3R5bGU9IiAgY29sb3I6I2M5YzhjZDsgZm9udC1mYW1pbHk6QXJpYWwsc2Fucy1zZXJpZjsgZm9udC1zaXplOjE0cHg7IGxpbmUtaGVpZ2h0OjE3cHg7IG1hcmdpbi1ib3R0b206MDsgbWFyZ2luLXRvcDo4cHg7IG92ZXJmbG93OmhpZGRlbjsgcGFkZGluZzo4cHggMCA3cHg7IHRleHQtYWxpZ246Y2VudGVyOyB0ZXh0LW92ZXJmbG93OmVsbGlwc2lzOyB3aGl0ZS1zcGFjZTpub3dyYXA7Ij48YSBocmVmPSJodHRwczovL3d3dy5pbnN0YWdyYW0uY29tL3JlZWwvREw1cUl4Q2czWGEvP3V0bV9zb3VyY2U9aWdfZW1iZWQmYW1wO3V0bV9jYW1wYWlnbj1sb2FkaW5nIiBzdHlsZT0iICBjb2xvcjojYzljOGNkOyBmb250LWZhbWlseTpBcmlhbCxzYW5zLXNlcmlmOyBmb250LXNpemU6MTRweDsgZm9udC1zdHlsZTpub3JtYWw7IGZvbnQtd2VpZ2h0Om5vcm1hbDsgbGluZS1oZWlnaHQ6MTdweDsgdGV4dC1kZWNvcmF0aW9uOm5vbmU7IiB0YXJnZXQ9Il9ibGFuayI+RWluIEJlaXRyYWcgZ2V0ZWlsdCB2b24gREFWSUQgR1VFVFRBIChAZGF2aWRndWV0dGEpPC9hPjwvcD48L2Rpdj48L2Jsb2NrcXVvdGU+CjxzY3JpcHQgYXN5bmM9IiIgc3JjPSIvL3d3dy5pbnN0YWdyYW0uY29tL2VtYmVkLmpzIj48L3NjcmlwdD4=[\/vc_raw_html][vc_empty_space empty_h=&#8220;1&#8243;][vc_custom_heading heading_semantic=&#8220;h3&#8243; text_size=&#8220;h3&#8243; separator_color=&#8220;yes&#8220; separator=&#8220;yes&#8220; uncode_shortcode_id=&#8220;100794&#8243; el_id=&#8220;ftoc-david-guetta-ibiza-key-dates&#8220;]David Guetta UNVRS Ibiza Schl\u00fcsseltermine[\/vc_custom_heading][vc_column_text uncode_shortcode_id=&#8220;684576&#8243;]Nur freitags &#8211; insgesamt 16 Shows.<\/p>\n<p>\u2022 Opening-Party \/ Er\u00f6ffnungsparty: Freitag, 16. Juni 2026<br \/>\n\u2022 W\u00f6chentliche Termine: jeden Freitag den ganzen Sommer \u00fcber<br \/>\n\u2022 Closing-Party \/ Abschlussparty: Freitag, 2. Oktober 2026<\/p>\n<p>Markiert euch diese Termine fr\u00fch im Kalender; Termine mitten in der Saison sind traditionell zuerst ausverkauft.<\/p>\n<p>Musikalisch wechselt Guetta zwischen Pop-EDM-Bomben, Future-Rave-Waffen mit Morten und \u00fcberraschenden Techno-Twists, die alle auf einer Tanzfl\u00e4che mit einer Kapazit\u00e4t von 10.000 Pl\u00e4tzen pr\u00e4sentiert werden, die f\u00fcr G\u00e4nsehaut sorgt.[\/vc_column_text][vc_empty_space empty_h=&#8220;1&#8243;][vc_custom_heading heading_semantic=&#8220;h3&#8243; text_size=&#8220;h3&#8243; separator_color=&#8220;yes&#8220; separator=&#8220;yes&#8220; uncode_shortcode_id=&#8220;206958&#8243; el_id=&#8220;ftoc-david-guetta-ibiza-line-up&#8220;]David Guetta Ibiza Line Up[\/vc_custom_heading][vc_column_text uncode_shortcode_id=&#8220;330197&#8243;]Guetta fliegt nie solo. \u00dcber die Saison hinweg erwarten dich wechselnde G\u00e4ste wie:<\/p>\n<p>\u2022 Morten (Future-Rave Wingman)<br \/>\n\u2022 Miss Monique<br \/>\n\u2022 James Hype<br \/>\n\u2022 Armin van Buuren<br \/>\n\u2022 Benny Benassi<br \/>\n\u2022 Agents Of Time, Meduza, Mathame, Fideles, Tchami, KOROLOVA und viele mehr[\/vc_column_text][vc_single_image media=&#8220;989201&#8243; media_width_percent=&#8220;100&#8243; uncode_shortcode_id=&#8220;134113&#8243;][vc_empty_space empty_h=&#8220;1&#8243;][vc_custom_heading heading_semantic=&#8220;h3&#8243; text_size=&#8220;h3&#8243; separator_color=&#8220;yes&#8220; separator=&#8220;yes&#8220; uncode_shortcode_id=&#8220;166314&#8243; el_id=&#8220;ftoc-david-guetta-ibiza-tickets&#8220;]David Guetta Ibiza Tickets[\/vc_custom_heading][vc_column_text uncode_shortcode_id=&#8220;187181&#8243;]Diese geh\u00f6ren zu den am schnellsten ausverkauften Tickets der Insel. Der Standard-Eintritt beginnt bei etwa 100 \u20ac, wobei die Preise durch dynamische Preisgestaltung steigen, je n\u00e4her ein Termin dem Ausverkauf kommt.<\/p>\n<p>Sichere dir deins rechtzeitig im Voraus, um FOMO in der Sp\u00e4tsaison zu vermeiden \u2013 und denk daran, dass Namens\u00e4nderungen oder Weiterverk\u00e4ufe normalerweise nicht erlaubt sind.[\/vc_column_text][vc_empty_space empty_h=&#8220;1&#8243;][vc_custom_heading heading_semantic=&#8220;h3&#8243; text_size=&#8220;h3&#8243; separator_color=&#8220;yes&#8220; separator=&#8220;yes&#8220; uncode_shortcode_id=&#8220;169266&#8243; el_id=&#8220;ftoc-david-guetta-ibiza-vip&#8220;]David Guetta Ibiza VIP[\/vc_custom_heading][vc_column_text uncode_shortcode_id=&#8220;135603&#8243;]Bring deinen Freitag auf ein neues Level, indem du einen VIP-Tisch im UNVRS buchst. Die Pakete beinhalten den Eintritt f\u00fcr deine Gruppe, einen erstklassigen Balkon- oder Tanzfl\u00e4chenplatz, einen engagierten Flaschenservice und Queue-Jump-Zugang \u2013 die ultimative M\u00f6glichkeit, das Galactic Circus-Spektakel zu genie\u00dfen, ohne an der Bar zu dr\u00e4ngeln. <\/p>\n<p>Die Mindestausgaben steigen f\u00fcr Spitzentermine, also melde dich fr\u00fchzeitig f\u00fcr ein Angebot und einen Grundriss. Wenn du VIP im Ushua\u00efa geliebt hast, erwarte hier ein noch h\u00f6heres Erlebnis.[\/vc_column_text][vc_empty_space empty_h=&#8220;1&#8243;][\/vc_column][vc_column column_width_percent=&#8220;100&#8243; gutter_size=&#8220;0&#8243; overlay_alpha=&#8220;50&#8243; shift_x=&#8220;0&#8243; shift_y=&#8220;0&#8243; shift_y_down=&#8220;0&#8243; z_index=&#8220;0&#8243; medium_width=&#8220;0&#8243; mobile_visibility=&#8220;yes&#8220; mobile_width=&#8220;0&#8243; sticky=&#8220;yes&#8220; width=&#8220;1\/4&#8243;][vc_row_inner][vc_column_inner column_width_percent=&#8220;100&#8243; align_horizontal=&#8220;align_center&#8220; gutter_size=&#8220;3&#8243; overlay_alpha=&#8220;50&#8243; shift_x=&#8220;0&#8243; shift_y=&#8220;0&#8243; shift_y_down=&#8220;0&#8243; z_index=&#8220;0&#8243; medium_width=&#8220;0&#8243; mobile_width=&#8220;0&#8243; width=&#8220;1\/1&#8243; uncode_shortcode_id=&#8220;148560&#8243;][vc_button button_color=&#8220;color-jevc&#8220; size=&#8220;btn-lg&#8220; border_animation=&#8220;btn-ripple-out&#8220; wide=&#8220;yes&#8220; border_width=&#8220;0&#8243; link=&#8220;url:%23ftoc-party-listings|&#8220; button_color_type=&#8220;uncode-palette&#8220; uncode_shortcode_id=&#8220;176629&#8243;]Tickets kaufen[\/vc_button][vc_empty_space empty_h=&#8220;2&#8243;][\/vc_column_inner][\/vc_row_inner][vc_separator sep_color=&#8220;color-149363&#8243;][uncode_list icon=&#8220;fa fa-location-outline&#8220; uncode_shortcode_id=&#8220;682460&#8243;]<\/p>\n<ul>\n<li><a href=\"https:\/\/ticketsibiza.com\/de\/clubs\/unvrs\/\">UNVRS<\/a><\/li>\n<\/ul>\n<p>[\/uncode_list][uncode_list icon=&#8220;fa fa-calendar&#8220;]<\/p>\n<ul>\n<li>Freitag<\/li>\n<\/ul>\n<p>[\/uncode_list][uncode_list icon=&#8220;fa fa-cab&#8220; uncode_shortcode_id=&#8220;210267&#8243;]<\/p>\n<ul>\n<li>San Rafael, 07816<\/li>\n<\/ul>\n<p>[\/uncode_list][vc_separator sep_color=&#8220;color-149363&#8243;][vc_empty_space empty_h=&#8220;2&#8243;][uncode_block id=&#8220;146863&#8243; inside_column=&#8220;yes&#8220;][vc_separator sep_color=&#8220;color-149363&#8243;][vc_empty_space empty_h=&#8220;2&#8243;][\/vc_column][\/vc_row][\/vc_section][vc_section back_color=&#8220;color-lxmt&#8220; overlay_alpha=&#8220;50&#8243;][vc_row][vc_column width=&#8220;3\/4&#8243;][vc_gallery el_id=&#8220;gallery-160005&#8243; type=&#8220;justified&#8220; random=&#8220;yes&#8220; medias=&#8220;989195,989201,989196,989197,989198,989199&#8243; justify_row_height=&#8220;150&#8243; gutter_size=&#8220;3&#8243; single_overlay_opacity=&#8220;50&#8243; single_padding=&#8220;2&#8243; title=&#8220;FMIF-Galerie&#8220; uncode_shortcode_id=&#8220;680797&#8243;][\/vc_column][vc_column width=&#8220;1\/4&#8243;][uncode_share layout=&#8220;multiple&#8220; separator=&#8220;yes&#8220; title=&#8220;Diese Party teilen&#8220;][\/vc_column][\/vc_row][\/vc_section][vc_section back_color=&#8220;color-prif&#8220; overlay_alpha=&#8220;50&#8243;][vc_row row_height_percent=&#8220;0&#8243; overlay_alpha=&#8220;50&#8243; gutter_size=&#8220;3&#8243; column_width_percent=&#8220;100&#8243; shift_y=&#8220;0&#8243; z_index=&#8220;0&#8243; row_name=&#8220;ftoc-party-listings&#8220; uncode_shortcode_id=&#8220;170308&#8243;][vc_column column_width_percent=&#8220;100&#8243; position_vertical=&#8220;middle&#8220; align_horizontal=&#8220;align_center&#8220; gutter_size=&#8220;2&#8243; overlay_alpha=&#8220;50&#8243; shift_x=&#8220;0&#8243; shift_y=&#8220;0&#8243; shift_y_down=&#8220;0&#8243; z_index=&#8220;0&#8243; medium_width=&#8220;0&#8243; mobile_width=&#8220;0&#8243; width=&#8220;1\/1&#8243;][vc_custom_heading text_color=&#8220;color-xsdn&#8220; sub_lead=&#8220;yes&#8220; uncode_shortcode_id=&#8220;170561&#8243; text_color_type=&#8220;uncode-palette&#8220;]<\/p>\n<h2 style=\"text-align: center;\"><span style=\"color: #ffffff;\">Party-Listings<\/span><\/h2>\n<p>[\/vc_custom_heading]\t\t<div class=\"wcs-timetable__wrapper\">\n\t\t\t<div class=\"wcs-vue\" id=\"wcs-app-123\"><\/div>\n\t\t<\/div>\n\t\t[\/vc_column][\/vc_row][\/vc_section]<\/p>\n<\/div>","protected":false},"excerpt":{"rendered":"<p>[vc_row row_height_percent=&#8220;0&#8243; override_padding=&#8220;yes&#8220; h_padding=&#8220;2&#8243; top_padding=&#8220;2&#8243; bottom_padding=&#8220;0&#8243; back_image=&#8220;983642&#8243; overlay_alpha=&#8220;50&#8243; gutter_size=&#8220;3&#8243; column_width_percent=&#8220;100&#8243; shift_y=&#8220;0&#8243; z_index=&#8220;0&#8243; row_height_pixel=&#8220;50&#8243; uncode_shortcode_id=&#8220;199119&#8243;][vc_column width=&#8220;1\/1&#8243;][vc_empty_space empty_h=&#8220;5&#8243;][vc_row_inner row_inner_height_percent=&#8220;0&#8243; force_width_grid=&#8220;yes&#8220; overlay_color=&#8220;color-149363&#8243; overlay_alpha=&#8220;70&#8243; [&hellip;]<\/p>\n","protected":false},"author":1,"featured_media":989202,"parent":991484,"menu_order":0,"comment_status":"closed","ping_status":"closed","template":"","meta":{"_acf_changed":false,"footnotes":""},"class_list":["post-989185","page","type-page","status-publish","has-post-thumbnail","hentry","page_category-unvrs"],"acf":[],"_links":{"self":[{"href":"https:\/\/ticketsibiza.com\/de\/wp-json\/wp\/v2\/pages\/989185","targetHints":{"allow":["GET"]}}],"collection":[{"href":"https:\/\/ticketsibiza.com\/de\/wp-json\/wp\/v2\/pages"}],"about":[{"href":"https:\/\/ticketsibiza.com\/de\/wp-json\/wp\/v2\/types\/page"}],"author":[{"embeddable":true,"href":"https:\/\/ticketsibiza.com\/de\/wp-json\/wp\/v2\/users\/1"}],"replies":[{"embeddable":true,"href":"https:\/\/ticketsibiza.com\/de\/wp-json\/wp\/v2\/comments?post=989185"}],"version-history":[{"count":42,"href":"https:\/\/ticketsibiza.com\/de\/wp-json\/wp\/v2\/pages\/989185\/revisions"}],"predecessor-version":[{"id":1128202,"href":"https:\/\/ticketsibiza.com\/de\/wp-json\/wp\/v2\/pages\/989185\/revisions\/1128202"}],"up":[{"embeddable":true,"href":"https:\/\/ticketsibiza.com\/de\/wp-json\/wp\/v2\/pages\/991484"}],"wp:featuredmedia":[{"embeddable":true,"href":"https:\/\/ticketsibiza.com\/de\/wp-json\/wp\/v2\/media\/989202"}],"wp:attachment":[{"href":"https:\/\/ticketsibiza.com\/de\/wp-json\/wp\/v2\/media?parent=989185"}],"curies":[{"name":"wp","href":"https:\/\/api.w.org\/{rel}","templated":true}]}}