{"id":989177,"date":"2025-08-14T16:44:43","date_gmt":"2025-08-14T15:44:43","guid":{"rendered":"https:\/\/ticketsibiza.com\/ibiza-kalender\/fridays\/"},"modified":"2026-01-13T15:13:17","modified_gmt":"2026-01-13T15:13:17","slug":"freitag","status":"publish","type":"page","link":"https:\/\/ticketsibiza.com\/de\/ibiza-kalender\/freitag\/","title":{"rendered":"Ibiza Freitag Veranstaltungen 2026"},"content":{"rendered":"<div class=\"wpb-content-wrapper\"><p>[vc_row unlock_row_content=&#8220;yes&#8220; row_height_percent=&#8220;0&#8243; override_padding=&#8220;yes&#8220; h_padding=&#8220;0&#8243; top_padding=&#8220;1&#8243; bottom_padding=&#8220;2&#8243; overlay_alpha=&#8220;50&#8243; gutter_size=&#8220;3&#8243; column_width_percent=&#8220;100&#8243; shift_y=&#8220;0&#8243; z_index=&#8220;0&#8243; row_name=&#8220;top&#8220; css=&#8220;.vc_custom_1591615140908{padding-right: 18px !important;padding-left: 18px !important;}&#8220;][vc_column column_width_use_pixel=&#8220;yes&#8220; gutter_size=&#8220;3&#8243; overlay_alpha=&#8220;50&#8243; shift_x=&#8220;0&#8243; shift_y=&#8220;0&#8243; shift_y_down=&#8220;0&#8243; z_index=&#8220;0&#8243; medium_width=&#8220;0&#8243; mobile_width=&#8220;0&#8243; width=&#8220;1\/1&#8243; uncode_shortcode_id=&#8220;979366&#8243; column_width_pixel=&#8220;1200&#8243;][vc_row_inner][vc_column_inner column_width_percent=&#8220;55&#8243; align_horizontal=&#8220;align_center&#8220; gutter_size=&#8220;3&#8243; overlay_alpha=&#8220;50&#8243; shift_x=&#8220;0&#8243; shift_y=&#8220;0&#8243; shift_y_down=&#8220;0&#8243; z_index=&#8220;0&#8243; medium_width=&#8220;0&#8243; mobile_width=&#8220;0&#8243; width=&#8220;1\/1&#8243; uncode_shortcode_id=&#8220;123942&#8243;][vc_custom_heading heading_semantic=&#8220;h1&#8243; text_size=&#8220;h1&#8243; text_weight=&#8220;700&#8243; text_transform=&#8220;uppercase&#8220; separator=&#8220;yes&#8220; separator_color=&#8220;yes&#8220; uncode_shortcode_id=&#8220;129968&#8243;]<\/p>\n<h1 style=\"text-align: center;\"><span class=\"font-762333\">Ibiza Freitag Veranstaltungen 2026<\/span><\/h1>\n<p>[\/vc_custom_heading][vc_column_text uncode_shortcode_id=&#8220;112017&#8243;]Suchst du die besten Freitag Veranstaltungen auf Ibiza in dieser Saison? Wir haben alles f\u00fcr dich. <\/p>\n<p>Freitage sind aus gutem Grund eine der angesagtesten N\u00e4chte auf der Insel. Von Superclubs bis hin zu kleineren Veranstaltungsorten, von Tagespartys bis hin zu durchzechten N\u00e4chten, schau dir die besten Freitagspartys an, die Ibiza zu bieten hat.[\/vc_column_text][\/vc_column_inner][\/vc_row_inner][vc_row_inner][vc_column_inner column_width_percent=&#8220;55&#8243; gutter_size=&#8220;3&#8243; overlay_alpha=&#8220;50&#8243; shift_x=&#8220;0&#8243; shift_y=&#8220;0&#8243; shift_y_down=&#8220;0&#8243; z_index=&#8220;0&#8243; medium_width=&#8220;0&#8243; mobile_width=&#8220;0&#8243; width=&#8220;1\/1&#8243; uncode_shortcode_id=&#8220;210657&#8243; el_class=&#8220;mv-content&#8220;]\t\t<div class=\"wcs-timetable__wrapper\">\n\t\t\t<div class=\"wcs-vue\" id=\"wcs-app-149\"><\/div>\n\t\t<\/div>\n\t\t[\/vc_column_inner][\/vc_row_inner][vc_row_inner row_inner_height_percent=&#8220;0&#8243; overlay_alpha=&#8220;50&#8243; gutter_size=&#8220;3&#8243; shift_y=&#8220;0&#8243; z_index=&#8220;0&#8243; uncode_shortcode_id=&#8220;142640&#8243;][vc_column_inner column_width_percent=&#8220;55&#8243; gutter_size=&#8220;3&#8243; overlay_alpha=&#8220;50&#8243; shift_x=&#8220;0&#8243; shift_y=&#8220;0&#8243; shift_y_down=&#8220;0&#8243; z_index=&#8220;0&#8243; medium_width=&#8220;0&#8243; mobile_width=&#8220;0&#8243; width=&#8220;1\/1&#8243; uncode_shortcode_id=&#8220;720927&#8243;][vc_custom_heading heading_semantic=&#8220;h1&#8243; text_size=&#8220;h1&#8243; separator=&#8220;yes&#8220; separator_color=&#8220;yes&#8220; uncode_shortcode_id=&#8220;380764&#8243;]<\/p>\n<h3 style=\"text-align: left;\"><span class=\"font-762333\">Was ist freitags auf Ibiza los?<\/span><\/h3>\n<p>[\/vc_custom_heading][vc_column_text uncode_shortcode_id=&#8220;140862&#8243;]Ibiza hat \u00fcber 20 Clubs und w\u00e4hrend der Sommersaison gibt es jeden Freitag eine riesige Anzahl von Veranstaltungen.<\/p>\n<p>Von Pool Partys \u00fcber Day Clubs, Bootspartys und Nachtclubs ist immer irgendwo auf Ibiza eine Party!<\/p>\n<p>Durchst\u00f6bere unseren Partykalender oben, um zu sehen, welche Partys in dieser Saison freitags stattfinden.[\/vc_column_text][vc_custom_heading heading_semantic=&#8220;h1&#8243; text_size=&#8220;h1&#8243; separator=&#8220;yes&#8220; separator_color=&#8220;yes&#8220; uncode_shortcode_id=&#8220;174829&#8243;]<\/p>\n<h3 style=\"text-align: left;\"><span class=\"font-762333\">Ibiza Freitag Tagespartys<\/span><\/h3>\n<p>[\/vc_custom_heading][vc_column_text uncode_shortcode_id=&#8220;111477&#8243;]Einige der beliebtesten Freitag Tagespartys auf Ibiza sind Calvin Harris im Ushua\u00efa, Pool Party im O Beach und die Cruise Crush Bootsparty.[\/vc_column_text][vc_custom_heading heading_semantic=&#8220;h1&#8243; text_size=&#8220;h1&#8243; separator=&#8220;yes&#8220; separator_color=&#8220;yes&#8220; uncode_shortcode_id=&#8220;528723&#8243;]<\/p>\n<h3 style=\"text-align: left;\"><span class=\"font-762333\">Ibiza Freitag Nachtpartys<\/span><\/h3>\n<p>[\/vc_custom_heading][vc_column_text uncode_shortcode_id=&#8220;689828&#8243;]Einige der beliebtesten Freitag Nachtpartys auf Ibiza sind Music On im Pacha, David Guetta im UNVRS und Joseph Capriati im H\u00ef.[\/vc_column_text][vc_custom_heading heading_semantic=&#8220;h1&#8243; text_size=&#8220;h1&#8243; separator=&#8220;yes&#8220; separator_color=&#8220;yes&#8220; uncode_shortcode_id=&#8220;172474&#8243;]<\/p>\n<h3 style=\"text-align: left;\"><span class=\"font-762333\">Ibiza Freitag Event Tickets<\/span><\/h3>\n<p>[\/vc_custom_heading][vc_column_text uncode_shortcode_id=&#8220;179721&#8243;]Alle Tickets f\u00fcr die Ibiza Freitag Veranstaltungen sind online erh\u00e4ltlich und k\u00f6nnen bis zum Tag der Veranstaltung gekauft werden.<\/p>\n<p>Wir empfehlen immer, Tickets im Voraus online zu kaufen, da dies den Eintritt garantiert und du im Durchschnitt 10 \u20ac pro Ticket sparst.[\/vc_column_text][\/vc_column_inner][\/vc_row_inner][vc_row_inner][vc_column_inner column_width_percent=&#8220;55&#8243; align_horizontal=&#8220;align_center&#8220; gutter_size=&#8220;3&#8243; overlay_alpha=&#8220;50&#8243; shift_x=&#8220;0&#8243; shift_y=&#8220;0&#8243; shift_y_down=&#8220;0&#8243; z_index=&#8220;0&#8243; medium_width=&#8220;0&#8243; mobile_width=&#8220;0&#8243; width=&#8220;1\/1&#8243; uncode_shortcode_id=&#8220;696253&#8243;][vc_button button_color=&#8220;color-vyce&#8220; size=&#8220;btn-lg&#8220; border_width=&#8220;0&#8243; link=&#8220;url:%23top|&#8220;]ZUR\u00dcCK NACH OBEN[\/vc_button][\/vc_column_inner][\/vc_row_inner][\/vc_column][\/vc_row][vc_row][vc_column width=&#8220;1\/1&#8243;][uncode_block id=&#8220;522142&#8243; inside_column=&#8220;yes&#8220;][\/vc_column][\/vc_row]<\/p>\n<\/div>","protected":false},"excerpt":{"rendered":"<p>Suchst du die besten Freitag Veranstaltungen auf Ibiza in dieser Saison? Wir haben alles f\u00fcr dich. <\/p>\n","protected":false},"author":1,"featured_media":987059,"parent":988529,"menu_order":0,"comment_status":"closed","ping_status":"closed","template":"","meta":{"_acf_changed":false,"footnotes":""},"class_list":["post-989177","page","type-page","status-publish","has-post-thumbnail","hentry"],"acf":[],"_links":{"self":[{"href":"https:\/\/ticketsibiza.com\/de\/wp-json\/wp\/v2\/pages\/989177","targetHints":{"allow":["GET"]}}],"collection":[{"href":"https:\/\/ticketsibiza.com\/de\/wp-json\/wp\/v2\/pages"}],"about":[{"href":"https:\/\/ticketsibiza.com\/de\/wp-json\/wp\/v2\/types\/page"}],"author":[{"embeddable":true,"href":"https:\/\/ticketsibiza.com\/de\/wp-json\/wp\/v2\/users\/1"}],"replies":[{"embeddable":true,"href":"https:\/\/ticketsibiza.com\/de\/wp-json\/wp\/v2\/comments?post=989177"}],"version-history":[{"count":12,"href":"https:\/\/ticketsibiza.com\/de\/wp-json\/wp\/v2\/pages\/989177\/revisions"}],"predecessor-version":[{"id":1060574,"href":"https:\/\/ticketsibiza.com\/de\/wp-json\/wp\/v2\/pages\/989177\/revisions\/1060574"}],"up":[{"embeddable":true,"href":"https:\/\/ticketsibiza.com\/de\/wp-json\/wp\/v2\/pages\/988529"}],"wp:featuredmedia":[{"embeddable":true,"href":"https:\/\/ticketsibiza.com\/de\/wp-json\/wp\/v2\/media\/987059"}],"wp:attachment":[{"href":"https:\/\/ticketsibiza.com\/de\/wp-json\/wp\/v2\/media?parent=989177"}],"curies":[{"name":"wp","href":"https:\/\/api.w.org\/{rel}","templated":true}]}}