{"id":989052,"date":"2025-08-18T15:46:01","date_gmt":"2025-08-18T14:46:01","guid":{"rendered":"https:\/\/ticketsibiza.com\/ibiza-kalender\/wednesdays\/"},"modified":"2026-01-13T15:09:26","modified_gmt":"2026-01-13T15:09:26","slug":"mittwoch","status":"publish","type":"page","link":"https:\/\/ticketsibiza.com\/de\/ibiza-kalender\/mittwoch\/","title":{"rendered":"Ibiza-Veranstaltungen am Mittwoch 2026"},"content":{"rendered":"<div class=\"wpb-content-wrapper\"><p>[vc_row unlock_row_content=&#8220;yes&#8220; row_height_percent=&#8220;0&#8243; override_padding=&#8220;yes&#8220; h_padding=&#8220;0&#8243; top_padding=&#8220;1&#8243; bottom_padding=&#8220;2&#8243; overlay_alpha=&#8220;50&#8243; gutter_size=&#8220;3&#8243; column_width_percent=&#8220;100&#8243; shift_y=&#8220;0&#8243; z_index=&#8220;0&#8243; row_name=&#8220;top&#8220; css=&#8220;.vc_custom_1591615140908{padding-right: 18px !important;padding-left: 18px !important;}&#8220;][vc_column column_width_use_pixel=&#8220;yes&#8220; gutter_size=&#8220;3&#8243; overlay_alpha=&#8220;50&#8243; shift_x=&#8220;0&#8243; shift_y=&#8220;0&#8243; shift_y_down=&#8220;0&#8243; z_index=&#8220;0&#8243; medium_width=&#8220;0&#8243; mobile_width=&#8220;0&#8243; width=&#8220;1\/1&#8243; uncode_shortcode_id=&#8220;979366&#8243; column_width_pixel=&#8220;1200&#8243;][vc_row_inner][vc_column_inner column_width_percent=&#8220;55&#8243; align_horizontal=&#8220;align_center&#8220; gutter_size=&#8220;3&#8243; overlay_alpha=&#8220;50&#8243; shift_x=&#8220;0&#8243; shift_y=&#8220;0&#8243; shift_y_down=&#8220;0&#8243; z_index=&#8220;0&#8243; medium_width=&#8220;0&#8243; mobile_width=&#8220;0&#8243; width=&#8220;1\/1&#8243; uncode_shortcode_id=&#8220;123942&#8243;][vc_custom_heading heading_semantic=&#8220;h1&#8243; text_size=&#8220;h1&#8243; text_weight=&#8220;700&#8243; text_transform=&#8220;uppercase&#8220; separator=&#8220;yes&#8220; separator_color=&#8220;yes&#8220; uncode_shortcode_id=&#8220;587025&#8243;]<\/p>\n<h1 style=\"text-align: center;\"><span class=\"font-762333\">Ibiza-Veranstaltungen am Mittwoch 2026<\/span><\/h1>\n<p>[\/vc_custom_heading][vc_column_text uncode_shortcode_id=&#8220;142901&#8243;]Bergfest? Nicht auf Ibiza. <\/p>\n<p>Ibiza wartet nicht auf das Wochenende. Mittwochs gibt es legend\u00e4re Residencies, Underground-Juwelen und alles dazwischen. <\/p>\n<p>Wer auf der Insel ist, geht aus. Check die besten Ibiza-Partys am Mittwoch.[\/vc_column_text][\/vc_column_inner][\/vc_row_inner][vc_row_inner][vc_column_inner column_width_percent=&#8220;55&#8243; gutter_size=&#8220;3&#8243; overlay_alpha=&#8220;50&#8243; shift_x=&#8220;0&#8243; shift_y=&#8220;0&#8243; shift_y_down=&#8220;0&#8243; z_index=&#8220;0&#8243; medium_width=&#8220;0&#8243; mobile_width=&#8220;0&#8243; width=&#8220;1\/1&#8243; uncode_shortcode_id=&#8220;210657&#8243; el_class=&#8220;mv-content&#8220;]\t\t<div class=\"wcs-timetable__wrapper\">\n\t\t\t<div class=\"wcs-vue\" id=\"wcs-app-154\"><\/div>\n\t\t<\/div>\n\t\t[\/vc_column_inner][\/vc_row_inner][vc_row_inner row_inner_height_percent=&#8220;0&#8243; overlay_alpha=&#8220;50&#8243; gutter_size=&#8220;3&#8243; shift_y=&#8220;0&#8243; z_index=&#8220;0&#8243; uncode_shortcode_id=&#8220;142640&#8243;][vc_column_inner column_width_percent=&#8220;55&#8243; gutter_size=&#8220;3&#8243; overlay_alpha=&#8220;50&#8243; shift_x=&#8220;0&#8243; shift_y=&#8220;0&#8243; shift_y_down=&#8220;0&#8243; z_index=&#8220;0&#8243; medium_width=&#8220;0&#8243; mobile_width=&#8220;0&#8243; width=&#8220;1\/1&#8243; uncode_shortcode_id=&#8220;720927&#8243;][vc_custom_heading heading_semantic=&#8220;h1&#8243; text_size=&#8220;h1&#8243; separator=&#8220;yes&#8220; separator_color=&#8220;yes&#8220; uncode_shortcode_id=&#8220;821777&#8243;]<\/p>\n<h3 style=\"text-align: left;\"><span class=\"font-762333\">Was ist mittwochs auf Ibiza los?<\/span><\/h3>\n<p>[\/vc_custom_heading][vc_column_text uncode_shortcode_id=&#8220;316170&#8243;]Mittwoche auf Ibiza sind wild, mit magischen Momenten mitten in der Woche auf der ganzen Insel.<\/p>\n<p>Dich erwarten Bootspartys, Open-Air-Vibes und Clubn\u00e4chte mit Schwergewichten.<\/p>\n<p>Check den Kalender oben f\u00fcr eine vollst\u00e4ndige Liste der Mittwochsveranstaltungen in diesem Sommer.[\/vc_column_text][vc_custom_heading heading_semantic=&#8220;h1&#8243; text_size=&#8220;h1&#8243; separator=&#8220;yes&#8220; separator_color=&#8220;yes&#8220; uncode_shortcode_id=&#8220;795404&#8243;]<\/p>\n<h3 style=\"text-align: left;\"><span class=\"font-762333\">Ibiza-Tagpartys am Mittwoch<\/span><\/h3>\n<p>[\/vc_custom_heading][vc_column_text uncode_shortcode_id=&#8220;204124&#8243;]Zu den beliebtesten Tagpartys am Mittwoch auf Ibiza geh\u00f6ren Tomorrowland im Ushua\u00efa, House in Paradise im O Beach und die Ibiza Boat Club Bootsparty.[\/vc_column_text][vc_custom_heading heading_semantic=&#8220;h1&#8243; text_size=&#8220;h1&#8243; separator=&#8220;yes&#8220; separator_color=&#8220;yes&#8220; uncode_shortcode_id=&#8220;141906&#8243;]<\/p>\n<h3 style=\"text-align: left;\"><span class=\"font-762333\">Ibiza-Nachtpartys am Mittwoch<\/span><\/h3>\n<p>[\/vc_custom_heading][vc_column_text uncode_shortcode_id=&#8220;123016&#8243;]Zu den beliebtesten Nachtpartys am Mittwoch auf Ibiza geh\u00f6ren Paradise im UNVRS und Dom Dolla im H\u00ef.[\/vc_column_text][vc_custom_heading heading_semantic=&#8220;h1&#8243; text_size=&#8220;h1&#8243; separator=&#8220;yes&#8220; separator_color=&#8220;yes&#8220; uncode_shortcode_id=&#8220;277795&#8243;]<\/p>\n<h3 style=\"text-align: left;\"><span class=\"font-762333\">Ibiza-Eventtickets f\u00fcr Mittwoch<\/span><\/h3>\n<p>[\/vc_custom_heading][vc_column_text uncode_shortcode_id=&#8220;170582&#8243;]Alle Tickets f\u00fcr die Ibiza-Veranstaltungen am Mittwoch sind online erh\u00e4ltlich und k\u00f6nnen bis zum Tag der Veranstaltung gekauft werden.<\/p>\n<p>Wir empfehlen immer, Tickets im Voraus online zu kaufen, da dies den Eintritt garantiert und du im Durchschnitt 10 \u20ac pro Ticket sparst.[\/vc_column_text][\/vc_column_inner][\/vc_row_inner][vc_row_inner][vc_column_inner column_width_percent=&#8220;55&#8243; align_horizontal=&#8220;align_center&#8220; gutter_size=&#8220;3&#8243; overlay_alpha=&#8220;50&#8243; shift_x=&#8220;0&#8243; shift_y=&#8220;0&#8243; shift_y_down=&#8220;0&#8243; z_index=&#8220;0&#8243; medium_width=&#8220;0&#8243; mobile_width=&#8220;0&#8243; width=&#8220;1\/1&#8243; uncode_shortcode_id=&#8220;696253&#8243;][vc_button button_color=&#8220;color-vyce&#8220; size=&#8220;btn-lg&#8220; border_width=&#8220;0&#8243; link=&#8220;url:%23top|&#8220;]ZUR\u00dcCK NACH OBEN[\/vc_button][\/vc_column_inner][\/vc_row_inner][\/vc_column][\/vc_row][vc_row][vc_column width=&#8220;1\/1&#8243;][uncode_block id=&#8220;522142&#8243; inside_column=&#8220;yes&#8220;][\/vc_column][\/vc_row]<\/p>\n<\/div>","protected":false},"excerpt":{"rendered":"<p>[vc_row unlock_row_content=&#8220;yes&#8220; row_height_percent=&#8220;0&#8243; override_padding=&#8220;yes&#8220; h_padding=&#8220;0&#8243; top_padding=&#8220;1&#8243; bottom_padding=&#8220;2&#8243; overlay_alpha=&#8220;50&#8243; gutter_size=&#8220;3&#8243; column_width_percent=&#8220;100&#8243; shift_y=&#8220;0&#8243; z_index=&#8220;0&#8243; row_name=&#8220;top&#8220; css=&#8220;.vc_custom_1591615140908{padding-right: 18px !important;padding-left: 18px !important;}&#8220;][vc_column column_width_use_pixel=&#8220;yes&#8220; gutter_size=&#8220;3&#8243; [&hellip;]<\/p>\n","protected":false},"author":1,"featured_media":987059,"parent":988529,"menu_order":0,"comment_status":"closed","ping_status":"closed","template":"","meta":{"_acf_changed":false,"footnotes":""},"class_list":["post-989052","page","type-page","status-publish","has-post-thumbnail","hentry"],"acf":[],"_links":{"self":[{"href":"https:\/\/ticketsibiza.com\/de\/wp-json\/wp\/v2\/pages\/989052","targetHints":{"allow":["GET"]}}],"collection":[{"href":"https:\/\/ticketsibiza.com\/de\/wp-json\/wp\/v2\/pages"}],"about":[{"href":"https:\/\/ticketsibiza.com\/de\/wp-json\/wp\/v2\/types\/page"}],"author":[{"embeddable":true,"href":"https:\/\/ticketsibiza.com\/de\/wp-json\/wp\/v2\/users\/1"}],"replies":[{"embeddable":true,"href":"https:\/\/ticketsibiza.com\/de\/wp-json\/wp\/v2\/comments?post=989052"}],"version-history":[{"count":11,"href":"https:\/\/ticketsibiza.com\/de\/wp-json\/wp\/v2\/pages\/989052\/revisions"}],"predecessor-version":[{"id":1060537,"href":"https:\/\/ticketsibiza.com\/de\/wp-json\/wp\/v2\/pages\/989052\/revisions\/1060537"}],"up":[{"embeddable":true,"href":"https:\/\/ticketsibiza.com\/de\/wp-json\/wp\/v2\/pages\/988529"}],"wp:featuredmedia":[{"embeddable":true,"href":"https:\/\/ticketsibiza.com\/de\/wp-json\/wp\/v2\/media\/987059"}],"wp:attachment":[{"href":"https:\/\/ticketsibiza.com\/de\/wp-json\/wp\/v2\/media?parent=989052"}],"curies":[{"name":"wp","href":"https:\/\/api.w.org\/{rel}","templated":true}]}}