{"id":988529,"date":"2019-06-25T12:19:21","date_gmt":"2019-06-25T11:19:21","guid":{"rendered":"https:\/\/ticketsibiza.com\/ibiza-kalender-2025\/"},"modified":"2026-03-20T12:50:23","modified_gmt":"2026-03-20T12:50:23","slug":"ibiza-kalender","status":"publish","type":"page","link":"https:\/\/ticketsibiza.com\/de\/ibiza-kalender\/","title":{"rendered":"Ibiza-Kalender 2026"},"content":{"rendered":"<div class=\"wpb-content-wrapper\"><p>[vc_row row_height_percent=&#8220;10&#8243; override_padding=&#8220;yes&#8220; h_padding=&#8220;0&#8243; top_padding=&#8220;0&#8243; bottom_padding=&#8220;0&#8243; overlay_color=&#8220;color-gyho&#8220; overlay_alpha=&#8220;0&#8243; overlay_color_blend=&#8220;darken&#8220; gutter_size=&#8220;3&#8243; column_width_percent=&#8220;100&#8243; shift_y=&#8220;0&#8243; z_index=&#8220;0&#8243;][vc_column column_width_percent=&#8220;100&#8243; position_vertical=&#8220;bottom&#8220; gutter_size=&#8220;3&#8243; overlay_alpha=&#8220;50&#8243; shift_x=&#8220;0&#8243; shift_y=&#8220;0&#8243; shift_y_down=&#8220;0&#8243; z_index=&#8220;0&#8243; medium_width=&#8220;0&#8243; mobile_width=&#8220;0&#8243; width=&#8220;1\/1&#8243;][vc_row_inner row_inner_height_percent=&#8220;0&#8243; force_width_grid=&#8220;yes&#8220; overlay_color=&#8220;color-149363&#8243; overlay_alpha=&#8220;70&#8243; gutter_size=&#8220;1&#8243; shift_y=&#8220;1&#8243; z_index=&#8220;3&#8243; css=&#8220;.vc_custom_1576671083951{margin-bottom: 0px !important;border-bottom-width: 0px !important;padding-top: 0px !important;padding-bottom: 0px !important;padding-left: 20px !important;}&#8220;][vc_column_inner column_width_percent=&#8220;100&#8243; position_vertical=&#8220;bottom&#8220; gutter_size=&#8220;0&#8243; overlay_alpha=&#8220;50&#8243; shift_x=&#8220;0&#8243; shift_y=&#8220;0&#8243; shift_y_down=&#8220;0&#8243; z_index=&#8220;0&#8243; medium_width=&#8220;0&#8243; mobile_width=&#8220;0&#8243; width=&#8220;1\/1&#8243; css=&#8220;.vc_custom_1591091446471{padding-bottom: 0px !important;}&#8220;][vc_custom_heading text_color=&#8220;color-xsdn&#8220; heading_semantic=&#8220;h1&#8243; text_size=&#8220;h1&#8243; sub_reduced=&#8220;yes&#8220; uncode_shortcode_id=&#8220;168649&#8243; text_color_type=&#8220;uncode-palette&#8220;]Ibiza Party-Kalender 2026[\/vc_custom_heading][\/vc_column_inner][\/vc_row_inner][\/vc_column][\/vc_row][vc_row row_height_percent=&#8220;0&#8243; override_padding=&#8220;yes&#8220; h_padding=&#8220;2&#8243; top_padding=&#8220;2&#8243; bottom_padding=&#8220;1&#8243; overlay_alpha=&#8220;50&#8243; gutter_size=&#8220;4&#8243; column_width_percent=&#8220;100&#8243; shift_y=&#8220;0&#8243; z_index=&#8220;0&#8243; css=&#8220;.vc_custom_1762783123901{padding-bottom: 0px !important;}&#8220; uncode_shortcode_id=&#8220;204076&#8243;][vc_column column_width_percent=&#8220;100&#8243; gutter_size=&#8220;2&#8243; override_padding=&#8220;yes&#8220; column_padding=&#8220;0&#8243; overlay_alpha=&#8220;50&#8243; shift_x=&#8220;0&#8243; shift_y=&#8220;0&#8243; shift_y_down=&#8220;0&#8243; z_index=&#8220;0&#8243; medium_width=&#8220;0&#8243; mobile_width=&#8220;7&#8243; toggle=&#8220;yes&#8220; max_height=&#8220;10vh&#8220; max_height_mobile=&#8220;10vh&#8220; closed_txt=&#8220;Read More&#8220; icon_closed=&#8220;fa fa-plus&#8220; btn_margin=&#8220;sm&#8220; open_txt=&#8220;Read Less&#8220; icon_open=&#8220;fa fa-minus&#8220; fade=&#8220;sm&#8220; toggle_scroll=&#8220;yes&#8220; width=&#8220;1\/1&#8243; css=&#8220;.vc_custom_1762785847146{padding-top: 0px !important;padding-right: 0px !important;padding-bottom: 9px !important;padding-left: 0px !important;}&#8220; uncode_shortcode_id=&#8220;190424&#8243; toggle_classes=&#8220;btn btn-color-vyce btn-round&#8220;][vc_column_text uncode_shortcode_id=&#8220;115725&#8243;]Unser Ibiza Kalender enth\u00e4lt Auflistungen und Line-ups f\u00fcr Clubs, Superclubs, Partys und Bootspartys, um Ibiza Events in 2026 abzudecken.[\/vc_column_text][vc_column_text uncode_shortcode_id=&#8220;142022&#8243;]Die Ibiza-Club-Saison l\u00e4uft von <strong>April<\/strong> bis <strong>Oktober<\/strong> und beginnt in der Regel zeitgleich mit dem <a href=\"https:\/\/www.internationalmusicsummit.com\/\" target=\"_blank\" rel=\"noopener\">International Music Summit (IMS)<\/a>. In den vergangenen Jahren begann die Saison typischerweise im <strong>Mai<\/strong> und endete im <strong>September<\/strong>. Da es jetzt ganzj\u00e4hrig problemlos Fl\u00fcge nach Ibiza gibt, kannst du einige <strong>Opening Partys<\/strong> schon Anfang Mai oder sogar Ende April erwarten, und <strong>Closing Partys<\/strong> bis Mitte Oktober in 2026.<\/p>\n<p>Unser <span style=\"color: #e7158b;\"><a style=\"color: #e7158b;\" href=\"https:\/\/ticketsibiza.com\/de\/opening-partys-ibiza\/\">Ibiza Opening Parties 2026<\/a><\/span> Guide enth\u00e4lt alle Infos, die du \u00fcber die neuesten best\u00e4tigten Opening Parties f\u00fcr 2026 brauchst.<\/p>\n<p><strong>Ibiza Events 2026<\/strong> werden jede Woche unserem Kalender hinzugef\u00fcgt, sobald Partys angek\u00fcndigt werden. Es ist typisch, dass die meisten Partys im M\u00e4rz eines jeden Jahres vollst\u00e4ndig best\u00e4tigt werden, aber Clubs wie Amnesia, H\u00ef, Ushua\u00efa und Ibiza Rocks haben ihre 2026 Opening Partys bereits angek\u00fcndigt.<\/p>\n<p>Wir aktualisieren unsere Ibiza 2026 Kalendereintr\u00e4ge und Line-Ups, sobald wir von Events h\u00f6ren, die f\u00fcr die Saison best\u00e4tigt sind \ud83d\ude4c\ud83c\udffb<\/p>\n<p>Du kannst entweder bis zum Ende dieser Seite scrollen, um die n\u00e4chsten w\u00f6chentlichen Events anzuzeigen, oder einen bestimmten Monat ausw\u00e4hlen, um alle Partys zu sehen, die in diesem Monat auf Ibiza stattfinden.<\/p>\n<p>Wenn du Informationen \u00fcber <strong>Ibiza Closing Parties<\/strong> suchst, schau dir unseren <span style=\"color: #e7158b;\"><a style=\"color: #e7158b;\" href=\"https:\/\/ticketsibiza.com\/de\/closing-partys-ibiza\/\">Ibiza Closing Party Guide<\/a><\/span> an, der Informationen \u00fcber Closing-Partys \/ Abschlusspartys enth\u00e4lt und die vollst\u00e4ndigen Auflistungen f\u00fcr alle besten Partys enth\u00e4lt, um die Saison ausklingen zu lassen.<\/p>\n<p><strong>Du bist dir nicht sicher, wo du anfangen sollst?<\/strong> Schau dir unsere Seite mit <span style=\"color: #e7158b;\"><a style=\"color: #e7158b;\" href=\"https:\/\/ticketsibiza.com\/de\/clubs\/\">Clubs<\/a><\/span> und <span style=\"color: #e7158b;\"><a style=\"color: #e7158b;\" href=\"https:\/\/ticketsibiza.com\/de\/partys\/\">Partys<\/a><\/span> an, um dich inspirieren zu lassen, suche nach deinem Lieblings-DJ oder scrolle nach unten, um die Partys dieser Woche zu sehen.<\/p>\n<p>Wenn du etwas vermisst, <span style=\"color: #e7158b;\"><a style=\"color: #e7158b;\" href=\"https:\/\/ticketsibiza.com\/de\/kontakt\/\">melde dich<\/a><\/span> und wir k\u00fcmmern uns darum.<\/p>\n<h4>PARTY TYP KALENDER<\/h4>\n<p><a class=\"custom-link btn border-width-0 btn-color-vyce btn-round btn-icon-left\" title=\"Ibiza Closing-Partys \/ Abschlusspartys Kalender\" href=\"https:\/\/ticketsibiza.com\/de\/ibiza-kalender\/ibiza-closing-parties-calendar\/\">ABSCHLUSSPARTYS<\/a>    <a class=\"custom-link btn border-width-0 btn-color-vyce btn-round btn-icon-left\" title=\"Ibiza Bootspartys Kalender\" href=\"https:\/\/ticketsibiza.com\/de\/ibiza-kalender\/boat-parties\/\">BOOTSPARTYS<\/a><\/p>\n<h4>BELIEBTE CLUB KALENDER<\/h4>\n<p><a class=\"custom-link btn border-width-0 btn-color-jevc btn-round btn-icon-left\" title=\"UNVRS Ibiza Kalender\" href=\"https:\/\/ticketsibiza.com\/de\/ibiza-kalender\/unvrs-calendar\/\">UNVRS<\/a> <a class=\"custom-link btn border-width-0 btn-color-jevc btn-round btn-icon-left\" title=\"H\u00ef Ibiza Kalender\" href=\"https:\/\/ticketsibiza.com\/de\/ibiza-kalender\/hi-ibiza-kalender\/\">H\u00cf IBIZA<\/a>    <a class=\"custom-link btn border-width-0 btn-color-jevc btn-round btn-icon-left\" title=\"Eden Ibiza Kalender\" href=\"https:\/\/ticketsibiza.com\/de\/ibiza-kalender\/eden-kalender\/\">EDEN<\/a>    <a class=\"custom-link btn border-width-0 btn-color-jevc btn-round btn-icon-left\" title=\"Pacha Ibiza Kalender\" href=\"https:\/\/ticketsibiza.com\/de\/ibiza-kalender\/pacha-kalender\/\">PACHA<\/a>    <a class=\"custom-link btn border-width-0 btn-color-jevc btn-round btn-icon-left\" title=\"Ushua\u00efa Ibiza Kalender\" href=\"https:\/\/ticketsibiza.com\/de\/ibiza-kalender\/ushuaia-kalender\/\">USHUA\u00cfA<\/a>    <a class=\"custom-link btn border-width-0 btn-color-jevc btn-round btn-icon-left\" title=\"Ibiza Rocks Kalender\" href=\"https:\/\/ticketsibiza.com\/de\/ibiza-kalender\/ibiza-rocks-kalender\/\">IBIZA ROCKS<\/a> <a class=\"custom-link btn border-width-0 btn-color-jevc btn-round btn-icon-left\" title=\"Amnesia Ibiza Kalender\" href=\"https:\/\/ticketsibiza.com\/de\/ibiza-kalender\/amnesia-kalender\/\">AMNESIA<\/a><\/p>\n<p>&nbsp;[\/vc_column_text][\/vc_column][\/vc_row][vc_row row_height_percent=&#8220;0&#8243; override_padding=&#8220;yes&#8220; h_padding=&#8220;2&#8243; top_padding=&#8220;1&#8243; bottom_padding=&#8220;2&#8243; overlay_alpha=&#8220;50&#8243; gutter_size=&#8220;4&#8243; column_width_percent=&#8220;100&#8243; shift_y=&#8220;0&#8243; z_index=&#8220;0&#8243; css=&#8220;.vc_custom_1762783139319{padding-bottom: 0px !important;}&#8220; uncode_shortcode_id=&#8220;118473&#8243;][vc_column column_width_percent=&#8220;100&#8243; gutter_size=&#8220;2&#8243; override_padding=&#8220;yes&#8220; column_padding=&#8220;0&#8243; overlay_alpha=&#8220;50&#8243; shift_x=&#8220;0&#8243; shift_y=&#8220;0&#8243; shift_y_down=&#8220;0&#8243; z_index=&#8220;0&#8243; medium_width=&#8220;0&#8243; mobile_width=&#8220;7&#8243; width=&#8220;1\/1&#8243; css=&#8220;.vc_custom_1576679400181{padding-top: 0px !important;padding-right: 0px !important;padding-bottom: 0px !important;padding-left: 0px !important;}&#8220;][vc_separator sep_color=&#8220;color-lxmt&#8220;][vc_custom_heading el_class=&#8220;pt-0&#8243;]<\/p>\n<h4><span class=\"font-762333\">MONATLICHE KALENDER<\/span><\/h4>\n<p>[\/vc_custom_heading][vc_row_inner row_inner_height_percent=&#8220;0&#8243; overlay_alpha=&#8220;50&#8243; gutter_size=&#8220;2&#8243; shift_y=&#8220;0&#8243; z_index=&#8220;0&#8243; uncode_shortcode_id=&#8220;192498&#8243;][vc_column_inner column_width_percent=&#8220;100&#8243; position_vertical=&#8220;middle&#8220; align_horizontal=&#8220;align_center&#8220; gutter_size=&#8220;3&#8243; overlay_alpha=&#8220;50&#8243; shift_x=&#8220;0&#8243; shift_y=&#8220;0&#8243; shift_y_down=&#8220;0&#8243; z_index=&#8220;0&#8243; medium_width=&#8220;3&#8243; mobile_width=&#8220;4&#8243; width=&#8220;1\/6&#8243; uncode_shortcode_id=&#8220;646938&#8243;][vc_button button_color=&#8220;accent&#8220; radius=&#8220;btn-round&#8220; wide=&#8220;yes&#8220; border_width=&#8220;0&#8243; link=&#8220;url:https%3A%2F%2Fticketsibiza.com%2Fde%2Fibiza-kalender%2Fmai%2F|title:Ibiza%20Party%20Calendar%20May|&#8220; button_color_type=&#8220;uncode-palette&#8220; uncode_shortcode_id=&#8220;155583&#8243;]MAI[\/vc_button][\/vc_column_inner][vc_column_inner column_width_percent=&#8220;100&#8243; position_vertical=&#8220;middle&#8220; align_horizontal=&#8220;align_center&#8220; gutter_size=&#8220;3&#8243; overlay_alpha=&#8220;50&#8243; shift_x=&#8220;0&#8243; shift_y=&#8220;0&#8243; shift_y_down=&#8220;0&#8243; z_index=&#8220;0&#8243; medium_width=&#8220;3&#8243; mobile_width=&#8220;4&#8243; width=&#8220;1\/6&#8243; uncode_shortcode_id=&#8220;179114&#8243;][vc_button button_color=&#8220;accent&#8220; radius=&#8220;btn-round&#8220; wide=&#8220;yes&#8220; border_width=&#8220;0&#8243; link=&#8220;url:https%3A%2F%2Fticketsibiza.com%2Fde%2Fibiza-kalender%2Fjuni%2F|title:Ibiza%20Party%20Calendar%20June|&#8220; button_color_type=&#8220;uncode-palette&#8220; uncode_shortcode_id=&#8220;149595&#8243;]JUNI[\/vc_button][\/vc_column_inner][vc_column_inner column_width_percent=&#8220;100&#8243; position_vertical=&#8220;middle&#8220; align_horizontal=&#8220;align_center&#8220; gutter_size=&#8220;3&#8243; overlay_alpha=&#8220;50&#8243; shift_x=&#8220;0&#8243; shift_y=&#8220;0&#8243; shift_y_down=&#8220;0&#8243; z_index=&#8220;0&#8243; medium_width=&#8220;3&#8243; mobile_width=&#8220;4&#8243; width=&#8220;1\/6&#8243; uncode_shortcode_id=&#8220;114673&#8243;][vc_button button_color=&#8220;accent&#8220; radius=&#8220;btn-round&#8220; wide=&#8220;yes&#8220; border_width=&#8220;0&#8243; link=&#8220;url:https%3A%2F%2Fticketsibiza.com%2Fde%2Fibiza-kalender%2Fjuli%2F|title:Ibiza%20Party%20Calendar%20July|&#8220; button_color_type=&#8220;uncode-palette&#8220; uncode_shortcode_id=&#8220;168575&#8243;]JULI[\/vc_button][\/vc_column_inner][vc_column_inner column_width_percent=&#8220;100&#8243; position_vertical=&#8220;middle&#8220; align_horizontal=&#8220;align_center&#8220; gutter_size=&#8220;3&#8243; overlay_alpha=&#8220;50&#8243; shift_x=&#8220;0&#8243; shift_y=&#8220;0&#8243; shift_y_down=&#8220;0&#8243; z_index=&#8220;0&#8243; medium_width=&#8220;3&#8243; mobile_width=&#8220;4&#8243; width=&#8220;1\/6&#8243; uncode_shortcode_id=&#8220;804782&#8243;][vc_button button_color=&#8220;accent&#8220; radius=&#8220;btn-round&#8220; wide=&#8220;yes&#8220; border_width=&#8220;0&#8243; link=&#8220;url:https%3A%2F%2Fticketsibiza.com%2Fde%2Fibiza-kalender%2Faugust%2F|title:Ibiza%20Party%20Calendar%20August|&#8220; button_color_type=&#8220;uncode-palette&#8220; uncode_shortcode_id=&#8220;741098&#8243;]AUGUST[\/vc_button][\/vc_column_inner][vc_column_inner column_width_percent=&#8220;100&#8243; position_vertical=&#8220;middle&#8220; align_horizontal=&#8220;align_center&#8220; gutter_size=&#8220;3&#8243; overlay_alpha=&#8220;50&#8243; shift_x=&#8220;0&#8243; shift_y=&#8220;0&#8243; shift_y_down=&#8220;0&#8243; z_index=&#8220;0&#8243; medium_width=&#8220;3&#8243; mobile_width=&#8220;4&#8243; width=&#8220;1\/6&#8243; uncode_shortcode_id=&#8220;211483&#8243;][vc_button button_color=&#8220;accent&#8220; radius=&#8220;btn-round&#8220; wide=&#8220;yes&#8220; border_width=&#8220;0&#8243; link=&#8220;url:https%3A%2F%2Fticketsibiza.com%2Fde%2Fibiza-kalender%2Fseptember%2F|title:Ibiza%20Party%20Calendar%20September|&#8220; button_color_type=&#8220;uncode-palette&#8220; uncode_shortcode_id=&#8220;207981&#8243;]SEPTEMBER[\/vc_button][\/vc_column_inner][vc_column_inner column_width_percent=&#8220;100&#8243; position_vertical=&#8220;middle&#8220; align_horizontal=&#8220;align_center&#8220; gutter_size=&#8220;3&#8243; overlay_alpha=&#8220;50&#8243; shift_x=&#8220;0&#8243; shift_y=&#8220;0&#8243; shift_y_down=&#8220;0&#8243; z_index=&#8220;0&#8243; medium_width=&#8220;3&#8243; mobile_width=&#8220;4&#8243; width=&#8220;1\/6&#8243; uncode_shortcode_id=&#8220;488417&#8243;][vc_button button_color=&#8220;accent&#8220; radius=&#8220;btn-round&#8220; wide=&#8220;yes&#8220; border_width=&#8220;0&#8243; link=&#8220;url:https%3A%2F%2Fticketsibiza.com%2Fde%2Fibiza-kalender%2Foktober%2F|title:Ibiza%20Party%20Calendar%20October|&#8220; button_color_type=&#8220;uncode-palette&#8220; uncode_shortcode_id=&#8220;134518&#8243;]OKTOBER[\/vc_button][\/vc_column_inner][\/vc_row_inner][vc_row_inner row_inner_height_percent=&#8220;0&#8243; overlay_alpha=&#8220;50&#8243; gutter_size=&#8220;2&#8243; shift_y=&#8220;0&#8243; z_index=&#8220;0&#8243; uncode_shortcode_id=&#8220;672492&#8243;][vc_column_inner column_width_percent=&#8220;100&#8243; align_horizontal=&#8220;align_center&#8220; gutter_size=&#8220;3&#8243; overlay_alpha=&#8220;50&#8243; shift_x=&#8220;0&#8243; shift_y=&#8220;0&#8243; shift_y_down=&#8220;0&#8243; z_index=&#8220;0&#8243; align_medium=&#8220;align_center_tablet&#8220; medium_width=&#8220;0&#8243; align_mobile=&#8220;align_center_mobile&#8220; mobile_width=&#8220;4&#8243; width=&#8220;1\/3&#8243; uncode_shortcode_id=&#8220;207755&#8243;][vc_button button_color=&#8220;color-456577&#8243; radius=&#8220;btn-round&#8220; wide=&#8220;yes&#8220; border_width=&#8220;0&#8243; link=&#8220;url:https%3A%2F%2Fticketsibiza.com%2Fde%2Fibiza-kalender%2Fevents-heute-ibiza%2F|title:Ibiza%20Party%20Calendar|&#8220; button_color_type=&#8220;uncode-palette&#8220; uncode_shortcode_id=&#8220;110105&#8243;]HEUTE \/ HEUTE ABEND[\/vc_button][\/vc_column_inner][vc_column_inner column_width_percent=&#8220;100&#8243; align_horizontal=&#8220;align_center&#8220; gutter_size=&#8220;3&#8243; overlay_alpha=&#8220;50&#8243; shift_x=&#8220;0&#8243; shift_y=&#8220;0&#8243; shift_y_down=&#8220;0&#8243; z_index=&#8220;0&#8243; medium_width=&#8220;0&#8243; mobile_width=&#8220;4&#8243; width=&#8220;1\/3&#8243; uncode_shortcode_id=&#8220;156245&#8243;][vc_button button_color=&#8220;color-742106&#8243; radius=&#8220;btn-round&#8220; wide=&#8220;yes&#8220; border_width=&#8220;0&#8243; link=&#8220;url:https%3A%2F%2Fticketsibiza.com%2Fde%2Fibiza-kalender%2F2026-events%2F|title:Ibiza%20Party%20Calendar|&#8220; button_color_type=&#8220;uncode-palette&#8220; uncode_shortcode_id=&#8220;212200&#8243;]ALLE 2026 VERANSTALTUNGEN[\/vc_button][\/vc_column_inner][vc_column_inner width=&#8220;1\/3&#8243;][\/vc_column_inner][\/vc_row_inner][\/vc_column][\/vc_row][vc_row unlock_row_content=&#8220;yes&#8220; row_height_percent=&#8220;0&#8243; override_padding=&#8220;yes&#8220; h_padding=&#8220;0&#8243; top_padding=&#8220;1&#8243; bottom_padding=&#8220;2&#8243; overlay_alpha=&#8220;50&#8243; gutter_size=&#8220;3&#8243; column_width_percent=&#8220;100&#8243; shift_y=&#8220;0&#8243; z_index=&#8220;0&#8243; row_name=&#8220;thisweek&#8220; css=&#8220;.vc_custom_1576681089316{padding-right: 18px !important;padding-left: 18px !important;}&#8220;][vc_column column_width_percent=&#8220;100&#8243; gutter_size=&#8220;1&#8243; override_padding=&#8220;yes&#8220; column_padding=&#8220;1&#8243; overlay_alpha=&#8220;50&#8243; shift_x=&#8220;0&#8243; shift_y=&#8220;0&#8243; shift_y_down=&#8220;0&#8243; z_index=&#8220;0&#8243; medium_width=&#8220;0&#8243; mobile_width=&#8220;0&#8243; width=&#8220;1\/1&#8243;]\t\t<div class=\"wcs-timetable__wrapper\">\n\t\t\t<div class=\"wcs-vue\" id=\"wcs-app-137\"><\/div>\n\t\t<\/div>\n\t\t[\/vc_column][\/vc_row][vc_row row_height_percent=&#8220;0&#8243; override_padding=&#8220;yes&#8220; h_padding=&#8220;2&#8243; top_padding=&#8220;1&#8243; bottom_padding=&#8220;2&#8243; overlay_alpha=&#8220;50&#8243; gutter_size=&#8220;3&#8243; column_width_percent=&#8220;100&#8243; shift_y=&#8220;0&#8243; z_index=&#8220;0&#8243;][vc_column column_width_percent=&#8220;100&#8243; align_horizontal=&#8220;align_center&#8220; gutter_size=&#8220;3&#8243; overlay_alpha=&#8220;50&#8243; shift_x=&#8220;0&#8243; shift_y=&#8220;0&#8243; shift_y_down=&#8220;0&#8243; z_index=&#8220;0&#8243; desktop_visibility=&#8220;yes&#8220; medium_width=&#8220;0&#8243; mobile_width=&#8220;0&#8243; width=&#8220;1\/1&#8243;][vc_button button_color=&#8220;accent&#8220; size=&#8220;btn-lg&#8220; border_width=&#8220;0&#8243; link=&#8220;url:%23thisweek|&#8220;]ZUR\u00dcCK NACH OBEN[\/vc_button][\/vc_column][\/vc_row]<\/p>\n<\/div>","protected":false},"excerpt":{"rendered":"<p>[vc_row row_height_percent=&#8220;10&#8243; override_padding=&#8220;yes&#8220; h_padding=&#8220;0&#8243; top_padding=&#8220;0&#8243; bottom_padding=&#8220;0&#8243; overlay_color=&#8220;color-gyho&#8220; overlay_alpha=&#8220;0&#8243; overlay_color_blend=&#8220;darken&#8220; gutter_size=&#8220;3&#8243; column_width_percent=&#8220;100&#8243; shift_y=&#8220;0&#8243; z_index=&#8220;0&#8243;][vc_column column_width_percent=&#8220;100&#8243; position_vertical=&#8220;bottom&#8220; gutter_size=&#8220;3&#8243; overlay_alpha=&#8220;50&#8243; shift_x=&#8220;0&#8243; shift_y=&#8220;0&#8243; shift_y_down=&#8220;0&#8243; [&hellip;]<\/p>\n","protected":false},"author":1,"featured_media":988536,"parent":0,"menu_order":0,"comment_status":"closed","ping_status":"closed","template":"","meta":{"_acf_changed":false,"footnotes":""},"class_list":["post-988529","page","type-page","status-publish","has-post-thumbnail","hentry","page_category-kalender"],"acf":[],"_links":{"self":[{"href":"https:\/\/ticketsibiza.com\/de\/wp-json\/wp\/v2\/pages\/988529","targetHints":{"allow":["GET"]}}],"collection":[{"href":"https:\/\/ticketsibiza.com\/de\/wp-json\/wp\/v2\/pages"}],"about":[{"href":"https:\/\/ticketsibiza.com\/de\/wp-json\/wp\/v2\/types\/page"}],"author":[{"embeddable":true,"href":"https:\/\/ticketsibiza.com\/de\/wp-json\/wp\/v2\/users\/1"}],"replies":[{"embeddable":true,"href":"https:\/\/ticketsibiza.com\/de\/wp-json\/wp\/v2\/comments?post=988529"}],"version-history":[{"count":71,"href":"https:\/\/ticketsibiza.com\/de\/wp-json\/wp\/v2\/pages\/988529\/revisions"}],"predecessor-version":[{"id":1129733,"href":"https:\/\/ticketsibiza.com\/de\/wp-json\/wp\/v2\/pages\/988529\/revisions\/1129733"}],"wp:featuredmedia":[{"embeddable":true,"href":"https:\/\/ticketsibiza.com\/de\/wp-json\/wp\/v2\/media\/988536"}],"wp:attachment":[{"href":"https:\/\/ticketsibiza.com\/de\/wp-json\/wp\/v2\/media?parent=988529"}],"curies":[{"name":"wp","href":"https:\/\/api.w.org\/{rel}","templated":true}]}}