{"id":1120538,"date":"2019-02-27T06:57:23","date_gmt":"2019-02-27T06:57:23","guid":{"rendered":"https:\/\/ticketsibiza.com\/partys\/cocoon\/"},"modified":"2026-02-23T13:29:06","modified_gmt":"2026-02-23T13:29:06","slug":"cocoon","status":"publish","type":"page","link":"https:\/\/ticketsibiza.com\/de\/partys\/cocoon\/","title":{"rendered":"Cocoon Ibiza [currentseason] &#8211; Tickets, Events und Lineup"},"content":{"rendered":"<div class=\"wpb-content-wrapper\"><p>[vc_row row_height_percent=&#8220;0&#8243; override_padding=&#8220;yes&#8220; h_padding=&#8220;2&#8243; top_padding=&#8220;2&#8243; bottom_padding=&#8220;0&#8243; back_image=&#8220;57669&#8243; overlay_alpha=&#8220;50&#8243; gutter_size=&#8220;3&#8243; column_width_percent=&#8220;100&#8243; shift_y=&#8220;0&#8243; z_index=&#8220;0&#8243; row_height_pixel=&#8220;50&#8243;][vc_column width=&#8220;1\/1&#8243;][vc_empty_space empty_h=&#8220;5&#8243;][vc_row_inner row_inner_height_percent=&#8220;0&#8243; force_width_grid=&#8220;yes&#8220; overlay_color=&#8220;color-149363&#8243; overlay_alpha=&#8220;70&#8243; gutter_size=&#8220;1&#8243; shift_y=&#8220;1&#8243; z_index=&#8220;3&#8243; css=&#8220;.vc_custom_1555709232730{margin-bottom: 0px !important;border-bottom-width: 0px !important;padding-top: 0px !important;padding-bottom: 0px !important;padding-left: 20px !important;}&#8220;][vc_column_inner column_width_percent=&#8220;100&#8243; gutter_size=&#8220;0&#8243; overlay_alpha=&#8220;50&#8243; shift_x=&#8220;0&#8243; shift_y=&#8220;0&#8243; shift_y_down=&#8220;0&#8243; z_index=&#8220;0&#8243; medium_width=&#8220;0&#8243; mobile_width=&#8220;0&#8243; width=&#8220;1\/1&#8243; css=&#8220;.vc_custom_1551002411961{padding-bottom: 0px !important;}&#8220;][vc_custom_heading text_color=&#8220;color-xsdn&#8220; heading_semantic=&#8220;h1&#8243; text_size=&#8220;h1&#8243; sub_reduced=&#8220;yes&#8220;]Cocoon Ibiza[\/vc_custom_heading][vc_column_text text_lead=&#8220;yes&#8220;]<strong><span style=\"color: white;\">Amnesia<\/span><\/strong>[\/vc_column_text][\/vc_column_inner][\/vc_row_inner][\/vc_column][\/vc_row][vc_row row_height_percent=&#8220;0&#8243; override_padding=&#8220;yes&#8220; h_padding=&#8220;2&#8243; top_padding=&#8220;2&#8243; bottom_padding=&#8220;0&#8243; overlay_alpha=&#8220;50&#8243; gutter_size=&#8220;3&#8243; column_width_percent=&#8220;100&#8243; shift_y=&#8220;0&#8243; z_index=&#8220;0&#8243; css=&#8220;.vc_custom_1551018966910{margin-bottom: 0px !important;padding-bottom: 0px !important;}&#8220;][vc_column column_width_percent=&#8220;100&#8243; gutter_size=&#8220;0&#8243; overlay_alpha=&#8220;50&#8243; shift_x=&#8220;0&#8243; shift_y=&#8220;0&#8243; shift_y_down=&#8220;0&#8243; z_index=&#8220;0&#8243; medium_width=&#8220;0&#8243; mobile_width=&#8220;0&#8243; width=&#8220;3\/4&#8243;][vc_column_text]<\/p>\n<blockquote>\n<h3>Papa Sven feiert 20 Jahre Cocoon Ibiza<\/h3>\n<\/blockquote>\n<p>[\/vc_column_text][\/vc_column][vc_column column_width_percent=&#8220;100&#8243; align_horizontal=&#8220;align_center&#8220; gutter_size=&#8220;0&#8243; overlay_alpha=&#8220;50&#8243; shift_x=&#8220;0&#8243; shift_y=&#8220;0&#8243; shift_y_down=&#8220;0&#8243; z_index=&#8220;0&#8243; medium_width=&#8220;0&#8243; mobile_width=&#8220;0&#8243; width=&#8220;1\/4&#8243; link_to=&#8220;url:%23listings|&#8220;][vc_button button_color=&#8220;color-jevc&#8220; border_animation=&#8220;btn-ripple-out&#8220; border_width=&#8220;0&#8243; link=&#8220;url:%23listings|&#8220; button_color_type=&#8220;uncode-palette&#8220; uncode_shortcode_id=&#8220;538733&#8243;]Tickets kaufen[\/vc_button][\/vc_column][\/vc_row][vc_row row_height_percent=&#8220;0&#8243; overlay_alpha=&#8220;50&#8243; gutter_size=&#8220;3&#8243; column_width_percent=&#8220;100&#8243; shift_y=&#8220;0&#8243; z_index=&#8220;0&#8243; css=&#8220;.vc_custom_1551018712642{margin-top: 0px !important;margin-bottom: 0px !important;}&#8220;][vc_column column_width_percent=&#8220;100&#8243; gutter_size=&#8220;2&#8243; overlay_alpha=&#8220;50&#8243; shift_x=&#8220;0&#8243; shift_y=&#8220;0&#8243; shift_y_down=&#8220;0&#8243; z_index=&#8220;0&#8243; medium_width=&#8220;0&#8243; mobile_width=&#8220;0&#8243; width=&#8220;3\/4&#8243;][vc_column_text uncode_shortcode_id=&#8220;863704&#8243;]Nur wenige Partys sind so tief in Ibizas DNA verwurzelt wie Cocoon. Im Jahr 2026 setzt Sven V\u00e4ths ikonische Marke ihre langj\u00e4hrige Liebesbeziehung mit der Insel fort und liefert zwei sorgf\u00e4ltig kuratierte Day-to-Night-Specials, die ihr Erbe ehren und gleichzeitig die Zukunft der elektronischen Underground-Musik umarmen. <\/p>\n<p>Seit \u00fcber zwei Jahrzehnten ist Cocoon ein Ma\u00dfstab f\u00fcr Authentizit\u00e4t. Was als revolution\u00e4re Kraft in Amnesia begann, entwickelte sich zu einer globalen Bewegung, die den Sound von Techno und House \u00fcber Generationen hinweg pr\u00e4gte. Im Jahr 2026 bleibt dieser Geist unber\u00fchrt. Erwarte Marathon-Sets, furchtlose Programmgestaltung und eine Dancefloor-Kultur, die auf Freiheit, Ausdruck und tiefem musikalischem Eintauchen basiert.   <\/p>\n<p>Zur\u00fcck im 528 Ibiza verwandelt Cocoon die atemberaubenden Benimussa Hills erneut in ein Refugium f\u00fcr Puristen. Das Erlebnis beginnt im Freien, wo die Sonne langsam hinter den Bergen versinkt und die Musik mit Geduld und Absicht aufbaut. Wenn die Nacht hereinbricht, verlagert sich die Energie nach drinnen, wo eine intimere Umgebung den Klang vertiefen und intensivieren l\u00e4sst, bis in die fr\u00fchen Morgenstunden.  <\/p>\n<p>Im Mittelpunkt steht Sven V\u00e4th. Als wahrer Architekt von Ibizas Underground ist seine F\u00e4higkeit, ein Publikum zu lesen und eine Reise zu gestalten, un\u00fcbertroffen. Um ihn herum sorgt ein Line-up sorgf\u00e4ltig ausgew\u00e4hlter globaler K\u00fcnstler f\u00fcr einen kompromisslosen, emotionalen und zeitlosen Soundtrack.  <\/p>\n<p>Bei Cocoon geht es nicht um Spektakel oder Hype. Es geht um Verbindung \u2013 zwischen DJ und T\u00e4nzer, Vergangenheit und Gegenwart, Rhythmus und Emotion. In einer sich st\u00e4ndig entwickelnden Landschaft steht Cocoon Ibiza 2026 fest als Erinnerung daran, was wirklich z\u00e4hlt: Musik zuerst, Gemeinschaft immer und Momente, die lange nach dem letzten Plattenspieler nachklingen.[\/vc_column_text][\/vc_column][vc_column column_width_percent=&#8220;100&#8243; gutter_size=&#8220;0&#8243; overlay_alpha=&#8220;50&#8243; shift_x=&#8220;0&#8243; shift_y=&#8220;0&#8243; shift_y_down=&#8220;0&#8243; z_index=&#8220;0&#8243; medium_width=&#8220;0&#8243; mobile_width=&#8220;0&#8243; sticky=&#8220;yes&#8220; width=&#8220;1\/4&#8243;][vc_separator sep_color=&#8220;color-149363&#8243;][uncode_list icon=&#8220;fa fa-location-outline&#8220;]<\/p>\n<ul>\n<li><a href=\"https:\/\/ticketsibiza.com\/de\/clubs\/amnesia\/\">Amnesia<\/a><\/li>\n<\/ul>\n<p>[\/uncode_list][uncode_list icon=&#8220;fa fa-calendar&#8220;]<\/p>\n<ul>\n<li>Montag<\/li>\n<\/ul>\n<p>[\/uncode_list][uncode_list icon=&#8220;fa fa-cab&#8220;]<\/p>\n<ul>\n<li>Ctra. Ibiza a San Antonio, 07816 <\/li>\n<\/ul>\n<p>[\/uncode_list][vc_separator sep_color=&#8220;color-149363&#8243;][\/vc_column][\/vc_row][vc_section back_color=&#8220;color-lxmt&#8220; overlay_alpha=&#8220;50&#8243;][vc_row][vc_column width=&#8220;3\/4&#8243;][vc_gallery el_id=&#8220;gallery-160005&#8243; type=&#8220;justified&#8220; random=&#8220;yes&#8220; medias=&#8220;1120542,1120543,1120544&#8243; justify_row_height=&#8220;150&#8243; gutter_size=&#8220;3&#8243; single_overlay_opacity=&#8220;50&#8243; single_padding=&#8220;2&#8243; title=&#8220;CircoLoco Galerie&#8220;][\/vc_column][vc_column width=&#8220;1\/4&#8243;][uncode_share layout=&#8220;multiple&#8220; separator=&#8220;yes&#8220; title=&#8220;Diese Party teilen&#8220;][\/vc_column][\/vc_row][\/vc_section][vc_section back_color=&#8220;color-prif&#8220; overlay_alpha=&#8220;50&#8243;][vc_row row_height_percent=&#8220;0&#8243; overlay_alpha=&#8220;50&#8243; gutter_size=&#8220;3&#8243; column_width_percent=&#8220;100&#8243; shift_y=&#8220;0&#8243; z_index=&#8220;0&#8243; row_name=&#8220;listings&#8220;][vc_column column_width_percent=&#8220;100&#8243; position_vertical=&#8220;middle&#8220; align_horizontal=&#8220;align_center&#8220; gutter_size=&#8220;2&#8243; overlay_alpha=&#8220;50&#8243; shift_x=&#8220;0&#8243; shift_y=&#8220;0&#8243; shift_y_down=&#8220;0&#8243; z_index=&#8220;0&#8243; medium_width=&#8220;0&#8243; mobile_width=&#8220;0&#8243; width=&#8220;1\/1&#8243;][vc_custom_heading text_color=&#8220;color-xsdn&#8220; sub_lead=&#8220;yes&#8220; uncode_shortcode_id=&#8220;118374&#8243; text_color_type=&#8220;uncode-palette&#8220;]<\/p>\n<h2 style=\"text-align: center;\"><span style=\"color: #ffffff;\">Party-Listings<\/span><\/h2>\n<p>[\/vc_custom_heading]\t\t<div class=\"wcs-timetable__wrapper\">\n\t\t\t<div class=\"wcs-vue\" id=\"wcs-app-85\"><\/div>\n\t\t<\/div>\n\t\t[\/vc_column][\/vc_row][\/vc_section]<\/p>\n<\/div>","protected":false},"excerpt":{"rendered":"<p>Montag<\/p>\n","protected":false},"author":2,"featured_media":1120548,"parent":991484,"menu_order":0,"comment_status":"closed","ping_status":"closed","template":"","meta":{"_acf_changed":false,"footnotes":""},"class_list":["post-1120538","page","type-page","status-publish","has-post-thumbnail","hentry","page_category-partys"],"acf":[],"_links":{"self":[{"href":"https:\/\/ticketsibiza.com\/de\/wp-json\/wp\/v2\/pages\/1120538","targetHints":{"allow":["GET"]}}],"collection":[{"href":"https:\/\/ticketsibiza.com\/de\/wp-json\/wp\/v2\/pages"}],"about":[{"href":"https:\/\/ticketsibiza.com\/de\/wp-json\/wp\/v2\/types\/page"}],"author":[{"embeddable":true,"href":"https:\/\/ticketsibiza.com\/de\/wp-json\/wp\/v2\/users\/2"}],"replies":[{"embeddable":true,"href":"https:\/\/ticketsibiza.com\/de\/wp-json\/wp\/v2\/comments?post=1120538"}],"version-history":[{"count":7,"href":"https:\/\/ticketsibiza.com\/de\/wp-json\/wp\/v2\/pages\/1120538\/revisions"}],"predecessor-version":[{"id":1120620,"href":"https:\/\/ticketsibiza.com\/de\/wp-json\/wp\/v2\/pages\/1120538\/revisions\/1120620"}],"up":[{"embeddable":true,"href":"https:\/\/ticketsibiza.com\/de\/wp-json\/wp\/v2\/pages\/991484"}],"wp:featuredmedia":[{"embeddable":true,"href":"https:\/\/ticketsibiza.com\/de\/wp-json\/wp\/v2\/media\/1120548"}],"wp:attachment":[{"href":"https:\/\/ticketsibiza.com\/de\/wp-json\/wp\/v2\/media?parent=1120538"}],"curies":[{"name":"wp","href":"https:\/\/api.w.org\/{rel}","templated":true}]}}