{"id":1009124,"date":"2019-03-31T16:34:52","date_gmt":"2019-03-31T15:34:52","guid":{"rendered":"https:\/\/ticketsibiza.com\/parties\/the-masquerade\/"},"modified":"2026-03-18T11:59:55","modified_gmt":"2026-03-18T11:59:55","slug":"the-masquerade","status":"publish","type":"page","link":"https:\/\/ticketsibiza.com\/de\/partys\/the-masquerade\/","title":{"rendered":"The Masquerade Ibiza2026 &#8211; Tickets, Events und Lineup"},"content":{"rendered":"<div class=\"wpb-content-wrapper\"><p>[vc_row row_height_percent=&#8220;0&#8243; override_padding=&#8220;yes&#8220; h_padding=&#8220;2&#8243; top_padding=&#8220;2&#8243; bottom_padding=&#8220;0&#8243; back_image=&#8220;57843&#8243; overlay_alpha=&#8220;50&#8243; gutter_size=&#8220;3&#8243; column_width_percent=&#8220;100&#8243; shift_y=&#8220;0&#8243; z_index=&#8220;0&#8243; row_height_pixel=&#8220;50&#8243;][vc_column width=&#8220;1\/1&#8243;][vc_empty_space empty_h=&#8220;5&#8243;][vc_row_inner row_inner_height_percent=&#8220;0&#8243; force_width_grid=&#8220;yes&#8220; overlay_color=&#8220;color-149363&#8243; overlay_alpha=&#8220;70&#8243; gutter_size=&#8220;1&#8243; shift_y=&#8220;1&#8243; z_index=&#8220;3&#8243; css=&#8220;.vc_custom_1555709754802{margin-bottom: 0px !important;border-bottom-width: 0px !important;padding-top: 0px !important;padding-bottom: 0px !important;padding-left: 20px !important;}&#8220;][vc_column_inner column_width_percent=&#8220;100&#8243; gutter_size=&#8220;0&#8243; overlay_alpha=&#8220;50&#8243; shift_x=&#8220;0&#8243; shift_y=&#8220;0&#8243; shift_y_down=&#8220;0&#8243; z_index=&#8220;0&#8243; medium_width=&#8220;0&#8243; mobile_width=&#8220;0&#8243; width=&#8220;1\/1&#8243; css=&#8220;.vc_custom_1551002411961{padding-bottom: 0px !important;}&#8220;][vc_custom_heading text_color=&#8220;color-xsdn&#8220; heading_semantic=&#8220;h1&#8243; text_size=&#8220;h1&#8243; sub_reduced=&#8220;yes&#8220;]Claptone \u2013 The Masquerade[\/vc_custom_heading][vc_column_text text_lead=&#8220;yes&#8220; uncode_shortcode_id=&#8220;136977&#8243;]<strong><span style=\"color: white;\">Chinois<\/span><\/strong>[\/vc_column_text][\/vc_column_inner][\/vc_row_inner][\/vc_column][\/vc_row][vc_row row_height_percent=&#8220;0&#8243; override_padding=&#8220;yes&#8220; h_padding=&#8220;2&#8243; top_padding=&#8220;2&#8243; bottom_padding=&#8220;0&#8243; overlay_alpha=&#8220;50&#8243; gutter_size=&#8220;3&#8243; column_width_percent=&#8220;100&#8243; shift_y=&#8220;0&#8243; z_index=&#8220;0&#8243; css=&#8220;.vc_custom_1551018966910{margin-bottom: 0px !important;padding-bottom: 0px !important;}&#8220;][vc_column column_width_percent=&#8220;100&#8243; gutter_size=&#8220;0&#8243; overlay_alpha=&#8220;50&#8243; shift_x=&#8220;0&#8243; shift_y=&#8220;0&#8243; shift_y_down=&#8220;0&#8243; z_index=&#8220;0&#8243; medium_width=&#8220;0&#8243; mobile_width=&#8220;0&#8243; width=&#8220;3\/4&#8243;][vc_column_text uncode_shortcode_id=&#8220;130172&#8243;]<\/p>\n<blockquote>\n<h3>Claptone kehrt 2026 ins Chinois zur\u00fcck \ud83c\udfad<\/h3>\n<\/blockquote>\n<p>[\/vc_column_text][\/vc_column][vc_column column_width_percent=&#8220;100&#8243; align_horizontal=&#8220;align_center&#8220; gutter_size=&#8220;0&#8243; overlay_alpha=&#8220;50&#8243; shift_x=&#8220;0&#8243; shift_y=&#8220;0&#8243; shift_y_down=&#8220;0&#8243; z_index=&#8220;0&#8243; medium_width=&#8220;0&#8243; mobile_width=&#8220;0&#8243; width=&#8220;1\/4&#8243;][vc_button button_color=&#8220;color-jevc&#8220; size=&#8220;btn-lg&#8220; border_animation=&#8220;btn-ripple-out&#8220; border_width=&#8220;0&#8243; link=&#8220;url:%23listings|&#8220; button_color_type=&#8220;uncode-palette&#8220; uncode_shortcode_id=&#8220;134932&#8243;]Tickets kaufen[\/vc_button][\/vc_column][\/vc_row][vc_row row_height_percent=&#8220;0&#8243; overlay_alpha=&#8220;50&#8243; gutter_size=&#8220;3&#8243; column_width_percent=&#8220;100&#8243; shift_y=&#8220;0&#8243; z_index=&#8220;0&#8243; css=&#8220;.vc_custom_1551018712642{margin-top: 0px !important;margin-bottom: 0px !important;}&#8220;][vc_column column_width_percent=&#8220;100&#8243; gutter_size=&#8220;2&#8243; overlay_alpha=&#8220;50&#8243; shift_x=&#8220;0&#8243; shift_y=&#8220;0&#8243; shift_y_down=&#8220;0&#8243; z_index=&#8220;0&#8243; medium_width=&#8220;0&#8243; mobile_width=&#8220;0&#8243; width=&#8220;3\/4&#8243;][vc_column_text uncode_shortcode_id=&#8220;105197&#8243;]<strong>Claptone<\/strong> und seine <strong>Masquerade<\/strong> kehren 2026 nach Ibiza zur\u00fcck \u2013 jetzt fest im <strong>Club Chinois<\/strong> zu Hause, nachdem sie letzte Saison dorthin umgezogen sind.<\/p>\n<p>Der Produzent mit der goldenen Maske hat The Masquerade zu einer der markantesten N\u00e4chte der Insel gemacht \u2013 teils Theaterspektakel, teils echte House-Music-Party. Chinois passt perfekt dazu: Das intime Club-Setting und die Produktionsm\u00f6glichkeiten geben den kost\u00fcmierten Performern und dem visuellen Storytelling von The Masquerade eine B\u00fchne, die wie daf\u00fcr gemacht wirkt. <\/p>\n<p>2026 l\u00e4uft The Masquerade jeden Samstag \u2013 von der Opening-Party am <strong>16. Mai<\/strong> bis zur Closing-Party am <strong>10. Oktober<\/strong> \u2013 <strong>22 Termine<\/strong> \u00fcber fast f\u00fcnf Monate. Claptone ist jede Woche Headliner und bringt seinen typischen Mix aus Melodic House sowie eine kuratierte Auswahl an G\u00e4sten mit. <\/p>\n<p>In den letzten Saisons waren u. a. <strong>MK<\/strong>, <strong>Kerri Chandler<\/strong>, <strong>Armand van Helden<\/strong>, <strong>Danny Tenaglia<\/strong>, <strong>Duke Dumont<\/strong> und viele mehr dabei \u2013 und die Line-ups 2026 d\u00fcrften mit Namen aus dem gesamten House-Music-Spektrum in die gleiche Richtung gehen.<\/p>\n<p>Schau dir unten die Listings, Line-ups und weitere Infos an.[\/vc_column_text][\/vc_column][vc_column column_width_percent=&#8220;100&#8243; gutter_size=&#8220;0&#8243; overlay_alpha=&#8220;50&#8243; shift_x=&#8220;0&#8243; shift_y=&#8220;0&#8243; shift_y_down=&#8220;0&#8243; z_index=&#8220;0&#8243; medium_width=&#8220;0&#8243; mobile_width=&#8220;0&#8243; sticky=&#8220;yes&#8220; width=&#8220;1\/4&#8243;][vc_separator sep_color=&#8220;color-149363&#8243;][uncode_list icon=&#8220;fa fa-location-outline&#8220; uncode_shortcode_id=&#8220;190969&#8243;]<\/p>\n<ul>\n<li><a href=\"https:\/\/ticketsibiza.com\/de\/clubs\/club-chinois\/\">Club Chinois<\/a><\/li>\n<\/ul>\n<p>[\/uncode_list][uncode_list icon=&#8220;fa fa-calendar&#8220; uncode_shortcode_id=&#8220;158420&#8243;]<\/p>\n<ul>\n<li>Samstag<\/li>\n<\/ul>\n<p>[\/uncode_list][uncode_list icon=&#8220;fa fa-cab&#8220;]<\/p>\n<ul>\n<li>Avenida 8 de Agosto 07800 Ibiza<\/li>\n<\/ul>\n<p>[\/uncode_list][vc_separator sep_color=&#8220;color-149363&#8243;][\/vc_column][\/vc_row][vc_section back_color=&#8220;color-lxmt&#8220; overlay_alpha=&#8220;50&#8243;][vc_row][vc_column width=&#8220;3\/4&#8243;][vc_gallery el_id=&#8220;gallery-160005&#8243; type=&#8220;justified&#8220; random=&#8220;yes&#8220; medias=&#8220;1009142,1009143,1009145&#8243; justify_row_height=&#8220;150&#8243; gutter_size=&#8220;3&#8243; single_overlay_opacity=&#8220;50&#8243; single_padding=&#8220;2&#8243; title=&#8220;CircoLoco Galerie&#8220;][\/vc_column][vc_column width=&#8220;1\/4&#8243;][uncode_share layout=&#8220;multiple&#8220; separator=&#8220;yes&#8220; title=&#8220;Diese Party teilen&#8220;][\/vc_column][\/vc_row][\/vc_section][vc_section back_color=&#8220;color-prif&#8220; overlay_alpha=&#8220;50&#8243;][vc_row row_height_percent=&#8220;0&#8243; overlay_alpha=&#8220;50&#8243; gutter_size=&#8220;3&#8243; column_width_percent=&#8220;100&#8243; shift_y=&#8220;0&#8243; z_index=&#8220;0&#8243; row_name=&#8220;listings&#8220;][vc_column column_width_percent=&#8220;100&#8243; position_vertical=&#8220;middle&#8220; align_horizontal=&#8220;align_center&#8220; gutter_size=&#8220;2&#8243; overlay_alpha=&#8220;50&#8243; shift_x=&#8220;0&#8243; shift_y=&#8220;0&#8243; shift_y_down=&#8220;0&#8243; z_index=&#8220;0&#8243; medium_width=&#8220;0&#8243; mobile_width=&#8220;0&#8243; width=&#8220;1\/1&#8243;][vc_custom_heading text_color=&#8220;color-xsdn&#8220; sub_lead=&#8220;yes&#8220; uncode_shortcode_id=&#8220;104252&#8243; text_color_type=&#8220;uncode-palette&#8220;]<\/p>\n<h2 style=\"text-align: center;\"><span style=\"color: #ffffff;\">Party-Listings<\/span><\/h2>\n<p>[\/vc_custom_heading]\t\t<div class=\"wcs-timetable__wrapper\">\n\t\t\t<div class=\"wcs-vue\" id=\"wcs-app-47\"><\/div>\n\t\t<\/div>\n\t\t[\/vc_column][\/vc_row][\/vc_section]<\/p>\n<\/div>","protected":false},"excerpt":{"rendered":"<p>Montag<\/p>\n","protected":false},"author":2,"featured_media":1009146,"parent":991484,"menu_order":0,"comment_status":"closed","ping_status":"closed","template":"","meta":{"_acf_changed":false,"footnotes":""},"class_list":["post-1009124","page","type-page","status-publish","has-post-thumbnail","hentry","page_category-club-chinois","page_category-partys"],"acf":[],"_links":{"self":[{"href":"https:\/\/ticketsibiza.com\/de\/wp-json\/wp\/v2\/pages\/1009124","targetHints":{"allow":["GET"]}}],"collection":[{"href":"https:\/\/ticketsibiza.com\/de\/wp-json\/wp\/v2\/pages"}],"about":[{"href":"https:\/\/ticketsibiza.com\/de\/wp-json\/wp\/v2\/types\/page"}],"author":[{"embeddable":true,"href":"https:\/\/ticketsibiza.com\/de\/wp-json\/wp\/v2\/users\/2"}],"replies":[{"embeddable":true,"href":"https:\/\/ticketsibiza.com\/de\/wp-json\/wp\/v2\/comments?post=1009124"}],"version-history":[{"count":24,"href":"https:\/\/ticketsibiza.com\/de\/wp-json\/wp\/v2\/pages\/1009124\/revisions"}],"predecessor-version":[{"id":1128030,"href":"https:\/\/ticketsibiza.com\/de\/wp-json\/wp\/v2\/pages\/1009124\/revisions\/1128030"}],"up":[{"embeddable":true,"href":"https:\/\/ticketsibiza.com\/de\/wp-json\/wp\/v2\/pages\/991484"}],"wp:featuredmedia":[{"embeddable":true,"href":"https:\/\/ticketsibiza.com\/de\/wp-json\/wp\/v2\/media\/1009146"}],"wp:attachment":[{"href":"https:\/\/ticketsibiza.com\/de\/wp-json\/wp\/v2\/media?parent=1009124"}],"curies":[{"name":"wp","href":"https:\/\/api.w.org\/{rel}","templated":true}]}}