{"id":1008752,"date":"2024-02-15T08:19:21","date_gmt":"2024-02-15T08:19:21","guid":{"rendered":"https:\/\/ticketsibiza.com\/ibiza-taxi-app\/"},"modified":"2026-01-13T14:27:21","modified_gmt":"2026-01-13T14:27:21","slug":"ibiza-taxi-app","status":"publish","type":"page","link":"https:\/\/ticketsibiza.com\/de\/ibiza-taxi-app\/","title":{"rendered":"Uber auf Ibiza? Die n\u00e4chstbeste L\u00f6sung"},"content":{"rendered":"<div class=\"wpb-content-wrapper\"><p>[vc_row row_height_percent=&#8220;20&#8243; override_padding=&#8220;yes&#8220; h_padding=&#8220;0&#8243; top_padding=&#8220;0&#8243; bottom_padding=&#8220;0&#8243; back_image=&#8220;521836&#8243; back_position=&#8220;center center&#8220; parallax=&#8220;yes&#8220; overlay_alpha=&#8220;50&#8243; gutter_size=&#8220;3&#8243; column_width_percent=&#8220;100&#8243; shift_y=&#8220;0&#8243; z_index=&#8220;0&#8243; uncode_shortcode_id=&#8220;157206&#8243;][vc_column width=&#8220;1\/1&#8243;][vc_empty_space empty_h=&#8220;5&#8243;][vc_row_inner row_inner_height_percent=&#8220;0&#8243; force_width_grid=&#8220;yes&#8220; overlay_color=&#8220;color-149363&#8243; overlay_alpha=&#8220;70&#8243; gutter_size=&#8220;1&#8243; shift_y=&#8220;1&#8243; z_index=&#8220;3&#8243; css=&#8220;.vc_custom_1555859440035{margin-bottom: 0px !important;border-bottom-width: 0px !important;padding-top: 0px !important;padding-bottom: 0px !important;padding-left: 20px !important;}&#8220;][vc_column_inner column_width_percent=&#8220;100&#8243; gutter_size=&#8220;0&#8243; overlay_alpha=&#8220;50&#8243; shift_x=&#8220;0&#8243; shift_y=&#8220;0&#8243; shift_y_down=&#8220;0&#8243; z_index=&#8220;0&#8243; medium_width=&#8220;0&#8243; mobile_width=&#8220;0&#8243; width=&#8220;1\/1&#8243; css=&#8220;.vc_custom_1551002411961{padding-bottom: 0px !important;}&#8220;][vc_custom_heading text_color=&#8220;color-xsdn&#8220; heading_semantic=&#8220;h1&#8243; text_size=&#8220;h1&#8243; sub_reduced=&#8220;yes&#8220;]Uber auf Ibiza? Die n\u00e4chstbeste L\u00f6sung[\/vc_custom_heading][\/vc_column_inner][\/vc_row_inner][\/vc_column][\/vc_row][vc_row row_height_percent=&#8220;0&#8243; override_padding=&#8220;yes&#8220; h_padding=&#8220;2&#8243; top_padding=&#8220;2&#8243; bottom_padding=&#8220;2&#8243; overlay_alpha=&#8220;50&#8243; gutter_size=&#8220;3&#8243; column_width_percent=&#8220;100&#8243; shift_y=&#8220;0&#8243; z_index=&#8220;0&#8243; css=&#8220;.vc_custom_1555860699675{padding-bottom: 0px !important;}&#8220;][vc_column column_width_percent=&#8220;100&#8243; gutter_size=&#8220;2&#8243; overlay_alpha=&#8220;50&#8243; shift_x=&#8220;0&#8243; shift_y=&#8220;0&#8243; shift_y_down=&#8220;0&#8243; z_index=&#8220;0&#8243; medium_width=&#8220;0&#8243; mobile_width=&#8220;0&#8243; width=&#8220;3\/4&#8243;][vc_column_text]<span class=\"dropped\">T<\/span>axis auf Ibiza k\u00f6nnen sehr schwer zu bekommen sein, aber es gibt eine neue Alternative, die auf der Insel eine entscheidende Ver\u00e4nderung sein k\u00f6nnte, wenn du nach einer Uber Ibiza Alternative suchst.[\/vc_column_text][vc_row_inner row_inner_height_percent=&#8220;0&#8243; back_color=&#8220;accent&#8220; overlay_alpha=&#8220;50&#8243; gutter_size=&#8220;3&#8243; shift_y=&#8220;0&#8243; z_index=&#8220;0&#8243;][vc_column_inner column_width_percent=&#8220;100&#8243; gutter_size=&#8220;3&#8243; override_padding=&#8220;yes&#8220; column_padding=&#8220;2&#8243; overlay_alpha=&#8220;50&#8243; shift_x=&#8220;0&#8243; shift_y=&#8220;0&#8243; shift_y_down=&#8220;0&#8243; z_index=&#8220;0&#8243; medium_width=&#8220;0&#8243; mobile_width=&#8220;0&#8243; width=&#8220;1\/1&#8243;][vc_column_text uncode_shortcode_id=&#8220;195443&#8243;]<span style=\"text-decoration: underline; color: #ffffff;\">In diesem Artikel:<\/span><\/p>\n<p><span style=\"color: #ffffff;\"><a style=\"color: #ffffff;\" href=\"#uber\">Gibt es Uber oder Lyft auf Ibiza?<\/a><\/span><\/p>\n<p><span style=\"color: #ffffff;\"><a style=\"color: #ffffff;\" href=\"#app\">Die TaxiClick-App<\/a><\/span><\/p>\n<p><span style=\"color: #ffffff;\"><a style=\"color: #ffffff;\" href=\"#work\">Wie funktioniert die App?<\/a><\/span><\/p>\n<p><span style=\"color: #ffffff;\"><a style=\"color: #ffffff;\" href=\"#fares\">Wie viel kosten die Fahrten?<\/a><\/span><\/p>\n<p><span style=\"color: #ffffff;\"><a style=\"color: #ffffff;\" href=\"#ranks\">Wo befinden sich die Taxist\u00e4nde auf Ibiza?<\/a><\/span>[\/vc_column_text][\/vc_column_inner][\/vc_row_inner][vc_column_text]Stell dir folgende Szene vor.<\/p>\n<p>Du warst in deinem Lieblingsclub \/ deiner Lieblingsbar \/ deinem Lieblings-Beachclub auf Ibiza, und der Tag \/ die Nacht neigt sich dem Ende zu. Zeit, zum n\u00e4chsten Ort weiterzuziehen oder einfach zur\u00fcck zu deiner Unterkunft zu fahren, um ein paar Drinks zu nehmen, bevor du dir eine wohlverdiente M\u00fctze Schlaf g\u00f6nnst. <\/p>\n<p>Au\u00dfer&#8230; du kannst nicht. Du bist mitten im Nirgendwo, und weit und breit ist kein Taxi zu sehen. Nada. Wir haben die Anzahl der Male verloren, die wir geduldig auf ein Auto gewartet und gebetet haben, dass das gr\u00fcne Licht der Hoffnung aufleuchtet, das signalisiert, dass es verf\u00fcgbar ist.[\/vc_column_text][vc_single_image media=&#8220;1008624&#8243; media_width_percent=&#8220;70&#8243;][vc_column_text]Und das nicht nur in den abgelegenen Gegenden von Ibiza. Es kann sein, dass du mitten in San Antonio \u00fcber eine Stunde lang in der Schlange stehst, um w\u00e4hrend der Saison ein Taxi zu bekommen&#8230; das macht einfach keinen Spa\u00df. <\/p>\n<p>In Wahrheit ist es am besten, wenn du dein Hotel bittest, ein Taxi f\u00fcr dich zu buchen, oder wenn du Ibiza Radio Taxis selbst anrufst. Aber was ist, wenn du nicht in der N\u00e4he eines Hotels bist? Was ist, wenn du versuchst, die Nummer anzurufen, aber feststellst, dass dein Spanisch doch nicht so bueno ist, wie du dachtest? Au\u00dferdem, in welcher Stra\u00dfe befindest du dich \u00fcberhaupt gerade?[\/vc_column_text][vc_row_inner row_inner_height_percent=&#8220;0&#8243; back_color=&#8220;color-vyce&#8220; overlay_alpha=&#8220;50&#8243; gutter_size=&#8220;3&#8243; shift_y=&#8220;0&#8243; z_index=&#8220;0&#8243;][vc_column_inner column_width_percent=&#8220;100&#8243; gutter_size=&#8220;3&#8243; override_padding=&#8220;yes&#8220; column_padding=&#8220;2&#8243; overlay_alpha=&#8220;50&#8243; radius=&#8220;sm&#8220; shadow=&#8220;sm&#8220; shift_x=&#8220;0&#8243; shift_y=&#8220;0&#8243; shift_y_down=&#8220;0&#8243; z_index=&#8220;0&#8243; medium_width=&#8220;0&#8243; mobile_width=&#8220;0&#8243; width=&#8220;1\/1&#8243;][vc_icon position=&#8220;right&#8220; display=&#8220;inline&#8220; icon=&#8220;fa fa-quote&#8220; icon_color=&#8220;color-xsdn&#8220; size=&#8220;fa-3x&#8220;][\/vc_icon][vc_column_text]<strong><span style=\"color: #ffffff;\">Es kann sein, dass du mitten in San Antonio \u00fcber eine Stunde lang in der Schlange stehst, um w\u00e4hrend der Saison ein Taxi zu bekommen&#8230; das macht einfach keinen Spa\u00df.<\/span><\/strong>[\/vc_column_text][\/vc_column_inner][\/vc_row_inner][vc_column_text]Kommt dir das bekannt vor? Wir verstehen dich. Es ist schmerzhaft.  <\/p>\n<p>Wenn es doch nur einen besseren Weg g\u00e4be, ein Taxi zu buchen&#8230; vielleicht eine App auf deinem Handy. Kommt dir das bekannt vor?[\/vc_column_text][vc_custom_heading separator_color=&#8220;yes&#8220; separator=&#8220;yes&#8220;]<\/p>\n<h2 id=\"uber\">Gibt es Uber oder Lyft auf Ibiza?<\/h2>\n<p>[\/vc_custom_heading][vc_column_text uncode_shortcode_id=&#8220;980406&#8243;]Uber ist im November 2023 endlich auf Ibiza gestartet. Bis dahin war es aus regulatorischen Gr\u00fcnden nicht m\u00f6glich, dort zu operieren. <\/p>\n<p>Lyft gibt es auf Ibiza nicht.<\/p>\n<p>Uber hat in Spanien keine gute Erfolgsbilanz, und tats\u00e4chlich findest du den Ride-Hailing-Service nur in 8 St\u00e4dten im ganzen Land. Wir gehen auch nicht davon aus, dass sich das in n\u00e4chster Zeit \u00e4ndern wird. <\/p>\n<p>Anfang 2019 war Uber gezwungen, sich aus Barcelona zur\u00fcckzuziehen, als neue Vorschriften in Kraft traten, die besagten, dass Fahrzeuge mindestens 15 Minuten im Voraus gebucht werden m\u00fcssen.[\/vc_column_text][vc_single_image media=&#8220;1008623&#8243; media_width_percent=&#8220;70&#8243;][vc_column_text uncode_shortcode_id=&#8220;564993&#8243;]In der Zwischenzeit gibt es eine andere App, die du dir vielleicht ansehen m\u00f6chtest und die schon seit einigen Jahren auf dem Markt ist.[\/vc_column_text][vc_custom_heading separator_color=&#8220;yes&#8220; separator=&#8220;yes&#8220; uncode_shortcode_id=&#8220;570753&#8243;]<\/p>\n<h2 id=\"app\">Die TaxiClick-App<\/h2>\n<p>[\/vc_custom_heading][vc_column_text uncode_shortcode_id=&#8220;175857&#8243;]Der Uber \u00e4hnlichste Service auf Ibiza ist die Nutzung von <strong>TaxiClick<\/strong>, mit der du die gleichen Taxis buchen kannst, die du gewohnt bist, aber direkt \u00fcber ihre <a href=\"https:\/\/apps.apple.com\/gb\/app\/taxiclick\/id510296062#?platform=iphone\" target=\"_blank\" rel=\"noopener\">iOS<\/a> \/ <a href=\"https:\/\/play.google.com\/store\/apps\/details?id=com.interfacom.taxiclick\" target=\"_blank\" rel=\"noopener\">Android<\/a> App.<\/p>\n<p>Nebenbemerkung: Du hast vielleicht schon von der <strong>Ibiza Taxi App<\/strong> geh\u00f6rt. TaxiClick hat die Ibiza Taxi App im Mai 2021 ersetzt.[\/vc_column_text][vc_single_image media=&#8220;1008630&#8243; media_width_percent=&#8220;100&#8243;][vc_column_text uncode_shortcode_id=&#8220;598733&#8243;]Aber lass uns ein paar Dinge klarstellen. Dies ist keine App, die von einem Tech-Giganten in den USA entwickelt wurde. Sie wurde von der spanischen Firma Interfacom mit Sitz in Madrid entwickelt.  <\/p>\n<p>Es wird nicht die reibungslose Erfahrung sein, die du von Uber gewohnt bist. Die Fahrer sind immer noch Ibiza Taxifahrer. Denk also daran, dass du nach ihren Regeln spielst&#8230; wir sagen nichts mehr.[\/vc_column_text][vc_row_inner row_inner_height_percent=&#8220;0&#8243; back_color=&#8220;color-vyce&#8220; overlay_alpha=&#8220;50&#8243; gutter_size=&#8220;3&#8243; shift_y=&#8220;0&#8243; z_index=&#8220;0&#8243;][vc_column_inner column_width_percent=&#8220;100&#8243; gutter_size=&#8220;3&#8243; override_padding=&#8220;yes&#8220; column_padding=&#8220;2&#8243; overlay_alpha=&#8220;50&#8243; radius=&#8220;sm&#8220; shadow=&#8220;sm&#8220; shift_x=&#8220;0&#8243; shift_y=&#8220;0&#8243; shift_y_down=&#8220;0&#8243; z_index=&#8220;0&#8243; medium_width=&#8220;0&#8243; mobile_width=&#8220;0&#8243; width=&#8220;1\/1&#8243;][vc_icon position=&#8220;right&#8220; display=&#8220;inline&#8220; icon=&#8220;fa fa-quote&#8220; icon_color=&#8220;color-xsdn&#8220; size=&#8220;fa-3x&#8220;][\/vc_icon][vc_column_text]<strong><span style=\"color: #ffffff;\">Die App wurde von der spanischen Firma Interfacom mit Sitz in Madrid entwickelt.<\/span><\/strong>[\/vc_column_text][\/vc_column_inner][\/vc_row_inner][vc_column_text]Werfen wir einen Blick auf die App und unsere Gedanken zur Nutzung.[\/vc_column_text][vc_custom_heading separator_color=&#8220;yes&#8220; separator=&#8220;yes&#8220;]<\/p>\n<h2 id=\"work\">Wie funktioniert die App?<\/h2>\n<p>[\/vc_custom_heading][vc_column_text]Die Anmeldung bei TaxiClick ist relativ einfach, obwohl wir unser Passwort sofort zur\u00fccksetzen mussten, da die App es zun\u00e4chst nicht erkannte.<\/p>\n<p>Sobald du registriert bist, sollte die Benutzeroberfl\u00e4che ziemlich \u00e4hnlich aussehen wie das, was du gewohnt bist.[\/vc_column_text][vc_single_image media=&#8220;1008631&#8243; media_width_percent=&#8220;100&#8243;][vc_column_text]W\u00e4hle deinen Standort und stelle deine Abholzeit ein. Einfach, oder? Du kannst deine Fahrten auch im Voraus planen.[\/vc_column_text][vc_custom_heading heading_semantic=&#8220;h3&#8243; text_size=&#8220;h3&#8243;]<\/p>\n<h3>Bezahlung<\/h3>\n<p>[\/vc_custom_heading][vc_column_text]Du kannst w\u00e4hlen, ob du bar bezahlen m\u00f6chtest oder eine Karte zu deinem Konto hinzuf\u00fcgen m\u00f6chtest.<\/p>\n<p>Da es keinen In-App-Kundensupport gibt, empfehlen wir dringend, bar zu bezahlen. Das Letzte, was du willst, ist, dass deine Fahrt irgendwie storniert wird und du bereits daf\u00fcr bezahlt hast.<\/p>\n<p>[\/vc_column_text][vc_custom_heading heading_semantic=&#8220;h3&#8243; text_size=&#8220;h3&#8243;]<\/p>\n<h3>Funktioniert es?<\/h3>\n<p>[\/vc_custom_heading][vc_column_text]Nun, die gute Nachricht ist&#8230; ja! Wir haben gerade erst angefangen, die App zu benutzen, und im Allgemeinen gab es keine Probleme. Es k\u00f6nnen \u00e4hnliche Probleme wie bei Uber auftreten&#8230; zum Beispiel, dass Fahrer Fahrten ohne Angabe von Gr\u00fcnden stornieren, aber sei geduldig und du solltest feststellen, dass es ein n\u00fctzlicher Service ist.[\/vc_column_text][vc_custom_heading separator_color=&#8220;yes&#8220; separator=&#8220;yes&#8220; uncode_shortcode_id=&#8220;137636&#8243;]<\/p>\n<h2 id=\"fares\">Wie viel kosten Taxifahrten auf Ibiza?<\/h2>\n<p>[\/vc_custom_heading][vc_column_text uncode_shortcode_id=&#8220;973082&#8243;]Die Taxitarife f\u00fcr die TaxiClick App sind die gleichen wie \u00fcblich. Die Buchungen gelten als vorgebuchter Tarif, sodass du 5,45 \u20ac zahlst, wenn das Taxameter startet (im Gegensatz zu 4 \u20ac, wenn du eines von der Stra\u00dfe winkst). <\/p>\n<p>Danach kosten die Fahrten Folgendes:[\/vc_column_text][uncode_list larger=&#8220;yes&#8220; css_animation=&#8220;top-t-bottom&#8220; uncode_shortcode_id=&#8220;200706&#8243;]<\/p>\n<ul>\n<li>1,21 \u20ac pro Kilometer zwischen 7:00 und 21:00 Uhr<\/li>\n<li>1,47 \u20ac pro Kilometer zwischen 21:00 und 7:00 Uhr (und ab 15:00 Uhr an Samstagen \/ Sonntagen)<\/li>\n<li>0,36 \u20ac pro Minute Wartezeit (Tag)<br \/>\n0,44 \u20ac pro Minute Wartezeit (Nacht)<\/li>\n<\/ul>\n<p>[\/uncode_list][vc_custom_heading separator_color=&#8220;yes&#8220; separator=&#8220;yes&#8220; uncode_shortcode_id=&#8220;968452&#8243; el_id=&#8220;ranks&#8220;]<\/p>\n<h2 id=\"\">Wo befinden sich die Taxist\u00e4nde auf Ibiza?<\/h2>\n<p>[\/vc_custom_heading][vc_column_text uncode_shortcode_id=&#8220;191176&#8243;]Deine andere M\u00f6glichkeit, ein Taxi zu bekommen, ist, einen Taxistand zu finden.<\/p>\n<p>Aber wo genau sind sie?<\/p>\n<p>Schau dir die Karte unten an, um eine Liste aller Taxist\u00e4nde auf Ibiza zu sehen.[\/vc_column_text][vc_raw_html]PGlmcmFtZSBzcmM9Imh0dHBzOi8vd3d3Lmdvb2dsZS5jb20vbWFwcy9kL2VtYmVkP21pZD0xZXF5RDhSQ0tpNWZUTVBkTzZIZmdNQTZCekxWcG5VeEgmYW1wO2VoYmM9MkUzMTJGIiB3aWR0aD0iNjQwIiBoZWlnaHQ9IjQ4MCI+PC9pZnJhbWU+[\/vc_raw_html][vc_custom_heading heading_semantic=&#8220;h3&#8243; text_size=&#8220;h3&#8243;]<\/p>\n<h3>Zusammenfassung<\/h3>\n<p>[\/vc_custom_heading][vc_column_text uncode_shortcode_id=&#8220;150038&#8243;]Uber hat gerade ein Comeback auf Ibiza gefeiert.<\/p>\n<p>Es gibt auch die M\u00f6glichkeit, mit der TaxiClick App auf der Insel herumzukommen.<\/p>\n<p>Der Hauptvorteil der App ist, Taxis zu bekommen, wenn du dich in einem Gebiet mit wenigen Taxis befindest &#8211; was, wenn du Ibiza kennst, ziemlich h\u00e4ufig vorkommt.<\/p>\n<p>Denk daran, etwas Geduld zu haben, Bargeld mitzubringen und&#8230;. zu l\u00e4cheln. Du bist schlie\u00dflich auf Ibiza, um eine gute Zeit zu haben \ud83c\udf89[\/vc_column_text][vc_row_inner row_inner_height_percent=&#8220;0&#8243; back_color=&#8220;accent&#8220; overlay_alpha=&#8220;50&#8243; gutter_size=&#8220;3&#8243; shift_y=&#8220;0&#8243; z_index=&#8220;0&#8243;][vc_column_inner column_width_percent=&#8220;100&#8243; gutter_size=&#8220;3&#8243; override_padding=&#8220;yes&#8220; column_padding=&#8220;2&#8243; overlay_alpha=&#8220;50&#8243; shift_x=&#8220;0&#8243; shift_y=&#8220;0&#8243; shift_y_down=&#8220;0&#8243; z_index=&#8220;0&#8243; medium_width=&#8220;0&#8243; mobile_width=&#8220;0&#8243; width=&#8220;1\/1&#8243;][vc_column_text uncode_shortcode_id=&#8220;293096&#8243;]<span style=\"color: #ffffff;\">Wir m\u00f6chten dir alle Infos geben, die du brauchst, um deine Clubtickets f\u00fcr Ibiza zu kaufen.<\/span><\/p>\n<p><span style=\"color: #ffffff;\"><em>Du suchst nach mehr Ibiza-Content? Hier gibt&#8217;s noch mehr: <\/em><\/span><\/p>\n<p><span style=\"color: #ffffff;\">\ud83d\udc49 <a style=\"color: #ffffff;\" href=\"https:\/\/ticketsibiza.com\/de\/opening-partys-ibiza\/\">Ibiza Opening Partys<\/a><\/span><\/p>\n<p><span style=\"color: #ffffff;\">\ud83d\udc49 <a style=\"color: #ffffff;\" href=\"https:\/\/ticketsibiza.com\/de\/ibiza-kalender\/\">Ibiza Club Kalender<\/a><\/span><\/p>\n<p><span style=\"color: #ffffff;\">\ud83d\udc49 <a style=\"color: #ffffff;\" href=\"https:\/\/ticketsibiza.com\/de\/partys\/\">Ibiza Partys<\/a><\/span><\/p>\n<p><span style=\"color: #ffffff;\">\ud83d\udc49 <a style=\"color: #ffffff;\" href=\"https:\/\/ticketsibiza.com\/de\/clubs\/\">Ibiza Clubs<\/a><\/span>[\/vc_column_text][\/vc_column_inner][\/vc_row_inner][\/vc_column][vc_column column_width_percent=&#8220;100&#8243; align_horizontal=&#8220;align_center&#8220; gutter_size=&#8220;1&#8243; overlay_alpha=&#8220;50&#8243; shift_x=&#8220;0&#8243; shift_y=&#8220;0&#8243; shift_y_down=&#8220;0&#8243; z_index=&#8220;0&#8243; medium_width=&#8220;0&#8243; mobile_width=&#8220;0&#8243; sticky=&#8220;yes&#8220; width=&#8220;1\/4&#8243;][uncode_block id=&#8220;142897&#8243; inside_column=&#8220;yes&#8220;][\/vc_column][\/vc_row]<\/p>\n<\/div>","protected":false},"excerpt":{"rendered":"<p>[vc_row row_height_percent=&#8220;20&#8243; override_padding=&#8220;yes&#8220; h_padding=&#8220;0&#8243; top_padding=&#8220;0&#8243; bottom_padding=&#8220;0&#8243; back_image=&#8220;521836&#8243; back_position=&#8220;center center&#8220; parallax=&#8220;yes&#8220; overlay_alpha=&#8220;50&#8243; gutter_size=&#8220;3&#8243; column_width_percent=&#8220;100&#8243; shift_y=&#8220;0&#8243; z_index=&#8220;0&#8243; uncode_shortcode_id=&#8220;157206&#8243;][vc_column width=&#8220;1\/1&#8243;][vc_empty_space empty_h=&#8220;5&#8243;][vc_row_inner row_inner_height_percent=&#8220;0&#8243; force_width_grid=&#8220;yes&#8220; [&hellip;]<\/p>\n","protected":false},"author":1,"featured_media":1008634,"parent":0,"menu_order":0,"comment_status":"closed","ping_status":"closed","template":"","meta":{"_acf_changed":false,"footnotes":""},"class_list":["post-1008752","page","type-page","status-publish","has-post-thumbnail","hentry"],"acf":[],"_links":{"self":[{"href":"https:\/\/ticketsibiza.com\/de\/wp-json\/wp\/v2\/pages\/1008752","targetHints":{"allow":["GET"]}}],"collection":[{"href":"https:\/\/ticketsibiza.com\/de\/wp-json\/wp\/v2\/pages"}],"about":[{"href":"https:\/\/ticketsibiza.com\/de\/wp-json\/wp\/v2\/types\/page"}],"author":[{"embeddable":true,"href":"https:\/\/ticketsibiza.com\/de\/wp-json\/wp\/v2\/users\/1"}],"replies":[{"embeddable":true,"href":"https:\/\/ticketsibiza.com\/de\/wp-json\/wp\/v2\/comments?post=1008752"}],"version-history":[{"count":29,"href":"https:\/\/ticketsibiza.com\/de\/wp-json\/wp\/v2\/pages\/1008752\/revisions"}],"predecessor-version":[{"id":1060055,"href":"https:\/\/ticketsibiza.com\/de\/wp-json\/wp\/v2\/pages\/1008752\/revisions\/1060055"}],"wp:featuredmedia":[{"embeddable":true,"href":"https:\/\/ticketsibiza.com\/de\/wp-json\/wp\/v2\/media\/1008634"}],"wp:attachment":[{"href":"https:\/\/ticketsibiza.com\/de\/wp-json\/wp\/v2\/media?parent=1008752"}],"curies":[{"name":"wp","href":"https:\/\/api.w.org\/{rel}","templated":true}]}}